{"id":3805,"date":"2021-07-14T09:46:27","date_gmt":"2021-07-14T09:46:27","guid":{"rendered":"https:\/\/www.bigtranslation.com\/automated-platform\/"},"modified":"2021-09-17T07:51:57","modified_gmt":"2021-09-17T07:51:57","slug":"automatiserte-plattform","status":"publish","type":"page","link":"https:\/\/www.bigtranslation.com\/no\/automatiserte-plattform","title":{"rendered":"Plattform Automatisert"},"content":{"rendered":"","protected":false},"excerpt":{"rendered":"","protected":false},"author":1,"featured_media":0,"parent":0,"menu_order":27,"comment_status":"closed","ping_status":"closed","template":"page-templates\/template-order-management.php","meta":{"footnotes":""},"yoast_head":"<!-- This site is optimized with the Yoast SEO plugin v21.8.1 - https:\/\/yoast.com\/wordpress\/plugins\/seo\/ -->\n<title>Oversettelse | Oversettelsesbyr\u00e5<\/title>\n<meta name=\"description\" content=\"V\u00e5r nettbaserte oversettelses-tjeneste inkluderer en automatisk oversettelses-plattform som gj\u00f8r prosessen av oversettelses-tjenestene enklere.\" \/>\n<meta name=\"robots\" content=\"index, follow, max-snippet:-1, max-image-preview:large, max-video-preview:-1\" \/>\n<link rel=\"canonical\" href=\"https:\/\/www.bigtranslation.com\/no\/automatiserte-plattform\" \/>\n<meta property=\"og:locale\" content=\"nb_NO\" \/>\n<meta property=\"og:type\" content=\"article\" \/>\n<meta property=\"og:title\" content=\"Oversettelse | Oversettelsesbyr\u00e5\" \/>\n<meta property=\"og:description\" content=\"V\u00e5r nettbaserte oversettelses-tjeneste inkluderer en automatisk oversettelses-plattform som gj\u00f8r prosessen av oversettelses-tjenestene enklere.\" \/>\n<meta property=\"og:url\" content=\"https:\/\/www.bigtranslation.com\/no\/automatiserte-plattform\" \/>\n<meta property=\"og:site_name\" content=\"BigTranslation\" \/>\n<meta property=\"article:modified_time\" content=\"2021-09-17T07:51:57+00:00\" \/>\n<meta name=\"twitter:card\" content=\"summary_large_image\" \/>\n<script type=\"application\/ld+json\" class=\"yoast-schema-graph\">{\"@context\":\"https:\/\/schema.org\",\"@graph\":[{\"@type\":\"WebPage\",\"@id\":\"https:\/\/www.bigtranslation.com\/no\/automatiserte-plattform\",\"url\":\"https:\/\/www.bigtranslation.com\/no\/automatiserte-plattform\",\"name\":\"Oversettelse | Oversettelsesbyr\u00e5\",\"isPartOf\":{\"@id\":\"https:\/\/www.bigtranslation.com\/no#website\"},\"datePublished\":\"2021-07-14T09:46:27+00:00\",\"dateModified\":\"2021-09-17T07:51:57+00:00\",\"description\":\"V\u00e5r nettbaserte oversettelses-tjeneste inkluderer en automatisk oversettelses-plattform som gj\u00f8r prosessen av oversettelses-tjenestene enklere.\",\"breadcrumb\":{\"@id\":\"https:\/\/www.bigtranslation.com\/no\/automatiserte-plattform#breadcrumb\"},\"inLanguage\":\"nb-NO\",\"potentialAction\":[{\"@type\":\"ReadAction\",\"target\":[\"https:\/\/www.bigtranslation.com\/no\/automatiserte-plattform\"]}]},{\"@type\":\"BreadcrumbList\",\"@id\":\"https:\/\/www.bigtranslation.com\/no\/automatiserte-plattform#breadcrumb\",\"itemListElement\":[{\"@type\":\"ListItem\",\"position\":1,\"name\":\"Home\",\"item\":\"https:\/\/www.bigtranslation.com\/no\"},{\"@type\":\"ListItem\",\"position\":2,\"name\":\"Plattform Automatisert\"}]},{\"@type\":\"WebSite\",\"@id\":\"https:\/\/www.bigtranslation.com\/no#website\",\"url\":\"https:\/\/www.bigtranslation.com\/no\",\"name\":\"BigTranslation\",\"description\":\"Native and Professional translators\",\"potentialAction\":[{\"@type\":\"SearchAction\",\"target\":{\"@type\":\"EntryPoint\",\"urlTemplate\":\"https:\/\/www.bigtranslation.com\/no?s={search_term_string}\"},\"query-input\":\"required name=search_term_string\"}],\"inLanguage\":\"nb-NO\"}]}<\/script>\n<!-- \/ Yoast SEO plugin. -->","yoast_head_json":{"title":"Oversettelse | Oversettelsesbyr\u00e5","description":"V\u00e5r nettbaserte oversettelses-tjeneste inkluderer en automatisk oversettelses-plattform som gj\u00f8r prosessen av oversettelses-tjenestene enklere.","robots":{"index":"index","follow":"follow","max-snippet":"max-snippet:-1","max-image-preview":"max-image-preview:large","max-video-preview":"max-video-preview:-1"},"canonical":"https:\/\/www.bigtranslation.com\/no\/automatiserte-plattform","og_locale":"nb_NO","og_type":"article","og_title":"Oversettelse | Oversettelsesbyr\u00e5","og_description":"V\u00e5r nettbaserte oversettelses-tjeneste inkluderer en automatisk oversettelses-plattform som gj\u00f8r prosessen av oversettelses-tjenestene enklere.","og_url":"https:\/\/www.bigtranslation.com\/no\/automatiserte-plattform","og_site_name":"BigTranslation","article_modified_time":"2021-09-17T07:51:57+00:00","twitter_card":"summary_large_image","schema":{"@context":"https:\/\/schema.org","@graph":[{"@type":"WebPage","@id":"https:\/\/www.bigtranslation.com\/no\/automatiserte-plattform","url":"https:\/\/www.bigtranslation.com\/no\/automatiserte-plattform","name":"Oversettelse | Oversettelsesbyr\u00e5","isPartOf":{"@id":"https:\/\/www.bigtranslation.com\/no#website"},"datePublished":"2021-07-14T09:46:27+00:00","dateModified":"2021-09-17T07:51:57+00:00","description":"V\u00e5r nettbaserte oversettelses-tjeneste inkluderer en automatisk oversettelses-plattform som gj\u00f8r prosessen av oversettelses-tjenestene enklere.","breadcrumb":{"@id":"https:\/\/www.bigtranslation.com\/no\/automatiserte-plattform#breadcrumb"},"inLanguage":"nb-NO","potentialAction":[{"@type":"ReadAction","target":["https:\/\/www.bigtranslation.com\/no\/automatiserte-plattform"]}]},{"@type":"BreadcrumbList","@id":"https:\/\/www.bigtranslation.com\/no\/automatiserte-plattform#breadcrumb","itemListElement":[{"@type":"ListItem","position":1,"name":"Home","item":"https:\/\/www.bigtranslation.com\/no"},{"@type":"ListItem","position":2,"name":"Plattform Automatisert"}]},{"@type":"WebSite","@id":"https:\/\/www.bigtranslation.com\/no#website","url":"https:\/\/www.bigtranslation.com\/no","name":"BigTranslation","description":"Native and Professional translators","potentialAction":[{"@type":"SearchAction","target":{"@type":"EntryPoint","urlTemplate":"https:\/\/www.bigtranslation.com\/no?s={search_term_string}"},"query-input":"required name=search_term_string"}],"inLanguage":"nb-NO"}]}},"acf":[],"amp_enabled":true,"_links":{"self":[{"href":"https:\/\/www.bigtranslation.com\/no\/wp-json\/wp\/v2\/pages\/3805"}],"collection":[{"href":"https:\/\/www.bigtranslation.com\/no\/wp-json\/wp\/v2\/pages"}],"about":[{"href":"https:\/\/www.bigtranslation.com\/no\/wp-json\/wp\/v2\/types\/page"}],"author":[{"embeddable":true,"href":"https:\/\/www.bigtranslation.com\/no\/wp-json\/wp\/v2\/users\/1"}],"replies":[{"embeddable":true,"href":"https:\/\/www.bigtranslation.com\/no\/wp-json\/wp\/v2\/comments?post=3805"}],"version-history":[{"count":2,"href":"https:\/\/www.bigtranslation.com\/no\/wp-json\/wp\/v2\/pages\/3805\/revisions"}],"predecessor-version":[{"id":3811,"href":"https:\/\/www.bigtranslation.com\/no\/wp-json\/wp\/v2\/pages\/3805\/revisions\/3811"}],"wp:attachment":[{"href":"https:\/\/www.bigtranslation.com\/no\/wp-json\/wp\/v2\/media?parent=3805"}],"curies":[{"name":"wp","href":"https:\/\/api.w.org\/{rel}","templated":true}]}}