{"id":3487,"date":"2021-08-26T11:45:01","date_gmt":"2021-08-26T11:45:01","guid":{"rendered":"https:\/\/www.bigtranslation.com\/professional-translation-services\/"},"modified":"2022-02-21T11:07:09","modified_gmt":"2022-02-21T11:07:09","slug":"profesjonalne-uslugi-tlumaczeniowe","status":"publish","type":"page","link":"https:\/\/www.bigtranslation.com\/pl\/profesjonalne-uslugi-tlumaczeniowe","title":{"rendered":"Profesjonalne Us\u0142ugi T\u0142umaczeniowe"},"content":{"rendered":"","protected":false},"excerpt":{"rendered":"","protected":false},"author":1,"featured_media":0,"parent":0,"menu_order":1,"comment_status":"closed","ping_status":"closed","template":"page-templates\/template-professional-translation-services.php","meta":{"footnotes":""},"yoast_head":"<!-- This site is optimized with the Yoast SEO plugin v21.8.1 - https:\/\/yoast.com\/wordpress\/plugins\/seo\/ -->\n<title>Profesjonalne Us\u0142ugi T\u0142umaczeniowe | BigTranslation<\/title>\n<meta name=\"description\" content=\"T\u0142umacze naszego profesjonalnego biura t\u0142umacze\u0144 t\u0142umacz\u0105 zi na wszystkie j\u0119zyki europejskie. Dowiedz si\u0119 wi\u0119cej o naszej us\u0142udze t\u0142umaczeniowej.\" \/>\n<meta name=\"robots\" content=\"index, follow, max-snippet:-1, max-image-preview:large, max-video-preview:-1\" \/>\n<link rel=\"canonical\" href=\"https:\/\/www.bigtranslation.com\/pl\/profesjonalne-uslugi-tlumaczeniowe\" \/>\n<meta property=\"og:locale\" content=\"pl_PL\" \/>\n<meta property=\"og:type\" content=\"article\" \/>\n<meta property=\"og:title\" content=\"Profesjonalne Us\u0142ugi T\u0142umaczeniowe | BigTranslation\" \/>\n<meta property=\"og:description\" content=\"T\u0142umacze naszego profesjonalnego biura t\u0142umacze\u0144 t\u0142umacz\u0105 zi na wszystkie j\u0119zyki europejskie. Dowiedz si\u0119 wi\u0119cej o naszej us\u0142udze t\u0142umaczeniowej.\" \/>\n<meta property=\"og:url\" content=\"https:\/\/www.bigtranslation.com\/pl\/profesjonalne-uslugi-tlumaczeniowe\" \/>\n<meta property=\"og:site_name\" content=\"BigTranslation\" \/>\n<meta property=\"article:modified_time\" content=\"2022-02-21T11:07:09+00:00\" \/>\n<meta name=\"twitter:card\" content=\"summary_large_image\" \/>\n<script type=\"application\/ld+json\" class=\"yoast-schema-graph\">{\"@context\":\"https:\/\/schema.org\",\"@graph\":[{\"@type\":\"WebPage\",\"@id\":\"https:\/\/www.bigtranslation.com\/pl\/profesjonalne-uslugi-tlumaczeniowe\",\"url\":\"https:\/\/www.bigtranslation.com\/pl\/profesjonalne-uslugi-tlumaczeniowe\",\"name\":\"Profesjonalne Us\u0142ugi T\u0142umaczeniowe | BigTranslation\",\"isPartOf\":{\"@id\":\"https:\/\/www.bigtranslation.com\/pl#website\"},\"datePublished\":\"2021-08-26T11:45:01+00:00\",\"dateModified\":\"2022-02-21T11:07:09+00:00\",\"description\":\"T\u0142umacze naszego profesjonalnego biura t\u0142umacze\u0144 t\u0142umacz\u0105 zi na wszystkie j\u0119zyki europejskie. Dowiedz si\u0119 wi\u0119cej o naszej us\u0142udze t\u0142umaczeniowej.\",\"breadcrumb\":{\"@id\":\"https:\/\/www.bigtranslation.com\/pl\/profesjonalne-uslugi-tlumaczeniowe#breadcrumb\"},\"inLanguage\":\"pl-PL\",\"potentialAction\":[{\"@type\":\"ReadAction\",\"target\":[\"https:\/\/www.bigtranslation.com\/pl\/profesjonalne-uslugi-tlumaczeniowe\"]}]},{\"@type\":\"BreadcrumbList\",\"@id\":\"https:\/\/www.bigtranslation.com\/pl\/profesjonalne-uslugi-tlumaczeniowe#breadcrumb\",\"itemListElement\":[{\"@type\":\"ListItem\",\"position\":1,\"name\":\"Home\",\"item\":\"https:\/\/www.bigtranslation.com\/pl\"},{\"@type\":\"ListItem\",\"position\":2,\"name\":\"Profesjonalne Us\u0142ugi T\u0142umaczeniowe\"}]},{\"@type\":\"WebSite\",\"@id\":\"https:\/\/www.bigtranslation.com\/pl#website\",\"url\":\"https:\/\/www.bigtranslation.com\/pl\",\"name\":\"BigTranslation\",\"description\":\"Native and Professional translators\",\"potentialAction\":[{\"@type\":\"SearchAction\",\"target\":{\"@type\":\"EntryPoint\",\"urlTemplate\":\"https:\/\/www.bigtranslation.com\/pl?s={search_term_string}\"},\"query-input\":\"required name=search_term_string\"}],\"inLanguage\":\"pl-PL\"}]}<\/script>\n<!-- \/ Yoast SEO plugin. -->","yoast_head_json":{"title":"Profesjonalne Us\u0142ugi T\u0142umaczeniowe | BigTranslation","description":"T\u0142umacze naszego profesjonalnego biura t\u0142umacze\u0144 t\u0142umacz\u0105 zi na wszystkie j\u0119zyki europejskie. Dowiedz si\u0119 wi\u0119cej o naszej us\u0142udze t\u0142umaczeniowej.","robots":{"index":"index","follow":"follow","max-snippet":"max-snippet:-1","max-image-preview":"max-image-preview:large","max-video-preview":"max-video-preview:-1"},"canonical":"https:\/\/www.bigtranslation.com\/pl\/profesjonalne-uslugi-tlumaczeniowe","og_locale":"pl_PL","og_type":"article","og_title":"Profesjonalne Us\u0142ugi T\u0142umaczeniowe | BigTranslation","og_description":"T\u0142umacze naszego profesjonalnego biura t\u0142umacze\u0144 t\u0142umacz\u0105 zi na wszystkie j\u0119zyki europejskie. Dowiedz si\u0119 wi\u0119cej o naszej us\u0142udze t\u0142umaczeniowej.","og_url":"https:\/\/www.bigtranslation.com\/pl\/profesjonalne-uslugi-tlumaczeniowe","og_site_name":"BigTranslation","article_modified_time":"2022-02-21T11:07:09+00:00","twitter_card":"summary_large_image","schema":{"@context":"https:\/\/schema.org","@graph":[{"@type":"WebPage","@id":"https:\/\/www.bigtranslation.com\/pl\/profesjonalne-uslugi-tlumaczeniowe","url":"https:\/\/www.bigtranslation.com\/pl\/profesjonalne-uslugi-tlumaczeniowe","name":"Profesjonalne Us\u0142ugi T\u0142umaczeniowe | BigTranslation","isPartOf":{"@id":"https:\/\/www.bigtranslation.com\/pl#website"},"datePublished":"2021-08-26T11:45:01+00:00","dateModified":"2022-02-21T11:07:09+00:00","description":"T\u0142umacze naszego profesjonalnego biura t\u0142umacze\u0144 t\u0142umacz\u0105 zi na wszystkie j\u0119zyki europejskie. Dowiedz si\u0119 wi\u0119cej o naszej us\u0142udze t\u0142umaczeniowej.","breadcrumb":{"@id":"https:\/\/www.bigtranslation.com\/pl\/profesjonalne-uslugi-tlumaczeniowe#breadcrumb"},"inLanguage":"pl-PL","potentialAction":[{"@type":"ReadAction","target":["https:\/\/www.bigtranslation.com\/pl\/profesjonalne-uslugi-tlumaczeniowe"]}]},{"@type":"BreadcrumbList","@id":"https:\/\/www.bigtranslation.com\/pl\/profesjonalne-uslugi-tlumaczeniowe#breadcrumb","itemListElement":[{"@type":"ListItem","position":1,"name":"Home","item":"https:\/\/www.bigtranslation.com\/pl"},{"@type":"ListItem","position":2,"name":"Profesjonalne Us\u0142ugi T\u0142umaczeniowe"}]},{"@type":"WebSite","@id":"https:\/\/www.bigtranslation.com\/pl#website","url":"https:\/\/www.bigtranslation.com\/pl","name":"BigTranslation","description":"Native and Professional translators","potentialAction":[{"@type":"SearchAction","target":{"@type":"EntryPoint","urlTemplate":"https:\/\/www.bigtranslation.com\/pl?s={search_term_string}"},"query-input":"required name=search_term_string"}],"inLanguage":"pl-PL"}]}},"acf":[],"amp_enabled":true,"_links":{"self":[{"href":"https:\/\/www.bigtranslation.com\/pl\/wp-json\/wp\/v2\/pages\/3487"}],"collection":[{"href":"https:\/\/www.bigtranslation.com\/pl\/wp-json\/wp\/v2\/pages"}],"about":[{"href":"https:\/\/www.bigtranslation.com\/pl\/wp-json\/wp\/v2\/types\/page"}],"author":[{"embeddable":true,"href":"https:\/\/www.bigtranslation.com\/pl\/wp-json\/wp\/v2\/users\/1"}],"replies":[{"embeddable":true,"href":"https:\/\/www.bigtranslation.com\/pl\/wp-json\/wp\/v2\/comments?post=3487"}],"version-history":[{"count":4,"href":"https:\/\/www.bigtranslation.com\/pl\/wp-json\/wp\/v2\/pages\/3487\/revisions"}],"predecessor-version":[{"id":9862,"href":"https:\/\/www.bigtranslation.com\/pl\/wp-json\/wp\/v2\/pages\/3487\/revisions\/9862"}],"wp:attachment":[{"href":"https:\/\/www.bigtranslation.com\/pl\/wp-json\/wp\/v2\/media?parent=3487"}],"curies":[{"name":"wp","href":"https:\/\/api.w.org\/{rel}","templated":true}]}}