{"id":3552,"date":"2021-06-25T06:12:12","date_gmt":"2021-06-25T06:12:12","guid":{"rendered":"https:\/\/www.bigtranslation.com\/native-translators\/"},"modified":"2022-05-16T06:36:46","modified_gmt":"2022-05-16T06:36:46","slug":"rodzimi-tlumacze","status":"publish","type":"page","link":"https:\/\/www.bigtranslation.com\/pl\/rodzimi-tlumacze","title":{"rendered":"T\u0142umacze rodowici"},"content":{"rendered":"","protected":false},"excerpt":{"rendered":"","protected":false},"author":1,"featured_media":0,"parent":0,"menu_order":2,"comment_status":"closed","ping_status":"closed","template":"page-templates\/template-native-translators.php","meta":{"footnotes":""},"yoast_head":"<!-- This site is optimized with the Yoast SEO plugin v21.8.1 - https:\/\/yoast.com\/wordpress\/plugins\/seo\/ -->\n<title>T\u0142umacze rodowici | BigTranslation<\/title>\n<meta name=\"description\" content=\"Jeste\u015bmy wykwalifikowanymi rodzimymi t\u0142umaczami. Gwarantujemy jako\u015b\u0107 naszych t\u0142umacze\u0144\" \/>\n<meta name=\"robots\" content=\"index, follow, max-snippet:-1, max-image-preview:large, max-video-preview:-1\" \/>\n<link rel=\"canonical\" href=\"https:\/\/www.bigtranslation.com\/pl\/rodzimi-tlumacze\" \/>\n<meta property=\"og:locale\" content=\"pl_PL\" \/>\n<meta property=\"og:type\" content=\"article\" \/>\n<meta property=\"og:title\" content=\"T\u0142umacze rodowici | BigTranslation\" \/>\n<meta property=\"og:description\" content=\"Jeste\u015bmy wykwalifikowanymi rodzimymi t\u0142umaczami. Gwarantujemy jako\u015b\u0107 naszych t\u0142umacze\u0144\" \/>\n<meta property=\"og:url\" content=\"https:\/\/www.bigtranslation.com\/pl\/rodzimi-tlumacze\" \/>\n<meta property=\"og:site_name\" content=\"BigTranslation\" \/>\n<meta property=\"article:modified_time\" content=\"2022-05-16T06:36:46+00:00\" \/>\n<meta name=\"twitter:card\" content=\"summary_large_image\" \/>\n<script type=\"application\/ld+json\" class=\"yoast-schema-graph\">{\"@context\":\"https:\/\/schema.org\",\"@graph\":[{\"@type\":\"WebPage\",\"@id\":\"https:\/\/www.bigtranslation.com\/pl\/rodzimi-tlumacze\",\"url\":\"https:\/\/www.bigtranslation.com\/pl\/rodzimi-tlumacze\",\"name\":\"T\u0142umacze rodowici | BigTranslation\",\"isPartOf\":{\"@id\":\"https:\/\/www.bigtranslation.com\/pl#website\"},\"datePublished\":\"2021-06-25T06:12:12+00:00\",\"dateModified\":\"2022-05-16T06:36:46+00:00\",\"description\":\"Jeste\u015bmy wykwalifikowanymi rodzimymi t\u0142umaczami. Gwarantujemy jako\u015b\u0107 naszych t\u0142umacze\u0144\",\"breadcrumb\":{\"@id\":\"https:\/\/www.bigtranslation.com\/pl\/rodzimi-tlumacze#breadcrumb\"},\"inLanguage\":\"pl-PL\",\"potentialAction\":[{\"@type\":\"ReadAction\",\"target\":[\"https:\/\/www.bigtranslation.com\/pl\/rodzimi-tlumacze\"]}]},{\"@type\":\"BreadcrumbList\",\"@id\":\"https:\/\/www.bigtranslation.com\/pl\/rodzimi-tlumacze#breadcrumb\",\"itemListElement\":[{\"@type\":\"ListItem\",\"position\":1,\"name\":\"Home\",\"item\":\"https:\/\/www.bigtranslation.com\/pl\"},{\"@type\":\"ListItem\",\"position\":2,\"name\":\"T\u0142umacze rodowici\"}]},{\"@type\":\"WebSite\",\"@id\":\"https:\/\/www.bigtranslation.com\/pl#website\",\"url\":\"https:\/\/www.bigtranslation.com\/pl\",\"name\":\"BigTranslation\",\"description\":\"Native and Professional translators\",\"potentialAction\":[{\"@type\":\"SearchAction\",\"target\":{\"@type\":\"EntryPoint\",\"urlTemplate\":\"https:\/\/www.bigtranslation.com\/pl?s={search_term_string}\"},\"query-input\":\"required name=search_term_string\"}],\"inLanguage\":\"pl-PL\"}]}<\/script>\n<!-- \/ Yoast SEO plugin. -->","yoast_head_json":{"title":"T\u0142umacze rodowici | BigTranslation","description":"Jeste\u015bmy wykwalifikowanymi rodzimymi t\u0142umaczami. Gwarantujemy jako\u015b\u0107 naszych t\u0142umacze\u0144","robots":{"index":"index","follow":"follow","max-snippet":"max-snippet:-1","max-image-preview":"max-image-preview:large","max-video-preview":"max-video-preview:-1"},"canonical":"https:\/\/www.bigtranslation.com\/pl\/rodzimi-tlumacze","og_locale":"pl_PL","og_type":"article","og_title":"T\u0142umacze rodowici | BigTranslation","og_description":"Jeste\u015bmy wykwalifikowanymi rodzimymi t\u0142umaczami. Gwarantujemy jako\u015b\u0107 naszych t\u0142umacze\u0144","og_url":"https:\/\/www.bigtranslation.com\/pl\/rodzimi-tlumacze","og_site_name":"BigTranslation","article_modified_time":"2022-05-16T06:36:46+00:00","twitter_card":"summary_large_image","schema":{"@context":"https:\/\/schema.org","@graph":[{"@type":"WebPage","@id":"https:\/\/www.bigtranslation.com\/pl\/rodzimi-tlumacze","url":"https:\/\/www.bigtranslation.com\/pl\/rodzimi-tlumacze","name":"T\u0142umacze rodowici | BigTranslation","isPartOf":{"@id":"https:\/\/www.bigtranslation.com\/pl#website"},"datePublished":"2021-06-25T06:12:12+00:00","dateModified":"2022-05-16T06:36:46+00:00","description":"Jeste\u015bmy wykwalifikowanymi rodzimymi t\u0142umaczami. Gwarantujemy jako\u015b\u0107 naszych t\u0142umacze\u0144","breadcrumb":{"@id":"https:\/\/www.bigtranslation.com\/pl\/rodzimi-tlumacze#breadcrumb"},"inLanguage":"pl-PL","potentialAction":[{"@type":"ReadAction","target":["https:\/\/www.bigtranslation.com\/pl\/rodzimi-tlumacze"]}]},{"@type":"BreadcrumbList","@id":"https:\/\/www.bigtranslation.com\/pl\/rodzimi-tlumacze#breadcrumb","itemListElement":[{"@type":"ListItem","position":1,"name":"Home","item":"https:\/\/www.bigtranslation.com\/pl"},{"@type":"ListItem","position":2,"name":"T\u0142umacze rodowici"}]},{"@type":"WebSite","@id":"https:\/\/www.bigtranslation.com\/pl#website","url":"https:\/\/www.bigtranslation.com\/pl","name":"BigTranslation","description":"Native and Professional translators","potentialAction":[{"@type":"SearchAction","target":{"@type":"EntryPoint","urlTemplate":"https:\/\/www.bigtranslation.com\/pl?s={search_term_string}"},"query-input":"required name=search_term_string"}],"inLanguage":"pl-PL"}]}},"acf":[],"amp_enabled":true,"_links":{"self":[{"href":"https:\/\/www.bigtranslation.com\/pl\/wp-json\/wp\/v2\/pages\/3552"}],"collection":[{"href":"https:\/\/www.bigtranslation.com\/pl\/wp-json\/wp\/v2\/pages"}],"about":[{"href":"https:\/\/www.bigtranslation.com\/pl\/wp-json\/wp\/v2\/types\/page"}],"author":[{"embeddable":true,"href":"https:\/\/www.bigtranslation.com\/pl\/wp-json\/wp\/v2\/users\/1"}],"replies":[{"embeddable":true,"href":"https:\/\/www.bigtranslation.com\/pl\/wp-json\/wp\/v2\/comments?post=3552"}],"version-history":[{"count":2,"href":"https:\/\/www.bigtranslation.com\/pl\/wp-json\/wp\/v2\/pages\/3552\/revisions"}],"predecessor-version":[{"id":12151,"href":"https:\/\/www.bigtranslation.com\/pl\/wp-json\/wp\/v2\/pages\/3552\/revisions\/12151"}],"wp:attachment":[{"href":"https:\/\/www.bigtranslation.com\/pl\/wp-json\/wp\/v2\/media?parent=3552"}],"curies":[{"name":"wp","href":"https:\/\/api.w.org\/{rel}","templated":true}]}}