{"id":3582,"date":"2021-07-12T10:39:18","date_gmt":"2021-07-12T10:39:18","guid":{"rendered":"https:\/\/www.bigtranslation.com\/proofreading\/"},"modified":"2023-04-18T10:26:24","modified_gmt":"2023-04-18T10:26:24","slug":"korekta","status":"publish","type":"page","link":"https:\/\/www.bigtranslation.com\/pl\/korekta","title":{"rendered":"Korekta"},"content":{"rendered":"","protected":false},"excerpt":{"rendered":"","protected":false},"author":1,"featured_media":0,"parent":0,"menu_order":4,"comment_status":"closed","ping_status":"closed","template":"page-templates\/template-proofreading.php","meta":{"footnotes":""},"yoast_head":"<!-- This site is optimized with the Yoast SEO plugin v21.8.1 - https:\/\/yoast.com\/wordpress\/plugins\/seo\/ -->\n<title>Korekta | Agencja t\u0142umacze\u0144<\/title>\n<meta name=\"description\" content=\"Korekta jest niezwykle wa\u017cna w t\u0142umaczeniu profesjonalnym. Posiadamy internetow\u0105 platform\u0119 korekty. Skontaktuj si\u0119 z nami by uzyska\u0107 wi\u0119cej informacji.\" \/>\n<meta name=\"robots\" content=\"index, follow, max-snippet:-1, max-image-preview:large, max-video-preview:-1\" \/>\n<link rel=\"canonical\" href=\"https:\/\/www.bigtranslation.com\/pl\/korekta\" \/>\n<meta property=\"og:locale\" content=\"pl_PL\" \/>\n<meta property=\"og:type\" content=\"article\" \/>\n<meta property=\"og:title\" content=\"Korekta | Agencja t\u0142umacze\u0144\" \/>\n<meta property=\"og:description\" content=\"Korekta jest niezwykle wa\u017cna w t\u0142umaczeniu profesjonalnym. Posiadamy internetow\u0105 platform\u0119 korekty. Skontaktuj si\u0119 z nami by uzyska\u0107 wi\u0119cej informacji.\" \/>\n<meta property=\"og:url\" content=\"https:\/\/www.bigtranslation.com\/pl\/korekta\" \/>\n<meta property=\"og:site_name\" content=\"BigTranslation\" \/>\n<meta property=\"article:modified_time\" content=\"2023-04-18T10:26:24+00:00\" \/>\n<meta name=\"twitter:card\" content=\"summary_large_image\" \/>\n<script type=\"application\/ld+json\" class=\"yoast-schema-graph\">{\"@context\":\"https:\/\/schema.org\",\"@graph\":[{\"@type\":\"WebPage\",\"@id\":\"https:\/\/www.bigtranslation.com\/pl\/korekta\",\"url\":\"https:\/\/www.bigtranslation.com\/pl\/korekta\",\"name\":\"Korekta | Agencja t\u0142umacze\u0144\",\"isPartOf\":{\"@id\":\"https:\/\/www.bigtranslation.com\/pl#website\"},\"datePublished\":\"2021-07-12T10:39:18+00:00\",\"dateModified\":\"2023-04-18T10:26:24+00:00\",\"description\":\"Korekta jest niezwykle wa\u017cna w t\u0142umaczeniu profesjonalnym. Posiadamy internetow\u0105 platform\u0119 korekty. Skontaktuj si\u0119 z nami by uzyska\u0107 wi\u0119cej informacji.\",\"breadcrumb\":{\"@id\":\"https:\/\/www.bigtranslation.com\/pl\/korekta#breadcrumb\"},\"inLanguage\":\"pl-PL\",\"potentialAction\":[{\"@type\":\"ReadAction\",\"target\":[\"https:\/\/www.bigtranslation.com\/pl\/korekta\"]}]},{\"@type\":\"BreadcrumbList\",\"@id\":\"https:\/\/www.bigtranslation.com\/pl\/korekta#breadcrumb\",\"itemListElement\":[{\"@type\":\"ListItem\",\"position\":1,\"name\":\"Home\",\"item\":\"https:\/\/www.bigtranslation.com\/pl\"},{\"@type\":\"ListItem\",\"position\":2,\"name\":\"Korekta\"}]},{\"@type\":\"WebSite\",\"@id\":\"https:\/\/www.bigtranslation.com\/pl#website\",\"url\":\"https:\/\/www.bigtranslation.com\/pl\",\"name\":\"BigTranslation\",\"description\":\"Native and Professional translators\",\"potentialAction\":[{\"@type\":\"SearchAction\",\"target\":{\"@type\":\"EntryPoint\",\"urlTemplate\":\"https:\/\/www.bigtranslation.com\/pl?s={search_term_string}\"},\"query-input\":\"required name=search_term_string\"}],\"inLanguage\":\"pl-PL\"}]}<\/script>\n<!-- \/ Yoast SEO plugin. -->","yoast_head_json":{"title":"Korekta | Agencja t\u0142umacze\u0144","description":"Korekta jest niezwykle wa\u017cna w t\u0142umaczeniu profesjonalnym. Posiadamy internetow\u0105 platform\u0119 korekty. Skontaktuj si\u0119 z nami by uzyska\u0107 wi\u0119cej informacji.","robots":{"index":"index","follow":"follow","max-snippet":"max-snippet:-1","max-image-preview":"max-image-preview:large","max-video-preview":"max-video-preview:-1"},"canonical":"https:\/\/www.bigtranslation.com\/pl\/korekta","og_locale":"pl_PL","og_type":"article","og_title":"Korekta | Agencja t\u0142umacze\u0144","og_description":"Korekta jest niezwykle wa\u017cna w t\u0142umaczeniu profesjonalnym. Posiadamy internetow\u0105 platform\u0119 korekty. Skontaktuj si\u0119 z nami by uzyska\u0107 wi\u0119cej informacji.","og_url":"https:\/\/www.bigtranslation.com\/pl\/korekta","og_site_name":"BigTranslation","article_modified_time":"2023-04-18T10:26:24+00:00","twitter_card":"summary_large_image","schema":{"@context":"https:\/\/schema.org","@graph":[{"@type":"WebPage","@id":"https:\/\/www.bigtranslation.com\/pl\/korekta","url":"https:\/\/www.bigtranslation.com\/pl\/korekta","name":"Korekta | Agencja t\u0142umacze\u0144","isPartOf":{"@id":"https:\/\/www.bigtranslation.com\/pl#website"},"datePublished":"2021-07-12T10:39:18+00:00","dateModified":"2023-04-18T10:26:24+00:00","description":"Korekta jest niezwykle wa\u017cna w t\u0142umaczeniu profesjonalnym. Posiadamy internetow\u0105 platform\u0119 korekty. Skontaktuj si\u0119 z nami by uzyska\u0107 wi\u0119cej informacji.","breadcrumb":{"@id":"https:\/\/www.bigtranslation.com\/pl\/korekta#breadcrumb"},"inLanguage":"pl-PL","potentialAction":[{"@type":"ReadAction","target":["https:\/\/www.bigtranslation.com\/pl\/korekta"]}]},{"@type":"BreadcrumbList","@id":"https:\/\/www.bigtranslation.com\/pl\/korekta#breadcrumb","itemListElement":[{"@type":"ListItem","position":1,"name":"Home","item":"https:\/\/www.bigtranslation.com\/pl"},{"@type":"ListItem","position":2,"name":"Korekta"}]},{"@type":"WebSite","@id":"https:\/\/www.bigtranslation.com\/pl#website","url":"https:\/\/www.bigtranslation.com\/pl","name":"BigTranslation","description":"Native and Professional translators","potentialAction":[{"@type":"SearchAction","target":{"@type":"EntryPoint","urlTemplate":"https:\/\/www.bigtranslation.com\/pl?s={search_term_string}"},"query-input":"required name=search_term_string"}],"inLanguage":"pl-PL"}]}},"acf":[],"amp_enabled":true,"_links":{"self":[{"href":"https:\/\/www.bigtranslation.com\/pl\/wp-json\/wp\/v2\/pages\/3582"}],"collection":[{"href":"https:\/\/www.bigtranslation.com\/pl\/wp-json\/wp\/v2\/pages"}],"about":[{"href":"https:\/\/www.bigtranslation.com\/pl\/wp-json\/wp\/v2\/types\/page"}],"author":[{"embeddable":true,"href":"https:\/\/www.bigtranslation.com\/pl\/wp-json\/wp\/v2\/users\/1"}],"replies":[{"embeddable":true,"href":"https:\/\/www.bigtranslation.com\/pl\/wp-json\/wp\/v2\/comments?post=3582"}],"version-history":[{"count":2,"href":"https:\/\/www.bigtranslation.com\/pl\/wp-json\/wp\/v2\/pages\/3582\/revisions"}],"predecessor-version":[{"id":16249,"href":"https:\/\/www.bigtranslation.com\/pl\/wp-json\/wp\/v2\/pages\/3582\/revisions\/16249"}],"wp:attachment":[{"href":"https:\/\/www.bigtranslation.com\/pl\/wp-json\/wp\/v2\/media?parent=3582"}],"curies":[{"name":"wp","href":"https:\/\/api.w.org\/{rel}","templated":true}]}}