{"id":4106,"date":"2021-07-06T07:04:51","date_gmt":"2021-07-06T07:04:51","guid":{"rendered":"https:\/\/www.bigtranslation.com\/video-transcription\/"},"modified":"2021-09-20T08:12:45","modified_gmt":"2021-09-20T08:12:45","slug":"transkrypcja-wideo","status":"publish","type":"page","link":"https:\/\/www.bigtranslation.com\/pl\/transkrypcja-wideo","title":{"rendered":"Transkrypcje wideo"},"content":{"rendered":"","protected":false},"excerpt":{"rendered":"","protected":false},"author":1,"featured_media":0,"parent":0,"menu_order":9,"comment_status":"closed","ping_status":"closed","template":"page-templates\/template-transcription-video.php","meta":{"footnotes":""},"yoast_head":"<!-- This site is optimized with the Yoast SEO plugin v21.8.1 - https:\/\/yoast.com\/wordpress\/plugins\/seo\/ -->\n<title>Transkrypcje wideo | Profesjonalna firma t\u0142umaczeniowa<\/title>\n<meta name=\"description\" content=\"Nasza us\u0142uga t\u0142umaczeniowa zawiera t\u0142umaczenie dokument\u00f3w audio i wideo. Dowiedz si\u0119 wi\u0119cej na temat naszej firmy t\u0142umaczeniowej stworzonej przez rodzimych t\u0142umaczy.\" \/>\n<meta name=\"robots\" content=\"index, follow, max-snippet:-1, max-image-preview:large, max-video-preview:-1\" \/>\n<link rel=\"canonical\" href=\"https:\/\/www.bigtranslation.com\/pl\/transkrypcja-wideo\" \/>\n<meta property=\"og:locale\" content=\"pl_PL\" \/>\n<meta property=\"og:type\" content=\"article\" \/>\n<meta property=\"og:title\" content=\"Transkrypcje wideo | Profesjonalna firma t\u0142umaczeniowa\" \/>\n<meta property=\"og:description\" content=\"Nasza us\u0142uga t\u0142umaczeniowa zawiera t\u0142umaczenie dokument\u00f3w audio i wideo. Dowiedz si\u0119 wi\u0119cej na temat naszej firmy t\u0142umaczeniowej stworzonej przez rodzimych t\u0142umaczy.\" \/>\n<meta property=\"og:url\" content=\"https:\/\/www.bigtranslation.com\/pl\/transkrypcja-wideo\" \/>\n<meta property=\"og:site_name\" content=\"BigTranslation\" \/>\n<meta property=\"article:modified_time\" content=\"2021-09-20T08:12:45+00:00\" \/>\n<meta name=\"twitter:card\" content=\"summary_large_image\" \/>\n<script type=\"application\/ld+json\" class=\"yoast-schema-graph\">{\"@context\":\"https:\/\/schema.org\",\"@graph\":[{\"@type\":\"WebPage\",\"@id\":\"https:\/\/www.bigtranslation.com\/pl\/transkrypcja-wideo\",\"url\":\"https:\/\/www.bigtranslation.com\/pl\/transkrypcja-wideo\",\"name\":\"Transkrypcje wideo | Profesjonalna firma t\u0142umaczeniowa\",\"isPartOf\":{\"@id\":\"https:\/\/www.bigtranslation.com\/pl#website\"},\"datePublished\":\"2021-07-06T07:04:51+00:00\",\"dateModified\":\"2021-09-20T08:12:45+00:00\",\"description\":\"Nasza us\u0142uga t\u0142umaczeniowa zawiera t\u0142umaczenie dokument\u00f3w audio i wideo. Dowiedz si\u0119 wi\u0119cej na temat naszej firmy t\u0142umaczeniowej stworzonej przez rodzimych t\u0142umaczy.\",\"breadcrumb\":{\"@id\":\"https:\/\/www.bigtranslation.com\/pl\/transkrypcja-wideo#breadcrumb\"},\"inLanguage\":\"pl-PL\",\"potentialAction\":[{\"@type\":\"ReadAction\",\"target\":[\"https:\/\/www.bigtranslation.com\/pl\/transkrypcja-wideo\"]}]},{\"@type\":\"BreadcrumbList\",\"@id\":\"https:\/\/www.bigtranslation.com\/pl\/transkrypcja-wideo#breadcrumb\",\"itemListElement\":[{\"@type\":\"ListItem\",\"position\":1,\"name\":\"Home\",\"item\":\"https:\/\/www.bigtranslation.com\/pl\"},{\"@type\":\"ListItem\",\"position\":2,\"name\":\"Transkrypcje wideo\"}]},{\"@type\":\"WebSite\",\"@id\":\"https:\/\/www.bigtranslation.com\/pl#website\",\"url\":\"https:\/\/www.bigtranslation.com\/pl\",\"name\":\"BigTranslation\",\"description\":\"Native and Professional translators\",\"potentialAction\":[{\"@type\":\"SearchAction\",\"target\":{\"@type\":\"EntryPoint\",\"urlTemplate\":\"https:\/\/www.bigtranslation.com\/pl?s={search_term_string}\"},\"query-input\":\"required name=search_term_string\"}],\"inLanguage\":\"pl-PL\"}]}<\/script>\n<!-- \/ Yoast SEO plugin. -->","yoast_head_json":{"title":"Transkrypcje wideo | Profesjonalna firma t\u0142umaczeniowa","description":"Nasza us\u0142uga t\u0142umaczeniowa zawiera t\u0142umaczenie dokument\u00f3w audio i wideo. Dowiedz si\u0119 wi\u0119cej na temat naszej firmy t\u0142umaczeniowej stworzonej przez rodzimych t\u0142umaczy.","robots":{"index":"index","follow":"follow","max-snippet":"max-snippet:-1","max-image-preview":"max-image-preview:large","max-video-preview":"max-video-preview:-1"},"canonical":"https:\/\/www.bigtranslation.com\/pl\/transkrypcja-wideo","og_locale":"pl_PL","og_type":"article","og_title":"Transkrypcje wideo | Profesjonalna firma t\u0142umaczeniowa","og_description":"Nasza us\u0142uga t\u0142umaczeniowa zawiera t\u0142umaczenie dokument\u00f3w audio i wideo. Dowiedz si\u0119 wi\u0119cej na temat naszej firmy t\u0142umaczeniowej stworzonej przez rodzimych t\u0142umaczy.","og_url":"https:\/\/www.bigtranslation.com\/pl\/transkrypcja-wideo","og_site_name":"BigTranslation","article_modified_time":"2021-09-20T08:12:45+00:00","twitter_card":"summary_large_image","schema":{"@context":"https:\/\/schema.org","@graph":[{"@type":"WebPage","@id":"https:\/\/www.bigtranslation.com\/pl\/transkrypcja-wideo","url":"https:\/\/www.bigtranslation.com\/pl\/transkrypcja-wideo","name":"Transkrypcje wideo | Profesjonalna firma t\u0142umaczeniowa","isPartOf":{"@id":"https:\/\/www.bigtranslation.com\/pl#website"},"datePublished":"2021-07-06T07:04:51+00:00","dateModified":"2021-09-20T08:12:45+00:00","description":"Nasza us\u0142uga t\u0142umaczeniowa zawiera t\u0142umaczenie dokument\u00f3w audio i wideo. Dowiedz si\u0119 wi\u0119cej na temat naszej firmy t\u0142umaczeniowej stworzonej przez rodzimych t\u0142umaczy.","breadcrumb":{"@id":"https:\/\/www.bigtranslation.com\/pl\/transkrypcja-wideo#breadcrumb"},"inLanguage":"pl-PL","potentialAction":[{"@type":"ReadAction","target":["https:\/\/www.bigtranslation.com\/pl\/transkrypcja-wideo"]}]},{"@type":"BreadcrumbList","@id":"https:\/\/www.bigtranslation.com\/pl\/transkrypcja-wideo#breadcrumb","itemListElement":[{"@type":"ListItem","position":1,"name":"Home","item":"https:\/\/www.bigtranslation.com\/pl"},{"@type":"ListItem","position":2,"name":"Transkrypcje wideo"}]},{"@type":"WebSite","@id":"https:\/\/www.bigtranslation.com\/pl#website","url":"https:\/\/www.bigtranslation.com\/pl","name":"BigTranslation","description":"Native and Professional translators","potentialAction":[{"@type":"SearchAction","target":{"@type":"EntryPoint","urlTemplate":"https:\/\/www.bigtranslation.com\/pl?s={search_term_string}"},"query-input":"required name=search_term_string"}],"inLanguage":"pl-PL"}]}},"acf":[],"amp_enabled":true,"_links":{"self":[{"href":"https:\/\/www.bigtranslation.com\/pl\/wp-json\/wp\/v2\/pages\/4106"}],"collection":[{"href":"https:\/\/www.bigtranslation.com\/pl\/wp-json\/wp\/v2\/pages"}],"about":[{"href":"https:\/\/www.bigtranslation.com\/pl\/wp-json\/wp\/v2\/types\/page"}],"author":[{"embeddable":true,"href":"https:\/\/www.bigtranslation.com\/pl\/wp-json\/wp\/v2\/users\/1"}],"replies":[{"embeddable":true,"href":"https:\/\/www.bigtranslation.com\/pl\/wp-json\/wp\/v2\/comments?post=4106"}],"version-history":[{"count":1,"href":"https:\/\/www.bigtranslation.com\/pl\/wp-json\/wp\/v2\/pages\/4106\/revisions"}],"predecessor-version":[{"id":4111,"href":"https:\/\/www.bigtranslation.com\/pl\/wp-json\/wp\/v2\/pages\/4106\/revisions\/4111"}],"wp:attachment":[{"href":"https:\/\/www.bigtranslation.com\/pl\/wp-json\/wp\/v2\/media?parent=4106"}],"curies":[{"name":"wp","href":"https:\/\/api.w.org\/{rel}","templated":true}]}}