{"id":4149,"date":"2021-07-07T11:33:07","date_gmt":"2021-07-07T11:33:07","guid":{"rendered":"https:\/\/www.bigtranslation.com\/audio-transcription\/"},"modified":"2021-09-20T09:56:55","modified_gmt":"2021-09-20T09:56:55","slug":"transkrypcja-audio","status":"publish","type":"page","link":"https:\/\/www.bigtranslation.com\/pl\/transkrypcja-audio","title":{"rendered":"Transkrypcja audio"},"content":{"rendered":"","protected":false},"excerpt":{"rendered":"","protected":false},"author":1,"featured_media":0,"parent":0,"menu_order":10,"comment_status":"closed","ping_status":"closed","template":"page-templates\/template-transcription-audio.php","meta":{"footnotes":""},"yoast_head":"<!-- This site is optimized with the Yoast SEO plugin v21.8.1 - https:\/\/yoast.com\/wordpress\/plugins\/seo\/ -->\n<title>Transkrypcja audio | Profesjonalna firma t\u0142umaczeniowa<\/title>\n<meta name=\"description\" content=\"Nasi rodzimi t\u0142umacze dostarcz\u0105 t\u0142umacze\u0144 napis\u00f3w z ka\u017cdego i na ka\u017cdy j\u0119zyk europejski. Profesjonalni t\u0142umacze w zasi\u0119gu Twojej r\u0119ki.\" \/>\n<meta name=\"robots\" content=\"index, follow, max-snippet:-1, max-image-preview:large, max-video-preview:-1\" \/>\n<link rel=\"canonical\" href=\"https:\/\/www.bigtranslation.com\/pl\/transkrypcja-audio\" \/>\n<meta property=\"og:locale\" content=\"pl_PL\" \/>\n<meta property=\"og:type\" content=\"article\" \/>\n<meta property=\"og:title\" content=\"Transkrypcja audio | Profesjonalna firma t\u0142umaczeniowa\" \/>\n<meta property=\"og:description\" content=\"Nasi rodzimi t\u0142umacze dostarcz\u0105 t\u0142umacze\u0144 napis\u00f3w z ka\u017cdego i na ka\u017cdy j\u0119zyk europejski. Profesjonalni t\u0142umacze w zasi\u0119gu Twojej r\u0119ki.\" \/>\n<meta property=\"og:url\" content=\"https:\/\/www.bigtranslation.com\/pl\/transkrypcja-audio\" \/>\n<meta property=\"og:site_name\" content=\"BigTranslation\" \/>\n<meta property=\"article:modified_time\" content=\"2021-09-20T09:56:55+00:00\" \/>\n<meta name=\"twitter:card\" content=\"summary_large_image\" \/>\n<script type=\"application\/ld+json\" class=\"yoast-schema-graph\">{\"@context\":\"https:\/\/schema.org\",\"@graph\":[{\"@type\":\"WebPage\",\"@id\":\"https:\/\/www.bigtranslation.com\/pl\/transkrypcja-audio\",\"url\":\"https:\/\/www.bigtranslation.com\/pl\/transkrypcja-audio\",\"name\":\"Transkrypcja audio | Profesjonalna firma t\u0142umaczeniowa\",\"isPartOf\":{\"@id\":\"https:\/\/www.bigtranslation.com\/pl#website\"},\"datePublished\":\"2021-07-07T11:33:07+00:00\",\"dateModified\":\"2021-09-20T09:56:55+00:00\",\"description\":\"Nasi rodzimi t\u0142umacze dostarcz\u0105 t\u0142umacze\u0144 napis\u00f3w z ka\u017cdego i na ka\u017cdy j\u0119zyk europejski. Profesjonalni t\u0142umacze w zasi\u0119gu Twojej r\u0119ki.\",\"breadcrumb\":{\"@id\":\"https:\/\/www.bigtranslation.com\/pl\/transkrypcja-audio#breadcrumb\"},\"inLanguage\":\"pl-PL\",\"potentialAction\":[{\"@type\":\"ReadAction\",\"target\":[\"https:\/\/www.bigtranslation.com\/pl\/transkrypcja-audio\"]}]},{\"@type\":\"BreadcrumbList\",\"@id\":\"https:\/\/www.bigtranslation.com\/pl\/transkrypcja-audio#breadcrumb\",\"itemListElement\":[{\"@type\":\"ListItem\",\"position\":1,\"name\":\"Home\",\"item\":\"https:\/\/www.bigtranslation.com\/pl\"},{\"@type\":\"ListItem\",\"position\":2,\"name\":\"Transkrypcja audio\"}]},{\"@type\":\"WebSite\",\"@id\":\"https:\/\/www.bigtranslation.com\/pl#website\",\"url\":\"https:\/\/www.bigtranslation.com\/pl\",\"name\":\"BigTranslation\",\"description\":\"Native and Professional translators\",\"potentialAction\":[{\"@type\":\"SearchAction\",\"target\":{\"@type\":\"EntryPoint\",\"urlTemplate\":\"https:\/\/www.bigtranslation.com\/pl?s={search_term_string}\"},\"query-input\":\"required name=search_term_string\"}],\"inLanguage\":\"pl-PL\"}]}<\/script>\n<!-- \/ Yoast SEO plugin. -->","yoast_head_json":{"title":"Transkrypcja audio | Profesjonalna firma t\u0142umaczeniowa","description":"Nasi rodzimi t\u0142umacze dostarcz\u0105 t\u0142umacze\u0144 napis\u00f3w z ka\u017cdego i na ka\u017cdy j\u0119zyk europejski. Profesjonalni t\u0142umacze w zasi\u0119gu Twojej r\u0119ki.","robots":{"index":"index","follow":"follow","max-snippet":"max-snippet:-1","max-image-preview":"max-image-preview:large","max-video-preview":"max-video-preview:-1"},"canonical":"https:\/\/www.bigtranslation.com\/pl\/transkrypcja-audio","og_locale":"pl_PL","og_type":"article","og_title":"Transkrypcja audio | Profesjonalna firma t\u0142umaczeniowa","og_description":"Nasi rodzimi t\u0142umacze dostarcz\u0105 t\u0142umacze\u0144 napis\u00f3w z ka\u017cdego i na ka\u017cdy j\u0119zyk europejski. Profesjonalni t\u0142umacze w zasi\u0119gu Twojej r\u0119ki.","og_url":"https:\/\/www.bigtranslation.com\/pl\/transkrypcja-audio","og_site_name":"BigTranslation","article_modified_time":"2021-09-20T09:56:55+00:00","twitter_card":"summary_large_image","schema":{"@context":"https:\/\/schema.org","@graph":[{"@type":"WebPage","@id":"https:\/\/www.bigtranslation.com\/pl\/transkrypcja-audio","url":"https:\/\/www.bigtranslation.com\/pl\/transkrypcja-audio","name":"Transkrypcja audio | Profesjonalna firma t\u0142umaczeniowa","isPartOf":{"@id":"https:\/\/www.bigtranslation.com\/pl#website"},"datePublished":"2021-07-07T11:33:07+00:00","dateModified":"2021-09-20T09:56:55+00:00","description":"Nasi rodzimi t\u0142umacze dostarcz\u0105 t\u0142umacze\u0144 napis\u00f3w z ka\u017cdego i na ka\u017cdy j\u0119zyk europejski. Profesjonalni t\u0142umacze w zasi\u0119gu Twojej r\u0119ki.","breadcrumb":{"@id":"https:\/\/www.bigtranslation.com\/pl\/transkrypcja-audio#breadcrumb"},"inLanguage":"pl-PL","potentialAction":[{"@type":"ReadAction","target":["https:\/\/www.bigtranslation.com\/pl\/transkrypcja-audio"]}]},{"@type":"BreadcrumbList","@id":"https:\/\/www.bigtranslation.com\/pl\/transkrypcja-audio#breadcrumb","itemListElement":[{"@type":"ListItem","position":1,"name":"Home","item":"https:\/\/www.bigtranslation.com\/pl"},{"@type":"ListItem","position":2,"name":"Transkrypcja audio"}]},{"@type":"WebSite","@id":"https:\/\/www.bigtranslation.com\/pl#website","url":"https:\/\/www.bigtranslation.com\/pl","name":"BigTranslation","description":"Native and Professional translators","potentialAction":[{"@type":"SearchAction","target":{"@type":"EntryPoint","urlTemplate":"https:\/\/www.bigtranslation.com\/pl?s={search_term_string}"},"query-input":"required name=search_term_string"}],"inLanguage":"pl-PL"}]}},"acf":[],"amp_enabled":true,"_links":{"self":[{"href":"https:\/\/www.bigtranslation.com\/pl\/wp-json\/wp\/v2\/pages\/4149"}],"collection":[{"href":"https:\/\/www.bigtranslation.com\/pl\/wp-json\/wp\/v2\/pages"}],"about":[{"href":"https:\/\/www.bigtranslation.com\/pl\/wp-json\/wp\/v2\/types\/page"}],"author":[{"embeddable":true,"href":"https:\/\/www.bigtranslation.com\/pl\/wp-json\/wp\/v2\/users\/1"}],"replies":[{"embeddable":true,"href":"https:\/\/www.bigtranslation.com\/pl\/wp-json\/wp\/v2\/comments?post=4149"}],"version-history":[{"count":2,"href":"https:\/\/www.bigtranslation.com\/pl\/wp-json\/wp\/v2\/pages\/4149\/revisions"}],"predecessor-version":[{"id":4256,"href":"https:\/\/www.bigtranslation.com\/pl\/wp-json\/wp\/v2\/pages\/4149\/revisions\/4256"}],"wp:attachment":[{"href":"https:\/\/www.bigtranslation.com\/pl\/wp-json\/wp\/v2\/media?parent=4149"}],"curies":[{"name":"wp","href":"https:\/\/api.w.org\/{rel}","templated":true}]}}