{"id":4327,"date":"2021-07-13T06:33:52","date_gmt":"2021-07-13T06:33:52","guid":{"rendered":"https:\/\/www.bigtranslation.com\/interpreting\/"},"modified":"2021-09-20T10:28:13","modified_gmt":"2021-09-20T10:28:13","slug":"tlumaczenie-ustne","status":"publish","type":"page","link":"https:\/\/www.bigtranslation.com\/pl\/tlumaczenie-ustne","title":{"rendered":"T\u0142umaczenia pisemne i ustne"},"content":{"rendered":"","protected":false},"excerpt":{"rendered":"","protected":false},"author":1,"featured_media":0,"parent":0,"menu_order":11,"comment_status":"closed","ping_status":"closed","template":"page-templates\/template-interpreting.php","meta":{"footnotes":""},"yoast_head":"<!-- This site is optimized with the Yoast SEO plugin v21.8.1 - https:\/\/yoast.com\/wordpress\/plugins\/seo\/ -->\n<title>T\u0142umaczenia pisemne i ustne | BigTranslation Profesjonalni i rodzimi t\u0142umacze<\/title>\n<meta name=\"description\" content=\"Nasza agencja t\u0142umaczeniowa z pomoc\u0105 rodzinymi t\u0142umaczy oferuje us\u0142ugi t\u0142umacze\u0144 ustnych i pisemnych ka\u017cdego rodzaju dokument\u00f3w.\" \/>\n<meta name=\"robots\" content=\"index, follow, max-snippet:-1, max-image-preview:large, max-video-preview:-1\" \/>\n<link rel=\"canonical\" href=\"https:\/\/www.bigtranslation.com\/pl\/tlumaczenie-ustne\" \/>\n<meta property=\"og:locale\" content=\"pl_PL\" \/>\n<meta property=\"og:type\" content=\"article\" \/>\n<meta property=\"og:title\" content=\"T\u0142umaczenia pisemne i ustne | BigTranslation Profesjonalni i rodzimi t\u0142umacze\" \/>\n<meta property=\"og:description\" content=\"Nasza agencja t\u0142umaczeniowa z pomoc\u0105 rodzinymi t\u0142umaczy oferuje us\u0142ugi t\u0142umacze\u0144 ustnych i pisemnych ka\u017cdego rodzaju dokument\u00f3w.\" \/>\n<meta property=\"og:url\" content=\"https:\/\/www.bigtranslation.com\/pl\/tlumaczenie-ustne\" \/>\n<meta property=\"og:site_name\" content=\"BigTranslation\" \/>\n<meta property=\"article:modified_time\" content=\"2021-09-20T10:28:13+00:00\" \/>\n<meta name=\"twitter:card\" content=\"summary_large_image\" \/>\n<script type=\"application\/ld+json\" class=\"yoast-schema-graph\">{\"@context\":\"https:\/\/schema.org\",\"@graph\":[{\"@type\":\"WebPage\",\"@id\":\"https:\/\/www.bigtranslation.com\/pl\/tlumaczenie-ustne\",\"url\":\"https:\/\/www.bigtranslation.com\/pl\/tlumaczenie-ustne\",\"name\":\"T\u0142umaczenia pisemne i ustne | BigTranslation Profesjonalni i rodzimi t\u0142umacze\",\"isPartOf\":{\"@id\":\"https:\/\/www.bigtranslation.com\/pl#website\"},\"datePublished\":\"2021-07-13T06:33:52+00:00\",\"dateModified\":\"2021-09-20T10:28:13+00:00\",\"description\":\"Nasza agencja t\u0142umaczeniowa z pomoc\u0105 rodzinymi t\u0142umaczy oferuje us\u0142ugi t\u0142umacze\u0144 ustnych i pisemnych ka\u017cdego rodzaju dokument\u00f3w.\",\"breadcrumb\":{\"@id\":\"https:\/\/www.bigtranslation.com\/pl\/tlumaczenie-ustne#breadcrumb\"},\"inLanguage\":\"pl-PL\",\"potentialAction\":[{\"@type\":\"ReadAction\",\"target\":[\"https:\/\/www.bigtranslation.com\/pl\/tlumaczenie-ustne\"]}]},{\"@type\":\"BreadcrumbList\",\"@id\":\"https:\/\/www.bigtranslation.com\/pl\/tlumaczenie-ustne#breadcrumb\",\"itemListElement\":[{\"@type\":\"ListItem\",\"position\":1,\"name\":\"Home\",\"item\":\"https:\/\/www.bigtranslation.com\/pl\"},{\"@type\":\"ListItem\",\"position\":2,\"name\":\"T\u0142umaczenia pisemne i ustne\"}]},{\"@type\":\"WebSite\",\"@id\":\"https:\/\/www.bigtranslation.com\/pl#website\",\"url\":\"https:\/\/www.bigtranslation.com\/pl\",\"name\":\"BigTranslation\",\"description\":\"Native and Professional translators\",\"potentialAction\":[{\"@type\":\"SearchAction\",\"target\":{\"@type\":\"EntryPoint\",\"urlTemplate\":\"https:\/\/www.bigtranslation.com\/pl?s={search_term_string}\"},\"query-input\":\"required name=search_term_string\"}],\"inLanguage\":\"pl-PL\"}]}<\/script>\n<!-- \/ Yoast SEO plugin. -->","yoast_head_json":{"title":"T\u0142umaczenia pisemne i ustne | BigTranslation Profesjonalni i rodzimi t\u0142umacze","description":"Nasza agencja t\u0142umaczeniowa z pomoc\u0105 rodzinymi t\u0142umaczy oferuje us\u0142ugi t\u0142umacze\u0144 ustnych i pisemnych ka\u017cdego rodzaju dokument\u00f3w.","robots":{"index":"index","follow":"follow","max-snippet":"max-snippet:-1","max-image-preview":"max-image-preview:large","max-video-preview":"max-video-preview:-1"},"canonical":"https:\/\/www.bigtranslation.com\/pl\/tlumaczenie-ustne","og_locale":"pl_PL","og_type":"article","og_title":"T\u0142umaczenia pisemne i ustne | BigTranslation Profesjonalni i rodzimi t\u0142umacze","og_description":"Nasza agencja t\u0142umaczeniowa z pomoc\u0105 rodzinymi t\u0142umaczy oferuje us\u0142ugi t\u0142umacze\u0144 ustnych i pisemnych ka\u017cdego rodzaju dokument\u00f3w.","og_url":"https:\/\/www.bigtranslation.com\/pl\/tlumaczenie-ustne","og_site_name":"BigTranslation","article_modified_time":"2021-09-20T10:28:13+00:00","twitter_card":"summary_large_image","schema":{"@context":"https:\/\/schema.org","@graph":[{"@type":"WebPage","@id":"https:\/\/www.bigtranslation.com\/pl\/tlumaczenie-ustne","url":"https:\/\/www.bigtranslation.com\/pl\/tlumaczenie-ustne","name":"T\u0142umaczenia pisemne i ustne | BigTranslation Profesjonalni i rodzimi t\u0142umacze","isPartOf":{"@id":"https:\/\/www.bigtranslation.com\/pl#website"},"datePublished":"2021-07-13T06:33:52+00:00","dateModified":"2021-09-20T10:28:13+00:00","description":"Nasza agencja t\u0142umaczeniowa z pomoc\u0105 rodzinymi t\u0142umaczy oferuje us\u0142ugi t\u0142umacze\u0144 ustnych i pisemnych ka\u017cdego rodzaju dokument\u00f3w.","breadcrumb":{"@id":"https:\/\/www.bigtranslation.com\/pl\/tlumaczenie-ustne#breadcrumb"},"inLanguage":"pl-PL","potentialAction":[{"@type":"ReadAction","target":["https:\/\/www.bigtranslation.com\/pl\/tlumaczenie-ustne"]}]},{"@type":"BreadcrumbList","@id":"https:\/\/www.bigtranslation.com\/pl\/tlumaczenie-ustne#breadcrumb","itemListElement":[{"@type":"ListItem","position":1,"name":"Home","item":"https:\/\/www.bigtranslation.com\/pl"},{"@type":"ListItem","position":2,"name":"T\u0142umaczenia pisemne i ustne"}]},{"@type":"WebSite","@id":"https:\/\/www.bigtranslation.com\/pl#website","url":"https:\/\/www.bigtranslation.com\/pl","name":"BigTranslation","description":"Native and Professional translators","potentialAction":[{"@type":"SearchAction","target":{"@type":"EntryPoint","urlTemplate":"https:\/\/www.bigtranslation.com\/pl?s={search_term_string}"},"query-input":"required name=search_term_string"}],"inLanguage":"pl-PL"}]}},"acf":[],"amp_enabled":true,"_links":{"self":[{"href":"https:\/\/www.bigtranslation.com\/pl\/wp-json\/wp\/v2\/pages\/4327"}],"collection":[{"href":"https:\/\/www.bigtranslation.com\/pl\/wp-json\/wp\/v2\/pages"}],"about":[{"href":"https:\/\/www.bigtranslation.com\/pl\/wp-json\/wp\/v2\/types\/page"}],"author":[{"embeddable":true,"href":"https:\/\/www.bigtranslation.com\/pl\/wp-json\/wp\/v2\/users\/1"}],"replies":[{"embeddable":true,"href":"https:\/\/www.bigtranslation.com\/pl\/wp-json\/wp\/v2\/comments?post=4327"}],"version-history":[{"count":1,"href":"https:\/\/www.bigtranslation.com\/pl\/wp-json\/wp\/v2\/pages\/4327\/revisions"}],"predecessor-version":[{"id":4335,"href":"https:\/\/www.bigtranslation.com\/pl\/wp-json\/wp\/v2\/pages\/4327\/revisions\/4335"}],"wp:attachment":[{"href":"https:\/\/www.bigtranslation.com\/pl\/wp-json\/wp\/v2\/media?parent=4327"}],"curies":[{"name":"wp","href":"https:\/\/api.w.org\/{rel}","templated":true}]}}