{"id":4438,"date":"2021-06-17T07:42:20","date_gmt":"2021-06-17T07:42:20","guid":{"rendered":"https:\/\/www.bigtranslation.com\/professional-translators\/"},"modified":"2021-09-20T11:15:38","modified_gmt":"2021-09-20T11:15:38","slug":"tlumacze","status":"publish","type":"page","link":"https:\/\/www.bigtranslation.com\/pl\/tlumacze","title":{"rendered":"Zawodowy t\u0142umacz"},"content":{"rendered":"","protected":false},"excerpt":{"rendered":"","protected":false},"author":1,"featured_media":0,"parent":0,"menu_order":23,"comment_status":"closed","ping_status":"closed","template":"page-templates\/template-professional-translators.php","meta":{"footnotes":""},"yoast_head":"<!-- This site is optimized with the Yoast SEO plugin v21.8.1 - https:\/\/yoast.com\/wordpress\/plugins\/seo\/ -->\n<title>Zawodowy t\u0142umacz | Agencja t\u0142umaczeniowa<\/title>\n<meta name=\"description\" content=\"Je\u015bli jeste\u015b profesjonalnym t\u0142umaczem, mo\u017cesz podj\u0105\u0107 z nami wsp\u00f3\u0142prac\u0119. Szukamy rodzimych t\u0142umaczy znaj\u0105cych si\u0119 na t\u0142umaczeniu SEO oraz korektora teskt\u00f3w.\" \/>\n<meta name=\"robots\" content=\"index, follow, max-snippet:-1, max-image-preview:large, max-video-preview:-1\" \/>\n<link rel=\"canonical\" href=\"https:\/\/www.bigtranslation.com\/pl\/tlumacze\" \/>\n<meta property=\"og:locale\" content=\"pl_PL\" \/>\n<meta property=\"og:type\" content=\"article\" \/>\n<meta property=\"og:title\" content=\"Zawodowy t\u0142umacz | Agencja t\u0142umaczeniowa\" \/>\n<meta property=\"og:description\" content=\"Je\u015bli jeste\u015b profesjonalnym t\u0142umaczem, mo\u017cesz podj\u0105\u0107 z nami wsp\u00f3\u0142prac\u0119. Szukamy rodzimych t\u0142umaczy znaj\u0105cych si\u0119 na t\u0142umaczeniu SEO oraz korektora teskt\u00f3w.\" \/>\n<meta property=\"og:url\" content=\"https:\/\/www.bigtranslation.com\/pl\/tlumacze\" \/>\n<meta property=\"og:site_name\" content=\"BigTranslation\" \/>\n<meta property=\"article:modified_time\" content=\"2021-09-20T11:15:38+00:00\" \/>\n<meta name=\"twitter:card\" content=\"summary_large_image\" \/>\n<script type=\"application\/ld+json\" class=\"yoast-schema-graph\">{\"@context\":\"https:\/\/schema.org\",\"@graph\":[{\"@type\":\"WebPage\",\"@id\":\"https:\/\/www.bigtranslation.com\/pl\/tlumacze\",\"url\":\"https:\/\/www.bigtranslation.com\/pl\/tlumacze\",\"name\":\"Zawodowy t\u0142umacz | Agencja t\u0142umaczeniowa\",\"isPartOf\":{\"@id\":\"https:\/\/www.bigtranslation.com\/pl#website\"},\"datePublished\":\"2021-06-17T07:42:20+00:00\",\"dateModified\":\"2021-09-20T11:15:38+00:00\",\"description\":\"Je\u015bli jeste\u015b profesjonalnym t\u0142umaczem, mo\u017cesz podj\u0105\u0107 z nami wsp\u00f3\u0142prac\u0119. Szukamy rodzimych t\u0142umaczy znaj\u0105cych si\u0119 na t\u0142umaczeniu SEO oraz korektora teskt\u00f3w.\",\"breadcrumb\":{\"@id\":\"https:\/\/www.bigtranslation.com\/pl\/tlumacze#breadcrumb\"},\"inLanguage\":\"pl-PL\",\"potentialAction\":[{\"@type\":\"ReadAction\",\"target\":[\"https:\/\/www.bigtranslation.com\/pl\/tlumacze\"]}]},{\"@type\":\"BreadcrumbList\",\"@id\":\"https:\/\/www.bigtranslation.com\/pl\/tlumacze#breadcrumb\",\"itemListElement\":[{\"@type\":\"ListItem\",\"position\":1,\"name\":\"Home\",\"item\":\"https:\/\/www.bigtranslation.com\/pl\"},{\"@type\":\"ListItem\",\"position\":2,\"name\":\"Zawodowy t\u0142umacz\"}]},{\"@type\":\"WebSite\",\"@id\":\"https:\/\/www.bigtranslation.com\/pl#website\",\"url\":\"https:\/\/www.bigtranslation.com\/pl\",\"name\":\"BigTranslation\",\"description\":\"Native and Professional translators\",\"potentialAction\":[{\"@type\":\"SearchAction\",\"target\":{\"@type\":\"EntryPoint\",\"urlTemplate\":\"https:\/\/www.bigtranslation.com\/pl?s={search_term_string}\"},\"query-input\":\"required name=search_term_string\"}],\"inLanguage\":\"pl-PL\"}]}<\/script>\n<!-- \/ Yoast SEO plugin. -->","yoast_head_json":{"title":"Zawodowy t\u0142umacz | Agencja t\u0142umaczeniowa","description":"Je\u015bli jeste\u015b profesjonalnym t\u0142umaczem, mo\u017cesz podj\u0105\u0107 z nami wsp\u00f3\u0142prac\u0119. Szukamy rodzimych t\u0142umaczy znaj\u0105cych si\u0119 na t\u0142umaczeniu SEO oraz korektora teskt\u00f3w.","robots":{"index":"index","follow":"follow","max-snippet":"max-snippet:-1","max-image-preview":"max-image-preview:large","max-video-preview":"max-video-preview:-1"},"canonical":"https:\/\/www.bigtranslation.com\/pl\/tlumacze","og_locale":"pl_PL","og_type":"article","og_title":"Zawodowy t\u0142umacz | Agencja t\u0142umaczeniowa","og_description":"Je\u015bli jeste\u015b profesjonalnym t\u0142umaczem, mo\u017cesz podj\u0105\u0107 z nami wsp\u00f3\u0142prac\u0119. Szukamy rodzimych t\u0142umaczy znaj\u0105cych si\u0119 na t\u0142umaczeniu SEO oraz korektora teskt\u00f3w.","og_url":"https:\/\/www.bigtranslation.com\/pl\/tlumacze","og_site_name":"BigTranslation","article_modified_time":"2021-09-20T11:15:38+00:00","twitter_card":"summary_large_image","schema":{"@context":"https:\/\/schema.org","@graph":[{"@type":"WebPage","@id":"https:\/\/www.bigtranslation.com\/pl\/tlumacze","url":"https:\/\/www.bigtranslation.com\/pl\/tlumacze","name":"Zawodowy t\u0142umacz | Agencja t\u0142umaczeniowa","isPartOf":{"@id":"https:\/\/www.bigtranslation.com\/pl#website"},"datePublished":"2021-06-17T07:42:20+00:00","dateModified":"2021-09-20T11:15:38+00:00","description":"Je\u015bli jeste\u015b profesjonalnym t\u0142umaczem, mo\u017cesz podj\u0105\u0107 z nami wsp\u00f3\u0142prac\u0119. Szukamy rodzimych t\u0142umaczy znaj\u0105cych si\u0119 na t\u0142umaczeniu SEO oraz korektora teskt\u00f3w.","breadcrumb":{"@id":"https:\/\/www.bigtranslation.com\/pl\/tlumacze#breadcrumb"},"inLanguage":"pl-PL","potentialAction":[{"@type":"ReadAction","target":["https:\/\/www.bigtranslation.com\/pl\/tlumacze"]}]},{"@type":"BreadcrumbList","@id":"https:\/\/www.bigtranslation.com\/pl\/tlumacze#breadcrumb","itemListElement":[{"@type":"ListItem","position":1,"name":"Home","item":"https:\/\/www.bigtranslation.com\/pl"},{"@type":"ListItem","position":2,"name":"Zawodowy t\u0142umacz"}]},{"@type":"WebSite","@id":"https:\/\/www.bigtranslation.com\/pl#website","url":"https:\/\/www.bigtranslation.com\/pl","name":"BigTranslation","description":"Native and Professional translators","potentialAction":[{"@type":"SearchAction","target":{"@type":"EntryPoint","urlTemplate":"https:\/\/www.bigtranslation.com\/pl?s={search_term_string}"},"query-input":"required name=search_term_string"}],"inLanguage":"pl-PL"}]}},"acf":[],"amp_enabled":true,"_links":{"self":[{"href":"https:\/\/www.bigtranslation.com\/pl\/wp-json\/wp\/v2\/pages\/4438"}],"collection":[{"href":"https:\/\/www.bigtranslation.com\/pl\/wp-json\/wp\/v2\/pages"}],"about":[{"href":"https:\/\/www.bigtranslation.com\/pl\/wp-json\/wp\/v2\/types\/page"}],"author":[{"embeddable":true,"href":"https:\/\/www.bigtranslation.com\/pl\/wp-json\/wp\/v2\/users\/1"}],"replies":[{"embeddable":true,"href":"https:\/\/www.bigtranslation.com\/pl\/wp-json\/wp\/v2\/comments?post=4438"}],"version-history":[{"count":2,"href":"https:\/\/www.bigtranslation.com\/pl\/wp-json\/wp\/v2\/pages\/4438\/revisions"}],"predecessor-version":[{"id":4459,"href":"https:\/\/www.bigtranslation.com\/pl\/wp-json\/wp\/v2\/pages\/4438\/revisions\/4459"}],"wp:attachment":[{"href":"https:\/\/www.bigtranslation.com\/pl\/wp-json\/wp\/v2\/media?parent=4438"}],"curies":[{"name":"wp","href":"https:\/\/api.w.org\/{rel}","templated":true}]}}