{"id":4559,"date":"2021-06-10T07:28:46","date_gmt":"2021-06-10T07:28:46","guid":{"rendered":"https:\/\/www.bigtranslation.com\/contact\/"},"modified":"2021-09-20T12:24:42","modified_gmt":"2021-09-20T12:24:42","slug":"skontaktuj-sie-z-nami","status":"publish","type":"page","link":"https:\/\/www.bigtranslation.com\/pl\/skontaktuj-sie-z-nami","title":{"rendered":"Skontaktuj si\u0119 z nami"},"content":{"rendered":"","protected":false},"excerpt":{"rendered":"","protected":false},"author":1,"featured_media":0,"parent":0,"menu_order":25,"comment_status":"closed","ping_status":"closed","template":"page-templates\/template-contact.php","meta":{"footnotes":""},"yoast_head":"<!-- This site is optimized with the Yoast SEO plugin v21.8.1 - https:\/\/yoast.com\/wordpress\/plugins\/seo\/ -->\n<title>Skontaktuj si\u0119 z nami | Odkryj pakiet naszych us\u0142ug.<\/title>\n<meta name=\"description\" content=\"\u015awiadczymy r\u00f3\u017cnego rodzaju us\u0142ugi t\u0142umaczeniowe i us\u0142ug\u0119 korekty. Je\u015bli potrzebujesz pilnie t\u0142umaczenia lub jeste\u015b t\u0142umaczem freelance, skontaktuj si\u0119 z nami.\" \/>\n<meta name=\"robots\" content=\"index, follow, max-snippet:-1, max-image-preview:large, max-video-preview:-1\" \/>\n<link rel=\"canonical\" href=\"https:\/\/www.bigtranslation.com\/pl\/skontaktuj-sie-z-nami\" \/>\n<meta property=\"og:locale\" content=\"pl_PL\" \/>\n<meta property=\"og:type\" content=\"article\" \/>\n<meta property=\"og:title\" content=\"Skontaktuj si\u0119 z nami | Odkryj pakiet naszych us\u0142ug.\" \/>\n<meta property=\"og:description\" content=\"\u015awiadczymy r\u00f3\u017cnego rodzaju us\u0142ugi t\u0142umaczeniowe i us\u0142ug\u0119 korekty. Je\u015bli potrzebujesz pilnie t\u0142umaczenia lub jeste\u015b t\u0142umaczem freelance, skontaktuj si\u0119 z nami.\" \/>\n<meta property=\"og:url\" content=\"https:\/\/www.bigtranslation.com\/pl\/skontaktuj-sie-z-nami\" \/>\n<meta property=\"og:site_name\" content=\"BigTranslation\" \/>\n<meta property=\"article:modified_time\" content=\"2021-09-20T12:24:42+00:00\" \/>\n<meta name=\"twitter:card\" content=\"summary_large_image\" \/>\n<script type=\"application\/ld+json\" class=\"yoast-schema-graph\">{\"@context\":\"https:\/\/schema.org\",\"@graph\":[{\"@type\":\"WebPage\",\"@id\":\"https:\/\/www.bigtranslation.com\/pl\/skontaktuj-sie-z-nami\",\"url\":\"https:\/\/www.bigtranslation.com\/pl\/skontaktuj-sie-z-nami\",\"name\":\"Skontaktuj si\u0119 z nami | Odkryj pakiet naszych us\u0142ug.\",\"isPartOf\":{\"@id\":\"https:\/\/www.bigtranslation.com\/pl#website\"},\"datePublished\":\"2021-06-10T07:28:46+00:00\",\"dateModified\":\"2021-09-20T12:24:42+00:00\",\"description\":\"\u015awiadczymy r\u00f3\u017cnego rodzaju us\u0142ugi t\u0142umaczeniowe i us\u0142ug\u0119 korekty. Je\u015bli potrzebujesz pilnie t\u0142umaczenia lub jeste\u015b t\u0142umaczem freelance, skontaktuj si\u0119 z nami.\",\"breadcrumb\":{\"@id\":\"https:\/\/www.bigtranslation.com\/pl\/skontaktuj-sie-z-nami#breadcrumb\"},\"inLanguage\":\"pl-PL\",\"potentialAction\":[{\"@type\":\"ReadAction\",\"target\":[\"https:\/\/www.bigtranslation.com\/pl\/skontaktuj-sie-z-nami\"]}]},{\"@type\":\"BreadcrumbList\",\"@id\":\"https:\/\/www.bigtranslation.com\/pl\/skontaktuj-sie-z-nami#breadcrumb\",\"itemListElement\":[{\"@type\":\"ListItem\",\"position\":1,\"name\":\"Home\",\"item\":\"https:\/\/www.bigtranslation.com\/pl\"},{\"@type\":\"ListItem\",\"position\":2,\"name\":\"Skontaktuj si\u0119 z nami\"}]},{\"@type\":\"WebSite\",\"@id\":\"https:\/\/www.bigtranslation.com\/pl#website\",\"url\":\"https:\/\/www.bigtranslation.com\/pl\",\"name\":\"BigTranslation\",\"description\":\"Native and Professional translators\",\"potentialAction\":[{\"@type\":\"SearchAction\",\"target\":{\"@type\":\"EntryPoint\",\"urlTemplate\":\"https:\/\/www.bigtranslation.com\/pl?s={search_term_string}\"},\"query-input\":\"required name=search_term_string\"}],\"inLanguage\":\"pl-PL\"}]}<\/script>\n<!-- \/ Yoast SEO plugin. -->","yoast_head_json":{"title":"Skontaktuj si\u0119 z nami | Odkryj pakiet naszych us\u0142ug.","description":"\u015awiadczymy r\u00f3\u017cnego rodzaju us\u0142ugi t\u0142umaczeniowe i us\u0142ug\u0119 korekty. Je\u015bli potrzebujesz pilnie t\u0142umaczenia lub jeste\u015b t\u0142umaczem freelance, skontaktuj si\u0119 z nami.","robots":{"index":"index","follow":"follow","max-snippet":"max-snippet:-1","max-image-preview":"max-image-preview:large","max-video-preview":"max-video-preview:-1"},"canonical":"https:\/\/www.bigtranslation.com\/pl\/skontaktuj-sie-z-nami","og_locale":"pl_PL","og_type":"article","og_title":"Skontaktuj si\u0119 z nami | Odkryj pakiet naszych us\u0142ug.","og_description":"\u015awiadczymy r\u00f3\u017cnego rodzaju us\u0142ugi t\u0142umaczeniowe i us\u0142ug\u0119 korekty. Je\u015bli potrzebujesz pilnie t\u0142umaczenia lub jeste\u015b t\u0142umaczem freelance, skontaktuj si\u0119 z nami.","og_url":"https:\/\/www.bigtranslation.com\/pl\/skontaktuj-sie-z-nami","og_site_name":"BigTranslation","article_modified_time":"2021-09-20T12:24:42+00:00","twitter_card":"summary_large_image","schema":{"@context":"https:\/\/schema.org","@graph":[{"@type":"WebPage","@id":"https:\/\/www.bigtranslation.com\/pl\/skontaktuj-sie-z-nami","url":"https:\/\/www.bigtranslation.com\/pl\/skontaktuj-sie-z-nami","name":"Skontaktuj si\u0119 z nami | Odkryj pakiet naszych us\u0142ug.","isPartOf":{"@id":"https:\/\/www.bigtranslation.com\/pl#website"},"datePublished":"2021-06-10T07:28:46+00:00","dateModified":"2021-09-20T12:24:42+00:00","description":"\u015awiadczymy r\u00f3\u017cnego rodzaju us\u0142ugi t\u0142umaczeniowe i us\u0142ug\u0119 korekty. Je\u015bli potrzebujesz pilnie t\u0142umaczenia lub jeste\u015b t\u0142umaczem freelance, skontaktuj si\u0119 z nami.","breadcrumb":{"@id":"https:\/\/www.bigtranslation.com\/pl\/skontaktuj-sie-z-nami#breadcrumb"},"inLanguage":"pl-PL","potentialAction":[{"@type":"ReadAction","target":["https:\/\/www.bigtranslation.com\/pl\/skontaktuj-sie-z-nami"]}]},{"@type":"BreadcrumbList","@id":"https:\/\/www.bigtranslation.com\/pl\/skontaktuj-sie-z-nami#breadcrumb","itemListElement":[{"@type":"ListItem","position":1,"name":"Home","item":"https:\/\/www.bigtranslation.com\/pl"},{"@type":"ListItem","position":2,"name":"Skontaktuj si\u0119 z nami"}]},{"@type":"WebSite","@id":"https:\/\/www.bigtranslation.com\/pl#website","url":"https:\/\/www.bigtranslation.com\/pl","name":"BigTranslation","description":"Native and Professional translators","potentialAction":[{"@type":"SearchAction","target":{"@type":"EntryPoint","urlTemplate":"https:\/\/www.bigtranslation.com\/pl?s={search_term_string}"},"query-input":"required name=search_term_string"}],"inLanguage":"pl-PL"}]}},"acf":[],"amp_enabled":false,"_links":{"self":[{"href":"https:\/\/www.bigtranslation.com\/pl\/wp-json\/wp\/v2\/pages\/4559"}],"collection":[{"href":"https:\/\/www.bigtranslation.com\/pl\/wp-json\/wp\/v2\/pages"}],"about":[{"href":"https:\/\/www.bigtranslation.com\/pl\/wp-json\/wp\/v2\/types\/page"}],"author":[{"embeddable":true,"href":"https:\/\/www.bigtranslation.com\/pl\/wp-json\/wp\/v2\/users\/1"}],"replies":[{"embeddable":true,"href":"https:\/\/www.bigtranslation.com\/pl\/wp-json\/wp\/v2\/comments?post=4559"}],"version-history":[{"count":1,"href":"https:\/\/www.bigtranslation.com\/pl\/wp-json\/wp\/v2\/pages\/4559\/revisions"}],"predecessor-version":[{"id":4567,"href":"https:\/\/www.bigtranslation.com\/pl\/wp-json\/wp\/v2\/pages\/4559\/revisions\/4567"}],"wp:attachment":[{"href":"https:\/\/www.bigtranslation.com\/pl\/wp-json\/wp\/v2\/media?parent=4559"}],"curies":[{"name":"wp","href":"https:\/\/api.w.org\/{rel}","templated":true}]}}