{"id":4600,"date":"2021-07-14T09:46:27","date_gmt":"2021-07-14T09:46:27","guid":{"rendered":"https:\/\/www.bigtranslation.com\/automated-platform\/"},"modified":"2023-04-18T10:27:11","modified_gmt":"2023-04-18T10:27:11","slug":"zautomatyzowana-platforma","status":"publish","type":"page","link":"https:\/\/www.bigtranslation.com\/pl\/zautomatyzowana-platforma","title":{"rendered":"Platforma Zautomatyzowana"},"content":{"rendered":"","protected":false},"excerpt":{"rendered":"","protected":false},"author":1,"featured_media":0,"parent":0,"menu_order":27,"comment_status":"closed","ping_status":"closed","template":"page-templates\/template-order-management.php","meta":{"footnotes":""},"yoast_head":"<!-- This site is optimized with the Yoast SEO plugin v21.8.1 - https:\/\/yoast.com\/wordpress\/plugins\/seo\/ -->\n<title>T\u0142umaczenie | Agencja t\u0142umacze\u0144<\/title>\n<meta name=\"description\" content=\"Dysponujemy zautomatyzowan\u0105 platform\u0105 t\u0142umaczeniow\u0105, kt\u00f3ra u\u0142atwia nam \u015bwiadczenie us\u0142ug t\u0142umaczeniowych.\" \/>\n<meta name=\"robots\" content=\"index, follow, max-snippet:-1, max-image-preview:large, max-video-preview:-1\" \/>\n<link rel=\"canonical\" href=\"https:\/\/www.bigtranslation.com\/pl\/zautomatyzowana-platforma\" \/>\n<meta property=\"og:locale\" content=\"pl_PL\" \/>\n<meta property=\"og:type\" content=\"article\" \/>\n<meta property=\"og:title\" content=\"T\u0142umaczenie | Agencja t\u0142umacze\u0144\" \/>\n<meta property=\"og:description\" content=\"Dysponujemy zautomatyzowan\u0105 platform\u0105 t\u0142umaczeniow\u0105, kt\u00f3ra u\u0142atwia nam \u015bwiadczenie us\u0142ug t\u0142umaczeniowych.\" \/>\n<meta property=\"og:url\" content=\"https:\/\/www.bigtranslation.com\/pl\/zautomatyzowana-platforma\" \/>\n<meta property=\"og:site_name\" content=\"BigTranslation\" \/>\n<meta property=\"article:modified_time\" content=\"2023-04-18T10:27:11+00:00\" \/>\n<meta name=\"twitter:card\" content=\"summary_large_image\" \/>\n<script type=\"application\/ld+json\" class=\"yoast-schema-graph\">{\"@context\":\"https:\/\/schema.org\",\"@graph\":[{\"@type\":\"WebPage\",\"@id\":\"https:\/\/www.bigtranslation.com\/pl\/zautomatyzowana-platforma\",\"url\":\"https:\/\/www.bigtranslation.com\/pl\/zautomatyzowana-platforma\",\"name\":\"T\u0142umaczenie | Agencja t\u0142umacze\u0144\",\"isPartOf\":{\"@id\":\"https:\/\/www.bigtranslation.com\/pl#website\"},\"datePublished\":\"2021-07-14T09:46:27+00:00\",\"dateModified\":\"2023-04-18T10:27:11+00:00\",\"description\":\"Dysponujemy zautomatyzowan\u0105 platform\u0105 t\u0142umaczeniow\u0105, kt\u00f3ra u\u0142atwia nam \u015bwiadczenie us\u0142ug t\u0142umaczeniowych.\",\"breadcrumb\":{\"@id\":\"https:\/\/www.bigtranslation.com\/pl\/zautomatyzowana-platforma#breadcrumb\"},\"inLanguage\":\"pl-PL\",\"potentialAction\":[{\"@type\":\"ReadAction\",\"target\":[\"https:\/\/www.bigtranslation.com\/pl\/zautomatyzowana-platforma\"]}]},{\"@type\":\"BreadcrumbList\",\"@id\":\"https:\/\/www.bigtranslation.com\/pl\/zautomatyzowana-platforma#breadcrumb\",\"itemListElement\":[{\"@type\":\"ListItem\",\"position\":1,\"name\":\"Home\",\"item\":\"https:\/\/www.bigtranslation.com\/pl\"},{\"@type\":\"ListItem\",\"position\":2,\"name\":\"Platforma Zautomatyzowana\"}]},{\"@type\":\"WebSite\",\"@id\":\"https:\/\/www.bigtranslation.com\/pl#website\",\"url\":\"https:\/\/www.bigtranslation.com\/pl\",\"name\":\"BigTranslation\",\"description\":\"Native and Professional translators\",\"potentialAction\":[{\"@type\":\"SearchAction\",\"target\":{\"@type\":\"EntryPoint\",\"urlTemplate\":\"https:\/\/www.bigtranslation.com\/pl?s={search_term_string}\"},\"query-input\":\"required name=search_term_string\"}],\"inLanguage\":\"pl-PL\"}]}<\/script>\n<!-- \/ Yoast SEO plugin. -->","yoast_head_json":{"title":"T\u0142umaczenie | Agencja t\u0142umacze\u0144","description":"Dysponujemy zautomatyzowan\u0105 platform\u0105 t\u0142umaczeniow\u0105, kt\u00f3ra u\u0142atwia nam \u015bwiadczenie us\u0142ug t\u0142umaczeniowych.","robots":{"index":"index","follow":"follow","max-snippet":"max-snippet:-1","max-image-preview":"max-image-preview:large","max-video-preview":"max-video-preview:-1"},"canonical":"https:\/\/www.bigtranslation.com\/pl\/zautomatyzowana-platforma","og_locale":"pl_PL","og_type":"article","og_title":"T\u0142umaczenie | Agencja t\u0142umacze\u0144","og_description":"Dysponujemy zautomatyzowan\u0105 platform\u0105 t\u0142umaczeniow\u0105, kt\u00f3ra u\u0142atwia nam \u015bwiadczenie us\u0142ug t\u0142umaczeniowych.","og_url":"https:\/\/www.bigtranslation.com\/pl\/zautomatyzowana-platforma","og_site_name":"BigTranslation","article_modified_time":"2023-04-18T10:27:11+00:00","twitter_card":"summary_large_image","schema":{"@context":"https:\/\/schema.org","@graph":[{"@type":"WebPage","@id":"https:\/\/www.bigtranslation.com\/pl\/zautomatyzowana-platforma","url":"https:\/\/www.bigtranslation.com\/pl\/zautomatyzowana-platforma","name":"T\u0142umaczenie | Agencja t\u0142umacze\u0144","isPartOf":{"@id":"https:\/\/www.bigtranslation.com\/pl#website"},"datePublished":"2021-07-14T09:46:27+00:00","dateModified":"2023-04-18T10:27:11+00:00","description":"Dysponujemy zautomatyzowan\u0105 platform\u0105 t\u0142umaczeniow\u0105, kt\u00f3ra u\u0142atwia nam \u015bwiadczenie us\u0142ug t\u0142umaczeniowych.","breadcrumb":{"@id":"https:\/\/www.bigtranslation.com\/pl\/zautomatyzowana-platforma#breadcrumb"},"inLanguage":"pl-PL","potentialAction":[{"@type":"ReadAction","target":["https:\/\/www.bigtranslation.com\/pl\/zautomatyzowana-platforma"]}]},{"@type":"BreadcrumbList","@id":"https:\/\/www.bigtranslation.com\/pl\/zautomatyzowana-platforma#breadcrumb","itemListElement":[{"@type":"ListItem","position":1,"name":"Home","item":"https:\/\/www.bigtranslation.com\/pl"},{"@type":"ListItem","position":2,"name":"Platforma Zautomatyzowana"}]},{"@type":"WebSite","@id":"https:\/\/www.bigtranslation.com\/pl#website","url":"https:\/\/www.bigtranslation.com\/pl","name":"BigTranslation","description":"Native and Professional translators","potentialAction":[{"@type":"SearchAction","target":{"@type":"EntryPoint","urlTemplate":"https:\/\/www.bigtranslation.com\/pl?s={search_term_string}"},"query-input":"required name=search_term_string"}],"inLanguage":"pl-PL"}]}},"acf":[],"amp_enabled":true,"_links":{"self":[{"href":"https:\/\/www.bigtranslation.com\/pl\/wp-json\/wp\/v2\/pages\/4600"}],"collection":[{"href":"https:\/\/www.bigtranslation.com\/pl\/wp-json\/wp\/v2\/pages"}],"about":[{"href":"https:\/\/www.bigtranslation.com\/pl\/wp-json\/wp\/v2\/types\/page"}],"author":[{"embeddable":true,"href":"https:\/\/www.bigtranslation.com\/pl\/wp-json\/wp\/v2\/users\/1"}],"replies":[{"embeddable":true,"href":"https:\/\/www.bigtranslation.com\/pl\/wp-json\/wp\/v2\/comments?post=4600"}],"version-history":[{"count":2,"href":"https:\/\/www.bigtranslation.com\/pl\/wp-json\/wp\/v2\/pages\/4600\/revisions"}],"predecessor-version":[{"id":16251,"href":"https:\/\/www.bigtranslation.com\/pl\/wp-json\/wp\/v2\/pages\/4600\/revisions\/16251"}],"wp:attachment":[{"href":"https:\/\/www.bigtranslation.com\/pl\/wp-json\/wp\/v2\/media?parent=4600"}],"curies":[{"name":"wp","href":"https:\/\/api.w.org\/{rel}","templated":true}]}}