{"id":4910,"date":"2021-07-09T12:05:48","date_gmt":"2021-07-09T12:05:48","guid":{"rendered":"https:\/\/www.bigtranslation.com\/tlumaczenie\/lithuanian"},"modified":"2021-09-21T08:06:17","modified_gmt":"2021-09-21T08:06:17","slug":"lithuanian","status":"publish","type":"page","link":"https:\/\/www.bigtranslation.com\/pl\/tlumaczenie\/lithuanian","title":{"rendered":"T\u0141UMACZENIE LITWY"},"content":{"rendered":"","protected":false},"excerpt":{"rendered":"","protected":false},"author":1,"featured_media":0,"parent":4732,"menu_order":100,"comment_status":"closed","ping_status":"closed","template":"page-templates\/template-language.php","meta":{"footnotes":""},"yoast_head":"<!-- This site is optimized with the Yoast SEO plugin v21.8.1 - https:\/\/yoast.com\/wordpress\/plugins\/seo\/ -->\n<title>T\u0141UMACZENIE LITWY | BigTranslation<\/title>\n<meta name=\"description\" content=\"T\u0141UMACZENIE LITWY | Profesjonalne t\u0142umaczenia w r\u00f3\u017cnych kombinacjach j\u0119zykowych\" \/>\n<meta name=\"robots\" content=\"index, follow, max-snippet:-1, max-image-preview:large, max-video-preview:-1\" \/>\n<link rel=\"canonical\" href=\"https:\/\/www.bigtranslation.com\/pl\/tlumaczenie\/lithuanian\" \/>\n<meta property=\"og:locale\" content=\"pl_PL\" \/>\n<meta property=\"og:type\" content=\"article\" \/>\n<meta property=\"og:title\" content=\"T\u0141UMACZENIE LITWY | BigTranslation\" \/>\n<meta property=\"og:description\" content=\"T\u0141UMACZENIE LITWY | Profesjonalne t\u0142umaczenia w r\u00f3\u017cnych kombinacjach j\u0119zykowych\" \/>\n<meta property=\"og:url\" content=\"https:\/\/www.bigtranslation.com\/pl\/tlumaczenie\/lithuanian\" \/>\n<meta property=\"og:site_name\" content=\"BigTranslation\" \/>\n<meta property=\"article:modified_time\" content=\"2021-09-21T08:06:17+00:00\" \/>\n<meta name=\"twitter:card\" content=\"summary_large_image\" \/>\n<script type=\"application\/ld+json\" class=\"yoast-schema-graph\">{\"@context\":\"https:\/\/schema.org\",\"@graph\":[{\"@type\":\"WebPage\",\"@id\":\"https:\/\/www.bigtranslation.com\/pl\/tlumaczenie\/lithuanian\",\"url\":\"https:\/\/www.bigtranslation.com\/pl\/tlumaczenie\/lithuanian\",\"name\":\"T\u0141UMACZENIE LITWY | BigTranslation\",\"isPartOf\":{\"@id\":\"https:\/\/www.bigtranslation.com\/pl#website\"},\"datePublished\":\"2021-07-09T12:05:48+00:00\",\"dateModified\":\"2021-09-21T08:06:17+00:00\",\"description\":\"T\u0141UMACZENIE LITWY | Profesjonalne t\u0142umaczenia w r\u00f3\u017cnych kombinacjach j\u0119zykowych\",\"breadcrumb\":{\"@id\":\"https:\/\/www.bigtranslation.com\/pl\/tlumaczenie\/lithuanian#breadcrumb\"},\"inLanguage\":\"pl-PL\",\"potentialAction\":[{\"@type\":\"ReadAction\",\"target\":[\"https:\/\/www.bigtranslation.com\/pl\/tlumaczenie\/lithuanian\"]}]},{\"@type\":\"BreadcrumbList\",\"@id\":\"https:\/\/www.bigtranslation.com\/pl\/tlumaczenie\/lithuanian#breadcrumb\",\"itemListElement\":[{\"@type\":\"ListItem\",\"position\":1,\"name\":\"Home\",\"item\":\"https:\/\/www.bigtranslation.com\/pl\"},{\"@type\":\"ListItem\",\"position\":2,\"name\":\"T\u0142umaczenie\",\"item\":\"https:\/\/www.bigtranslation.com\/pl\/tlumaczenie\"},{\"@type\":\"ListItem\",\"position\":3,\"name\":\"T\u0141UMACZENIE LITWY\"}]},{\"@type\":\"WebSite\",\"@id\":\"https:\/\/www.bigtranslation.com\/pl#website\",\"url\":\"https:\/\/www.bigtranslation.com\/pl\",\"name\":\"BigTranslation\",\"description\":\"Native and Professional translators\",\"potentialAction\":[{\"@type\":\"SearchAction\",\"target\":{\"@type\":\"EntryPoint\",\"urlTemplate\":\"https:\/\/www.bigtranslation.com\/pl?s={search_term_string}\"},\"query-input\":\"required name=search_term_string\"}],\"inLanguage\":\"pl-PL\"}]}<\/script>\n<!-- \/ Yoast SEO plugin. -->","yoast_head_json":{"title":"T\u0141UMACZENIE LITWY | BigTranslation","description":"T\u0141UMACZENIE LITWY | Profesjonalne t\u0142umaczenia w r\u00f3\u017cnych kombinacjach j\u0119zykowych","robots":{"index":"index","follow":"follow","max-snippet":"max-snippet:-1","max-image-preview":"max-image-preview:large","max-video-preview":"max-video-preview:-1"},"canonical":"https:\/\/www.bigtranslation.com\/pl\/tlumaczenie\/lithuanian","og_locale":"pl_PL","og_type":"article","og_title":"T\u0141UMACZENIE LITWY | BigTranslation","og_description":"T\u0141UMACZENIE LITWY | Profesjonalne t\u0142umaczenia w r\u00f3\u017cnych kombinacjach j\u0119zykowych","og_url":"https:\/\/www.bigtranslation.com\/pl\/tlumaczenie\/lithuanian","og_site_name":"BigTranslation","article_modified_time":"2021-09-21T08:06:17+00:00","twitter_card":"summary_large_image","schema":{"@context":"https:\/\/schema.org","@graph":[{"@type":"WebPage","@id":"https:\/\/www.bigtranslation.com\/pl\/tlumaczenie\/lithuanian","url":"https:\/\/www.bigtranslation.com\/pl\/tlumaczenie\/lithuanian","name":"T\u0141UMACZENIE LITWY | BigTranslation","isPartOf":{"@id":"https:\/\/www.bigtranslation.com\/pl#website"},"datePublished":"2021-07-09T12:05:48+00:00","dateModified":"2021-09-21T08:06:17+00:00","description":"T\u0141UMACZENIE LITWY | Profesjonalne t\u0142umaczenia w r\u00f3\u017cnych kombinacjach j\u0119zykowych","breadcrumb":{"@id":"https:\/\/www.bigtranslation.com\/pl\/tlumaczenie\/lithuanian#breadcrumb"},"inLanguage":"pl-PL","potentialAction":[{"@type":"ReadAction","target":["https:\/\/www.bigtranslation.com\/pl\/tlumaczenie\/lithuanian"]}]},{"@type":"BreadcrumbList","@id":"https:\/\/www.bigtranslation.com\/pl\/tlumaczenie\/lithuanian#breadcrumb","itemListElement":[{"@type":"ListItem","position":1,"name":"Home","item":"https:\/\/www.bigtranslation.com\/pl"},{"@type":"ListItem","position":2,"name":"T\u0142umaczenie","item":"https:\/\/www.bigtranslation.com\/pl\/tlumaczenie"},{"@type":"ListItem","position":3,"name":"T\u0141UMACZENIE LITWY"}]},{"@type":"WebSite","@id":"https:\/\/www.bigtranslation.com\/pl#website","url":"https:\/\/www.bigtranslation.com\/pl","name":"BigTranslation","description":"Native and Professional translators","potentialAction":[{"@type":"SearchAction","target":{"@type":"EntryPoint","urlTemplate":"https:\/\/www.bigtranslation.com\/pl?s={search_term_string}"},"query-input":"required name=search_term_string"}],"inLanguage":"pl-PL"}]}},"acf":[],"amp_enabled":true,"_links":{"self":[{"href":"https:\/\/www.bigtranslation.com\/pl\/wp-json\/wp\/v2\/pages\/4910"}],"collection":[{"href":"https:\/\/www.bigtranslation.com\/pl\/wp-json\/wp\/v2\/pages"}],"about":[{"href":"https:\/\/www.bigtranslation.com\/pl\/wp-json\/wp\/v2\/types\/page"}],"author":[{"embeddable":true,"href":"https:\/\/www.bigtranslation.com\/pl\/wp-json\/wp\/v2\/users\/1"}],"replies":[{"embeddable":true,"href":"https:\/\/www.bigtranslation.com\/pl\/wp-json\/wp\/v2\/comments?post=4910"}],"version-history":[{"count":1,"href":"https:\/\/www.bigtranslation.com\/pl\/wp-json\/wp\/v2\/pages\/4910\/revisions"}],"predecessor-version":[{"id":4912,"href":"https:\/\/www.bigtranslation.com\/pl\/wp-json\/wp\/v2\/pages\/4910\/revisions\/4912"}],"up":[{"embeddable":true,"href":"https:\/\/www.bigtranslation.com\/pl\/wp-json\/wp\/v2\/pages\/4732"}],"wp:attachment":[{"href":"https:\/\/www.bigtranslation.com\/pl\/wp-json\/wp\/v2\/media?parent=4910"}],"curies":[{"name":"wp","href":"https:\/\/api.w.org\/{rel}","templated":true}]}}