{"id":1264,"date":"2021-08-26T11:45:01","date_gmt":"2021-08-26T11:45:01","guid":{"rendered":"https:\/\/www.bigtranslation.com\/professional-translation-services\/"},"modified":"2022-02-21T06:58:43","modified_gmt":"2022-02-21T06:58:43","slug":"servicos-de-traducao-profissionais","status":"publish","type":"page","link":"https:\/\/www.bigtranslation.com\/pt\/servicos-de-traducao-profissionais","title":{"rendered":"Servi\u00e7os de tradu\u00e7\u00e3o profissionais"},"content":{"rendered":"","protected":false},"excerpt":{"rendered":"","protected":false},"author":1,"featured_media":0,"parent":0,"menu_order":1,"comment_status":"closed","ping_status":"closed","template":"page-templates\/template-professional-translation-services.php","meta":{"footnotes":""},"yoast_head":"<!-- This site is optimized with the Yoast SEO plugin v21.8.1 - https:\/\/yoast.com\/wordpress\/plugins\/seo\/ -->\n<title>Servi\u00e7os de tradu\u00e7\u00e3o profissionais | Empresa de tradu\u00e7\u00e3o profissional e nativa<\/title>\n<meta name=\"description\" content=\"Os tradutores da nossa ag\u00eancia de tradu\u00e7\u00e3o profissional traduzem de e para todas as l\u00ednguas europeias. Saiba mais sobre o nosso servi\u00e7o de tradu\u00e7\u00e3o agora.\" \/>\n<meta name=\"robots\" content=\"index, follow, max-snippet:-1, max-image-preview:large, max-video-preview:-1\" \/>\n<link rel=\"canonical\" href=\"https:\/\/www.bigtranslation.com\/pt\/servicos-de-traducao-profissionais\" \/>\n<meta property=\"og:locale\" content=\"pt_PT\" \/>\n<meta property=\"og:type\" content=\"article\" \/>\n<meta property=\"og:title\" content=\"Servi\u00e7os de tradu\u00e7\u00e3o profissionais | Empresa de tradu\u00e7\u00e3o profissional e nativa\" \/>\n<meta property=\"og:description\" content=\"Os tradutores da nossa ag\u00eancia de tradu\u00e7\u00e3o profissional traduzem de e para todas as l\u00ednguas europeias. Saiba mais sobre o nosso servi\u00e7o de tradu\u00e7\u00e3o agora.\" \/>\n<meta property=\"og:url\" content=\"https:\/\/www.bigtranslation.com\/pt\/servicos-de-traducao-profissionais\" \/>\n<meta property=\"og:site_name\" content=\"BigTranslation\" \/>\n<meta property=\"article:modified_time\" content=\"2022-02-21T06:58:43+00:00\" \/>\n<meta name=\"twitter:card\" content=\"summary_large_image\" \/>\n<script type=\"application\/ld+json\" class=\"yoast-schema-graph\">{\"@context\":\"https:\/\/schema.org\",\"@graph\":[{\"@type\":\"WebPage\",\"@id\":\"https:\/\/www.bigtranslation.com\/pt\/servicos-de-traducao-profissionais\",\"url\":\"https:\/\/www.bigtranslation.com\/pt\/servicos-de-traducao-profissionais\",\"name\":\"Servi\u00e7os de tradu\u00e7\u00e3o profissionais | Empresa de tradu\u00e7\u00e3o profissional e nativa\",\"isPartOf\":{\"@id\":\"https:\/\/www.bigtranslation.com\/pt#website\"},\"datePublished\":\"2021-08-26T11:45:01+00:00\",\"dateModified\":\"2022-02-21T06:58:43+00:00\",\"description\":\"Os tradutores da nossa ag\u00eancia de tradu\u00e7\u00e3o profissional traduzem de e para todas as l\u00ednguas europeias. Saiba mais sobre o nosso servi\u00e7o de tradu\u00e7\u00e3o agora.\",\"breadcrumb\":{\"@id\":\"https:\/\/www.bigtranslation.com\/pt\/servicos-de-traducao-profissionais#breadcrumb\"},\"inLanguage\":\"pt-PTX\",\"potentialAction\":[{\"@type\":\"ReadAction\",\"target\":[\"https:\/\/www.bigtranslation.com\/pt\/servicos-de-traducao-profissionais\"]}]},{\"@type\":\"BreadcrumbList\",\"@id\":\"https:\/\/www.bigtranslation.com\/pt\/servicos-de-traducao-profissionais#breadcrumb\",\"itemListElement\":[{\"@type\":\"ListItem\",\"position\":1,\"name\":\"Home\",\"item\":\"https:\/\/www.bigtranslation.com\/pt\"},{\"@type\":\"ListItem\",\"position\":2,\"name\":\"Servi\u00e7os de tradu\u00e7\u00e3o profissionais\"}]},{\"@type\":\"WebSite\",\"@id\":\"https:\/\/www.bigtranslation.com\/pt#website\",\"url\":\"https:\/\/www.bigtranslation.com\/pt\",\"name\":\"BigTranslation\",\"description\":\"Native and Professional translators\",\"potentialAction\":[{\"@type\":\"SearchAction\",\"target\":{\"@type\":\"EntryPoint\",\"urlTemplate\":\"https:\/\/www.bigtranslation.com\/pt?s={search_term_string}\"},\"query-input\":\"required name=search_term_string\"}],\"inLanguage\":\"pt-PTX\"}]}<\/script>\n<!-- \/ Yoast SEO plugin. -->","yoast_head_json":{"title":"Servi\u00e7os de tradu\u00e7\u00e3o profissionais | Empresa de tradu\u00e7\u00e3o profissional e nativa","description":"Os tradutores da nossa ag\u00eancia de tradu\u00e7\u00e3o profissional traduzem de e para todas as l\u00ednguas europeias. Saiba mais sobre o nosso servi\u00e7o de tradu\u00e7\u00e3o agora.","robots":{"index":"index","follow":"follow","max-snippet":"max-snippet:-1","max-image-preview":"max-image-preview:large","max-video-preview":"max-video-preview:-1"},"canonical":"https:\/\/www.bigtranslation.com\/pt\/servicos-de-traducao-profissionais","og_locale":"pt_PT","og_type":"article","og_title":"Servi\u00e7os de tradu\u00e7\u00e3o profissionais | Empresa de tradu\u00e7\u00e3o profissional e nativa","og_description":"Os tradutores da nossa ag\u00eancia de tradu\u00e7\u00e3o profissional traduzem de e para todas as l\u00ednguas europeias. Saiba mais sobre o nosso servi\u00e7o de tradu\u00e7\u00e3o agora.","og_url":"https:\/\/www.bigtranslation.com\/pt\/servicos-de-traducao-profissionais","og_site_name":"BigTranslation","article_modified_time":"2022-02-21T06:58:43+00:00","twitter_card":"summary_large_image","schema":{"@context":"https:\/\/schema.org","@graph":[{"@type":"WebPage","@id":"https:\/\/www.bigtranslation.com\/pt\/servicos-de-traducao-profissionais","url":"https:\/\/www.bigtranslation.com\/pt\/servicos-de-traducao-profissionais","name":"Servi\u00e7os de tradu\u00e7\u00e3o profissionais | Empresa de tradu\u00e7\u00e3o profissional e nativa","isPartOf":{"@id":"https:\/\/www.bigtranslation.com\/pt#website"},"datePublished":"2021-08-26T11:45:01+00:00","dateModified":"2022-02-21T06:58:43+00:00","description":"Os tradutores da nossa ag\u00eancia de tradu\u00e7\u00e3o profissional traduzem de e para todas as l\u00ednguas europeias. Saiba mais sobre o nosso servi\u00e7o de tradu\u00e7\u00e3o agora.","breadcrumb":{"@id":"https:\/\/www.bigtranslation.com\/pt\/servicos-de-traducao-profissionais#breadcrumb"},"inLanguage":"pt-PTX","potentialAction":[{"@type":"ReadAction","target":["https:\/\/www.bigtranslation.com\/pt\/servicos-de-traducao-profissionais"]}]},{"@type":"BreadcrumbList","@id":"https:\/\/www.bigtranslation.com\/pt\/servicos-de-traducao-profissionais#breadcrumb","itemListElement":[{"@type":"ListItem","position":1,"name":"Home","item":"https:\/\/www.bigtranslation.com\/pt"},{"@type":"ListItem","position":2,"name":"Servi\u00e7os de tradu\u00e7\u00e3o profissionais"}]},{"@type":"WebSite","@id":"https:\/\/www.bigtranslation.com\/pt#website","url":"https:\/\/www.bigtranslation.com\/pt","name":"BigTranslation","description":"Native and Professional translators","potentialAction":[{"@type":"SearchAction","target":{"@type":"EntryPoint","urlTemplate":"https:\/\/www.bigtranslation.com\/pt?s={search_term_string}"},"query-input":"required name=search_term_string"}],"inLanguage":"pt-PTX"}]}},"acf":[],"amp_enabled":true,"_links":{"self":[{"href":"https:\/\/www.bigtranslation.com\/pt\/wp-json\/wp\/v2\/pages\/1264"}],"collection":[{"href":"https:\/\/www.bigtranslation.com\/pt\/wp-json\/wp\/v2\/pages"}],"about":[{"href":"https:\/\/www.bigtranslation.com\/pt\/wp-json\/wp\/v2\/types\/page"}],"author":[{"embeddable":true,"href":"https:\/\/www.bigtranslation.com\/pt\/wp-json\/wp\/v2\/users\/1"}],"replies":[{"embeddable":true,"href":"https:\/\/www.bigtranslation.com\/pt\/wp-json\/wp\/v2\/comments?post=1264"}],"version-history":[{"count":1,"href":"https:\/\/www.bigtranslation.com\/pt\/wp-json\/wp\/v2\/pages\/1264\/revisions"}],"predecessor-version":[{"id":1266,"href":"https:\/\/www.bigtranslation.com\/pt\/wp-json\/wp\/v2\/pages\/1264\/revisions\/1266"}],"wp:attachment":[{"href":"https:\/\/www.bigtranslation.com\/pt\/wp-json\/wp\/v2\/media?parent=1264"}],"curies":[{"name":"wp","href":"https:\/\/api.w.org\/{rel}","templated":true}]}}