{"id":1268,"date":"2021-06-14T09:08:05","date_gmt":"2021-06-14T09:08:05","guid":{"rendered":"https:\/\/www.bigtranslation.com\/translation-services\/"},"modified":"2021-09-06T05:56:03","modified_gmt":"2021-09-06T05:56:03","slug":"servicos-de-traducao","status":"publish","type":"page","link":"https:\/\/www.bigtranslation.com\/pt\/servicos-de-traducao","title":{"rendered":"Servi\u00e7os de tradu\u00e7\u00e3o"},"content":{"rendered":"","protected":false},"excerpt":{"rendered":"","protected":false},"author":1,"featured_media":0,"parent":0,"menu_order":1,"comment_status":"closed","ping_status":"closed","template":"page-templates\/template-translation-services.php","meta":{"footnotes":""},"yoast_head":"<!-- This site is optimized with the Yoast SEO plugin v21.8.1 - https:\/\/yoast.com\/wordpress\/plugins\/seo\/ -->\n<title>Servi\u00e7os de tradu\u00e7\u00e3o | Ag\u00eancia de tradu\u00e7\u00e3o<\/title>\n<meta name=\"description\" content=\"Todos os servi\u00e7os de tradu\u00e7\u00e3o oferecidos pela nossa empresa de tradu\u00e7\u00e3o implicam uma tradu\u00e7\u00e3o profissional e de qualidade.\" \/>\n<meta name=\"robots\" content=\"index, follow, max-snippet:-1, max-image-preview:large, max-video-preview:-1\" \/>\n<link rel=\"canonical\" href=\"https:\/\/www.bigtranslation.com\/pt\/servicos-de-traducao\" \/>\n<meta property=\"og:locale\" content=\"pt_PT\" \/>\n<meta property=\"og:type\" content=\"article\" \/>\n<meta property=\"og:title\" content=\"Servi\u00e7os de tradu\u00e7\u00e3o | Ag\u00eancia de tradu\u00e7\u00e3o\" \/>\n<meta property=\"og:description\" content=\"Todos os servi\u00e7os de tradu\u00e7\u00e3o oferecidos pela nossa empresa de tradu\u00e7\u00e3o implicam uma tradu\u00e7\u00e3o profissional e de qualidade.\" \/>\n<meta property=\"og:url\" content=\"https:\/\/www.bigtranslation.com\/pt\/servicos-de-traducao\" \/>\n<meta property=\"og:site_name\" content=\"BigTranslation\" \/>\n<meta property=\"article:modified_time\" content=\"2021-09-06T05:56:03+00:00\" \/>\n<meta name=\"twitter:card\" content=\"summary_large_image\" \/>\n<script type=\"application\/ld+json\" class=\"yoast-schema-graph\">{\"@context\":\"https:\/\/schema.org\",\"@graph\":[{\"@type\":\"WebPage\",\"@id\":\"https:\/\/www.bigtranslation.com\/pt\/servicos-de-traducao\",\"url\":\"https:\/\/www.bigtranslation.com\/pt\/servicos-de-traducao\",\"name\":\"Servi\u00e7os de tradu\u00e7\u00e3o | Ag\u00eancia de tradu\u00e7\u00e3o\",\"isPartOf\":{\"@id\":\"https:\/\/www.bigtranslation.com\/pt#website\"},\"datePublished\":\"2021-06-14T09:08:05+00:00\",\"dateModified\":\"2021-09-06T05:56:03+00:00\",\"description\":\"Todos os servi\u00e7os de tradu\u00e7\u00e3o oferecidos pela nossa empresa de tradu\u00e7\u00e3o implicam uma tradu\u00e7\u00e3o profissional e de qualidade.\",\"breadcrumb\":{\"@id\":\"https:\/\/www.bigtranslation.com\/pt\/servicos-de-traducao#breadcrumb\"},\"inLanguage\":\"pt-PTX\",\"potentialAction\":[{\"@type\":\"ReadAction\",\"target\":[\"https:\/\/www.bigtranslation.com\/pt\/servicos-de-traducao\"]}]},{\"@type\":\"BreadcrumbList\",\"@id\":\"https:\/\/www.bigtranslation.com\/pt\/servicos-de-traducao#breadcrumb\",\"itemListElement\":[{\"@type\":\"ListItem\",\"position\":1,\"name\":\"Home\",\"item\":\"https:\/\/www.bigtranslation.com\/pt\"},{\"@type\":\"ListItem\",\"position\":2,\"name\":\"Servi\u00e7os de tradu\u00e7\u00e3o\"}]},{\"@type\":\"WebSite\",\"@id\":\"https:\/\/www.bigtranslation.com\/pt#website\",\"url\":\"https:\/\/www.bigtranslation.com\/pt\",\"name\":\"BigTranslation\",\"description\":\"Native and Professional translators\",\"potentialAction\":[{\"@type\":\"SearchAction\",\"target\":{\"@type\":\"EntryPoint\",\"urlTemplate\":\"https:\/\/www.bigtranslation.com\/pt?s={search_term_string}\"},\"query-input\":\"required name=search_term_string\"}],\"inLanguage\":\"pt-PTX\"}]}<\/script>\n<!-- \/ Yoast SEO plugin. -->","yoast_head_json":{"title":"Servi\u00e7os de tradu\u00e7\u00e3o | Ag\u00eancia de tradu\u00e7\u00e3o","description":"Todos os servi\u00e7os de tradu\u00e7\u00e3o oferecidos pela nossa empresa de tradu\u00e7\u00e3o implicam uma tradu\u00e7\u00e3o profissional e de qualidade.","robots":{"index":"index","follow":"follow","max-snippet":"max-snippet:-1","max-image-preview":"max-image-preview:large","max-video-preview":"max-video-preview:-1"},"canonical":"https:\/\/www.bigtranslation.com\/pt\/servicos-de-traducao","og_locale":"pt_PT","og_type":"article","og_title":"Servi\u00e7os de tradu\u00e7\u00e3o | Ag\u00eancia de tradu\u00e7\u00e3o","og_description":"Todos os servi\u00e7os de tradu\u00e7\u00e3o oferecidos pela nossa empresa de tradu\u00e7\u00e3o implicam uma tradu\u00e7\u00e3o profissional e de qualidade.","og_url":"https:\/\/www.bigtranslation.com\/pt\/servicos-de-traducao","og_site_name":"BigTranslation","article_modified_time":"2021-09-06T05:56:03+00:00","twitter_card":"summary_large_image","schema":{"@context":"https:\/\/schema.org","@graph":[{"@type":"WebPage","@id":"https:\/\/www.bigtranslation.com\/pt\/servicos-de-traducao","url":"https:\/\/www.bigtranslation.com\/pt\/servicos-de-traducao","name":"Servi\u00e7os de tradu\u00e7\u00e3o | Ag\u00eancia de tradu\u00e7\u00e3o","isPartOf":{"@id":"https:\/\/www.bigtranslation.com\/pt#website"},"datePublished":"2021-06-14T09:08:05+00:00","dateModified":"2021-09-06T05:56:03+00:00","description":"Todos os servi\u00e7os de tradu\u00e7\u00e3o oferecidos pela nossa empresa de tradu\u00e7\u00e3o implicam uma tradu\u00e7\u00e3o profissional e de qualidade.","breadcrumb":{"@id":"https:\/\/www.bigtranslation.com\/pt\/servicos-de-traducao#breadcrumb"},"inLanguage":"pt-PTX","potentialAction":[{"@type":"ReadAction","target":["https:\/\/www.bigtranslation.com\/pt\/servicos-de-traducao"]}]},{"@type":"BreadcrumbList","@id":"https:\/\/www.bigtranslation.com\/pt\/servicos-de-traducao#breadcrumb","itemListElement":[{"@type":"ListItem","position":1,"name":"Home","item":"https:\/\/www.bigtranslation.com\/pt"},{"@type":"ListItem","position":2,"name":"Servi\u00e7os de tradu\u00e7\u00e3o"}]},{"@type":"WebSite","@id":"https:\/\/www.bigtranslation.com\/pt#website","url":"https:\/\/www.bigtranslation.com\/pt","name":"BigTranslation","description":"Native and Professional translators","potentialAction":[{"@type":"SearchAction","target":{"@type":"EntryPoint","urlTemplate":"https:\/\/www.bigtranslation.com\/pt?s={search_term_string}"},"query-input":"required name=search_term_string"}],"inLanguage":"pt-PTX"}]}},"acf":[],"amp_enabled":true,"_links":{"self":[{"href":"https:\/\/www.bigtranslation.com\/pt\/wp-json\/wp\/v2\/pages\/1268"}],"collection":[{"href":"https:\/\/www.bigtranslation.com\/pt\/wp-json\/wp\/v2\/pages"}],"about":[{"href":"https:\/\/www.bigtranslation.com\/pt\/wp-json\/wp\/v2\/types\/page"}],"author":[{"embeddable":true,"href":"https:\/\/www.bigtranslation.com\/pt\/wp-json\/wp\/v2\/users\/1"}],"replies":[{"embeddable":true,"href":"https:\/\/www.bigtranslation.com\/pt\/wp-json\/wp\/v2\/comments?post=1268"}],"version-history":[{"count":1,"href":"https:\/\/www.bigtranslation.com\/pt\/wp-json\/wp\/v2\/pages\/1268\/revisions"}],"predecessor-version":[{"id":1270,"href":"https:\/\/www.bigtranslation.com\/pt\/wp-json\/wp\/v2\/pages\/1268\/revisions\/1270"}],"wp:attachment":[{"href":"https:\/\/www.bigtranslation.com\/pt\/wp-json\/wp\/v2\/media?parent=1268"}],"curies":[{"name":"wp","href":"https:\/\/api.w.org\/{rel}","templated":true}]}}