{"id":1283,"date":"2021-06-25T06:12:12","date_gmt":"2021-06-25T06:12:12","guid":{"rendered":"https:\/\/www.bigtranslation.com\/native-translators\/"},"modified":"2021-09-06T06:14:19","modified_gmt":"2021-09-06T06:14:19","slug":"tradutores-nativos","status":"publish","type":"page","link":"https:\/\/www.bigtranslation.com\/pt\/tradutores-nativos","title":{"rendered":"Tradutores nativos"},"content":{"rendered":"","protected":false},"excerpt":{"rendered":"","protected":false},"author":1,"featured_media":0,"parent":0,"menu_order":2,"comment_status":"closed","ping_status":"closed","template":"page-templates\/template-native-translators.php","meta":{"footnotes":""},"yoast_head":"<!-- This site is optimized with the Yoast SEO plugin v21.8.1 - https:\/\/yoast.com\/wordpress\/plugins\/seo\/ -->\n<title>Tradutores nativos | Empresa de tradu\u00e7\u00e3o<\/title>\n<meta name=\"description\" content=\"A nossa equipa de tradu\u00e7\u00e3o profissional especializada \u00e9 composta de tradutores qualificados e nativos treinados na tradu\u00e7\u00e3o e na revis\u00e3o.\" \/>\n<meta name=\"robots\" content=\"index, follow, max-snippet:-1, max-image-preview:large, max-video-preview:-1\" \/>\n<link rel=\"canonical\" href=\"https:\/\/www.bigtranslation.com\/pt\/tradutores-nativos\" \/>\n<meta property=\"og:locale\" content=\"pt_PT\" \/>\n<meta property=\"og:type\" content=\"article\" \/>\n<meta property=\"og:title\" content=\"Tradutores nativos | Empresa de tradu\u00e7\u00e3o\" \/>\n<meta property=\"og:description\" content=\"A nossa equipa de tradu\u00e7\u00e3o profissional especializada \u00e9 composta de tradutores qualificados e nativos treinados na tradu\u00e7\u00e3o e na revis\u00e3o.\" \/>\n<meta property=\"og:url\" content=\"https:\/\/www.bigtranslation.com\/pt\/tradutores-nativos\" \/>\n<meta property=\"og:site_name\" content=\"BigTranslation\" \/>\n<meta property=\"article:modified_time\" content=\"2021-09-06T06:14:19+00:00\" \/>\n<meta name=\"twitter:card\" content=\"summary_large_image\" \/>\n<script type=\"application\/ld+json\" class=\"yoast-schema-graph\">{\"@context\":\"https:\/\/schema.org\",\"@graph\":[{\"@type\":\"WebPage\",\"@id\":\"https:\/\/www.bigtranslation.com\/pt\/tradutores-nativos\",\"url\":\"https:\/\/www.bigtranslation.com\/pt\/tradutores-nativos\",\"name\":\"Tradutores nativos | Empresa de tradu\u00e7\u00e3o\",\"isPartOf\":{\"@id\":\"https:\/\/www.bigtranslation.com\/pt#website\"},\"datePublished\":\"2021-06-25T06:12:12+00:00\",\"dateModified\":\"2021-09-06T06:14:19+00:00\",\"description\":\"A nossa equipa de tradu\u00e7\u00e3o profissional especializada \u00e9 composta de tradutores qualificados e nativos treinados na tradu\u00e7\u00e3o e na revis\u00e3o.\",\"breadcrumb\":{\"@id\":\"https:\/\/www.bigtranslation.com\/pt\/tradutores-nativos#breadcrumb\"},\"inLanguage\":\"pt-PTX\",\"potentialAction\":[{\"@type\":\"ReadAction\",\"target\":[\"https:\/\/www.bigtranslation.com\/pt\/tradutores-nativos\"]}]},{\"@type\":\"BreadcrumbList\",\"@id\":\"https:\/\/www.bigtranslation.com\/pt\/tradutores-nativos#breadcrumb\",\"itemListElement\":[{\"@type\":\"ListItem\",\"position\":1,\"name\":\"Home\",\"item\":\"https:\/\/www.bigtranslation.com\/pt\"},{\"@type\":\"ListItem\",\"position\":2,\"name\":\"Tradutores nativos\"}]},{\"@type\":\"WebSite\",\"@id\":\"https:\/\/www.bigtranslation.com\/pt#website\",\"url\":\"https:\/\/www.bigtranslation.com\/pt\",\"name\":\"BigTranslation\",\"description\":\"Native and Professional translators\",\"potentialAction\":[{\"@type\":\"SearchAction\",\"target\":{\"@type\":\"EntryPoint\",\"urlTemplate\":\"https:\/\/www.bigtranslation.com\/pt?s={search_term_string}\"},\"query-input\":\"required name=search_term_string\"}],\"inLanguage\":\"pt-PTX\"}]}<\/script>\n<!-- \/ Yoast SEO plugin. -->","yoast_head_json":{"title":"Tradutores nativos | Empresa de tradu\u00e7\u00e3o","description":"A nossa equipa de tradu\u00e7\u00e3o profissional especializada \u00e9 composta de tradutores qualificados e nativos treinados na tradu\u00e7\u00e3o e na revis\u00e3o.","robots":{"index":"index","follow":"follow","max-snippet":"max-snippet:-1","max-image-preview":"max-image-preview:large","max-video-preview":"max-video-preview:-1"},"canonical":"https:\/\/www.bigtranslation.com\/pt\/tradutores-nativos","og_locale":"pt_PT","og_type":"article","og_title":"Tradutores nativos | Empresa de tradu\u00e7\u00e3o","og_description":"A nossa equipa de tradu\u00e7\u00e3o profissional especializada \u00e9 composta de tradutores qualificados e nativos treinados na tradu\u00e7\u00e3o e na revis\u00e3o.","og_url":"https:\/\/www.bigtranslation.com\/pt\/tradutores-nativos","og_site_name":"BigTranslation","article_modified_time":"2021-09-06T06:14:19+00:00","twitter_card":"summary_large_image","schema":{"@context":"https:\/\/schema.org","@graph":[{"@type":"WebPage","@id":"https:\/\/www.bigtranslation.com\/pt\/tradutores-nativos","url":"https:\/\/www.bigtranslation.com\/pt\/tradutores-nativos","name":"Tradutores nativos | Empresa de tradu\u00e7\u00e3o","isPartOf":{"@id":"https:\/\/www.bigtranslation.com\/pt#website"},"datePublished":"2021-06-25T06:12:12+00:00","dateModified":"2021-09-06T06:14:19+00:00","description":"A nossa equipa de tradu\u00e7\u00e3o profissional especializada \u00e9 composta de tradutores qualificados e nativos treinados na tradu\u00e7\u00e3o e na revis\u00e3o.","breadcrumb":{"@id":"https:\/\/www.bigtranslation.com\/pt\/tradutores-nativos#breadcrumb"},"inLanguage":"pt-PTX","potentialAction":[{"@type":"ReadAction","target":["https:\/\/www.bigtranslation.com\/pt\/tradutores-nativos"]}]},{"@type":"BreadcrumbList","@id":"https:\/\/www.bigtranslation.com\/pt\/tradutores-nativos#breadcrumb","itemListElement":[{"@type":"ListItem","position":1,"name":"Home","item":"https:\/\/www.bigtranslation.com\/pt"},{"@type":"ListItem","position":2,"name":"Tradutores nativos"}]},{"@type":"WebSite","@id":"https:\/\/www.bigtranslation.com\/pt#website","url":"https:\/\/www.bigtranslation.com\/pt","name":"BigTranslation","description":"Native and Professional translators","potentialAction":[{"@type":"SearchAction","target":{"@type":"EntryPoint","urlTemplate":"https:\/\/www.bigtranslation.com\/pt?s={search_term_string}"},"query-input":"required name=search_term_string"}],"inLanguage":"pt-PTX"}]}},"acf":[],"amp_enabled":true,"_links":{"self":[{"href":"https:\/\/www.bigtranslation.com\/pt\/wp-json\/wp\/v2\/pages\/1283"}],"collection":[{"href":"https:\/\/www.bigtranslation.com\/pt\/wp-json\/wp\/v2\/pages"}],"about":[{"href":"https:\/\/www.bigtranslation.com\/pt\/wp-json\/wp\/v2\/types\/page"}],"author":[{"embeddable":true,"href":"https:\/\/www.bigtranslation.com\/pt\/wp-json\/wp\/v2\/users\/1"}],"replies":[{"embeddable":true,"href":"https:\/\/www.bigtranslation.com\/pt\/wp-json\/wp\/v2\/comments?post=1283"}],"version-history":[{"count":1,"href":"https:\/\/www.bigtranslation.com\/pt\/wp-json\/wp\/v2\/pages\/1283\/revisions"}],"predecessor-version":[{"id":1284,"href":"https:\/\/www.bigtranslation.com\/pt\/wp-json\/wp\/v2\/pages\/1283\/revisions\/1284"}],"wp:attachment":[{"href":"https:\/\/www.bigtranslation.com\/pt\/wp-json\/wp\/v2\/media?parent=1283"}],"curies":[{"name":"wp","href":"https:\/\/api.w.org\/{rel}","templated":true}]}}