{"id":1320,"date":"2021-07-06T07:04:51","date_gmt":"2021-07-06T07:04:51","guid":{"rendered":"https:\/\/www.bigtranslation.com\/video-transcription\/"},"modified":"2021-09-06T08:38:44","modified_gmt":"2021-09-06T08:38:44","slug":"transcricao-video","status":"publish","type":"page","link":"https:\/\/www.bigtranslation.com\/pt\/transcricao-video","title":{"rendered":"Transcri\u00e7\u00e3o v\u00eddeo"},"content":{"rendered":"","protected":false},"excerpt":{"rendered":"","protected":false},"author":1,"featured_media":0,"parent":0,"menu_order":9,"comment_status":"closed","ping_status":"closed","template":"page-templates\/template-transcription-video.php","meta":{"footnotes":""},"yoast_head":"<!-- This site is optimized with the Yoast SEO plugin v21.8.1 - https:\/\/yoast.com\/wordpress\/plugins\/seo\/ -->\n<title>Transcri\u00e7\u00e3o v\u00eddeo | Empresa de tradu\u00e7\u00e3o profissional<\/title>\n<meta name=\"description\" content=\"O nosso servi\u00e7o de tradu\u00e7\u00e3o inclui a tradu\u00e7\u00e3o de documentos \u00e1udio e v\u00eddeo. Saiba mais sobre a nossa empresa de tradu\u00e7\u00e3o constituida por tradutores profissionais e nativos\" \/>\n<meta name=\"robots\" content=\"index, follow, max-snippet:-1, max-image-preview:large, max-video-preview:-1\" \/>\n<link rel=\"canonical\" href=\"https:\/\/www.bigtranslation.com\/pt\/transcricao-video\" \/>\n<meta property=\"og:locale\" content=\"pt_PT\" \/>\n<meta property=\"og:type\" content=\"article\" \/>\n<meta property=\"og:title\" content=\"Transcri\u00e7\u00e3o v\u00eddeo | Empresa de tradu\u00e7\u00e3o profissional\" \/>\n<meta property=\"og:description\" content=\"O nosso servi\u00e7o de tradu\u00e7\u00e3o inclui a tradu\u00e7\u00e3o de documentos \u00e1udio e v\u00eddeo. Saiba mais sobre a nossa empresa de tradu\u00e7\u00e3o constituida por tradutores profissionais e nativos\" \/>\n<meta property=\"og:url\" content=\"https:\/\/www.bigtranslation.com\/pt\/transcricao-video\" \/>\n<meta property=\"og:site_name\" content=\"BigTranslation\" \/>\n<meta property=\"article:modified_time\" content=\"2021-09-06T08:38:44+00:00\" \/>\n<meta name=\"twitter:card\" content=\"summary_large_image\" \/>\n<script type=\"application\/ld+json\" class=\"yoast-schema-graph\">{\"@context\":\"https:\/\/schema.org\",\"@graph\":[{\"@type\":\"WebPage\",\"@id\":\"https:\/\/www.bigtranslation.com\/pt\/transcricao-video\",\"url\":\"https:\/\/www.bigtranslation.com\/pt\/transcricao-video\",\"name\":\"Transcri\u00e7\u00e3o v\u00eddeo | Empresa de tradu\u00e7\u00e3o profissional\",\"isPartOf\":{\"@id\":\"https:\/\/www.bigtranslation.com\/pt#website\"},\"datePublished\":\"2021-07-06T07:04:51+00:00\",\"dateModified\":\"2021-09-06T08:38:44+00:00\",\"description\":\"O nosso servi\u00e7o de tradu\u00e7\u00e3o inclui a tradu\u00e7\u00e3o de documentos \u00e1udio e v\u00eddeo. Saiba mais sobre a nossa empresa de tradu\u00e7\u00e3o constituida por tradutores profissionais e nativos\",\"breadcrumb\":{\"@id\":\"https:\/\/www.bigtranslation.com\/pt\/transcricao-video#breadcrumb\"},\"inLanguage\":\"pt-PTX\",\"potentialAction\":[{\"@type\":\"ReadAction\",\"target\":[\"https:\/\/www.bigtranslation.com\/pt\/transcricao-video\"]}]},{\"@type\":\"BreadcrumbList\",\"@id\":\"https:\/\/www.bigtranslation.com\/pt\/transcricao-video#breadcrumb\",\"itemListElement\":[{\"@type\":\"ListItem\",\"position\":1,\"name\":\"Home\",\"item\":\"https:\/\/www.bigtranslation.com\/pt\"},{\"@type\":\"ListItem\",\"position\":2,\"name\":\"Transcri\u00e7\u00e3o v\u00eddeo\"}]},{\"@type\":\"WebSite\",\"@id\":\"https:\/\/www.bigtranslation.com\/pt#website\",\"url\":\"https:\/\/www.bigtranslation.com\/pt\",\"name\":\"BigTranslation\",\"description\":\"Native and Professional translators\",\"potentialAction\":[{\"@type\":\"SearchAction\",\"target\":{\"@type\":\"EntryPoint\",\"urlTemplate\":\"https:\/\/www.bigtranslation.com\/pt?s={search_term_string}\"},\"query-input\":\"required name=search_term_string\"}],\"inLanguage\":\"pt-PTX\"}]}<\/script>\n<!-- \/ Yoast SEO plugin. -->","yoast_head_json":{"title":"Transcri\u00e7\u00e3o v\u00eddeo | Empresa de tradu\u00e7\u00e3o profissional","description":"O nosso servi\u00e7o de tradu\u00e7\u00e3o inclui a tradu\u00e7\u00e3o de documentos \u00e1udio e v\u00eddeo. Saiba mais sobre a nossa empresa de tradu\u00e7\u00e3o constituida por tradutores profissionais e nativos","robots":{"index":"index","follow":"follow","max-snippet":"max-snippet:-1","max-image-preview":"max-image-preview:large","max-video-preview":"max-video-preview:-1"},"canonical":"https:\/\/www.bigtranslation.com\/pt\/transcricao-video","og_locale":"pt_PT","og_type":"article","og_title":"Transcri\u00e7\u00e3o v\u00eddeo | Empresa de tradu\u00e7\u00e3o profissional","og_description":"O nosso servi\u00e7o de tradu\u00e7\u00e3o inclui a tradu\u00e7\u00e3o de documentos \u00e1udio e v\u00eddeo. Saiba mais sobre a nossa empresa de tradu\u00e7\u00e3o constituida por tradutores profissionais e nativos","og_url":"https:\/\/www.bigtranslation.com\/pt\/transcricao-video","og_site_name":"BigTranslation","article_modified_time":"2021-09-06T08:38:44+00:00","twitter_card":"summary_large_image","schema":{"@context":"https:\/\/schema.org","@graph":[{"@type":"WebPage","@id":"https:\/\/www.bigtranslation.com\/pt\/transcricao-video","url":"https:\/\/www.bigtranslation.com\/pt\/transcricao-video","name":"Transcri\u00e7\u00e3o v\u00eddeo | Empresa de tradu\u00e7\u00e3o profissional","isPartOf":{"@id":"https:\/\/www.bigtranslation.com\/pt#website"},"datePublished":"2021-07-06T07:04:51+00:00","dateModified":"2021-09-06T08:38:44+00:00","description":"O nosso servi\u00e7o de tradu\u00e7\u00e3o inclui a tradu\u00e7\u00e3o de documentos \u00e1udio e v\u00eddeo. Saiba mais sobre a nossa empresa de tradu\u00e7\u00e3o constituida por tradutores profissionais e nativos","breadcrumb":{"@id":"https:\/\/www.bigtranslation.com\/pt\/transcricao-video#breadcrumb"},"inLanguage":"pt-PTX","potentialAction":[{"@type":"ReadAction","target":["https:\/\/www.bigtranslation.com\/pt\/transcricao-video"]}]},{"@type":"BreadcrumbList","@id":"https:\/\/www.bigtranslation.com\/pt\/transcricao-video#breadcrumb","itemListElement":[{"@type":"ListItem","position":1,"name":"Home","item":"https:\/\/www.bigtranslation.com\/pt"},{"@type":"ListItem","position":2,"name":"Transcri\u00e7\u00e3o v\u00eddeo"}]},{"@type":"WebSite","@id":"https:\/\/www.bigtranslation.com\/pt#website","url":"https:\/\/www.bigtranslation.com\/pt","name":"BigTranslation","description":"Native and Professional translators","potentialAction":[{"@type":"SearchAction","target":{"@type":"EntryPoint","urlTemplate":"https:\/\/www.bigtranslation.com\/pt?s={search_term_string}"},"query-input":"required name=search_term_string"}],"inLanguage":"pt-PTX"}]}},"acf":[],"amp_enabled":true,"_links":{"self":[{"href":"https:\/\/www.bigtranslation.com\/pt\/wp-json\/wp\/v2\/pages\/1320"}],"collection":[{"href":"https:\/\/www.bigtranslation.com\/pt\/wp-json\/wp\/v2\/pages"}],"about":[{"href":"https:\/\/www.bigtranslation.com\/pt\/wp-json\/wp\/v2\/types\/page"}],"author":[{"embeddable":true,"href":"https:\/\/www.bigtranslation.com\/pt\/wp-json\/wp\/v2\/users\/1"}],"replies":[{"embeddable":true,"href":"https:\/\/www.bigtranslation.com\/pt\/wp-json\/wp\/v2\/comments?post=1320"}],"version-history":[{"count":1,"href":"https:\/\/www.bigtranslation.com\/pt\/wp-json\/wp\/v2\/pages\/1320\/revisions"}],"predecessor-version":[{"id":1322,"href":"https:\/\/www.bigtranslation.com\/pt\/wp-json\/wp\/v2\/pages\/1320\/revisions\/1322"}],"wp:attachment":[{"href":"https:\/\/www.bigtranslation.com\/pt\/wp-json\/wp\/v2\/media?parent=1320"}],"curies":[{"name":"wp","href":"https:\/\/api.w.org\/{rel}","templated":true}]}}