{"id":1324,"date":"2021-07-07T11:33:07","date_gmt":"2021-07-07T11:33:07","guid":{"rendered":"https:\/\/www.bigtranslation.com\/audio-transcription\/"},"modified":"2021-09-06T09:14:50","modified_gmt":"2021-09-06T09:14:50","slug":"transcricao-audio","status":"publish","type":"page","link":"https:\/\/www.bigtranslation.com\/pt\/transcricao-audio","title":{"rendered":"Transcri\u00e7\u00e3o \u00e1udio"},"content":{"rendered":"","protected":false},"excerpt":{"rendered":"","protected":false},"author":1,"featured_media":0,"parent":0,"menu_order":10,"comment_status":"closed","ping_status":"closed","template":"page-templates\/template-transcription-audio.php","meta":{"footnotes":""},"yoast_head":"<!-- This site is optimized with the Yoast SEO plugin v21.8.1 - https:\/\/yoast.com\/wordpress\/plugins\/seo\/ -->\n<title>Transcri\u00e7\u00e3o \u00e1udio | Empresa de tradu\u00e7\u00e3o profissional<\/title>\n<meta name=\"description\" content=\"Os nossos tradutores nativos realizam tradu\u00e7\u00f5es de legendas a partir e para um vasto n\u00famero de l\u00ednguas europeias. Tradu\u00e7\u00f5es profissionais ao seu alcance.\" \/>\n<meta name=\"robots\" content=\"index, follow, max-snippet:-1, max-image-preview:large, max-video-preview:-1\" \/>\n<link rel=\"canonical\" href=\"https:\/\/www.bigtranslation.com\/pt\/transcricao-audio\" \/>\n<meta property=\"og:locale\" content=\"pt_PT\" \/>\n<meta property=\"og:type\" content=\"article\" \/>\n<meta property=\"og:title\" content=\"Transcri\u00e7\u00e3o \u00e1udio | Empresa de tradu\u00e7\u00e3o profissional\" \/>\n<meta property=\"og:description\" content=\"Os nossos tradutores nativos realizam tradu\u00e7\u00f5es de legendas a partir e para um vasto n\u00famero de l\u00ednguas europeias. Tradu\u00e7\u00f5es profissionais ao seu alcance.\" \/>\n<meta property=\"og:url\" content=\"https:\/\/www.bigtranslation.com\/pt\/transcricao-audio\" \/>\n<meta property=\"og:site_name\" content=\"BigTranslation\" \/>\n<meta property=\"article:modified_time\" content=\"2021-09-06T09:14:50+00:00\" \/>\n<meta name=\"twitter:card\" content=\"summary_large_image\" \/>\n<script type=\"application\/ld+json\" class=\"yoast-schema-graph\">{\"@context\":\"https:\/\/schema.org\",\"@graph\":[{\"@type\":\"WebPage\",\"@id\":\"https:\/\/www.bigtranslation.com\/pt\/transcricao-audio\",\"url\":\"https:\/\/www.bigtranslation.com\/pt\/transcricao-audio\",\"name\":\"Transcri\u00e7\u00e3o \u00e1udio | Empresa de tradu\u00e7\u00e3o profissional\",\"isPartOf\":{\"@id\":\"https:\/\/www.bigtranslation.com\/pt#website\"},\"datePublished\":\"2021-07-07T11:33:07+00:00\",\"dateModified\":\"2021-09-06T09:14:50+00:00\",\"description\":\"Os nossos tradutores nativos realizam tradu\u00e7\u00f5es de legendas a partir e para um vasto n\u00famero de l\u00ednguas europeias. Tradu\u00e7\u00f5es profissionais ao seu alcance.\",\"breadcrumb\":{\"@id\":\"https:\/\/www.bigtranslation.com\/pt\/transcricao-audio#breadcrumb\"},\"inLanguage\":\"pt-PTX\",\"potentialAction\":[{\"@type\":\"ReadAction\",\"target\":[\"https:\/\/www.bigtranslation.com\/pt\/transcricao-audio\"]}]},{\"@type\":\"BreadcrumbList\",\"@id\":\"https:\/\/www.bigtranslation.com\/pt\/transcricao-audio#breadcrumb\",\"itemListElement\":[{\"@type\":\"ListItem\",\"position\":1,\"name\":\"Home\",\"item\":\"https:\/\/www.bigtranslation.com\/pt\"},{\"@type\":\"ListItem\",\"position\":2,\"name\":\"Transcri\u00e7\u00e3o \u00e1udio\"}]},{\"@type\":\"WebSite\",\"@id\":\"https:\/\/www.bigtranslation.com\/pt#website\",\"url\":\"https:\/\/www.bigtranslation.com\/pt\",\"name\":\"BigTranslation\",\"description\":\"Native and Professional translators\",\"potentialAction\":[{\"@type\":\"SearchAction\",\"target\":{\"@type\":\"EntryPoint\",\"urlTemplate\":\"https:\/\/www.bigtranslation.com\/pt?s={search_term_string}\"},\"query-input\":\"required name=search_term_string\"}],\"inLanguage\":\"pt-PTX\"}]}<\/script>\n<!-- \/ Yoast SEO plugin. -->","yoast_head_json":{"title":"Transcri\u00e7\u00e3o \u00e1udio | Empresa de tradu\u00e7\u00e3o profissional","description":"Os nossos tradutores nativos realizam tradu\u00e7\u00f5es de legendas a partir e para um vasto n\u00famero de l\u00ednguas europeias. Tradu\u00e7\u00f5es profissionais ao seu alcance.","robots":{"index":"index","follow":"follow","max-snippet":"max-snippet:-1","max-image-preview":"max-image-preview:large","max-video-preview":"max-video-preview:-1"},"canonical":"https:\/\/www.bigtranslation.com\/pt\/transcricao-audio","og_locale":"pt_PT","og_type":"article","og_title":"Transcri\u00e7\u00e3o \u00e1udio | Empresa de tradu\u00e7\u00e3o profissional","og_description":"Os nossos tradutores nativos realizam tradu\u00e7\u00f5es de legendas a partir e para um vasto n\u00famero de l\u00ednguas europeias. Tradu\u00e7\u00f5es profissionais ao seu alcance.","og_url":"https:\/\/www.bigtranslation.com\/pt\/transcricao-audio","og_site_name":"BigTranslation","article_modified_time":"2021-09-06T09:14:50+00:00","twitter_card":"summary_large_image","schema":{"@context":"https:\/\/schema.org","@graph":[{"@type":"WebPage","@id":"https:\/\/www.bigtranslation.com\/pt\/transcricao-audio","url":"https:\/\/www.bigtranslation.com\/pt\/transcricao-audio","name":"Transcri\u00e7\u00e3o \u00e1udio | Empresa de tradu\u00e7\u00e3o profissional","isPartOf":{"@id":"https:\/\/www.bigtranslation.com\/pt#website"},"datePublished":"2021-07-07T11:33:07+00:00","dateModified":"2021-09-06T09:14:50+00:00","description":"Os nossos tradutores nativos realizam tradu\u00e7\u00f5es de legendas a partir e para um vasto n\u00famero de l\u00ednguas europeias. Tradu\u00e7\u00f5es profissionais ao seu alcance.","breadcrumb":{"@id":"https:\/\/www.bigtranslation.com\/pt\/transcricao-audio#breadcrumb"},"inLanguage":"pt-PTX","potentialAction":[{"@type":"ReadAction","target":["https:\/\/www.bigtranslation.com\/pt\/transcricao-audio"]}]},{"@type":"BreadcrumbList","@id":"https:\/\/www.bigtranslation.com\/pt\/transcricao-audio#breadcrumb","itemListElement":[{"@type":"ListItem","position":1,"name":"Home","item":"https:\/\/www.bigtranslation.com\/pt"},{"@type":"ListItem","position":2,"name":"Transcri\u00e7\u00e3o \u00e1udio"}]},{"@type":"WebSite","@id":"https:\/\/www.bigtranslation.com\/pt#website","url":"https:\/\/www.bigtranslation.com\/pt","name":"BigTranslation","description":"Native and Professional translators","potentialAction":[{"@type":"SearchAction","target":{"@type":"EntryPoint","urlTemplate":"https:\/\/www.bigtranslation.com\/pt?s={search_term_string}"},"query-input":"required name=search_term_string"}],"inLanguage":"pt-PTX"}]}},"acf":[],"amp_enabled":true,"_links":{"self":[{"href":"https:\/\/www.bigtranslation.com\/pt\/wp-json\/wp\/v2\/pages\/1324"}],"collection":[{"href":"https:\/\/www.bigtranslation.com\/pt\/wp-json\/wp\/v2\/pages"}],"about":[{"href":"https:\/\/www.bigtranslation.com\/pt\/wp-json\/wp\/v2\/types\/page"}],"author":[{"embeddable":true,"href":"https:\/\/www.bigtranslation.com\/pt\/wp-json\/wp\/v2\/users\/1"}],"replies":[{"embeddable":true,"href":"https:\/\/www.bigtranslation.com\/pt\/wp-json\/wp\/v2\/comments?post=1324"}],"version-history":[{"count":1,"href":"https:\/\/www.bigtranslation.com\/pt\/wp-json\/wp\/v2\/pages\/1324\/revisions"}],"predecessor-version":[{"id":1326,"href":"https:\/\/www.bigtranslation.com\/pt\/wp-json\/wp\/v2\/pages\/1324\/revisions\/1326"}],"wp:attachment":[{"href":"https:\/\/www.bigtranslation.com\/pt\/wp-json\/wp\/v2\/media?parent=1324"}],"curies":[{"name":"wp","href":"https:\/\/api.w.org\/{rel}","templated":true}]}}