{"id":1328,"date":"2021-07-13T06:33:52","date_gmt":"2021-07-13T06:33:52","guid":{"rendered":"https:\/\/www.bigtranslation.com\/interpreting\/"},"modified":"2021-09-06T09:26:25","modified_gmt":"2021-09-06T09:26:25","slug":"interpretacao","status":"publish","type":"page","link":"https:\/\/www.bigtranslation.com\/pt\/interpretacao","title":{"rendered":"Tradu\u00e7\u00e3o e interpreta\u00e7\u00e3o"},"content":{"rendered":"","protected":false},"excerpt":{"rendered":"","protected":false},"author":1,"featured_media":0,"parent":0,"menu_order":11,"comment_status":"closed","ping_status":"closed","template":"page-templates\/template-interpreting.php","meta":{"footnotes":""},"yoast_head":"<!-- This site is optimized with the Yoast SEO plugin v21.8.1 - https:\/\/yoast.com\/wordpress\/plugins\/seo\/ -->\n<title>Tradu\u00e7\u00e3o e interpreta\u00e7\u00e3o | Tradutores profissionais e nativos<\/title>\n<meta name=\"description\" content=\"A nossa ag\u00eancia de tradu\u00e7\u00e3o, com tradutores nativos, oferece servi\u00e7os de tradu\u00e7\u00e3o e interpreta\u00e7\u00e3o para todo o tipo de documentos que nos cheguem \u00e0 m\u00e3o.\" \/>\n<meta name=\"robots\" content=\"index, follow, max-snippet:-1, max-image-preview:large, max-video-preview:-1\" \/>\n<link rel=\"canonical\" href=\"https:\/\/www.bigtranslation.com\/pt\/interpretacao\" \/>\n<meta property=\"og:locale\" content=\"pt_PT\" \/>\n<meta property=\"og:type\" content=\"article\" \/>\n<meta property=\"og:title\" content=\"Tradu\u00e7\u00e3o e interpreta\u00e7\u00e3o | Tradutores profissionais e nativos\" \/>\n<meta property=\"og:description\" content=\"A nossa ag\u00eancia de tradu\u00e7\u00e3o, com tradutores nativos, oferece servi\u00e7os de tradu\u00e7\u00e3o e interpreta\u00e7\u00e3o para todo o tipo de documentos que nos cheguem \u00e0 m\u00e3o.\" \/>\n<meta property=\"og:url\" content=\"https:\/\/www.bigtranslation.com\/pt\/interpretacao\" \/>\n<meta property=\"og:site_name\" content=\"BigTranslation\" \/>\n<meta property=\"article:modified_time\" content=\"2021-09-06T09:26:25+00:00\" \/>\n<meta name=\"twitter:card\" content=\"summary_large_image\" \/>\n<script type=\"application\/ld+json\" class=\"yoast-schema-graph\">{\"@context\":\"https:\/\/schema.org\",\"@graph\":[{\"@type\":\"WebPage\",\"@id\":\"https:\/\/www.bigtranslation.com\/pt\/interpretacao\",\"url\":\"https:\/\/www.bigtranslation.com\/pt\/interpretacao\",\"name\":\"Tradu\u00e7\u00e3o e interpreta\u00e7\u00e3o | Tradutores profissionais e nativos\",\"isPartOf\":{\"@id\":\"https:\/\/www.bigtranslation.com\/pt#website\"},\"datePublished\":\"2021-07-13T06:33:52+00:00\",\"dateModified\":\"2021-09-06T09:26:25+00:00\",\"description\":\"A nossa ag\u00eancia de tradu\u00e7\u00e3o, com tradutores nativos, oferece servi\u00e7os de tradu\u00e7\u00e3o e interpreta\u00e7\u00e3o para todo o tipo de documentos que nos cheguem \u00e0 m\u00e3o.\",\"breadcrumb\":{\"@id\":\"https:\/\/www.bigtranslation.com\/pt\/interpretacao#breadcrumb\"},\"inLanguage\":\"pt-PTX\",\"potentialAction\":[{\"@type\":\"ReadAction\",\"target\":[\"https:\/\/www.bigtranslation.com\/pt\/interpretacao\"]}]},{\"@type\":\"BreadcrumbList\",\"@id\":\"https:\/\/www.bigtranslation.com\/pt\/interpretacao#breadcrumb\",\"itemListElement\":[{\"@type\":\"ListItem\",\"position\":1,\"name\":\"Home\",\"item\":\"https:\/\/www.bigtranslation.com\/pt\"},{\"@type\":\"ListItem\",\"position\":2,\"name\":\"Tradu\u00e7\u00e3o e interpreta\u00e7\u00e3o\"}]},{\"@type\":\"WebSite\",\"@id\":\"https:\/\/www.bigtranslation.com\/pt#website\",\"url\":\"https:\/\/www.bigtranslation.com\/pt\",\"name\":\"BigTranslation\",\"description\":\"Native and Professional translators\",\"potentialAction\":[{\"@type\":\"SearchAction\",\"target\":{\"@type\":\"EntryPoint\",\"urlTemplate\":\"https:\/\/www.bigtranslation.com\/pt?s={search_term_string}\"},\"query-input\":\"required name=search_term_string\"}],\"inLanguage\":\"pt-PTX\"}]}<\/script>\n<!-- \/ Yoast SEO plugin. -->","yoast_head_json":{"title":"Tradu\u00e7\u00e3o e interpreta\u00e7\u00e3o | Tradutores profissionais e nativos","description":"A nossa ag\u00eancia de tradu\u00e7\u00e3o, com tradutores nativos, oferece servi\u00e7os de tradu\u00e7\u00e3o e interpreta\u00e7\u00e3o para todo o tipo de documentos que nos cheguem \u00e0 m\u00e3o.","robots":{"index":"index","follow":"follow","max-snippet":"max-snippet:-1","max-image-preview":"max-image-preview:large","max-video-preview":"max-video-preview:-1"},"canonical":"https:\/\/www.bigtranslation.com\/pt\/interpretacao","og_locale":"pt_PT","og_type":"article","og_title":"Tradu\u00e7\u00e3o e interpreta\u00e7\u00e3o | Tradutores profissionais e nativos","og_description":"A nossa ag\u00eancia de tradu\u00e7\u00e3o, com tradutores nativos, oferece servi\u00e7os de tradu\u00e7\u00e3o e interpreta\u00e7\u00e3o para todo o tipo de documentos que nos cheguem \u00e0 m\u00e3o.","og_url":"https:\/\/www.bigtranslation.com\/pt\/interpretacao","og_site_name":"BigTranslation","article_modified_time":"2021-09-06T09:26:25+00:00","twitter_card":"summary_large_image","schema":{"@context":"https:\/\/schema.org","@graph":[{"@type":"WebPage","@id":"https:\/\/www.bigtranslation.com\/pt\/interpretacao","url":"https:\/\/www.bigtranslation.com\/pt\/interpretacao","name":"Tradu\u00e7\u00e3o e interpreta\u00e7\u00e3o | Tradutores profissionais e nativos","isPartOf":{"@id":"https:\/\/www.bigtranslation.com\/pt#website"},"datePublished":"2021-07-13T06:33:52+00:00","dateModified":"2021-09-06T09:26:25+00:00","description":"A nossa ag\u00eancia de tradu\u00e7\u00e3o, com tradutores nativos, oferece servi\u00e7os de tradu\u00e7\u00e3o e interpreta\u00e7\u00e3o para todo o tipo de documentos que nos cheguem \u00e0 m\u00e3o.","breadcrumb":{"@id":"https:\/\/www.bigtranslation.com\/pt\/interpretacao#breadcrumb"},"inLanguage":"pt-PTX","potentialAction":[{"@type":"ReadAction","target":["https:\/\/www.bigtranslation.com\/pt\/interpretacao"]}]},{"@type":"BreadcrumbList","@id":"https:\/\/www.bigtranslation.com\/pt\/interpretacao#breadcrumb","itemListElement":[{"@type":"ListItem","position":1,"name":"Home","item":"https:\/\/www.bigtranslation.com\/pt"},{"@type":"ListItem","position":2,"name":"Tradu\u00e7\u00e3o e interpreta\u00e7\u00e3o"}]},{"@type":"WebSite","@id":"https:\/\/www.bigtranslation.com\/pt#website","url":"https:\/\/www.bigtranslation.com\/pt","name":"BigTranslation","description":"Native and Professional translators","potentialAction":[{"@type":"SearchAction","target":{"@type":"EntryPoint","urlTemplate":"https:\/\/www.bigtranslation.com\/pt?s={search_term_string}"},"query-input":"required name=search_term_string"}],"inLanguage":"pt-PTX"}]}},"acf":[],"amp_enabled":true,"_links":{"self":[{"href":"https:\/\/www.bigtranslation.com\/pt\/wp-json\/wp\/v2\/pages\/1328"}],"collection":[{"href":"https:\/\/www.bigtranslation.com\/pt\/wp-json\/wp\/v2\/pages"}],"about":[{"href":"https:\/\/www.bigtranslation.com\/pt\/wp-json\/wp\/v2\/types\/page"}],"author":[{"embeddable":true,"href":"https:\/\/www.bigtranslation.com\/pt\/wp-json\/wp\/v2\/users\/1"}],"replies":[{"embeddable":true,"href":"https:\/\/www.bigtranslation.com\/pt\/wp-json\/wp\/v2\/comments?post=1328"}],"version-history":[{"count":1,"href":"https:\/\/www.bigtranslation.com\/pt\/wp-json\/wp\/v2\/pages\/1328\/revisions"}],"predecessor-version":[{"id":1329,"href":"https:\/\/www.bigtranslation.com\/pt\/wp-json\/wp\/v2\/pages\/1328\/revisions\/1329"}],"wp:attachment":[{"href":"https:\/\/www.bigtranslation.com\/pt\/wp-json\/wp\/v2\/media?parent=1328"}],"curies":[{"name":"wp","href":"https:\/\/api.w.org\/{rel}","templated":true}]}}