{"id":1339,"date":"2021-06-10T10:24:26","date_gmt":"2021-06-10T10:24:26","guid":{"rendered":"https:\/\/www.bigtranslation.com\/translation-rates\/"},"modified":"2021-09-06T10:22:17","modified_gmt":"2021-09-06T10:22:17","slug":"tarifas","status":"publish","type":"page","link":"https:\/\/www.bigtranslation.com\/pt\/tarifas","title":{"rendered":"Tarifas de tradu\u00e7\u00e3o"},"content":{"rendered":"","protected":false},"excerpt":{"rendered":"","protected":false},"author":1,"featured_media":0,"parent":0,"menu_order":24,"comment_status":"closed","ping_status":"closed","template":"page-templates\/template-rates.php","meta":{"footnotes":""},"yoast_head":"<!-- This site is optimized with the Yoast SEO plugin v21.8.1 - https:\/\/yoast.com\/wordpress\/plugins\/seo\/ -->\n<title>Tarifas de tradu\u00e7\u00e3o | Empresa de tradu\u00e7\u00e3o<\/title>\n<meta name=\"description\" content=\"As melhores tarifas! Servi\u00e7os de tradu\u00e7\u00e3o realizados por tradutores nativos profissionais. Descubra os nossos pre\u00e7os de tradu\u00e7\u00e3o e a taxa de tradu\u00e7\u00e3o por palavra.\" \/>\n<meta name=\"robots\" content=\"index, follow, max-snippet:-1, max-image-preview:large, max-video-preview:-1\" \/>\n<link rel=\"canonical\" href=\"https:\/\/www.bigtranslation.com\/pt\/tarifas\" \/>\n<meta property=\"og:locale\" content=\"pt_PT\" \/>\n<meta property=\"og:type\" content=\"article\" \/>\n<meta property=\"og:title\" content=\"Tarifas de tradu\u00e7\u00e3o | Empresa de tradu\u00e7\u00e3o\" \/>\n<meta property=\"og:description\" content=\"As melhores tarifas! Servi\u00e7os de tradu\u00e7\u00e3o realizados por tradutores nativos profissionais. Descubra os nossos pre\u00e7os de tradu\u00e7\u00e3o e a taxa de tradu\u00e7\u00e3o por palavra.\" \/>\n<meta property=\"og:url\" content=\"https:\/\/www.bigtranslation.com\/pt\/tarifas\" \/>\n<meta property=\"og:site_name\" content=\"BigTranslation\" \/>\n<meta property=\"article:modified_time\" content=\"2021-09-06T10:22:17+00:00\" \/>\n<meta name=\"twitter:card\" content=\"summary_large_image\" \/>\n<script type=\"application\/ld+json\" class=\"yoast-schema-graph\">{\"@context\":\"https:\/\/schema.org\",\"@graph\":[{\"@type\":\"WebPage\",\"@id\":\"https:\/\/www.bigtranslation.com\/pt\/tarifas\",\"url\":\"https:\/\/www.bigtranslation.com\/pt\/tarifas\",\"name\":\"Tarifas de tradu\u00e7\u00e3o | Empresa de tradu\u00e7\u00e3o\",\"isPartOf\":{\"@id\":\"https:\/\/www.bigtranslation.com\/pt#website\"},\"datePublished\":\"2021-06-10T10:24:26+00:00\",\"dateModified\":\"2021-09-06T10:22:17+00:00\",\"description\":\"As melhores tarifas! Servi\u00e7os de tradu\u00e7\u00e3o realizados por tradutores nativos profissionais. Descubra os nossos pre\u00e7os de tradu\u00e7\u00e3o e a taxa de tradu\u00e7\u00e3o por palavra.\",\"breadcrumb\":{\"@id\":\"https:\/\/www.bigtranslation.com\/pt\/tarifas#breadcrumb\"},\"inLanguage\":\"pt-PTX\",\"potentialAction\":[{\"@type\":\"ReadAction\",\"target\":[\"https:\/\/www.bigtranslation.com\/pt\/tarifas\"]}]},{\"@type\":\"BreadcrumbList\",\"@id\":\"https:\/\/www.bigtranslation.com\/pt\/tarifas#breadcrumb\",\"itemListElement\":[{\"@type\":\"ListItem\",\"position\":1,\"name\":\"Home\",\"item\":\"https:\/\/www.bigtranslation.com\/pt\"},{\"@type\":\"ListItem\",\"position\":2,\"name\":\"Tarifas de tradu\u00e7\u00e3o\"}]},{\"@type\":\"WebSite\",\"@id\":\"https:\/\/www.bigtranslation.com\/pt#website\",\"url\":\"https:\/\/www.bigtranslation.com\/pt\",\"name\":\"BigTranslation\",\"description\":\"Native and Professional translators\",\"potentialAction\":[{\"@type\":\"SearchAction\",\"target\":{\"@type\":\"EntryPoint\",\"urlTemplate\":\"https:\/\/www.bigtranslation.com\/pt?s={search_term_string}\"},\"query-input\":\"required name=search_term_string\"}],\"inLanguage\":\"pt-PTX\"}]}<\/script>\n<!-- \/ Yoast SEO plugin. -->","yoast_head_json":{"title":"Tarifas de tradu\u00e7\u00e3o | Empresa de tradu\u00e7\u00e3o","description":"As melhores tarifas! Servi\u00e7os de tradu\u00e7\u00e3o realizados por tradutores nativos profissionais. Descubra os nossos pre\u00e7os de tradu\u00e7\u00e3o e a taxa de tradu\u00e7\u00e3o por palavra.","robots":{"index":"index","follow":"follow","max-snippet":"max-snippet:-1","max-image-preview":"max-image-preview:large","max-video-preview":"max-video-preview:-1"},"canonical":"https:\/\/www.bigtranslation.com\/pt\/tarifas","og_locale":"pt_PT","og_type":"article","og_title":"Tarifas de tradu\u00e7\u00e3o | Empresa de tradu\u00e7\u00e3o","og_description":"As melhores tarifas! Servi\u00e7os de tradu\u00e7\u00e3o realizados por tradutores nativos profissionais. Descubra os nossos pre\u00e7os de tradu\u00e7\u00e3o e a taxa de tradu\u00e7\u00e3o por palavra.","og_url":"https:\/\/www.bigtranslation.com\/pt\/tarifas","og_site_name":"BigTranslation","article_modified_time":"2021-09-06T10:22:17+00:00","twitter_card":"summary_large_image","schema":{"@context":"https:\/\/schema.org","@graph":[{"@type":"WebPage","@id":"https:\/\/www.bigtranslation.com\/pt\/tarifas","url":"https:\/\/www.bigtranslation.com\/pt\/tarifas","name":"Tarifas de tradu\u00e7\u00e3o | Empresa de tradu\u00e7\u00e3o","isPartOf":{"@id":"https:\/\/www.bigtranslation.com\/pt#website"},"datePublished":"2021-06-10T10:24:26+00:00","dateModified":"2021-09-06T10:22:17+00:00","description":"As melhores tarifas! Servi\u00e7os de tradu\u00e7\u00e3o realizados por tradutores nativos profissionais. Descubra os nossos pre\u00e7os de tradu\u00e7\u00e3o e a taxa de tradu\u00e7\u00e3o por palavra.","breadcrumb":{"@id":"https:\/\/www.bigtranslation.com\/pt\/tarifas#breadcrumb"},"inLanguage":"pt-PTX","potentialAction":[{"@type":"ReadAction","target":["https:\/\/www.bigtranslation.com\/pt\/tarifas"]}]},{"@type":"BreadcrumbList","@id":"https:\/\/www.bigtranslation.com\/pt\/tarifas#breadcrumb","itemListElement":[{"@type":"ListItem","position":1,"name":"Home","item":"https:\/\/www.bigtranslation.com\/pt"},{"@type":"ListItem","position":2,"name":"Tarifas de tradu\u00e7\u00e3o"}]},{"@type":"WebSite","@id":"https:\/\/www.bigtranslation.com\/pt#website","url":"https:\/\/www.bigtranslation.com\/pt","name":"BigTranslation","description":"Native and Professional translators","potentialAction":[{"@type":"SearchAction","target":{"@type":"EntryPoint","urlTemplate":"https:\/\/www.bigtranslation.com\/pt?s={search_term_string}"},"query-input":"required name=search_term_string"}],"inLanguage":"pt-PTX"}]}},"acf":[],"amp_enabled":true,"_links":{"self":[{"href":"https:\/\/www.bigtranslation.com\/pt\/wp-json\/wp\/v2\/pages\/1339"}],"collection":[{"href":"https:\/\/www.bigtranslation.com\/pt\/wp-json\/wp\/v2\/pages"}],"about":[{"href":"https:\/\/www.bigtranslation.com\/pt\/wp-json\/wp\/v2\/types\/page"}],"author":[{"embeddable":true,"href":"https:\/\/www.bigtranslation.com\/pt\/wp-json\/wp\/v2\/users\/1"}],"replies":[{"embeddable":true,"href":"https:\/\/www.bigtranslation.com\/pt\/wp-json\/wp\/v2\/comments?post=1339"}],"version-history":[{"count":2,"href":"https:\/\/www.bigtranslation.com\/pt\/wp-json\/wp\/v2\/pages\/1339\/revisions"}],"predecessor-version":[{"id":1342,"href":"https:\/\/www.bigtranslation.com\/pt\/wp-json\/wp\/v2\/pages\/1339\/revisions\/1342"}],"wp:attachment":[{"href":"https:\/\/www.bigtranslation.com\/pt\/wp-json\/wp\/v2\/media?parent=1339"}],"curies":[{"name":"wp","href":"https:\/\/api.w.org\/{rel}","templated":true}]}}