{"id":1344,"date":"2021-06-10T07:28:46","date_gmt":"2021-06-10T07:28:46","guid":{"rendered":"https:\/\/www.bigtranslation.com\/contact\/"},"modified":"2021-09-06T10:34:31","modified_gmt":"2021-09-06T10:34:31","slug":"contacte-nos","status":"publish","type":"page","link":"https:\/\/www.bigtranslation.com\/pt\/contacte-nos","title":{"rendered":"Contacte-nos"},"content":{"rendered":"","protected":false},"excerpt":{"rendered":"","protected":false},"author":1,"featured_media":0,"parent":0,"menu_order":25,"comment_status":"closed","ping_status":"closed","template":"page-templates\/template-contact.php","meta":{"footnotes":""},"yoast_head":"<!-- This site is optimized with the Yoast SEO plugin v21.8.1 - https:\/\/yoast.com\/wordpress\/plugins\/seo\/ -->\n<title>Contacte-nos | Empresa de tradu\u00e7\u00e3o profissional e nativa<\/title>\n<meta name=\"description\" content=\"Ag\u00eancia de tradu\u00e7\u00e3o que oferece servi\u00e7os de tradu\u00e7\u00e3o e revis\u00e3o. Se precisa de uma tradu\u00e7\u00e3o urgente ou se \u00e9 um tradutor freelance, entre em contato connosco.\" \/>\n<meta name=\"robots\" content=\"index, follow, max-snippet:-1, max-image-preview:large, max-video-preview:-1\" \/>\n<link rel=\"canonical\" href=\"https:\/\/www.bigtranslation.com\/pt\/contacte-nos\" \/>\n<meta property=\"og:locale\" content=\"pt_PT\" \/>\n<meta property=\"og:type\" content=\"article\" \/>\n<meta property=\"og:title\" content=\"Contacte-nos | Empresa de tradu\u00e7\u00e3o profissional e nativa\" \/>\n<meta property=\"og:description\" content=\"Ag\u00eancia de tradu\u00e7\u00e3o que oferece servi\u00e7os de tradu\u00e7\u00e3o e revis\u00e3o. Se precisa de uma tradu\u00e7\u00e3o urgente ou se \u00e9 um tradutor freelance, entre em contato connosco.\" \/>\n<meta property=\"og:url\" content=\"https:\/\/www.bigtranslation.com\/pt\/contacte-nos\" \/>\n<meta property=\"og:site_name\" content=\"BigTranslation\" \/>\n<meta property=\"article:modified_time\" content=\"2021-09-06T10:34:31+00:00\" \/>\n<meta name=\"twitter:card\" content=\"summary_large_image\" \/>\n<script type=\"application\/ld+json\" class=\"yoast-schema-graph\">{\"@context\":\"https:\/\/schema.org\",\"@graph\":[{\"@type\":\"WebPage\",\"@id\":\"https:\/\/www.bigtranslation.com\/pt\/contacte-nos\",\"url\":\"https:\/\/www.bigtranslation.com\/pt\/contacte-nos\",\"name\":\"Contacte-nos | Empresa de tradu\u00e7\u00e3o profissional e nativa\",\"isPartOf\":{\"@id\":\"https:\/\/www.bigtranslation.com\/pt#website\"},\"datePublished\":\"2021-06-10T07:28:46+00:00\",\"dateModified\":\"2021-09-06T10:34:31+00:00\",\"description\":\"Ag\u00eancia de tradu\u00e7\u00e3o que oferece servi\u00e7os de tradu\u00e7\u00e3o e revis\u00e3o. Se precisa de uma tradu\u00e7\u00e3o urgente ou se \u00e9 um tradutor freelance, entre em contato connosco.\",\"breadcrumb\":{\"@id\":\"https:\/\/www.bigtranslation.com\/pt\/contacte-nos#breadcrumb\"},\"inLanguage\":\"pt-PTX\",\"potentialAction\":[{\"@type\":\"ReadAction\",\"target\":[\"https:\/\/www.bigtranslation.com\/pt\/contacte-nos\"]}]},{\"@type\":\"BreadcrumbList\",\"@id\":\"https:\/\/www.bigtranslation.com\/pt\/contacte-nos#breadcrumb\",\"itemListElement\":[{\"@type\":\"ListItem\",\"position\":1,\"name\":\"Home\",\"item\":\"https:\/\/www.bigtranslation.com\/pt\"},{\"@type\":\"ListItem\",\"position\":2,\"name\":\"Contacte-nos\"}]},{\"@type\":\"WebSite\",\"@id\":\"https:\/\/www.bigtranslation.com\/pt#website\",\"url\":\"https:\/\/www.bigtranslation.com\/pt\",\"name\":\"BigTranslation\",\"description\":\"Native and Professional translators\",\"potentialAction\":[{\"@type\":\"SearchAction\",\"target\":{\"@type\":\"EntryPoint\",\"urlTemplate\":\"https:\/\/www.bigtranslation.com\/pt?s={search_term_string}\"},\"query-input\":\"required name=search_term_string\"}],\"inLanguage\":\"pt-PTX\"}]}<\/script>\n<!-- \/ Yoast SEO plugin. -->","yoast_head_json":{"title":"Contacte-nos | Empresa de tradu\u00e7\u00e3o profissional e nativa","description":"Ag\u00eancia de tradu\u00e7\u00e3o que oferece servi\u00e7os de tradu\u00e7\u00e3o e revis\u00e3o. Se precisa de uma tradu\u00e7\u00e3o urgente ou se \u00e9 um tradutor freelance, entre em contato connosco.","robots":{"index":"index","follow":"follow","max-snippet":"max-snippet:-1","max-image-preview":"max-image-preview:large","max-video-preview":"max-video-preview:-1"},"canonical":"https:\/\/www.bigtranslation.com\/pt\/contacte-nos","og_locale":"pt_PT","og_type":"article","og_title":"Contacte-nos | Empresa de tradu\u00e7\u00e3o profissional e nativa","og_description":"Ag\u00eancia de tradu\u00e7\u00e3o que oferece servi\u00e7os de tradu\u00e7\u00e3o e revis\u00e3o. Se precisa de uma tradu\u00e7\u00e3o urgente ou se \u00e9 um tradutor freelance, entre em contato connosco.","og_url":"https:\/\/www.bigtranslation.com\/pt\/contacte-nos","og_site_name":"BigTranslation","article_modified_time":"2021-09-06T10:34:31+00:00","twitter_card":"summary_large_image","schema":{"@context":"https:\/\/schema.org","@graph":[{"@type":"WebPage","@id":"https:\/\/www.bigtranslation.com\/pt\/contacte-nos","url":"https:\/\/www.bigtranslation.com\/pt\/contacte-nos","name":"Contacte-nos | Empresa de tradu\u00e7\u00e3o profissional e nativa","isPartOf":{"@id":"https:\/\/www.bigtranslation.com\/pt#website"},"datePublished":"2021-06-10T07:28:46+00:00","dateModified":"2021-09-06T10:34:31+00:00","description":"Ag\u00eancia de tradu\u00e7\u00e3o que oferece servi\u00e7os de tradu\u00e7\u00e3o e revis\u00e3o. Se precisa de uma tradu\u00e7\u00e3o urgente ou se \u00e9 um tradutor freelance, entre em contato connosco.","breadcrumb":{"@id":"https:\/\/www.bigtranslation.com\/pt\/contacte-nos#breadcrumb"},"inLanguage":"pt-PTX","potentialAction":[{"@type":"ReadAction","target":["https:\/\/www.bigtranslation.com\/pt\/contacte-nos"]}]},{"@type":"BreadcrumbList","@id":"https:\/\/www.bigtranslation.com\/pt\/contacte-nos#breadcrumb","itemListElement":[{"@type":"ListItem","position":1,"name":"Home","item":"https:\/\/www.bigtranslation.com\/pt"},{"@type":"ListItem","position":2,"name":"Contacte-nos"}]},{"@type":"WebSite","@id":"https:\/\/www.bigtranslation.com\/pt#website","url":"https:\/\/www.bigtranslation.com\/pt","name":"BigTranslation","description":"Native and Professional translators","potentialAction":[{"@type":"SearchAction","target":{"@type":"EntryPoint","urlTemplate":"https:\/\/www.bigtranslation.com\/pt?s={search_term_string}"},"query-input":"required name=search_term_string"}],"inLanguage":"pt-PTX"}]}},"acf":[],"amp_enabled":false,"_links":{"self":[{"href":"https:\/\/www.bigtranslation.com\/pt\/wp-json\/wp\/v2\/pages\/1344"}],"collection":[{"href":"https:\/\/www.bigtranslation.com\/pt\/wp-json\/wp\/v2\/pages"}],"about":[{"href":"https:\/\/www.bigtranslation.com\/pt\/wp-json\/wp\/v2\/types\/page"}],"author":[{"embeddable":true,"href":"https:\/\/www.bigtranslation.com\/pt\/wp-json\/wp\/v2\/users\/1"}],"replies":[{"embeddable":true,"href":"https:\/\/www.bigtranslation.com\/pt\/wp-json\/wp\/v2\/comments?post=1344"}],"version-history":[{"count":1,"href":"https:\/\/www.bigtranslation.com\/pt\/wp-json\/wp\/v2\/pages\/1344\/revisions"}],"predecessor-version":[{"id":1346,"href":"https:\/\/www.bigtranslation.com\/pt\/wp-json\/wp\/v2\/pages\/1344\/revisions\/1346"}],"wp:attachment":[{"href":"https:\/\/www.bigtranslation.com\/pt\/wp-json\/wp\/v2\/media?parent=1344"}],"curies":[{"name":"wp","href":"https:\/\/api.w.org\/{rel}","templated":true}]}}