{"id":1692,"date":"2021-04-16T09:36:36","date_gmt":"2021-04-16T09:36:36","guid":{"rendered":"https:\/\/www.bigtranslation.com\/home\/"},"modified":"2021-10-05T05:50:32","modified_gmt":"2021-10-05T05:50:32","slug":"home","status":"publish","type":"page","link":"https:\/\/www.bigtranslation.com\/pt","title":{"rendered":"Ag\u00eancia de tradu\u00e7\u00e3o"},"content":{"rendered":"","protected":false},"excerpt":{"rendered":"","protected":false},"author":1,"featured_media":0,"parent":0,"menu_order":0,"comment_status":"closed","ping_status":"closed","template":"page-templates\/template-home.php","meta":{"footnotes":""},"yoast_head":"<!-- This site is optimized with the Yoast SEO plugin v21.8.1 - https:\/\/yoast.com\/wordpress\/plugins\/seo\/ -->\n<title>Ag\u00eancia de tradu\u00e7\u00e3o | Tradutores nativos e profissionais<\/title>\n<meta name=\"description\" content=\"Empresa de tradu\u00e7\u00e3o especializada: servi\u00e7os de tradu\u00e7\u00e3o profissional, SEO e tradu\u00e7\u00f5es p\u00e1ginas web. Tradu\u00e7\u00f5es r\u00e1pidas, econ\u00f3micas e outros servi\u00e7os de tradu\u00e7\u00e3o.\" \/>\n<meta name=\"robots\" content=\"index, follow, max-snippet:-1, max-image-preview:large, max-video-preview:-1\" \/>\n<link rel=\"canonical\" href=\"https:\/\/www.bigtranslation.com\/pt\" \/>\n<meta property=\"og:locale\" content=\"pt_PT\" \/>\n<meta property=\"og:type\" content=\"article\" \/>\n<meta property=\"og:title\" content=\"Ag\u00eancia de tradu\u00e7\u00e3o | Tradutores nativos e profissionais\" \/>\n<meta property=\"og:description\" content=\"Empresa de tradu\u00e7\u00e3o especializada: servi\u00e7os de tradu\u00e7\u00e3o profissional, SEO e tradu\u00e7\u00f5es p\u00e1ginas web. Tradu\u00e7\u00f5es r\u00e1pidas, econ\u00f3micas e outros servi\u00e7os de tradu\u00e7\u00e3o.\" \/>\n<meta property=\"og:url\" content=\"https:\/\/www.bigtranslation.com\/pt\" \/>\n<meta property=\"og:site_name\" content=\"BigTranslation\" \/>\n<meta property=\"article:modified_time\" content=\"2021-10-05T05:50:32+00:00\" \/>\n<meta name=\"twitter:card\" content=\"summary_large_image\" \/>\n<script type=\"application\/ld+json\" class=\"yoast-schema-graph\">{\"@context\":\"https:\/\/schema.org\",\"@graph\":[{\"@type\":\"WebPage\",\"@id\":\"https:\/\/www.bigtranslation.com\/pt\",\"url\":\"https:\/\/www.bigtranslation.com\/pt\",\"name\":\"Ag\u00eancia de tradu\u00e7\u00e3o | Tradutores nativos e profissionais\",\"isPartOf\":{\"@id\":\"https:\/\/www.bigtranslation.com\/pt#website\"},\"datePublished\":\"2021-04-16T09:36:36+00:00\",\"dateModified\":\"2021-10-05T05:50:32+00:00\",\"description\":\"Empresa de tradu\u00e7\u00e3o especializada: servi\u00e7os de tradu\u00e7\u00e3o profissional, SEO e tradu\u00e7\u00f5es p\u00e1ginas web. Tradu\u00e7\u00f5es r\u00e1pidas, econ\u00f3micas e outros servi\u00e7os de tradu\u00e7\u00e3o.\",\"breadcrumb\":{\"@id\":\"https:\/\/www.bigtranslation.com\/pt#breadcrumb\"},\"inLanguage\":\"pt-PTX\",\"potentialAction\":[{\"@type\":\"ReadAction\",\"target\":[\"https:\/\/www.bigtranslation.com\/pt\"]}]},{\"@type\":\"BreadcrumbList\",\"@id\":\"https:\/\/www.bigtranslation.com\/pt#breadcrumb\",\"itemListElement\":[{\"@type\":\"ListItem\",\"position\":1,\"name\":\"Home\",\"item\":\"https:\/\/www.bigtranslation.com\/pt\"},{\"@type\":\"ListItem\",\"position\":2,\"name\":\"Ag\u00eancia de tradu\u00e7\u00e3o\"}]},{\"@type\":\"WebSite\",\"@id\":\"https:\/\/www.bigtranslation.com\/pt#website\",\"url\":\"https:\/\/www.bigtranslation.com\/pt\",\"name\":\"BigTranslation\",\"description\":\"Native and Professional translators\",\"potentialAction\":[{\"@type\":\"SearchAction\",\"target\":{\"@type\":\"EntryPoint\",\"urlTemplate\":\"https:\/\/www.bigtranslation.com\/pt?s={search_term_string}\"},\"query-input\":\"required name=search_term_string\"}],\"inLanguage\":\"pt-PTX\"}]}<\/script>\n<!-- \/ Yoast SEO plugin. -->","yoast_head_json":{"title":"Ag\u00eancia de tradu\u00e7\u00e3o | Tradutores nativos e profissionais","description":"Empresa de tradu\u00e7\u00e3o especializada: servi\u00e7os de tradu\u00e7\u00e3o profissional, SEO e tradu\u00e7\u00f5es p\u00e1ginas web. Tradu\u00e7\u00f5es r\u00e1pidas, econ\u00f3micas e outros servi\u00e7os de tradu\u00e7\u00e3o.","robots":{"index":"index","follow":"follow","max-snippet":"max-snippet:-1","max-image-preview":"max-image-preview:large","max-video-preview":"max-video-preview:-1"},"canonical":"https:\/\/www.bigtranslation.com\/pt","og_locale":"pt_PT","og_type":"article","og_title":"Ag\u00eancia de tradu\u00e7\u00e3o | Tradutores nativos e profissionais","og_description":"Empresa de tradu\u00e7\u00e3o especializada: servi\u00e7os de tradu\u00e7\u00e3o profissional, SEO e tradu\u00e7\u00f5es p\u00e1ginas web. Tradu\u00e7\u00f5es r\u00e1pidas, econ\u00f3micas e outros servi\u00e7os de tradu\u00e7\u00e3o.","og_url":"https:\/\/www.bigtranslation.com\/pt","og_site_name":"BigTranslation","article_modified_time":"2021-10-05T05:50:32+00:00","twitter_card":"summary_large_image","schema":{"@context":"https:\/\/schema.org","@graph":[{"@type":"WebPage","@id":"https:\/\/www.bigtranslation.com\/pt","url":"https:\/\/www.bigtranslation.com\/pt","name":"Ag\u00eancia de tradu\u00e7\u00e3o | Tradutores nativos e profissionais","isPartOf":{"@id":"https:\/\/www.bigtranslation.com\/pt#website"},"datePublished":"2021-04-16T09:36:36+00:00","dateModified":"2021-10-05T05:50:32+00:00","description":"Empresa de tradu\u00e7\u00e3o especializada: servi\u00e7os de tradu\u00e7\u00e3o profissional, SEO e tradu\u00e7\u00f5es p\u00e1ginas web. Tradu\u00e7\u00f5es r\u00e1pidas, econ\u00f3micas e outros servi\u00e7os de tradu\u00e7\u00e3o.","breadcrumb":{"@id":"https:\/\/www.bigtranslation.com\/pt#breadcrumb"},"inLanguage":"pt-PTX","potentialAction":[{"@type":"ReadAction","target":["https:\/\/www.bigtranslation.com\/pt"]}]},{"@type":"BreadcrumbList","@id":"https:\/\/www.bigtranslation.com\/pt#breadcrumb","itemListElement":[{"@type":"ListItem","position":1,"name":"Home","item":"https:\/\/www.bigtranslation.com\/pt"},{"@type":"ListItem","position":2,"name":"Ag\u00eancia de tradu\u00e7\u00e3o"}]},{"@type":"WebSite","@id":"https:\/\/www.bigtranslation.com\/pt#website","url":"https:\/\/www.bigtranslation.com\/pt","name":"BigTranslation","description":"Native and Professional translators","potentialAction":[{"@type":"SearchAction","target":{"@type":"EntryPoint","urlTemplate":"https:\/\/www.bigtranslation.com\/pt?s={search_term_string}"},"query-input":"required name=search_term_string"}],"inLanguage":"pt-PTX"}]}},"acf":[],"amp_enabled":true,"_links":{"self":[{"href":"https:\/\/www.bigtranslation.com\/pt\/wp-json\/wp\/v2\/pages\/1692"}],"collection":[{"href":"https:\/\/www.bigtranslation.com\/pt\/wp-json\/wp\/v2\/pages"}],"about":[{"href":"https:\/\/www.bigtranslation.com\/pt\/wp-json\/wp\/v2\/types\/page"}],"author":[{"embeddable":true,"href":"https:\/\/www.bigtranslation.com\/pt\/wp-json\/wp\/v2\/users\/1"}],"replies":[{"embeddable":true,"href":"https:\/\/www.bigtranslation.com\/pt\/wp-json\/wp\/v2\/comments?post=1692"}],"version-history":[{"count":2,"href":"https:\/\/www.bigtranslation.com\/pt\/wp-json\/wp\/v2\/pages\/1692\/revisions"}],"predecessor-version":[{"id":8303,"href":"https:\/\/www.bigtranslation.com\/pt\/wp-json\/wp\/v2\/pages\/1692\/revisions\/8303"}],"wp:attachment":[{"href":"https:\/\/www.bigtranslation.com\/pt\/wp-json\/wp\/v2\/media?parent=1692"}],"curies":[{"name":"wp","href":"https:\/\/api.w.org\/{rel}","templated":true}]}}