{"id":1480,"date":"2021-07-01T07:10:11","date_gmt":"2021-07-01T07:10:11","guid":{"rendered":"https:\/\/www.bigtranslation.com\/languages\/"},"modified":"2021-09-07T11:10:30","modified_gmt":"2021-09-07T11:10:30","slug":"limbi","status":"publish","type":"page","link":"https:\/\/www.bigtranslation.com\/ro\/limbi","title":{"rendered":"Combina\u021bii de limbi"},"content":{"rendered":"","protected":false},"excerpt":{"rendered":"","protected":false},"author":1,"featured_media":0,"parent":0,"menu_order":3,"comment_status":"closed","ping_status":"closed","template":"page-templates\/template-language-combinations.php","meta":{"footnotes":""},"yoast_head":"<!-- This site is optimized with the Yoast SEO plugin v21.8.1 - https:\/\/yoast.com\/wordpress\/plugins\/seo\/ -->\n<title>Combina\u021bii de limbi - Limbi | Birou de traduceri<\/title>\n<meta name=\"description\" content=\"Lucr\u0103m cu traduc\u0103tori profesioni\u0219ti \u00een toate limbile de traducere europene. Dac\u0103 ave\u021bi nevoie de o traducere intr-o limb\u0103 str\u0103in\u0103, contacta\u021bi-ne.\" \/>\n<meta name=\"robots\" content=\"index, follow, max-snippet:-1, max-image-preview:large, max-video-preview:-1\" \/>\n<link rel=\"canonical\" href=\"https:\/\/www.bigtranslation.com\/ro\/limbi\" \/>\n<meta property=\"og:locale\" content=\"ro_RO\" \/>\n<meta property=\"og:type\" content=\"article\" \/>\n<meta property=\"og:title\" content=\"Combina\u021bii de limbi - Limbi | Birou de traduceri\" \/>\n<meta property=\"og:description\" content=\"Lucr\u0103m cu traduc\u0103tori profesioni\u0219ti \u00een toate limbile de traducere europene. Dac\u0103 ave\u021bi nevoie de o traducere intr-o limb\u0103 str\u0103in\u0103, contacta\u021bi-ne.\" \/>\n<meta property=\"og:url\" content=\"https:\/\/www.bigtranslation.com\/ro\/limbi\" \/>\n<meta property=\"og:site_name\" content=\"BigTranslation\" \/>\n<meta property=\"article:modified_time\" content=\"2021-09-07T11:10:30+00:00\" \/>\n<meta name=\"twitter:card\" content=\"summary_large_image\" \/>\n<script type=\"application\/ld+json\" class=\"yoast-schema-graph\">{\"@context\":\"https:\/\/schema.org\",\"@graph\":[{\"@type\":\"WebPage\",\"@id\":\"https:\/\/www.bigtranslation.com\/ro\/limbi\",\"url\":\"https:\/\/www.bigtranslation.com\/ro\/limbi\",\"name\":\"Combina\u021bii de limbi - Limbi | Birou de traduceri\",\"isPartOf\":{\"@id\":\"https:\/\/www.bigtranslation.com\/ro#website\"},\"datePublished\":\"2021-07-01T07:10:11+00:00\",\"dateModified\":\"2021-09-07T11:10:30+00:00\",\"description\":\"Lucr\u0103m cu traduc\u0103tori profesioni\u0219ti \u00een toate limbile de traducere europene. Dac\u0103 ave\u021bi nevoie de o traducere intr-o limb\u0103 str\u0103in\u0103, contacta\u021bi-ne.\",\"breadcrumb\":{\"@id\":\"https:\/\/www.bigtranslation.com\/ro\/limbi#breadcrumb\"},\"inLanguage\":\"ro-RO\",\"potentialAction\":[{\"@type\":\"ReadAction\",\"target\":[\"https:\/\/www.bigtranslation.com\/ro\/limbi\"]}]},{\"@type\":\"BreadcrumbList\",\"@id\":\"https:\/\/www.bigtranslation.com\/ro\/limbi#breadcrumb\",\"itemListElement\":[{\"@type\":\"ListItem\",\"position\":1,\"name\":\"Home\",\"item\":\"https:\/\/www.bigtranslation.com\/ro\"},{\"@type\":\"ListItem\",\"position\":2,\"name\":\"Combina\u021bii de limbi\"}]},{\"@type\":\"WebSite\",\"@id\":\"https:\/\/www.bigtranslation.com\/ro#website\",\"url\":\"https:\/\/www.bigtranslation.com\/ro\",\"name\":\"BigTranslation\",\"description\":\"Native and Professional translators\",\"potentialAction\":[{\"@type\":\"SearchAction\",\"target\":{\"@type\":\"EntryPoint\",\"urlTemplate\":\"https:\/\/www.bigtranslation.com\/ro?s={search_term_string}\"},\"query-input\":\"required name=search_term_string\"}],\"inLanguage\":\"ro-RO\"}]}<\/script>\n<!-- \/ Yoast SEO plugin. -->","yoast_head_json":{"title":"Combina\u021bii de limbi - Limbi | Birou de traduceri","description":"Lucr\u0103m cu traduc\u0103tori profesioni\u0219ti \u00een toate limbile de traducere europene. Dac\u0103 ave\u021bi nevoie de o traducere intr-o limb\u0103 str\u0103in\u0103, contacta\u021bi-ne.","robots":{"index":"index","follow":"follow","max-snippet":"max-snippet:-1","max-image-preview":"max-image-preview:large","max-video-preview":"max-video-preview:-1"},"canonical":"https:\/\/www.bigtranslation.com\/ro\/limbi","og_locale":"ro_RO","og_type":"article","og_title":"Combina\u021bii de limbi - Limbi | Birou de traduceri","og_description":"Lucr\u0103m cu traduc\u0103tori profesioni\u0219ti \u00een toate limbile de traducere europene. Dac\u0103 ave\u021bi nevoie de o traducere intr-o limb\u0103 str\u0103in\u0103, contacta\u021bi-ne.","og_url":"https:\/\/www.bigtranslation.com\/ro\/limbi","og_site_name":"BigTranslation","article_modified_time":"2021-09-07T11:10:30+00:00","twitter_card":"summary_large_image","schema":{"@context":"https:\/\/schema.org","@graph":[{"@type":"WebPage","@id":"https:\/\/www.bigtranslation.com\/ro\/limbi","url":"https:\/\/www.bigtranslation.com\/ro\/limbi","name":"Combina\u021bii de limbi - Limbi | Birou de traduceri","isPartOf":{"@id":"https:\/\/www.bigtranslation.com\/ro#website"},"datePublished":"2021-07-01T07:10:11+00:00","dateModified":"2021-09-07T11:10:30+00:00","description":"Lucr\u0103m cu traduc\u0103tori profesioni\u0219ti \u00een toate limbile de traducere europene. Dac\u0103 ave\u021bi nevoie de o traducere intr-o limb\u0103 str\u0103in\u0103, contacta\u021bi-ne.","breadcrumb":{"@id":"https:\/\/www.bigtranslation.com\/ro\/limbi#breadcrumb"},"inLanguage":"ro-RO","potentialAction":[{"@type":"ReadAction","target":["https:\/\/www.bigtranslation.com\/ro\/limbi"]}]},{"@type":"BreadcrumbList","@id":"https:\/\/www.bigtranslation.com\/ro\/limbi#breadcrumb","itemListElement":[{"@type":"ListItem","position":1,"name":"Home","item":"https:\/\/www.bigtranslation.com\/ro"},{"@type":"ListItem","position":2,"name":"Combina\u021bii de limbi"}]},{"@type":"WebSite","@id":"https:\/\/www.bigtranslation.com\/ro#website","url":"https:\/\/www.bigtranslation.com\/ro","name":"BigTranslation","description":"Native and Professional translators","potentialAction":[{"@type":"SearchAction","target":{"@type":"EntryPoint","urlTemplate":"https:\/\/www.bigtranslation.com\/ro?s={search_term_string}"},"query-input":"required name=search_term_string"}],"inLanguage":"ro-RO"}]}},"acf":[],"amp_enabled":true,"_links":{"self":[{"href":"https:\/\/www.bigtranslation.com\/ro\/wp-json\/wp\/v2\/pages\/1480"}],"collection":[{"href":"https:\/\/www.bigtranslation.com\/ro\/wp-json\/wp\/v2\/pages"}],"about":[{"href":"https:\/\/www.bigtranslation.com\/ro\/wp-json\/wp\/v2\/types\/page"}],"author":[{"embeddable":true,"href":"https:\/\/www.bigtranslation.com\/ro\/wp-json\/wp\/v2\/users\/1"}],"replies":[{"embeddable":true,"href":"https:\/\/www.bigtranslation.com\/ro\/wp-json\/wp\/v2\/comments?post=1480"}],"version-history":[{"count":1,"href":"https:\/\/www.bigtranslation.com\/ro\/wp-json\/wp\/v2\/pages\/1480\/revisions"}],"predecessor-version":[{"id":1482,"href":"https:\/\/www.bigtranslation.com\/ro\/wp-json\/wp\/v2\/pages\/1480\/revisions\/1482"}],"wp:attachment":[{"href":"https:\/\/www.bigtranslation.com\/ro\/wp-json\/wp\/v2\/media?parent=1480"}],"curies":[{"name":"wp","href":"https:\/\/api.w.org\/{rel}","templated":true}]}}