{"id":1655,"date":"2021-06-10T10:24:26","date_gmt":"2021-06-10T10:24:26","guid":{"rendered":"https:\/\/www.bigtranslation.com\/translation-rates\/"},"modified":"2021-09-08T12:13:59","modified_gmt":"2021-09-08T12:13:59","slug":"preturi-traduceri","status":"publish","type":"page","link":"https:\/\/www.bigtranslation.com\/ro\/preturi-traduceri","title":{"rendered":"Preturi traduceri"},"content":{"rendered":"","protected":false},"excerpt":{"rendered":"","protected":false},"author":1,"featured_media":0,"parent":0,"menu_order":24,"comment_status":"closed","ping_status":"closed","template":"page-templates\/template-rates.php","meta":{"footnotes":""},"yoast_head":"<!-- This site is optimized with the Yoast SEO plugin v21.8.1 - https:\/\/yoast.com\/wordpress\/plugins\/seo\/ -->\n<title>Preturi traduceri | Birou de traduceri<\/title>\n<meta name=\"description\" content=\"Ob\u021bine\u021bi cele mai bune tarife per traducere. Prioritatea noastr\u0103 sunt serviciile efectuate de c\u0103tre traduc\u0103tori profesioni\u0219ti. Descoperi\u021bi pre\u021burile noastre.\" \/>\n<meta name=\"robots\" content=\"index, follow, max-snippet:-1, max-image-preview:large, max-video-preview:-1\" \/>\n<link rel=\"canonical\" href=\"https:\/\/www.bigtranslation.com\/ro\/preturi-traduceri\" \/>\n<meta property=\"og:locale\" content=\"ro_RO\" \/>\n<meta property=\"og:type\" content=\"article\" \/>\n<meta property=\"og:title\" content=\"Preturi traduceri | Birou de traduceri\" \/>\n<meta property=\"og:description\" content=\"Ob\u021bine\u021bi cele mai bune tarife per traducere. Prioritatea noastr\u0103 sunt serviciile efectuate de c\u0103tre traduc\u0103tori profesioni\u0219ti. Descoperi\u021bi pre\u021burile noastre.\" \/>\n<meta property=\"og:url\" content=\"https:\/\/www.bigtranslation.com\/ro\/preturi-traduceri\" \/>\n<meta property=\"og:site_name\" content=\"BigTranslation\" \/>\n<meta property=\"article:modified_time\" content=\"2021-09-08T12:13:59+00:00\" \/>\n<meta name=\"twitter:card\" content=\"summary_large_image\" \/>\n<script type=\"application\/ld+json\" class=\"yoast-schema-graph\">{\"@context\":\"https:\/\/schema.org\",\"@graph\":[{\"@type\":\"WebPage\",\"@id\":\"https:\/\/www.bigtranslation.com\/ro\/preturi-traduceri\",\"url\":\"https:\/\/www.bigtranslation.com\/ro\/preturi-traduceri\",\"name\":\"Preturi traduceri | Birou de traduceri\",\"isPartOf\":{\"@id\":\"https:\/\/www.bigtranslation.com\/ro#website\"},\"datePublished\":\"2021-06-10T10:24:26+00:00\",\"dateModified\":\"2021-09-08T12:13:59+00:00\",\"description\":\"Ob\u021bine\u021bi cele mai bune tarife per traducere. Prioritatea noastr\u0103 sunt serviciile efectuate de c\u0103tre traduc\u0103tori profesioni\u0219ti. Descoperi\u021bi pre\u021burile noastre.\",\"breadcrumb\":{\"@id\":\"https:\/\/www.bigtranslation.com\/ro\/preturi-traduceri#breadcrumb\"},\"inLanguage\":\"ro-RO\",\"potentialAction\":[{\"@type\":\"ReadAction\",\"target\":[\"https:\/\/www.bigtranslation.com\/ro\/preturi-traduceri\"]}]},{\"@type\":\"BreadcrumbList\",\"@id\":\"https:\/\/www.bigtranslation.com\/ro\/preturi-traduceri#breadcrumb\",\"itemListElement\":[{\"@type\":\"ListItem\",\"position\":1,\"name\":\"Home\",\"item\":\"https:\/\/www.bigtranslation.com\/ro\"},{\"@type\":\"ListItem\",\"position\":2,\"name\":\"Preturi traduceri\"}]},{\"@type\":\"WebSite\",\"@id\":\"https:\/\/www.bigtranslation.com\/ro#website\",\"url\":\"https:\/\/www.bigtranslation.com\/ro\",\"name\":\"BigTranslation\",\"description\":\"Native and Professional translators\",\"potentialAction\":[{\"@type\":\"SearchAction\",\"target\":{\"@type\":\"EntryPoint\",\"urlTemplate\":\"https:\/\/www.bigtranslation.com\/ro?s={search_term_string}\"},\"query-input\":\"required name=search_term_string\"}],\"inLanguage\":\"ro-RO\"}]}<\/script>\n<!-- \/ Yoast SEO plugin. -->","yoast_head_json":{"title":"Preturi traduceri | Birou de traduceri","description":"Ob\u021bine\u021bi cele mai bune tarife per traducere. Prioritatea noastr\u0103 sunt serviciile efectuate de c\u0103tre traduc\u0103tori profesioni\u0219ti. Descoperi\u021bi pre\u021burile noastre.","robots":{"index":"index","follow":"follow","max-snippet":"max-snippet:-1","max-image-preview":"max-image-preview:large","max-video-preview":"max-video-preview:-1"},"canonical":"https:\/\/www.bigtranslation.com\/ro\/preturi-traduceri","og_locale":"ro_RO","og_type":"article","og_title":"Preturi traduceri | Birou de traduceri","og_description":"Ob\u021bine\u021bi cele mai bune tarife per traducere. Prioritatea noastr\u0103 sunt serviciile efectuate de c\u0103tre traduc\u0103tori profesioni\u0219ti. Descoperi\u021bi pre\u021burile noastre.","og_url":"https:\/\/www.bigtranslation.com\/ro\/preturi-traduceri","og_site_name":"BigTranslation","article_modified_time":"2021-09-08T12:13:59+00:00","twitter_card":"summary_large_image","schema":{"@context":"https:\/\/schema.org","@graph":[{"@type":"WebPage","@id":"https:\/\/www.bigtranslation.com\/ro\/preturi-traduceri","url":"https:\/\/www.bigtranslation.com\/ro\/preturi-traduceri","name":"Preturi traduceri | Birou de traduceri","isPartOf":{"@id":"https:\/\/www.bigtranslation.com\/ro#website"},"datePublished":"2021-06-10T10:24:26+00:00","dateModified":"2021-09-08T12:13:59+00:00","description":"Ob\u021bine\u021bi cele mai bune tarife per traducere. Prioritatea noastr\u0103 sunt serviciile efectuate de c\u0103tre traduc\u0103tori profesioni\u0219ti. Descoperi\u021bi pre\u021burile noastre.","breadcrumb":{"@id":"https:\/\/www.bigtranslation.com\/ro\/preturi-traduceri#breadcrumb"},"inLanguage":"ro-RO","potentialAction":[{"@type":"ReadAction","target":["https:\/\/www.bigtranslation.com\/ro\/preturi-traduceri"]}]},{"@type":"BreadcrumbList","@id":"https:\/\/www.bigtranslation.com\/ro\/preturi-traduceri#breadcrumb","itemListElement":[{"@type":"ListItem","position":1,"name":"Home","item":"https:\/\/www.bigtranslation.com\/ro"},{"@type":"ListItem","position":2,"name":"Preturi traduceri"}]},{"@type":"WebSite","@id":"https:\/\/www.bigtranslation.com\/ro#website","url":"https:\/\/www.bigtranslation.com\/ro","name":"BigTranslation","description":"Native and Professional translators","potentialAction":[{"@type":"SearchAction","target":{"@type":"EntryPoint","urlTemplate":"https:\/\/www.bigtranslation.com\/ro?s={search_term_string}"},"query-input":"required name=search_term_string"}],"inLanguage":"ro-RO"}]}},"acf":[],"amp_enabled":true,"_links":{"self":[{"href":"https:\/\/www.bigtranslation.com\/ro\/wp-json\/wp\/v2\/pages\/1655"}],"collection":[{"href":"https:\/\/www.bigtranslation.com\/ro\/wp-json\/wp\/v2\/pages"}],"about":[{"href":"https:\/\/www.bigtranslation.com\/ro\/wp-json\/wp\/v2\/types\/page"}],"author":[{"embeddable":true,"href":"https:\/\/www.bigtranslation.com\/ro\/wp-json\/wp\/v2\/users\/1"}],"replies":[{"embeddable":true,"href":"https:\/\/www.bigtranslation.com\/ro\/wp-json\/wp\/v2\/comments?post=1655"}],"version-history":[{"count":1,"href":"https:\/\/www.bigtranslation.com\/ro\/wp-json\/wp\/v2\/pages\/1655\/revisions"}],"predecessor-version":[{"id":1657,"href":"https:\/\/www.bigtranslation.com\/ro\/wp-json\/wp\/v2\/pages\/1655\/revisions\/1657"}],"wp:attachment":[{"href":"https:\/\/www.bigtranslation.com\/ro\/wp-json\/wp\/v2\/media?parent=1655"}],"curies":[{"name":"wp","href":"https:\/\/api.w.org\/{rel}","templated":true}]}}