{"id":1673,"date":"2021-07-14T09:46:27","date_gmt":"2021-07-14T09:46:27","guid":{"rendered":"https:\/\/www.bigtranslation.com\/automated-platform\/"},"modified":"2021-09-09T05:42:03","modified_gmt":"2021-09-09T05:42:03","slug":"platforma-automatizata","status":"publish","type":"page","link":"https:\/\/www.bigtranslation.com\/ro\/platforma-automatizata","title":{"rendered":"Automatizat\u0103 Platform\u0103"},"content":{"rendered":"","protected":false},"excerpt":{"rendered":"","protected":false},"author":1,"featured_media":0,"parent":0,"menu_order":27,"comment_status":"closed","ping_status":"closed","template":"page-templates\/template-order-management.php","meta":{"footnotes":""},"yoast_head":"<!-- This site is optimized with the Yoast SEO plugin v21.8.1 - https:\/\/yoast.com\/wordpress\/plugins\/seo\/ -->\n<title>Traducere | Birou de traduceri<\/title>\n<meta name=\"description\" content=\"Serviciile noastre de traducere online includ o platform\u0103 de traducere automat\u0103 prin care traducerile se proceseaz\u0103 mai u\u0219or\" \/>\n<meta name=\"robots\" content=\"index, follow, max-snippet:-1, max-image-preview:large, max-video-preview:-1\" \/>\n<link rel=\"canonical\" href=\"https:\/\/www.bigtranslation.com\/ro\/platforma-automatizata\" \/>\n<meta property=\"og:locale\" content=\"ro_RO\" \/>\n<meta property=\"og:type\" content=\"article\" \/>\n<meta property=\"og:title\" content=\"Traducere | Birou de traduceri\" \/>\n<meta property=\"og:description\" content=\"Serviciile noastre de traducere online includ o platform\u0103 de traducere automat\u0103 prin care traducerile se proceseaz\u0103 mai u\u0219or\" \/>\n<meta property=\"og:url\" content=\"https:\/\/www.bigtranslation.com\/ro\/platforma-automatizata\" \/>\n<meta property=\"og:site_name\" content=\"BigTranslation\" \/>\n<meta property=\"article:modified_time\" content=\"2021-09-09T05:42:03+00:00\" \/>\n<meta name=\"twitter:card\" content=\"summary_large_image\" \/>\n<script type=\"application\/ld+json\" class=\"yoast-schema-graph\">{\"@context\":\"https:\/\/schema.org\",\"@graph\":[{\"@type\":\"WebPage\",\"@id\":\"https:\/\/www.bigtranslation.com\/ro\/platforma-automatizata\",\"url\":\"https:\/\/www.bigtranslation.com\/ro\/platforma-automatizata\",\"name\":\"Traducere | Birou de traduceri\",\"isPartOf\":{\"@id\":\"https:\/\/www.bigtranslation.com\/ro#website\"},\"datePublished\":\"2021-07-14T09:46:27+00:00\",\"dateModified\":\"2021-09-09T05:42:03+00:00\",\"description\":\"Serviciile noastre de traducere online includ o platform\u0103 de traducere automat\u0103 prin care traducerile se proceseaz\u0103 mai u\u0219or\",\"breadcrumb\":{\"@id\":\"https:\/\/www.bigtranslation.com\/ro\/platforma-automatizata#breadcrumb\"},\"inLanguage\":\"ro-RO\",\"potentialAction\":[{\"@type\":\"ReadAction\",\"target\":[\"https:\/\/www.bigtranslation.com\/ro\/platforma-automatizata\"]}]},{\"@type\":\"BreadcrumbList\",\"@id\":\"https:\/\/www.bigtranslation.com\/ro\/platforma-automatizata#breadcrumb\",\"itemListElement\":[{\"@type\":\"ListItem\",\"position\":1,\"name\":\"Home\",\"item\":\"https:\/\/www.bigtranslation.com\/ro\"},{\"@type\":\"ListItem\",\"position\":2,\"name\":\"Automatizat\u0103 Platform\u0103\"}]},{\"@type\":\"WebSite\",\"@id\":\"https:\/\/www.bigtranslation.com\/ro#website\",\"url\":\"https:\/\/www.bigtranslation.com\/ro\",\"name\":\"BigTranslation\",\"description\":\"Native and Professional translators\",\"potentialAction\":[{\"@type\":\"SearchAction\",\"target\":{\"@type\":\"EntryPoint\",\"urlTemplate\":\"https:\/\/www.bigtranslation.com\/ro?s={search_term_string}\"},\"query-input\":\"required name=search_term_string\"}],\"inLanguage\":\"ro-RO\"}]}<\/script>\n<!-- \/ Yoast SEO plugin. -->","yoast_head_json":{"title":"Traducere | Birou de traduceri","description":"Serviciile noastre de traducere online includ o platform\u0103 de traducere automat\u0103 prin care traducerile se proceseaz\u0103 mai u\u0219or","robots":{"index":"index","follow":"follow","max-snippet":"max-snippet:-1","max-image-preview":"max-image-preview:large","max-video-preview":"max-video-preview:-1"},"canonical":"https:\/\/www.bigtranslation.com\/ro\/platforma-automatizata","og_locale":"ro_RO","og_type":"article","og_title":"Traducere | Birou de traduceri","og_description":"Serviciile noastre de traducere online includ o platform\u0103 de traducere automat\u0103 prin care traducerile se proceseaz\u0103 mai u\u0219or","og_url":"https:\/\/www.bigtranslation.com\/ro\/platforma-automatizata","og_site_name":"BigTranslation","article_modified_time":"2021-09-09T05:42:03+00:00","twitter_card":"summary_large_image","schema":{"@context":"https:\/\/schema.org","@graph":[{"@type":"WebPage","@id":"https:\/\/www.bigtranslation.com\/ro\/platforma-automatizata","url":"https:\/\/www.bigtranslation.com\/ro\/platforma-automatizata","name":"Traducere | Birou de traduceri","isPartOf":{"@id":"https:\/\/www.bigtranslation.com\/ro#website"},"datePublished":"2021-07-14T09:46:27+00:00","dateModified":"2021-09-09T05:42:03+00:00","description":"Serviciile noastre de traducere online includ o platform\u0103 de traducere automat\u0103 prin care traducerile se proceseaz\u0103 mai u\u0219or","breadcrumb":{"@id":"https:\/\/www.bigtranslation.com\/ro\/platforma-automatizata#breadcrumb"},"inLanguage":"ro-RO","potentialAction":[{"@type":"ReadAction","target":["https:\/\/www.bigtranslation.com\/ro\/platforma-automatizata"]}]},{"@type":"BreadcrumbList","@id":"https:\/\/www.bigtranslation.com\/ro\/platforma-automatizata#breadcrumb","itemListElement":[{"@type":"ListItem","position":1,"name":"Home","item":"https:\/\/www.bigtranslation.com\/ro"},{"@type":"ListItem","position":2,"name":"Automatizat\u0103 Platform\u0103"}]},{"@type":"WebSite","@id":"https:\/\/www.bigtranslation.com\/ro#website","url":"https:\/\/www.bigtranslation.com\/ro","name":"BigTranslation","description":"Native and Professional translators","potentialAction":[{"@type":"SearchAction","target":{"@type":"EntryPoint","urlTemplate":"https:\/\/www.bigtranslation.com\/ro?s={search_term_string}"},"query-input":"required name=search_term_string"}],"inLanguage":"ro-RO"}]}},"acf":[],"amp_enabled":true,"_links":{"self":[{"href":"https:\/\/www.bigtranslation.com\/ro\/wp-json\/wp\/v2\/pages\/1673"}],"collection":[{"href":"https:\/\/www.bigtranslation.com\/ro\/wp-json\/wp\/v2\/pages"}],"about":[{"href":"https:\/\/www.bigtranslation.com\/ro\/wp-json\/wp\/v2\/types\/page"}],"author":[{"embeddable":true,"href":"https:\/\/www.bigtranslation.com\/ro\/wp-json\/wp\/v2\/users\/1"}],"replies":[{"embeddable":true,"href":"https:\/\/www.bigtranslation.com\/ro\/wp-json\/wp\/v2\/comments?post=1673"}],"version-history":[{"count":1,"href":"https:\/\/www.bigtranslation.com\/ro\/wp-json\/wp\/v2\/pages\/1673\/revisions"}],"predecessor-version":[{"id":1675,"href":"https:\/\/www.bigtranslation.com\/ro\/wp-json\/wp\/v2\/pages\/1673\/revisions\/1675"}],"wp:attachment":[{"href":"https:\/\/www.bigtranslation.com\/ro\/wp-json\/wp\/v2\/media?parent=1673"}],"curies":[{"name":"wp","href":"https:\/\/api.w.org\/{rel}","templated":true}]}}