{"id":4838,"date":"2021-08-26T11:45:01","date_gmt":"2021-08-26T11:45:01","guid":{"rendered":"https:\/\/www.bigtranslation.com\/professional-translation-services"},"modified":"2021-09-21T07:26:32","modified_gmt":"2021-09-21T07:26:32","slug":"profesionalne-prekaldatelske-sluzby","status":"publish","type":"page","link":"https:\/\/www.bigtranslation.com\/sk\/profesionalne-prekaldatelske-sluzby","title":{"rendered":"Profesion\u00e1lne prekladate\u013esk\u00e9 slu\u017eby"},"content":{"rendered":"","protected":false},"excerpt":{"rendered":"","protected":false},"author":1,"featured_media":0,"parent":0,"menu_order":1,"comment_status":"closed","ping_status":"closed","template":"page-templates\/template-professional-translation-services.php","meta":{"footnotes":""},"yoast_head":"<!-- This site is optimized with the Yoast SEO plugin v21.8.1 - https:\/\/yoast.com\/wordpress\/plugins\/seo\/ -->\n<title>Profesion\u00e1lne prekladate\u013esk\u00e9 slu\u017eby | Profesion\u00e1lna a roden\u00e1 prekladate\u013esk\u00e1 spolo\u010dnos\u0165<\/title>\n<meta name=\"description\" content=\"Prekladatelia v na\u0161ej prekladate\u013eskej agent\u00fare prekladaj\u00fa z a do v\u0161etk\u00fdch eur\u00f3pskych jazykov. Zistite viac o na\u0161ej prekladate\u013eskej slu\u017ebe.\" \/>\n<meta name=\"robots\" content=\"index, follow, max-snippet:-1, max-image-preview:large, max-video-preview:-1\" \/>\n<link rel=\"canonical\" href=\"https:\/\/www.bigtranslation.com\/sk\/profesionalne-prekaldatelske-sluzby\" \/>\n<meta property=\"og:locale\" content=\"sk_SK\" \/>\n<meta property=\"og:type\" content=\"article\" \/>\n<meta property=\"og:title\" content=\"Profesion\u00e1lne prekladate\u013esk\u00e9 slu\u017eby | Profesion\u00e1lna a roden\u00e1 prekladate\u013esk\u00e1 spolo\u010dnos\u0165\" \/>\n<meta property=\"og:description\" content=\"Prekladatelia v na\u0161ej prekladate\u013eskej agent\u00fare prekladaj\u00fa z a do v\u0161etk\u00fdch eur\u00f3pskych jazykov. Zistite viac o na\u0161ej prekladate\u013eskej slu\u017ebe.\" \/>\n<meta property=\"og:url\" content=\"https:\/\/www.bigtranslation.com\/sk\/profesionalne-prekaldatelske-sluzby\" \/>\n<meta property=\"og:site_name\" content=\"BigTranslation\" \/>\n<meta property=\"article:modified_time\" content=\"2021-09-21T07:26:32+00:00\" \/>\n<meta name=\"twitter:card\" content=\"summary_large_image\" \/>\n<script type=\"application\/ld+json\" class=\"yoast-schema-graph\">{\"@context\":\"https:\/\/schema.org\",\"@graph\":[{\"@type\":\"WebPage\",\"@id\":\"https:\/\/www.bigtranslation.com\/sk\/profesionalne-prekaldatelske-sluzby\",\"url\":\"https:\/\/www.bigtranslation.com\/sk\/profesionalne-prekaldatelske-sluzby\",\"name\":\"Profesion\u00e1lne prekladate\u013esk\u00e9 slu\u017eby | Profesion\u00e1lna a roden\u00e1 prekladate\u013esk\u00e1 spolo\u010dnos\u0165\",\"isPartOf\":{\"@id\":\"https:\/\/www.bigtranslation.com\/sk#website\"},\"datePublished\":\"2021-08-26T11:45:01+00:00\",\"dateModified\":\"2021-09-21T07:26:32+00:00\",\"description\":\"Prekladatelia v na\u0161ej prekladate\u013eskej agent\u00fare prekladaj\u00fa z a do v\u0161etk\u00fdch eur\u00f3pskych jazykov. Zistite viac o na\u0161ej prekladate\u013eskej slu\u017ebe.\",\"breadcrumb\":{\"@id\":\"https:\/\/www.bigtranslation.com\/sk\/profesionalne-prekaldatelske-sluzby#breadcrumb\"},\"inLanguage\":\"sk-SK\",\"potentialAction\":[{\"@type\":\"ReadAction\",\"target\":[\"https:\/\/www.bigtranslation.com\/sk\/profesionalne-prekaldatelske-sluzby\"]}]},{\"@type\":\"BreadcrumbList\",\"@id\":\"https:\/\/www.bigtranslation.com\/sk\/profesionalne-prekaldatelske-sluzby#breadcrumb\",\"itemListElement\":[{\"@type\":\"ListItem\",\"position\":1,\"name\":\"Home\",\"item\":\"https:\/\/www.bigtranslation.com\/sk\"},{\"@type\":\"ListItem\",\"position\":2,\"name\":\"Profesion\u00e1lne prekladate\u013esk\u00e9 slu\u017eby\"}]},{\"@type\":\"WebSite\",\"@id\":\"https:\/\/www.bigtranslation.com\/sk#website\",\"url\":\"https:\/\/www.bigtranslation.com\/sk\",\"name\":\"BigTranslation\",\"description\":\"Native and Professional translators\",\"potentialAction\":[{\"@type\":\"SearchAction\",\"target\":{\"@type\":\"EntryPoint\",\"urlTemplate\":\"https:\/\/www.bigtranslation.com\/sk?s={search_term_string}\"},\"query-input\":\"required name=search_term_string\"}],\"inLanguage\":\"sk-SK\"}]}<\/script>\n<!-- \/ Yoast SEO plugin. -->","yoast_head_json":{"title":"Profesion\u00e1lne prekladate\u013esk\u00e9 slu\u017eby | Profesion\u00e1lna a roden\u00e1 prekladate\u013esk\u00e1 spolo\u010dnos\u0165","description":"Prekladatelia v na\u0161ej prekladate\u013eskej agent\u00fare prekladaj\u00fa z a do v\u0161etk\u00fdch eur\u00f3pskych jazykov. Zistite viac o na\u0161ej prekladate\u013eskej slu\u017ebe.","robots":{"index":"index","follow":"follow","max-snippet":"max-snippet:-1","max-image-preview":"max-image-preview:large","max-video-preview":"max-video-preview:-1"},"canonical":"https:\/\/www.bigtranslation.com\/sk\/profesionalne-prekaldatelske-sluzby","og_locale":"sk_SK","og_type":"article","og_title":"Profesion\u00e1lne prekladate\u013esk\u00e9 slu\u017eby | Profesion\u00e1lna a roden\u00e1 prekladate\u013esk\u00e1 spolo\u010dnos\u0165","og_description":"Prekladatelia v na\u0161ej prekladate\u013eskej agent\u00fare prekladaj\u00fa z a do v\u0161etk\u00fdch eur\u00f3pskych jazykov. Zistite viac o na\u0161ej prekladate\u013eskej slu\u017ebe.","og_url":"https:\/\/www.bigtranslation.com\/sk\/profesionalne-prekaldatelske-sluzby","og_site_name":"BigTranslation","article_modified_time":"2021-09-21T07:26:32+00:00","twitter_card":"summary_large_image","schema":{"@context":"https:\/\/schema.org","@graph":[{"@type":"WebPage","@id":"https:\/\/www.bigtranslation.com\/sk\/profesionalne-prekaldatelske-sluzby","url":"https:\/\/www.bigtranslation.com\/sk\/profesionalne-prekaldatelske-sluzby","name":"Profesion\u00e1lne prekladate\u013esk\u00e9 slu\u017eby | Profesion\u00e1lna a roden\u00e1 prekladate\u013esk\u00e1 spolo\u010dnos\u0165","isPartOf":{"@id":"https:\/\/www.bigtranslation.com\/sk#website"},"datePublished":"2021-08-26T11:45:01+00:00","dateModified":"2021-09-21T07:26:32+00:00","description":"Prekladatelia v na\u0161ej prekladate\u013eskej agent\u00fare prekladaj\u00fa z a do v\u0161etk\u00fdch eur\u00f3pskych jazykov. Zistite viac o na\u0161ej prekladate\u013eskej slu\u017ebe.","breadcrumb":{"@id":"https:\/\/www.bigtranslation.com\/sk\/profesionalne-prekaldatelske-sluzby#breadcrumb"},"inLanguage":"sk-SK","potentialAction":[{"@type":"ReadAction","target":["https:\/\/www.bigtranslation.com\/sk\/profesionalne-prekaldatelske-sluzby"]}]},{"@type":"BreadcrumbList","@id":"https:\/\/www.bigtranslation.com\/sk\/profesionalne-prekaldatelske-sluzby#breadcrumb","itemListElement":[{"@type":"ListItem","position":1,"name":"Home","item":"https:\/\/www.bigtranslation.com\/sk"},{"@type":"ListItem","position":2,"name":"Profesion\u00e1lne prekladate\u013esk\u00e9 slu\u017eby"}]},{"@type":"WebSite","@id":"https:\/\/www.bigtranslation.com\/sk#website","url":"https:\/\/www.bigtranslation.com\/sk","name":"BigTranslation","description":"Native and Professional translators","potentialAction":[{"@type":"SearchAction","target":{"@type":"EntryPoint","urlTemplate":"https:\/\/www.bigtranslation.com\/sk?s={search_term_string}"},"query-input":"required name=search_term_string"}],"inLanguage":"sk-SK"}]}},"acf":[],"amp_enabled":true,"_links":{"self":[{"href":"https:\/\/www.bigtranslation.com\/sk\/wp-json\/wp\/v2\/pages\/4838"}],"collection":[{"href":"https:\/\/www.bigtranslation.com\/sk\/wp-json\/wp\/v2\/pages"}],"about":[{"href":"https:\/\/www.bigtranslation.com\/sk\/wp-json\/wp\/v2\/types\/page"}],"author":[{"embeddable":true,"href":"https:\/\/www.bigtranslation.com\/sk\/wp-json\/wp\/v2\/users\/1"}],"replies":[{"embeddable":true,"href":"https:\/\/www.bigtranslation.com\/sk\/wp-json\/wp\/v2\/comments?post=4838"}],"version-history":[{"count":2,"href":"https:\/\/www.bigtranslation.com\/sk\/wp-json\/wp\/v2\/pages\/4838\/revisions"}],"predecessor-version":[{"id":4850,"href":"https:\/\/www.bigtranslation.com\/sk\/wp-json\/wp\/v2\/pages\/4838\/revisions\/4850"}],"wp:attachment":[{"href":"https:\/\/www.bigtranslation.com\/sk\/wp-json\/wp\/v2\/media?parent=4838"}],"curies":[{"name":"wp","href":"https:\/\/api.w.org\/{rel}","templated":true}]}}