{"id":4953,"date":"2021-06-25T06:12:12","date_gmt":"2021-06-25T06:12:12","guid":{"rendered":"https:\/\/www.bigtranslation.com\/native-translators"},"modified":"2021-09-21T08:26:31","modified_gmt":"2021-09-21T08:26:31","slug":"rodeni-prekladatelia","status":"publish","type":"page","link":"https:\/\/www.bigtranslation.com\/sk\/rodeni-prekladatelia","title":{"rendered":"Roden\u00ed prekladatelia"},"content":{"rendered":"","protected":false},"excerpt":{"rendered":"","protected":false},"author":1,"featured_media":0,"parent":0,"menu_order":2,"comment_status":"closed","ping_status":"closed","template":"page-templates\/template-native-translators.php","meta":{"footnotes":""},"yoast_head":"<!-- This site is optimized with the Yoast SEO plugin v21.8.1 - https:\/\/yoast.com\/wordpress\/plugins\/seo\/ -->\n<title>Roden\u00ed prekladatelia | Prekladate\u013esk\u00e1 agent\u00fara<\/title>\n<meta name=\"description\" content=\"T\u00edm profesion\u00e1lnych prekladate\u013eov je tvoren\u00fd kvalifikovan\u00fdmi roden\u00fdmi hovoriacimi s bohat\u00fdmi sk\u00fasenos\u0165ami v oblasti prekladov a korekt\u00far.\" \/>\n<meta name=\"robots\" content=\"index, follow, max-snippet:-1, max-image-preview:large, max-video-preview:-1\" \/>\n<link rel=\"canonical\" href=\"https:\/\/www.bigtranslation.com\/sk\/rodeni-prekladatelia\" \/>\n<meta property=\"og:locale\" content=\"sk_SK\" \/>\n<meta property=\"og:type\" content=\"article\" \/>\n<meta property=\"og:title\" content=\"Roden\u00ed prekladatelia | Prekladate\u013esk\u00e1 agent\u00fara\" \/>\n<meta property=\"og:description\" content=\"T\u00edm profesion\u00e1lnych prekladate\u013eov je tvoren\u00fd kvalifikovan\u00fdmi roden\u00fdmi hovoriacimi s bohat\u00fdmi sk\u00fasenos\u0165ami v oblasti prekladov a korekt\u00far.\" \/>\n<meta property=\"og:url\" content=\"https:\/\/www.bigtranslation.com\/sk\/rodeni-prekladatelia\" \/>\n<meta property=\"og:site_name\" content=\"BigTranslation\" \/>\n<meta property=\"article:modified_time\" content=\"2021-09-21T08:26:31+00:00\" \/>\n<meta name=\"twitter:card\" content=\"summary_large_image\" \/>\n<script type=\"application\/ld+json\" class=\"yoast-schema-graph\">{\"@context\":\"https:\/\/schema.org\",\"@graph\":[{\"@type\":\"WebPage\",\"@id\":\"https:\/\/www.bigtranslation.com\/sk\/rodeni-prekladatelia\",\"url\":\"https:\/\/www.bigtranslation.com\/sk\/rodeni-prekladatelia\",\"name\":\"Roden\u00ed prekladatelia | Prekladate\u013esk\u00e1 agent\u00fara\",\"isPartOf\":{\"@id\":\"https:\/\/www.bigtranslation.com\/sk#website\"},\"datePublished\":\"2021-06-25T06:12:12+00:00\",\"dateModified\":\"2021-09-21T08:26:31+00:00\",\"description\":\"T\u00edm profesion\u00e1lnych prekladate\u013eov je tvoren\u00fd kvalifikovan\u00fdmi roden\u00fdmi hovoriacimi s bohat\u00fdmi sk\u00fasenos\u0165ami v oblasti prekladov a korekt\u00far.\",\"breadcrumb\":{\"@id\":\"https:\/\/www.bigtranslation.com\/sk\/rodeni-prekladatelia#breadcrumb\"},\"inLanguage\":\"sk-SK\",\"potentialAction\":[{\"@type\":\"ReadAction\",\"target\":[\"https:\/\/www.bigtranslation.com\/sk\/rodeni-prekladatelia\"]}]},{\"@type\":\"BreadcrumbList\",\"@id\":\"https:\/\/www.bigtranslation.com\/sk\/rodeni-prekladatelia#breadcrumb\",\"itemListElement\":[{\"@type\":\"ListItem\",\"position\":1,\"name\":\"Home\",\"item\":\"https:\/\/www.bigtranslation.com\/sk\"},{\"@type\":\"ListItem\",\"position\":2,\"name\":\"Roden\u00ed prekladatelia\"}]},{\"@type\":\"WebSite\",\"@id\":\"https:\/\/www.bigtranslation.com\/sk#website\",\"url\":\"https:\/\/www.bigtranslation.com\/sk\",\"name\":\"BigTranslation\",\"description\":\"Native and Professional translators\",\"potentialAction\":[{\"@type\":\"SearchAction\",\"target\":{\"@type\":\"EntryPoint\",\"urlTemplate\":\"https:\/\/www.bigtranslation.com\/sk?s={search_term_string}\"},\"query-input\":\"required name=search_term_string\"}],\"inLanguage\":\"sk-SK\"}]}<\/script>\n<!-- \/ Yoast SEO plugin. -->","yoast_head_json":{"title":"Roden\u00ed prekladatelia | Prekladate\u013esk\u00e1 agent\u00fara","description":"T\u00edm profesion\u00e1lnych prekladate\u013eov je tvoren\u00fd kvalifikovan\u00fdmi roden\u00fdmi hovoriacimi s bohat\u00fdmi sk\u00fasenos\u0165ami v oblasti prekladov a korekt\u00far.","robots":{"index":"index","follow":"follow","max-snippet":"max-snippet:-1","max-image-preview":"max-image-preview:large","max-video-preview":"max-video-preview:-1"},"canonical":"https:\/\/www.bigtranslation.com\/sk\/rodeni-prekladatelia","og_locale":"sk_SK","og_type":"article","og_title":"Roden\u00ed prekladatelia | Prekladate\u013esk\u00e1 agent\u00fara","og_description":"T\u00edm profesion\u00e1lnych prekladate\u013eov je tvoren\u00fd kvalifikovan\u00fdmi roden\u00fdmi hovoriacimi s bohat\u00fdmi sk\u00fasenos\u0165ami v oblasti prekladov a korekt\u00far.","og_url":"https:\/\/www.bigtranslation.com\/sk\/rodeni-prekladatelia","og_site_name":"BigTranslation","article_modified_time":"2021-09-21T08:26:31+00:00","twitter_card":"summary_large_image","schema":{"@context":"https:\/\/schema.org","@graph":[{"@type":"WebPage","@id":"https:\/\/www.bigtranslation.com\/sk\/rodeni-prekladatelia","url":"https:\/\/www.bigtranslation.com\/sk\/rodeni-prekladatelia","name":"Roden\u00ed prekladatelia | Prekladate\u013esk\u00e1 agent\u00fara","isPartOf":{"@id":"https:\/\/www.bigtranslation.com\/sk#website"},"datePublished":"2021-06-25T06:12:12+00:00","dateModified":"2021-09-21T08:26:31+00:00","description":"T\u00edm profesion\u00e1lnych prekladate\u013eov je tvoren\u00fd kvalifikovan\u00fdmi roden\u00fdmi hovoriacimi s bohat\u00fdmi sk\u00fasenos\u0165ami v oblasti prekladov a korekt\u00far.","breadcrumb":{"@id":"https:\/\/www.bigtranslation.com\/sk\/rodeni-prekladatelia#breadcrumb"},"inLanguage":"sk-SK","potentialAction":[{"@type":"ReadAction","target":["https:\/\/www.bigtranslation.com\/sk\/rodeni-prekladatelia"]}]},{"@type":"BreadcrumbList","@id":"https:\/\/www.bigtranslation.com\/sk\/rodeni-prekladatelia#breadcrumb","itemListElement":[{"@type":"ListItem","position":1,"name":"Home","item":"https:\/\/www.bigtranslation.com\/sk"},{"@type":"ListItem","position":2,"name":"Roden\u00ed prekladatelia"}]},{"@type":"WebSite","@id":"https:\/\/www.bigtranslation.com\/sk#website","url":"https:\/\/www.bigtranslation.com\/sk","name":"BigTranslation","description":"Native and Professional translators","potentialAction":[{"@type":"SearchAction","target":{"@type":"EntryPoint","urlTemplate":"https:\/\/www.bigtranslation.com\/sk?s={search_term_string}"},"query-input":"required name=search_term_string"}],"inLanguage":"sk-SK"}]}},"acf":[],"amp_enabled":true,"_links":{"self":[{"href":"https:\/\/www.bigtranslation.com\/sk\/wp-json\/wp\/v2\/pages\/4953"}],"collection":[{"href":"https:\/\/www.bigtranslation.com\/sk\/wp-json\/wp\/v2\/pages"}],"about":[{"href":"https:\/\/www.bigtranslation.com\/sk\/wp-json\/wp\/v2\/types\/page"}],"author":[{"embeddable":true,"href":"https:\/\/www.bigtranslation.com\/sk\/wp-json\/wp\/v2\/users\/1"}],"replies":[{"embeddable":true,"href":"https:\/\/www.bigtranslation.com\/sk\/wp-json\/wp\/v2\/comments?post=4953"}],"version-history":[{"count":2,"href":"https:\/\/www.bigtranslation.com\/sk\/wp-json\/wp\/v2\/pages\/4953\/revisions"}],"predecessor-version":[{"id":4956,"href":"https:\/\/www.bigtranslation.com\/sk\/wp-json\/wp\/v2\/pages\/4953\/revisions\/4956"}],"wp:attachment":[{"href":"https:\/\/www.bigtranslation.com\/sk\/wp-json\/wp\/v2\/media?parent=4953"}],"curies":[{"name":"wp","href":"https:\/\/api.w.org\/{rel}","templated":true}]}}