{"id":4974,"date":"2021-07-12T12:16:20","date_gmt":"2021-07-12T12:16:20","guid":{"rendered":"https:\/\/www.bigtranslation.com\/seo-translation"},"modified":"2021-09-21T08:48:30","modified_gmt":"2021-09-21T08:48:30","slug":"seo-preklad","status":"publish","type":"page","link":"https:\/\/www.bigtranslation.com\/sk\/seo-preklad","title":{"rendered":"SEO preklad"},"content":{"rendered":"","protected":false},"excerpt":{"rendered":"","protected":false},"author":1,"featured_media":0,"parent":0,"menu_order":5,"comment_status":"closed","ping_status":"closed","template":"page-templates\/template-seo-translation.php","meta":{"footnotes":""},"yoast_head":"<!-- This site is optimized with the Yoast SEO plugin v21.8.1 - https:\/\/yoast.com\/wordpress\/plugins\/seo\/ -->\n<title>SEO preklad | Prekladate\u013esk\u00e1 agent\u00fara<\/title>\n<meta name=\"description\" content=\"Agent\u00fara si hravo porad\u00ed so SEO, m\u00e1me na to t\u00edm prekladate\u013eov, ktor\u00ed sa \u0161pecializuj\u00fa na preklady web, aby ich vyh\u013ead\u00e1va\u010de zobrazovali na popredn\u00fdch poz\u00edci\u00e1ch.\" \/>\n<meta name=\"robots\" content=\"index, follow, max-snippet:-1, max-image-preview:large, max-video-preview:-1\" \/>\n<link rel=\"canonical\" href=\"https:\/\/www.bigtranslation.com\/sk\/seo-preklad\" \/>\n<meta property=\"og:locale\" content=\"sk_SK\" \/>\n<meta property=\"og:type\" content=\"article\" \/>\n<meta property=\"og:title\" content=\"SEO preklad | Prekladate\u013esk\u00e1 agent\u00fara\" \/>\n<meta property=\"og:description\" content=\"Agent\u00fara si hravo porad\u00ed so SEO, m\u00e1me na to t\u00edm prekladate\u013eov, ktor\u00ed sa \u0161pecializuj\u00fa na preklady web, aby ich vyh\u013ead\u00e1va\u010de zobrazovali na popredn\u00fdch poz\u00edci\u00e1ch.\" \/>\n<meta property=\"og:url\" content=\"https:\/\/www.bigtranslation.com\/sk\/seo-preklad\" \/>\n<meta property=\"og:site_name\" content=\"BigTranslation\" \/>\n<meta property=\"article:modified_time\" content=\"2021-09-21T08:48:30+00:00\" \/>\n<meta name=\"twitter:card\" content=\"summary_large_image\" \/>\n<script type=\"application\/ld+json\" class=\"yoast-schema-graph\">{\"@context\":\"https:\/\/schema.org\",\"@graph\":[{\"@type\":\"WebPage\",\"@id\":\"https:\/\/www.bigtranslation.com\/sk\/seo-preklad\",\"url\":\"https:\/\/www.bigtranslation.com\/sk\/seo-preklad\",\"name\":\"SEO preklad | Prekladate\u013esk\u00e1 agent\u00fara\",\"isPartOf\":{\"@id\":\"https:\/\/www.bigtranslation.com\/sk#website\"},\"datePublished\":\"2021-07-12T12:16:20+00:00\",\"dateModified\":\"2021-09-21T08:48:30+00:00\",\"description\":\"Agent\u00fara si hravo porad\u00ed so SEO, m\u00e1me na to t\u00edm prekladate\u013eov, ktor\u00ed sa \u0161pecializuj\u00fa na preklady web, aby ich vyh\u013ead\u00e1va\u010de zobrazovali na popredn\u00fdch poz\u00edci\u00e1ch.\",\"breadcrumb\":{\"@id\":\"https:\/\/www.bigtranslation.com\/sk\/seo-preklad#breadcrumb\"},\"inLanguage\":\"sk-SK\",\"potentialAction\":[{\"@type\":\"ReadAction\",\"target\":[\"https:\/\/www.bigtranslation.com\/sk\/seo-preklad\"]}]},{\"@type\":\"BreadcrumbList\",\"@id\":\"https:\/\/www.bigtranslation.com\/sk\/seo-preklad#breadcrumb\",\"itemListElement\":[{\"@type\":\"ListItem\",\"position\":1,\"name\":\"Home\",\"item\":\"https:\/\/www.bigtranslation.com\/sk\"},{\"@type\":\"ListItem\",\"position\":2,\"name\":\"SEO preklad\"}]},{\"@type\":\"WebSite\",\"@id\":\"https:\/\/www.bigtranslation.com\/sk#website\",\"url\":\"https:\/\/www.bigtranslation.com\/sk\",\"name\":\"BigTranslation\",\"description\":\"Native and Professional translators\",\"potentialAction\":[{\"@type\":\"SearchAction\",\"target\":{\"@type\":\"EntryPoint\",\"urlTemplate\":\"https:\/\/www.bigtranslation.com\/sk?s={search_term_string}\"},\"query-input\":\"required name=search_term_string\"}],\"inLanguage\":\"sk-SK\"}]}<\/script>\n<!-- \/ Yoast SEO plugin. -->","yoast_head_json":{"title":"SEO preklad | Prekladate\u013esk\u00e1 agent\u00fara","description":"Agent\u00fara si hravo porad\u00ed so SEO, m\u00e1me na to t\u00edm prekladate\u013eov, ktor\u00ed sa \u0161pecializuj\u00fa na preklady web, aby ich vyh\u013ead\u00e1va\u010de zobrazovali na popredn\u00fdch poz\u00edci\u00e1ch.","robots":{"index":"index","follow":"follow","max-snippet":"max-snippet:-1","max-image-preview":"max-image-preview:large","max-video-preview":"max-video-preview:-1"},"canonical":"https:\/\/www.bigtranslation.com\/sk\/seo-preklad","og_locale":"sk_SK","og_type":"article","og_title":"SEO preklad | Prekladate\u013esk\u00e1 agent\u00fara","og_description":"Agent\u00fara si hravo porad\u00ed so SEO, m\u00e1me na to t\u00edm prekladate\u013eov, ktor\u00ed sa \u0161pecializuj\u00fa na preklady web, aby ich vyh\u013ead\u00e1va\u010de zobrazovali na popredn\u00fdch poz\u00edci\u00e1ch.","og_url":"https:\/\/www.bigtranslation.com\/sk\/seo-preklad","og_site_name":"BigTranslation","article_modified_time":"2021-09-21T08:48:30+00:00","twitter_card":"summary_large_image","schema":{"@context":"https:\/\/schema.org","@graph":[{"@type":"WebPage","@id":"https:\/\/www.bigtranslation.com\/sk\/seo-preklad","url":"https:\/\/www.bigtranslation.com\/sk\/seo-preklad","name":"SEO preklad | Prekladate\u013esk\u00e1 agent\u00fara","isPartOf":{"@id":"https:\/\/www.bigtranslation.com\/sk#website"},"datePublished":"2021-07-12T12:16:20+00:00","dateModified":"2021-09-21T08:48:30+00:00","description":"Agent\u00fara si hravo porad\u00ed so SEO, m\u00e1me na to t\u00edm prekladate\u013eov, ktor\u00ed sa \u0161pecializuj\u00fa na preklady web, aby ich vyh\u013ead\u00e1va\u010de zobrazovali na popredn\u00fdch poz\u00edci\u00e1ch.","breadcrumb":{"@id":"https:\/\/www.bigtranslation.com\/sk\/seo-preklad#breadcrumb"},"inLanguage":"sk-SK","potentialAction":[{"@type":"ReadAction","target":["https:\/\/www.bigtranslation.com\/sk\/seo-preklad"]}]},{"@type":"BreadcrumbList","@id":"https:\/\/www.bigtranslation.com\/sk\/seo-preklad#breadcrumb","itemListElement":[{"@type":"ListItem","position":1,"name":"Home","item":"https:\/\/www.bigtranslation.com\/sk"},{"@type":"ListItem","position":2,"name":"SEO preklad"}]},{"@type":"WebSite","@id":"https:\/\/www.bigtranslation.com\/sk#website","url":"https:\/\/www.bigtranslation.com\/sk","name":"BigTranslation","description":"Native and Professional translators","potentialAction":[{"@type":"SearchAction","target":{"@type":"EntryPoint","urlTemplate":"https:\/\/www.bigtranslation.com\/sk?s={search_term_string}"},"query-input":"required name=search_term_string"}],"inLanguage":"sk-SK"}]}},"acf":[],"amp_enabled":true,"_links":{"self":[{"href":"https:\/\/www.bigtranslation.com\/sk\/wp-json\/wp\/v2\/pages\/4974"}],"collection":[{"href":"https:\/\/www.bigtranslation.com\/sk\/wp-json\/wp\/v2\/pages"}],"about":[{"href":"https:\/\/www.bigtranslation.com\/sk\/wp-json\/wp\/v2\/types\/page"}],"author":[{"embeddable":true,"href":"https:\/\/www.bigtranslation.com\/sk\/wp-json\/wp\/v2\/users\/1"}],"replies":[{"embeddable":true,"href":"https:\/\/www.bigtranslation.com\/sk\/wp-json\/wp\/v2\/comments?post=4974"}],"version-history":[{"count":2,"href":"https:\/\/www.bigtranslation.com\/sk\/wp-json\/wp\/v2\/pages\/4974\/revisions"}],"predecessor-version":[{"id":4977,"href":"https:\/\/www.bigtranslation.com\/sk\/wp-json\/wp\/v2\/pages\/4974\/revisions\/4977"}],"wp:attachment":[{"href":"https:\/\/www.bigtranslation.com\/sk\/wp-json\/wp\/v2\/media?parent=4974"}],"curies":[{"name":"wp","href":"https:\/\/api.w.org\/{rel}","templated":true}]}}