{"id":5156,"date":"2021-06-10T10:24:26","date_gmt":"2021-06-10T10:24:26","guid":{"rendered":"http:\/\/www.bigtranslation.com\/translation-rates"},"modified":"2021-09-21T10:22:16","modified_gmt":"2021-09-21T10:22:16","slug":"ceny-prekladu","status":"publish","type":"page","link":"https:\/\/www.bigtranslation.com\/sk\/ceny-prekladu","title":{"rendered":"Ceny prekladov"},"content":{"rendered":"","protected":false},"excerpt":{"rendered":"","protected":false},"author":1,"featured_media":0,"parent":0,"menu_order":24,"comment_status":"closed","ping_status":"closed","template":"page-templates\/template-rates.php","meta":{"footnotes":""},"yoast_head":"<!-- This site is optimized with the Yoast SEO plugin v21.8.1 - https:\/\/yoast.com\/wordpress\/plugins\/seo\/ -->\n<title>Ceny prekladov | Prekladate\u013esk\u00e1 agent\u00fara<\/title>\n<meta name=\"description\" content=\"Nechajte si urobi\u0165 preklad za najlep\u0161iu cenu. Na\u0161ou prioritou s\u00fa profesion\u00e1lne slu\u017eby. Objavte na\u0161e ceny za preklady a po\u010d\u00edtanie ceny pod\u013ea po\u010dtu slov.\" \/>\n<meta name=\"robots\" content=\"index, follow, max-snippet:-1, max-image-preview:large, max-video-preview:-1\" \/>\n<link rel=\"canonical\" href=\"https:\/\/www.bigtranslation.com\/sk\/ceny-prekladu\" \/>\n<meta property=\"og:locale\" content=\"sk_SK\" \/>\n<meta property=\"og:type\" content=\"article\" \/>\n<meta property=\"og:title\" content=\"Ceny prekladov | Prekladate\u013esk\u00e1 agent\u00fara\" \/>\n<meta property=\"og:description\" content=\"Nechajte si urobi\u0165 preklad za najlep\u0161iu cenu. Na\u0161ou prioritou s\u00fa profesion\u00e1lne slu\u017eby. Objavte na\u0161e ceny za preklady a po\u010d\u00edtanie ceny pod\u013ea po\u010dtu slov.\" \/>\n<meta property=\"og:url\" content=\"https:\/\/www.bigtranslation.com\/sk\/ceny-prekladu\" \/>\n<meta property=\"og:site_name\" content=\"BigTranslation\" \/>\n<meta property=\"article:modified_time\" content=\"2021-09-21T10:22:16+00:00\" \/>\n<meta name=\"twitter:card\" content=\"summary_large_image\" \/>\n<script type=\"application\/ld+json\" class=\"yoast-schema-graph\">{\"@context\":\"https:\/\/schema.org\",\"@graph\":[{\"@type\":\"WebPage\",\"@id\":\"https:\/\/www.bigtranslation.com\/sk\/ceny-prekladu\",\"url\":\"https:\/\/www.bigtranslation.com\/sk\/ceny-prekladu\",\"name\":\"Ceny prekladov | Prekladate\u013esk\u00e1 agent\u00fara\",\"isPartOf\":{\"@id\":\"https:\/\/www.bigtranslation.com\/sk#website\"},\"datePublished\":\"2021-06-10T10:24:26+00:00\",\"dateModified\":\"2021-09-21T10:22:16+00:00\",\"description\":\"Nechajte si urobi\u0165 preklad za najlep\u0161iu cenu. Na\u0161ou prioritou s\u00fa profesion\u00e1lne slu\u017eby. Objavte na\u0161e ceny za preklady a po\u010d\u00edtanie ceny pod\u013ea po\u010dtu slov.\",\"breadcrumb\":{\"@id\":\"https:\/\/www.bigtranslation.com\/sk\/ceny-prekladu#breadcrumb\"},\"inLanguage\":\"sk-SK\",\"potentialAction\":[{\"@type\":\"ReadAction\",\"target\":[\"https:\/\/www.bigtranslation.com\/sk\/ceny-prekladu\"]}]},{\"@type\":\"BreadcrumbList\",\"@id\":\"https:\/\/www.bigtranslation.com\/sk\/ceny-prekladu#breadcrumb\",\"itemListElement\":[{\"@type\":\"ListItem\",\"position\":1,\"name\":\"Home\",\"item\":\"https:\/\/www.bigtranslation.com\/sk\"},{\"@type\":\"ListItem\",\"position\":2,\"name\":\"Ceny prekladov\"}]},{\"@type\":\"WebSite\",\"@id\":\"https:\/\/www.bigtranslation.com\/sk#website\",\"url\":\"https:\/\/www.bigtranslation.com\/sk\",\"name\":\"BigTranslation\",\"description\":\"Native and Professional translators\",\"potentialAction\":[{\"@type\":\"SearchAction\",\"target\":{\"@type\":\"EntryPoint\",\"urlTemplate\":\"https:\/\/www.bigtranslation.com\/sk?s={search_term_string}\"},\"query-input\":\"required name=search_term_string\"}],\"inLanguage\":\"sk-SK\"}]}<\/script>\n<!-- \/ Yoast SEO plugin. -->","yoast_head_json":{"title":"Ceny prekladov | Prekladate\u013esk\u00e1 agent\u00fara","description":"Nechajte si urobi\u0165 preklad za najlep\u0161iu cenu. Na\u0161ou prioritou s\u00fa profesion\u00e1lne slu\u017eby. Objavte na\u0161e ceny za preklady a po\u010d\u00edtanie ceny pod\u013ea po\u010dtu slov.","robots":{"index":"index","follow":"follow","max-snippet":"max-snippet:-1","max-image-preview":"max-image-preview:large","max-video-preview":"max-video-preview:-1"},"canonical":"https:\/\/www.bigtranslation.com\/sk\/ceny-prekladu","og_locale":"sk_SK","og_type":"article","og_title":"Ceny prekladov | Prekladate\u013esk\u00e1 agent\u00fara","og_description":"Nechajte si urobi\u0165 preklad za najlep\u0161iu cenu. Na\u0161ou prioritou s\u00fa profesion\u00e1lne slu\u017eby. Objavte na\u0161e ceny za preklady a po\u010d\u00edtanie ceny pod\u013ea po\u010dtu slov.","og_url":"https:\/\/www.bigtranslation.com\/sk\/ceny-prekladu","og_site_name":"BigTranslation","article_modified_time":"2021-09-21T10:22:16+00:00","twitter_card":"summary_large_image","schema":{"@context":"https:\/\/schema.org","@graph":[{"@type":"WebPage","@id":"https:\/\/www.bigtranslation.com\/sk\/ceny-prekladu","url":"https:\/\/www.bigtranslation.com\/sk\/ceny-prekladu","name":"Ceny prekladov | Prekladate\u013esk\u00e1 agent\u00fara","isPartOf":{"@id":"https:\/\/www.bigtranslation.com\/sk#website"},"datePublished":"2021-06-10T10:24:26+00:00","dateModified":"2021-09-21T10:22:16+00:00","description":"Nechajte si urobi\u0165 preklad za najlep\u0161iu cenu. Na\u0161ou prioritou s\u00fa profesion\u00e1lne slu\u017eby. Objavte na\u0161e ceny za preklady a po\u010d\u00edtanie ceny pod\u013ea po\u010dtu slov.","breadcrumb":{"@id":"https:\/\/www.bigtranslation.com\/sk\/ceny-prekladu#breadcrumb"},"inLanguage":"sk-SK","potentialAction":[{"@type":"ReadAction","target":["https:\/\/www.bigtranslation.com\/sk\/ceny-prekladu"]}]},{"@type":"BreadcrumbList","@id":"https:\/\/www.bigtranslation.com\/sk\/ceny-prekladu#breadcrumb","itemListElement":[{"@type":"ListItem","position":1,"name":"Home","item":"https:\/\/www.bigtranslation.com\/sk"},{"@type":"ListItem","position":2,"name":"Ceny prekladov"}]},{"@type":"WebSite","@id":"https:\/\/www.bigtranslation.com\/sk#website","url":"https:\/\/www.bigtranslation.com\/sk","name":"BigTranslation","description":"Native and Professional translators","potentialAction":[{"@type":"SearchAction","target":{"@type":"EntryPoint","urlTemplate":"https:\/\/www.bigtranslation.com\/sk?s={search_term_string}"},"query-input":"required name=search_term_string"}],"inLanguage":"sk-SK"}]}},"acf":[],"amp_enabled":true,"_links":{"self":[{"href":"https:\/\/www.bigtranslation.com\/sk\/wp-json\/wp\/v2\/pages\/5156"}],"collection":[{"href":"https:\/\/www.bigtranslation.com\/sk\/wp-json\/wp\/v2\/pages"}],"about":[{"href":"https:\/\/www.bigtranslation.com\/sk\/wp-json\/wp\/v2\/types\/page"}],"author":[{"embeddable":true,"href":"https:\/\/www.bigtranslation.com\/sk\/wp-json\/wp\/v2\/users\/1"}],"replies":[{"embeddable":true,"href":"https:\/\/www.bigtranslation.com\/sk\/wp-json\/wp\/v2\/comments?post=5156"}],"version-history":[{"count":2,"href":"https:\/\/www.bigtranslation.com\/sk\/wp-json\/wp\/v2\/pages\/5156\/revisions"}],"predecessor-version":[{"id":5158,"href":"https:\/\/www.bigtranslation.com\/sk\/wp-json\/wp\/v2\/pages\/5156\/revisions\/5158"}],"wp:attachment":[{"href":"https:\/\/www.bigtranslation.com\/sk\/wp-json\/wp\/v2\/media?parent=5156"}],"curies":[{"name":"wp","href":"https:\/\/api.w.org\/{rel}","templated":true}]}}