{"id":5204,"date":"2021-07-14T09:46:27","date_gmt":"2021-07-14T09:46:27","guid":{"rendered":"http:\/\/www.bigtranslation.com\/automated-platform"},"modified":"2021-09-21T10:35:14","modified_gmt":"2021-09-21T10:35:14","slug":"automatizovana-platforma","status":"publish","type":"page","link":"https:\/\/www.bigtranslation.com\/sk\/automatizovana-platforma","title":{"rendered":"Automatizovan\u00e1 platforma"},"content":{"rendered":"","protected":false},"excerpt":{"rendered":"","protected":false},"author":1,"featured_media":0,"parent":0,"menu_order":27,"comment_status":"closed","ping_status":"closed","template":"page-templates\/template-order-management.php","meta":{"footnotes":""},"yoast_head":"<!-- This site is optimized with the Yoast SEO plugin v21.8.1 - https:\/\/yoast.com\/wordpress\/plugins\/seo\/ -->\n<title>Automatizovan\u00e1 platforma | Prekladate\u013esk\u00e1 agent\u00fara<\/title>\n<meta name=\"description\" content=\"Online prekladate\u013esk\u00e9 slu\u017eby z na\u0161ej ponuky sa spracov\u00e1vaj\u00fa prostredn\u00edctvom automatizovanej prekladate\u013esk\u00e9 platformy, ktor\u00e1 u\u013eah\u010duje cel\u00fd proces prekladu.\" \/>\n<meta name=\"robots\" content=\"index, follow, max-snippet:-1, max-image-preview:large, max-video-preview:-1\" \/>\n<link rel=\"canonical\" href=\"https:\/\/www.bigtranslation.com\/sk\/automatizovana-platforma\" \/>\n<meta property=\"og:locale\" content=\"sk_SK\" \/>\n<meta property=\"og:type\" content=\"article\" \/>\n<meta property=\"og:title\" content=\"Automatizovan\u00e1 platforma | Prekladate\u013esk\u00e1 agent\u00fara\" \/>\n<meta property=\"og:description\" content=\"Online prekladate\u013esk\u00e9 slu\u017eby z na\u0161ej ponuky sa spracov\u00e1vaj\u00fa prostredn\u00edctvom automatizovanej prekladate\u013esk\u00e9 platformy, ktor\u00e1 u\u013eah\u010duje cel\u00fd proces prekladu.\" \/>\n<meta property=\"og:url\" content=\"https:\/\/www.bigtranslation.com\/sk\/automatizovana-platforma\" \/>\n<meta property=\"og:site_name\" content=\"BigTranslation\" \/>\n<meta property=\"article:modified_time\" content=\"2021-09-21T10:35:14+00:00\" \/>\n<meta name=\"twitter:card\" content=\"summary_large_image\" \/>\n<script type=\"application\/ld+json\" class=\"yoast-schema-graph\">{\"@context\":\"https:\/\/schema.org\",\"@graph\":[{\"@type\":\"WebPage\",\"@id\":\"https:\/\/www.bigtranslation.com\/sk\/automatizovana-platforma\",\"url\":\"https:\/\/www.bigtranslation.com\/sk\/automatizovana-platforma\",\"name\":\"Automatizovan\u00e1 platforma | Prekladate\u013esk\u00e1 agent\u00fara\",\"isPartOf\":{\"@id\":\"https:\/\/www.bigtranslation.com\/sk#website\"},\"datePublished\":\"2021-07-14T09:46:27+00:00\",\"dateModified\":\"2021-09-21T10:35:14+00:00\",\"description\":\"Online prekladate\u013esk\u00e9 slu\u017eby z na\u0161ej ponuky sa spracov\u00e1vaj\u00fa prostredn\u00edctvom automatizovanej prekladate\u013esk\u00e9 platformy, ktor\u00e1 u\u013eah\u010duje cel\u00fd proces prekladu.\",\"breadcrumb\":{\"@id\":\"https:\/\/www.bigtranslation.com\/sk\/automatizovana-platforma#breadcrumb\"},\"inLanguage\":\"sk-SK\",\"potentialAction\":[{\"@type\":\"ReadAction\",\"target\":[\"https:\/\/www.bigtranslation.com\/sk\/automatizovana-platforma\"]}]},{\"@type\":\"BreadcrumbList\",\"@id\":\"https:\/\/www.bigtranslation.com\/sk\/automatizovana-platforma#breadcrumb\",\"itemListElement\":[{\"@type\":\"ListItem\",\"position\":1,\"name\":\"Home\",\"item\":\"https:\/\/www.bigtranslation.com\/sk\"},{\"@type\":\"ListItem\",\"position\":2,\"name\":\"Automatizovan\u00e1 platforma\"}]},{\"@type\":\"WebSite\",\"@id\":\"https:\/\/www.bigtranslation.com\/sk#website\",\"url\":\"https:\/\/www.bigtranslation.com\/sk\",\"name\":\"BigTranslation\",\"description\":\"Native and Professional translators\",\"potentialAction\":[{\"@type\":\"SearchAction\",\"target\":{\"@type\":\"EntryPoint\",\"urlTemplate\":\"https:\/\/www.bigtranslation.com\/sk?s={search_term_string}\"},\"query-input\":\"required name=search_term_string\"}],\"inLanguage\":\"sk-SK\"}]}<\/script>\n<!-- \/ Yoast SEO plugin. -->","yoast_head_json":{"title":"Automatizovan\u00e1 platforma | Prekladate\u013esk\u00e1 agent\u00fara","description":"Online prekladate\u013esk\u00e9 slu\u017eby z na\u0161ej ponuky sa spracov\u00e1vaj\u00fa prostredn\u00edctvom automatizovanej prekladate\u013esk\u00e9 platformy, ktor\u00e1 u\u013eah\u010duje cel\u00fd proces prekladu.","robots":{"index":"index","follow":"follow","max-snippet":"max-snippet:-1","max-image-preview":"max-image-preview:large","max-video-preview":"max-video-preview:-1"},"canonical":"https:\/\/www.bigtranslation.com\/sk\/automatizovana-platforma","og_locale":"sk_SK","og_type":"article","og_title":"Automatizovan\u00e1 platforma | Prekladate\u013esk\u00e1 agent\u00fara","og_description":"Online prekladate\u013esk\u00e9 slu\u017eby z na\u0161ej ponuky sa spracov\u00e1vaj\u00fa prostredn\u00edctvom automatizovanej prekladate\u013esk\u00e9 platformy, ktor\u00e1 u\u013eah\u010duje cel\u00fd proces prekladu.","og_url":"https:\/\/www.bigtranslation.com\/sk\/automatizovana-platforma","og_site_name":"BigTranslation","article_modified_time":"2021-09-21T10:35:14+00:00","twitter_card":"summary_large_image","schema":{"@context":"https:\/\/schema.org","@graph":[{"@type":"WebPage","@id":"https:\/\/www.bigtranslation.com\/sk\/automatizovana-platforma","url":"https:\/\/www.bigtranslation.com\/sk\/automatizovana-platforma","name":"Automatizovan\u00e1 platforma | Prekladate\u013esk\u00e1 agent\u00fara","isPartOf":{"@id":"https:\/\/www.bigtranslation.com\/sk#website"},"datePublished":"2021-07-14T09:46:27+00:00","dateModified":"2021-09-21T10:35:14+00:00","description":"Online prekladate\u013esk\u00e9 slu\u017eby z na\u0161ej ponuky sa spracov\u00e1vaj\u00fa prostredn\u00edctvom automatizovanej prekladate\u013esk\u00e9 platformy, ktor\u00e1 u\u013eah\u010duje cel\u00fd proces prekladu.","breadcrumb":{"@id":"https:\/\/www.bigtranslation.com\/sk\/automatizovana-platforma#breadcrumb"},"inLanguage":"sk-SK","potentialAction":[{"@type":"ReadAction","target":["https:\/\/www.bigtranslation.com\/sk\/automatizovana-platforma"]}]},{"@type":"BreadcrumbList","@id":"https:\/\/www.bigtranslation.com\/sk\/automatizovana-platforma#breadcrumb","itemListElement":[{"@type":"ListItem","position":1,"name":"Home","item":"https:\/\/www.bigtranslation.com\/sk"},{"@type":"ListItem","position":2,"name":"Automatizovan\u00e1 platforma"}]},{"@type":"WebSite","@id":"https:\/\/www.bigtranslation.com\/sk#website","url":"https:\/\/www.bigtranslation.com\/sk","name":"BigTranslation","description":"Native and Professional translators","potentialAction":[{"@type":"SearchAction","target":{"@type":"EntryPoint","urlTemplate":"https:\/\/www.bigtranslation.com\/sk?s={search_term_string}"},"query-input":"required name=search_term_string"}],"inLanguage":"sk-SK"}]}},"acf":[],"amp_enabled":true,"_links":{"self":[{"href":"https:\/\/www.bigtranslation.com\/sk\/wp-json\/wp\/v2\/pages\/5204"}],"collection":[{"href":"https:\/\/www.bigtranslation.com\/sk\/wp-json\/wp\/v2\/pages"}],"about":[{"href":"https:\/\/www.bigtranslation.com\/sk\/wp-json\/wp\/v2\/types\/page"}],"author":[{"embeddable":true,"href":"https:\/\/www.bigtranslation.com\/sk\/wp-json\/wp\/v2\/users\/1"}],"replies":[{"embeddable":true,"href":"https:\/\/www.bigtranslation.com\/sk\/wp-json\/wp\/v2\/comments?post=5204"}],"version-history":[{"count":2,"href":"https:\/\/www.bigtranslation.com\/sk\/wp-json\/wp\/v2\/pages\/5204\/revisions"}],"predecessor-version":[{"id":5211,"href":"https:\/\/www.bigtranslation.com\/sk\/wp-json\/wp\/v2\/pages\/5204\/revisions\/5211"}],"wp:attachment":[{"href":"https:\/\/www.bigtranslation.com\/sk\/wp-json\/wp\/v2\/media?parent=5204"}],"curies":[{"name":"wp","href":"https:\/\/api.w.org\/{rel}","templated":true}]}}