{"id":5266,"date":"2021-07-09T11:43:46","date_gmt":"2021-07-09T11:43:46","guid":{"rendered":"http:\/\/www.bigtranslation.com\/translation\/dutch"},"modified":"2021-09-21T10:46:20","modified_gmt":"2021-09-21T10:46:20","slug":"dutch","status":"publish","type":"page","link":"https:\/\/www.bigtranslation.com\/sk\/translation\/dutch","title":{"rendered":"Holandsk\u00fd preklad"},"content":{"rendered":"","protected":false},"excerpt":{"rendered":"","protected":false},"author":1,"featured_media":0,"parent":5231,"menu_order":100,"comment_status":"closed","ping_status":"closed","template":"page-templates\/template-language.php","meta":{"footnotes":""},"yoast_head":"<!-- This site is optimized with the Yoast SEO plugin v21.8.1 - https:\/\/yoast.com\/wordpress\/plugins\/seo\/ -->\n<title>Holandsk\u00fd preklad | BigTranslation<\/title>\n<meta name=\"description\" content=\"Holandsk\u00fd preklad |Profesion\u00e1lne preklady v r\u00f4znych jazykov\u00fdch kombin\u00e1ci\u00e1ch\" \/>\n<meta name=\"robots\" content=\"index, follow, max-snippet:-1, max-image-preview:large, max-video-preview:-1\" \/>\n<link rel=\"canonical\" href=\"https:\/\/www.bigtranslation.com\/sk\/translation\/dutch\" \/>\n<meta property=\"og:locale\" content=\"sk_SK\" \/>\n<meta property=\"og:type\" content=\"article\" \/>\n<meta property=\"og:title\" content=\"Holandsk\u00fd preklad | BigTranslation\" \/>\n<meta property=\"og:description\" content=\"Holandsk\u00fd preklad |Profesion\u00e1lne preklady v r\u00f4znych jazykov\u00fdch kombin\u00e1ci\u00e1ch\" \/>\n<meta property=\"og:url\" content=\"https:\/\/www.bigtranslation.com\/sk\/translation\/dutch\" \/>\n<meta property=\"og:site_name\" content=\"BigTranslation\" \/>\n<meta property=\"article:modified_time\" content=\"2021-09-21T10:46:20+00:00\" \/>\n<meta name=\"twitter:card\" content=\"summary_large_image\" \/>\n<script type=\"application\/ld+json\" class=\"yoast-schema-graph\">{\"@context\":\"https:\/\/schema.org\",\"@graph\":[{\"@type\":\"WebPage\",\"@id\":\"https:\/\/www.bigtranslation.com\/sk\/translation\/dutch\",\"url\":\"https:\/\/www.bigtranslation.com\/sk\/translation\/dutch\",\"name\":\"Holandsk\u00fd preklad | BigTranslation\",\"isPartOf\":{\"@id\":\"https:\/\/www.bigtranslation.com\/sk#website\"},\"datePublished\":\"2021-07-09T11:43:46+00:00\",\"dateModified\":\"2021-09-21T10:46:20+00:00\",\"description\":\"Holandsk\u00fd preklad |Profesion\u00e1lne preklady v r\u00f4znych jazykov\u00fdch kombin\u00e1ci\u00e1ch\",\"breadcrumb\":{\"@id\":\"https:\/\/www.bigtranslation.com\/sk\/translation\/dutch#breadcrumb\"},\"inLanguage\":\"sk-SK\",\"potentialAction\":[{\"@type\":\"ReadAction\",\"target\":[\"https:\/\/www.bigtranslation.com\/sk\/translation\/dutch\"]}]},{\"@type\":\"BreadcrumbList\",\"@id\":\"https:\/\/www.bigtranslation.com\/sk\/translation\/dutch#breadcrumb\",\"itemListElement\":[{\"@type\":\"ListItem\",\"position\":1,\"name\":\"Home\",\"item\":\"https:\/\/www.bigtranslation.com\/sk\"},{\"@type\":\"ListItem\",\"position\":2,\"name\":\"Preklad\",\"item\":\"https:\/\/www.bigtranslation.com\/sk\/translation\"},{\"@type\":\"ListItem\",\"position\":3,\"name\":\"Holandsk\u00fd preklad\"}]},{\"@type\":\"WebSite\",\"@id\":\"https:\/\/www.bigtranslation.com\/sk#website\",\"url\":\"https:\/\/www.bigtranslation.com\/sk\",\"name\":\"BigTranslation\",\"description\":\"Native and Professional translators\",\"potentialAction\":[{\"@type\":\"SearchAction\",\"target\":{\"@type\":\"EntryPoint\",\"urlTemplate\":\"https:\/\/www.bigtranslation.com\/sk?s={search_term_string}\"},\"query-input\":\"required name=search_term_string\"}],\"inLanguage\":\"sk-SK\"}]}<\/script>\n<!-- \/ Yoast SEO plugin. -->","yoast_head_json":{"title":"Holandsk\u00fd preklad | BigTranslation","description":"Holandsk\u00fd preklad |Profesion\u00e1lne preklady v r\u00f4znych jazykov\u00fdch kombin\u00e1ci\u00e1ch","robots":{"index":"index","follow":"follow","max-snippet":"max-snippet:-1","max-image-preview":"max-image-preview:large","max-video-preview":"max-video-preview:-1"},"canonical":"https:\/\/www.bigtranslation.com\/sk\/translation\/dutch","og_locale":"sk_SK","og_type":"article","og_title":"Holandsk\u00fd preklad | BigTranslation","og_description":"Holandsk\u00fd preklad |Profesion\u00e1lne preklady v r\u00f4znych jazykov\u00fdch kombin\u00e1ci\u00e1ch","og_url":"https:\/\/www.bigtranslation.com\/sk\/translation\/dutch","og_site_name":"BigTranslation","article_modified_time":"2021-09-21T10:46:20+00:00","twitter_card":"summary_large_image","schema":{"@context":"https:\/\/schema.org","@graph":[{"@type":"WebPage","@id":"https:\/\/www.bigtranslation.com\/sk\/translation\/dutch","url":"https:\/\/www.bigtranslation.com\/sk\/translation\/dutch","name":"Holandsk\u00fd preklad | BigTranslation","isPartOf":{"@id":"https:\/\/www.bigtranslation.com\/sk#website"},"datePublished":"2021-07-09T11:43:46+00:00","dateModified":"2021-09-21T10:46:20+00:00","description":"Holandsk\u00fd preklad |Profesion\u00e1lne preklady v r\u00f4znych jazykov\u00fdch kombin\u00e1ci\u00e1ch","breadcrumb":{"@id":"https:\/\/www.bigtranslation.com\/sk\/translation\/dutch#breadcrumb"},"inLanguage":"sk-SK","potentialAction":[{"@type":"ReadAction","target":["https:\/\/www.bigtranslation.com\/sk\/translation\/dutch"]}]},{"@type":"BreadcrumbList","@id":"https:\/\/www.bigtranslation.com\/sk\/translation\/dutch#breadcrumb","itemListElement":[{"@type":"ListItem","position":1,"name":"Home","item":"https:\/\/www.bigtranslation.com\/sk"},{"@type":"ListItem","position":2,"name":"Preklad","item":"https:\/\/www.bigtranslation.com\/sk\/translation"},{"@type":"ListItem","position":3,"name":"Holandsk\u00fd preklad"}]},{"@type":"WebSite","@id":"https:\/\/www.bigtranslation.com\/sk#website","url":"https:\/\/www.bigtranslation.com\/sk","name":"BigTranslation","description":"Native and Professional translators","potentialAction":[{"@type":"SearchAction","target":{"@type":"EntryPoint","urlTemplate":"https:\/\/www.bigtranslation.com\/sk?s={search_term_string}"},"query-input":"required name=search_term_string"}],"inLanguage":"sk-SK"}]}},"acf":[],"amp_enabled":true,"_links":{"self":[{"href":"https:\/\/www.bigtranslation.com\/sk\/wp-json\/wp\/v2\/pages\/5266"}],"collection":[{"href":"https:\/\/www.bigtranslation.com\/sk\/wp-json\/wp\/v2\/pages"}],"about":[{"href":"https:\/\/www.bigtranslation.com\/sk\/wp-json\/wp\/v2\/types\/page"}],"author":[{"embeddable":true,"href":"https:\/\/www.bigtranslation.com\/sk\/wp-json\/wp\/v2\/users\/1"}],"replies":[{"embeddable":true,"href":"https:\/\/www.bigtranslation.com\/sk\/wp-json\/wp\/v2\/comments?post=5266"}],"version-history":[{"count":1,"href":"https:\/\/www.bigtranslation.com\/sk\/wp-json\/wp\/v2\/pages\/5266\/revisions"}],"predecessor-version":[{"id":5267,"href":"https:\/\/www.bigtranslation.com\/sk\/wp-json\/wp\/v2\/pages\/5266\/revisions\/5267"}],"up":[{"embeddable":true,"href":"https:\/\/www.bigtranslation.com\/sk\/wp-json\/wp\/v2\/pages\/5231"}],"wp:attachment":[{"href":"https:\/\/www.bigtranslation.com\/sk\/wp-json\/wp\/v2\/media?parent=5266"}],"curies":[{"name":"wp","href":"https:\/\/api.w.org\/{rel}","templated":true}]}}