{"id":12056,"date":"2022-04-13T07:04:59","date_gmt":"2022-04-13T07:04:59","guid":{"rendered":"https:\/\/www.bigtranslation.com\/translation-chatbots"},"modified":"2023-05-12T12:22:39","modified_gmt":"2023-05-12T12:22:39","slug":"prevod-klepetalni-roboti","status":"publish","type":"page","link":"https:\/\/www.bigtranslation.com\/sl\/prevod-klepetalni-roboti","title":{"rendered":"Prevod klepetalnih robotov (chatbotov)"},"content":{"rendered":"","protected":false},"excerpt":{"rendered":"","protected":false},"author":7,"featured_media":0,"parent":0,"menu_order":20,"comment_status":"closed","ping_status":"closed","template":"page-templates\/template-landing-translation.php","meta":{"footnotes":""},"yoast_head":"<!-- This site is optimized with the Yoast SEO plugin v21.8.1 - https:\/\/yoast.com\/wordpress\/plugins\/seo\/ -->\n<title>Prevajanje klepetalnih robotov po najbolj\u0161i ceni | BigTranslation<\/title>\n<meta name=\"description\" content=\"Va\u0161e klepetalne robote prevedemo tako, da lahko dose\u017eete uporabnike iz vseh dr\u017eav v njihovem maternem jeziku. Preko spleta zahtevajte svojo ponudbo brez obveznosti.\" \/>\n<meta name=\"robots\" content=\"index, follow, max-snippet:-1, max-image-preview:large, max-video-preview:-1\" \/>\n<link rel=\"canonical\" href=\"https:\/\/www.bigtranslation.com\/sl\/prevod-klepetalni-roboti\" \/>\n<meta property=\"og:locale\" content=\"sl_SI\" \/>\n<meta property=\"og:type\" content=\"article\" \/>\n<meta property=\"og:title\" content=\"Prevajanje klepetalnih robotov po najbolj\u0161i ceni | BigTranslation\" \/>\n<meta property=\"og:description\" content=\"Va\u0161e klepetalne robote prevedemo tako, da lahko dose\u017eete uporabnike iz vseh dr\u017eav v njihovem maternem jeziku. Preko spleta zahtevajte svojo ponudbo brez obveznosti.\" \/>\n<meta property=\"og:url\" content=\"https:\/\/www.bigtranslation.com\/sl\/prevod-klepetalni-roboti\" \/>\n<meta property=\"og:site_name\" content=\"BigTranslation\" \/>\n<meta property=\"article:modified_time\" content=\"2023-05-12T12:22:39+00:00\" \/>\n<meta name=\"twitter:card\" content=\"summary_large_image\" \/>\n<script type=\"application\/ld+json\" class=\"yoast-schema-graph\">{\"@context\":\"https:\/\/schema.org\",\"@graph\":[{\"@type\":\"WebPage\",\"@id\":\"https:\/\/www.bigtranslation.com\/sl\/prevod-klepetalni-roboti\",\"url\":\"https:\/\/www.bigtranslation.com\/sl\/prevod-klepetalni-roboti\",\"name\":\"Prevajanje klepetalnih robotov po najbolj\u0161i ceni | BigTranslation\",\"isPartOf\":{\"@id\":\"https:\/\/www.bigtranslation.com\/sl#website\"},\"datePublished\":\"2022-04-13T07:04:59+00:00\",\"dateModified\":\"2023-05-12T12:22:39+00:00\",\"description\":\"Va\u0161e klepetalne robote prevedemo tako, da lahko dose\u017eete uporabnike iz vseh dr\u017eav v njihovem maternem jeziku. Preko spleta zahtevajte svojo ponudbo brez obveznosti.\",\"breadcrumb\":{\"@id\":\"https:\/\/www.bigtranslation.com\/sl\/prevod-klepetalni-roboti#breadcrumb\"},\"inLanguage\":\"sl-SI\",\"potentialAction\":[{\"@type\":\"ReadAction\",\"target\":[\"https:\/\/www.bigtranslation.com\/sl\/prevod-klepetalni-roboti\"]}]},{\"@type\":\"BreadcrumbList\",\"@id\":\"https:\/\/www.bigtranslation.com\/sl\/prevod-klepetalni-roboti#breadcrumb\",\"itemListElement\":[{\"@type\":\"ListItem\",\"position\":1,\"name\":\"Home\",\"item\":\"https:\/\/www.bigtranslation.com\/sl\"},{\"@type\":\"ListItem\",\"position\":2,\"name\":\"Prevod klepetalnih robotov (chatbotov)\"}]},{\"@type\":\"WebSite\",\"@id\":\"https:\/\/www.bigtranslation.com\/sl#website\",\"url\":\"https:\/\/www.bigtranslation.com\/sl\",\"name\":\"BigTranslation\",\"description\":\"Native and Professional translators\",\"potentialAction\":[{\"@type\":\"SearchAction\",\"target\":{\"@type\":\"EntryPoint\",\"urlTemplate\":\"https:\/\/www.bigtranslation.com\/sl?s={search_term_string}\"},\"query-input\":\"required name=search_term_string\"}],\"inLanguage\":\"sl-SI\"}]}<\/script>\n<!-- \/ Yoast SEO plugin. -->","yoast_head_json":{"title":"Prevajanje klepetalnih robotov po najbolj\u0161i ceni | BigTranslation","description":"Va\u0161e klepetalne robote prevedemo tako, da lahko dose\u017eete uporabnike iz vseh dr\u017eav v njihovem maternem jeziku. Preko spleta zahtevajte svojo ponudbo brez obveznosti.","robots":{"index":"index","follow":"follow","max-snippet":"max-snippet:-1","max-image-preview":"max-image-preview:large","max-video-preview":"max-video-preview:-1"},"canonical":"https:\/\/www.bigtranslation.com\/sl\/prevod-klepetalni-roboti","og_locale":"sl_SI","og_type":"article","og_title":"Prevajanje klepetalnih robotov po najbolj\u0161i ceni | BigTranslation","og_description":"Va\u0161e klepetalne robote prevedemo tako, da lahko dose\u017eete uporabnike iz vseh dr\u017eav v njihovem maternem jeziku. Preko spleta zahtevajte svojo ponudbo brez obveznosti.","og_url":"https:\/\/www.bigtranslation.com\/sl\/prevod-klepetalni-roboti","og_site_name":"BigTranslation","article_modified_time":"2023-05-12T12:22:39+00:00","twitter_card":"summary_large_image","schema":{"@context":"https:\/\/schema.org","@graph":[{"@type":"WebPage","@id":"https:\/\/www.bigtranslation.com\/sl\/prevod-klepetalni-roboti","url":"https:\/\/www.bigtranslation.com\/sl\/prevod-klepetalni-roboti","name":"Prevajanje klepetalnih robotov po najbolj\u0161i ceni | BigTranslation","isPartOf":{"@id":"https:\/\/www.bigtranslation.com\/sl#website"},"datePublished":"2022-04-13T07:04:59+00:00","dateModified":"2023-05-12T12:22:39+00:00","description":"Va\u0161e klepetalne robote prevedemo tako, da lahko dose\u017eete uporabnike iz vseh dr\u017eav v njihovem maternem jeziku. Preko spleta zahtevajte svojo ponudbo brez obveznosti.","breadcrumb":{"@id":"https:\/\/www.bigtranslation.com\/sl\/prevod-klepetalni-roboti#breadcrumb"},"inLanguage":"sl-SI","potentialAction":[{"@type":"ReadAction","target":["https:\/\/www.bigtranslation.com\/sl\/prevod-klepetalni-roboti"]}]},{"@type":"BreadcrumbList","@id":"https:\/\/www.bigtranslation.com\/sl\/prevod-klepetalni-roboti#breadcrumb","itemListElement":[{"@type":"ListItem","position":1,"name":"Home","item":"https:\/\/www.bigtranslation.com\/sl"},{"@type":"ListItem","position":2,"name":"Prevod klepetalnih robotov (chatbotov)"}]},{"@type":"WebSite","@id":"https:\/\/www.bigtranslation.com\/sl#website","url":"https:\/\/www.bigtranslation.com\/sl","name":"BigTranslation","description":"Native and Professional translators","potentialAction":[{"@type":"SearchAction","target":{"@type":"EntryPoint","urlTemplate":"https:\/\/www.bigtranslation.com\/sl?s={search_term_string}"},"query-input":"required name=search_term_string"}],"inLanguage":"sl-SI"}]}},"acf":[],"amp_enabled":true,"_links":{"self":[{"href":"https:\/\/www.bigtranslation.com\/sl\/wp-json\/wp\/v2\/pages\/12056"}],"collection":[{"href":"https:\/\/www.bigtranslation.com\/sl\/wp-json\/wp\/v2\/pages"}],"about":[{"href":"https:\/\/www.bigtranslation.com\/sl\/wp-json\/wp\/v2\/types\/page"}],"author":[{"embeddable":true,"href":"https:\/\/www.bigtranslation.com\/sl\/wp-json\/wp\/v2\/users\/7"}],"replies":[{"embeddable":true,"href":"https:\/\/www.bigtranslation.com\/sl\/wp-json\/wp\/v2\/comments?post=12056"}],"version-history":[{"count":3,"href":"https:\/\/www.bigtranslation.com\/sl\/wp-json\/wp\/v2\/pages\/12056\/revisions"}],"predecessor-version":[{"id":16392,"href":"https:\/\/www.bigtranslation.com\/sl\/wp-json\/wp\/v2\/pages\/12056\/revisions\/16392"}],"wp:attachment":[{"href":"https:\/\/www.bigtranslation.com\/sl\/wp-json\/wp\/v2\/media?parent=12056"}],"curies":[{"name":"wp","href":"https:\/\/api.w.org\/{rel}","templated":true}]}}