{"id":12762,"date":"2022-08-22T14:16:34","date_gmt":"2022-08-22T14:16:34","guid":{"rendered":"https:\/\/www.bigtranslation.com\/?page_id=12762"},"modified":"2024-01-23T07:20:06","modified_gmt":"2024-01-23T07:20:06","slug":"politika-piskotkov","status":"publish","type":"page","link":"https:\/\/www.bigtranslation.com\/sl\/politika-piskotkov","title":{"rendered":"Politika o pi\u0161kotkih"},"content":{"rendered":"\n<h2 class=\"wp-block-heading\">1. Kaj so pi\u0161kotki?<\/h2>\n\n<p>Na\u0161a spletna stran <a href=\"https:\/\/www.bigtranslation.com\/sl\"><u>www.bigtranslation.com<\/u><\/a>, ki pripada BigTranslation Agency S.L, uporablja <em>pi\u0161kotke <\/em>in druge datoteke s podobnimi funkcijami (v nadaljevanju \u00bbpi\u0161kotki\u00ab<em>) <\/em>za izbolj\u0161anje brskanja in pridobivanje statisti\u010dnih podatkov o dose\u017eenih obiskih.<\/p>\n\n<p>Pi\u0161kotki so majhne besedilne datoteke, ki se namestijo na napravo, s katere se dostopa do na\u0161ega spletnega mesta, in nam samodejno posredujejo informacije, na primer za omogo\u010danje delovanja spletnega mesta ali za ugotavljanje va\u0161ih brskalnih navad in izbolj\u0161anje va\u0161e izku\u0161nje pri prihodnjih obiskih.<\/p>\n\n<p>Posebne uporabe pi\u0161kotkov, ki jih izvajamo, so dolo\u010dene v razdelku \u00bbNameni pi\u0161kotkov in tretje osebe\/konfiguracija in zavrnitev pi\u0161kotkov\u00ab.<\/p>\n\n<p><strong>Pi\u0161kotkov nikoli ne moremo \u0161teti za ra\u010dunalni\u0161ki virus.<\/strong> Ne \u0161kodujejo ra\u010dunalniku ali kakor koli upo\u010dasnjujejo njegovo delovanje. Na\u0161e pi\u0161kotke lahko kadar koli izbri\u0161ete ali zavrnete tako, da konfigurirate svoj spletni brskalnik.<\/p>\n\n<p>Na tem spletnem mestu uporabljamo sejne in trajne pi\u0161kotke, ki so lahko lastni pi\u0161kotki ali pi\u0161kotki tretjih oseb.<\/p>\n\n<p>Sejni pi\u0161kotki so pi\u0161kotki, namenjeni zbiranju in shranjevanju podatkov, medtem ko dostopate do spletnega mesta. Obi\u010dajno se uporabljajo za shranjevanje informacij, ki se hranijo samo za zagotavljanje storitve, ki jo zahtevate enkrat.<\/p>\n\n<p>Trajni pi\u0161kotki so vrsta pi\u0161kotkov, kjer se podatki \u0161e naprej shranjujejo na va\u0161i terminalski opremi in lahko do njih dostopa in jih obdeluje v dolo\u010denem obdobju s strani osebe, odgovorne za pi\u0161kotek, ki lahko traja od nekaj minut do nekaj let.<\/p>\n\n<h2 class=\"wp-block-heading\">2. Nameni pi\u0161kotkov in tretjih oseb\/konfiguracija in zavrnitev pi\u0161kotkov<\/h2>\n\n<p>Pi\u0161kotki so povezani le z brskalnikom dolo\u010denega ra\u010dunalnika (anonimnega uporabnika) in sami ne podajajo imena in priimka uporabnika.<\/p>\n\n<p>Zahvaljujo\u010d pi\u0161kotkom je mogo\u010de prepoznati brskalnike registriranih uporabnikov, ko se prvi\u010d registrirajo, ne da bi se morali ob vsakem obisku registrirati za dostop do obmo\u010dij in storitev, rezerviranih izklju\u010dno zanje<\/p>\n\n<p>Poleg tega uporabljamo lastne pi\u0161kotke in pi\u0161kotke tretjih oseb za spodaj navedene namene. \u010ce ne sprejmete nobenega od njih, bo to vplivalo na va\u0161o izku\u0161njo na na\u0161em spletnem mestu v zvezi z nameni, dolo\u010denimi v tem razdelku, vendar vam \u017eelimo dati popoln nadzor, da se lahko kadar koli sami odlo\u010date.<\/p>\n\n<p><strong>LASTNI <\/strong><em><strong>PI\u0160KOTKI<\/strong><\/em><strong>: <\/strong>so tisti, za katere je glede obdelave informacij odgovorna BigTranslation Agency S.L. Na tej spletni strani uporabljamo lastne <em>pi\u0161kotke <\/em>za naslednje namene:<\/p>\n\n<p><strong>Preverjanje\/Seja:<\/strong> uporablja se za prepoznavanje registriranih uporabnikov, ki so se prijavili na na\u0161e spletno mesto. S temi pi\u0161kotki lahko dostopate do obmo\u010dij spletnega mesta z omejenim dostopom. \u010ce so ti pi\u0161kotki zavrnjeni ali izbrisani, podatki za prijavo na na\u0161e spletno mesto ne bodo delovali pravilno.<\/p>\n\n<p><strong>Personalizacija:<\/strong> uporablja se za la\u017eje brskanje po na\u0161i spletni strani. Omogo\u010dajo samodejno zapomnitev nekaterih grafi\u010dnih vidikov na\u0161ega spletnega mesta, poleg prilagajanja nekaterih zna\u010dilnosti spletnega mesta za razlikovanje med izku\u0161njami enega uporabnika in drugega. \u010ce so ti pi\u0161kotki zavrnjeni ali izbrisani, brskanje po na\u0161i spletni strani ne bo delovalo tako preprosto.<\/p>\n\n<p><strong>Analitika: <\/strong>zbirajo podatke o vedenju uporabnikov med brskanjem (najpogosteje obiskane strani, \u010das, pre\u017eivet na spletnem mestu itd.), da z analizo teh informacij izbolj\u0161ajo ponujene vsebine in storitve (na primer optimizirajo odzivne \u010dase ve\u010dine obiskali prostore na www.bigtranslation.com )<\/p>\n\n<p>\u010ce imate kakr\u0161na koli vpra\u0161anja v zvezi z na\u0161o politiko uporabe pi\u0161kotkov, nas lahko kontaktirate na e-po\u0161tni naslov: info@bigtranslation.com<\/p>\n\n<p>Ti pi\u0161kotki so navedeni spodaj:<\/p>\n\n<ul>\n<li>wp-wpml_current_language<\/li>\n\n\n\n<li>valuta<\/li>\n\n\n\n<li>simbol-valute<\/li>\n\n\n\n<li>moove_gdpr_popup<\/li>\n\n\n\n<li>bt_creload<\/li>\n<\/ul>\n\n<p><strong>PI\u0160KOTKI <\/strong><em><strong>TRETJIH OSEB:<\/strong><\/em> so tisti, za obdelavo podatkov za katere so odgovorne tretje osebe, ki niso povezane z BigTranslation Agency S.L.<\/p>\n\n<p>Tretje osebe in nameni, za katere se uporabljajo informacije, ki jih obdelujejo, so podrobno opisani spodaj:<\/p>\n\n<p><strong>ANALITI\u010cNO:<\/strong><\/p>\n\n<p>Zbirajo podatke o vedenju uporabnikov med brskanjem (najpogosteje obiskane strani, \u010das, porabljen na spletnem mestu itd.), da z analizo teh informacij izbolj\u0161ajo ponujene vsebine in storitve (na primer izbolj\u0161ajo \u010das nalaganja in dostop do najbolj obiskane strani).<\/p>\n\n<ul>\n<li>Google <a href=\"https:\/\/policies.google.com\/technologies\/cookies?hl=es\"><u>Ve\u010d informacij<\/u><\/a><\/li>\n<\/ul>\n\n<ul>\n<li>Facebook <a href=\"https:\/\/www.facebook.com\/help\/1896641480634370\"><u>Ve\u010d informacij<\/u><\/a><br\/><br\/><\/li>\n\n\n\n<li>Microsoft <a href=\"https:\/\/privacy.microsoft.com\/es-es\/privacystatement\"><u>Ve\u010d informacij<\/u><\/a><\/li>\n<\/ul>\n\n<p><strong>VEDENJSKO<\/strong><\/p>\n\n<p>Shranjujejo podatke o vedenju uporabnikov, pridobljene z opazovanjem njihovih brskalnih navad (na primer, katere strani obi\u0161\u010dejo), da ustvarijo poseben profil, ki jim omogo\u010da, da se jim prikazuje prilagojeno ogla\u0161evanje na podlagi njihovih v\u0161e\u010dkov in zanimanj.<\/p>\n\n<ul>\n<li>Google. <a href=\"https:\/\/policies.google.com\/technologies\/cookies?hl=es\"><u>Ve\u010d informacij<\/u><\/a><br\/><br\/><\/li>\n\n\n\n<li>Doubleclick <a href=\"https:\/\/support.google.com\/admanager\/answer\/2839090?hl=es\"><u>Ve\u010d informacij<\/u><\/a><br\/><br\/><\/li>\n\n\n\n<li>Mailjet <a href=\"https:\/\/www.mailjet.com\/es\/legal\/politica-privacidad\/cookies\/\"><u>Ve\u010d informacij<\/u><\/a><br\/><br\/><\/li>\n\n\n\n<li>Hubspot <a href=\"https:\/\/knowledge.hubspot.com\/es\/privacy-and-consent\/what-cookies-does-hubspot-set-in-a-visitor-s-browser\"><u>Ve\u010d informacij<\/u><\/a><\/li>\n<\/ul>\n\n<ul>\n<li>Facebook. <a href=\"https:\/\/www.facebook.com\/help\/1896641480634370\"><u>Ve\u010d informacij<\/u><\/a><\/li>\n<\/ul>\n\n<ul>\n<li>LinkedIn. <a href=\"https:\/\/es.linkedin.com\/legal\/cookie-policy\"><u>Ve\u010d informacij<\/u><\/a><\/li>\n<\/ul>\n\n<ul>\n<li>Onesignal <a href=\"https:\/\/onesignal.com\/privacy_policy\"><u>Ve\u010d informacij<\/u><\/a><\/li>\n<\/ul>\n\n<ul>\n<li>Tapfiliate <a href=\"https:\/\/tapfiliate.com\/privacy\/gdpr\/#cookies\"><u>Ve\u010d informacij<\/u><\/a><br\/><br\/><\/li>\n\n\n\n<li>VWO <a href=\"https:\/\/vwo.com\/compliance\/cookies-notice\/\"><u>Ve\u010d informacij<\/u><\/a><\/li>\n<\/ul>\n\n<p>Upo\u0161tevajte, da \u010de zavrnete pi\u0161kotke tretjih oseb, ne boste prejeli optimalne izku\u0161nje brskanja na BigTranslation.<\/p>\n\n<h2 class=\"wp-block-heading\">3. Onemogo\u010danje ali brisanje pi\u0161kotkov<\/h2>\n\n<p>Svoj brskalnik boste lahko konfigurirali tako, da teh pi\u0161kotkov ne bo prejemal in bodo zavrnjeni. V nasprotnem primeru razumemo, da imamo va\u0161e soglasje za njihovo namestitev.<\/p>\n\n<p>Svoje nastavitve glede uporabe <em>pi\u0161kotkov<\/em> lahko kadar koli upravljate v ve\u010dini brskalnikov. Brskalnik lahko prilagodite tako, da zavrne ali izbri\u0161e pi\u0161kotke, name\u0161\u010dene v napravi. Pi\u0161kotki so name\u0161\u010deni za vsak brskalnik, zato jih morate izbrisati iz brskalnika, s katerim vstopate na na\u0161o spletno stran.<\/p>\n\n<p>Tukaj je nekaj informacij o tem, kako to storite v glavnih brskalnikih:<\/p>\n\n<ul>\n<li><a href=\"https:\/\/support.google.com\/chrome\/answer\/95647?hl=es\"><u>Google Chrome<\/u><\/a><\/li>\n\n\n\n<li><a href=\"https:\/\/support.mozilla.org\/es\/kb\/Borrar%20cookies\"><u>Mozilla Firefox<\/u><\/a><\/li>\n\n\n\n<li><a href=\"https:\/\/support.microsoft.com\/es-es\/help\/17442\/windows-internet-explorer-delete-manage-cookies#ie=ie-10\"><u>Internet Explorer<\/u><\/a><\/li>\n\n\n\n<li><a href=\"https:\/\/support.microsoft.com\/es-es\/windows\/microsoft-edge-datos-de-exploraci%C3%B3n-y-privacidad-bb8174ba-9d73-dcf2-9b4a-c582b4e640dd\"><u>Microsoft Edge<\/u><\/a><\/li>\n\n\n\n<li><a href=\"https:\/\/support.apple.com\/es-es\/HT201265\"><u>Safari<\/u><\/a><\/li>\n\n\n\n<li><a href=\"https:\/\/www.opera.com\/help\/tutorials\/security\/privacy\/\"><u>Opera<\/u><\/a><\/li>\n<\/ul>\n\n<p>Prav tako lahko prekli\u010dete svoje soglasje za uporabo pi\u0161kotkov v va\u0161em brskalniku z namestitvijo vti\u010dnika ali prek sistema za zavrnitev, ki ga nudijo nekatere tretje osebe, ki name\u0161\u010dajo pi\u0161kotke na na\u0161e spletno mesto:<\/p>\n\n<ul>\n<li><a href=\"https:\/\/myaccount.google.com\/data-and-privacy\"><u>Google (personalizacija)<\/u><\/a> (potrebna je prijava v Google)<\/li>\n\n\n\n<li><a href=\"https:\/\/myadcenter.google.com\/home?sasb=true&amp;ref=ad-settings\"><u>Google (ogla\u0161evanje)<\/u><\/a><\/li>\n\n\n\n<li><a href=\"https:\/\/www.facebook.com\/settings\/?tab=your_facebook_information\"><u>Facebook<\/u><\/a> (zahteva Facebook prijavo).<\/li>\n<\/ul>\n\n<p>Upo\u0161tevajte, da so nekatere zna\u010dilnosti vsebine <a href=\"https:\/\/www.bigtranslation.com\/sl\"><u>www.bigtranslation.com<\/u><\/a> na voljo le, \u010de omogo\u010dite namestitev pi\u0161kotkov iz va\u0161ega brskalnika. \u010ce se odlo\u010dite, da ne sprejmete ali blokirate dolo\u010dene pi\u0161kotke, odvisno od njihovega namena, lahko to v celoti ali delno vpliva na normalno delovanje spletnega mesta ali prepre\u010di dostop do nekaterih njegovih storitev, saj nekateri pi\u0161kotki, kot je navedeno v \u00bbNameni pi\u0161kotkov in tretje osebe\/konfiguracija in zavrnitev pi\u0161kotkov\u00ab, so za te namene.<\/p>\n\n<h2 class=\"wp-block-heading\">4. Informacije o tem, kako sprejeti, zavrniti ali umakniti soglasje<\/h2>\n\n<p>Dajemo vam na voljo sistem za upravljanje ali konfiguracijo pi\u0161kotkov, ki ga lahko uporabite za omogo\u010danje ali onemogo\u010danje pi\u0161kotkov, kot se vam zdi primerno. Pi\u0161kotkov, potrebnih za delovanje spletne strani, ne bo mogo\u010de onemogo\u010diti.<\/p>\n\n<p>V skladu z veljavno zakonodajo bo <a href=\"https:\/\/www.bigtranslation.com\/sl\"><u>www.bigtranslation.com<\/u><\/a> uporabljal pi\u0161kotke samo s predhodnim in izrecnim soglasjem obiskovalca, z izjemo nujno potrebnih pi\u0161kotkov in pi\u0161kotkov u\u010dinkovitosti\/analiti\u010dnih pi\u0161kotkov. Subjekt, odgovoren za spletno stran, se zavezuje, da bo pi\u0161kotke uporabljal izklju\u010dno za namene, navedene v tej politiki pi\u0161kotkov.<\/p>\n\n<p>Upo\u0161tevajte, da \u010de sprejmete pi\u0161kotke tretjih oseb, bi morali imeti mo\u017enost, da jih izbri\u0161ete iz mo\u017enosti brskalnika ali iz sistema, ki ga zagotavlja tretja oseba sama in kot smo navedli v razdelku \u00bbOnemogo\u010danje ali brisanje pi\u0161kotkov\u00ab.<\/p>\n\n<h2 class=\"wp-block-heading\">5. Dodatne informacije o obdelavi podatkov<\/h2>\n\n<h3 class=\"wp-block-heading\">a) Upravljavec podatkov<\/h3>\n\n<p>Upravljavec podatkov je BigTranslation Agency SL<\/p>\n\n<ul>\n<li>BigTranslation Agency SL<\/li>\n\n\n\n<li>CIF (dav\u010dna \u0161tevilka): B40532194<\/li>\n\n\n\n<li>Naslov: Avenida Paret del Patriarca 15, 46113 Moncada, Valencija<\/li>\n<\/ul>\n\n<p>Za dolo\u010dene dejavnosti obdelave bo BigTranslation obdeloval va\u0161e podatke, pri \u010demer bo skupaj odlo\u010dal o ciljih (\u00bbza kaj se podatki uporabljajo\u00ab) in uporabljenih sredstvih (\u00bbkako se podatki uporabljajo\u00ab), in je zato skupni upravljavec podatkov te obdelave.<\/p>\n\n<h3 class=\"wp-block-heading\">b) Pravna podlaga obdelave<\/h3>\n\n<p>Privolitev, ki jo podate za uporabo pi\u0161kotkov, legitimira njihovo uporabo za obdelavo va\u0161ih osebnih podatkov.<\/p>\n\n<p>Uporabo pi\u0161kotkov lahko konfigurirate ali zavrnete in s tem uveljavljate svojo pravico do preklica soglasja v razdelku \u00bbNameni pi\u0161kotkov in tretje osebe\/konfiguracija in zavrnitev pi\u0161kotkov\u00ab. Pi\u0161kotke lahko tudi onemogo\u010dite ali izbri\u0161ete, kot je opisano v \u201cOnemogo\u010danje ali brisanje pi\u0161kotkov\u201d.<\/p>\n\n<h3 class=\"wp-block-heading\">c) Obdelani podatki<\/h3>\n\n<p>\u010ce se strinjate z uporabo pi\u0161kotkov, bomo obdelali naslednje podatke<\/p>\n\n<p>V zvezi z lastnimi pi\u0161kotki:<\/p>\n\n<p>Podatki brskanja: podatki, pridobljeni z va\u0161im brskanjem po na\u0161em spletnem mestu ali spletnih mestih tretjih oseb: zgodovina brskanja (obiskane strani in kliki na vsebino), ID naprave, ogla\u0161evalski ID, naslov IP.<\/p>\n\n<p>V zvezi s tretjimi osebami, opredeljenimi v razdelku \u00bbNameni pi\u0161kotkov in tretje osebe \/ konfiguracija in zavrnitev pi\u0161kotkov\u00ab, glejte njihove zadevne politike, navedene v tem razdelku, da izveste ve\u010d o podatkih ali kategorijah podatkov, ki jih obdelujejo.<\/p>\n\n<h3 class=\"wp-block-heading\">d) Profiliranje<\/h3>\n\n<p>\u010ce sprejmete uporabo vedenjskih ogla\u0161evalskih pi\u0161kotkov, bomo lahko uporabili podatke, ki smo jih opisali v Podatkih, obdelani za va\u0161e komercialno profiliranje, da vam ponudimo izdelke in storitve, za katere menimo, da bi vas lahko zanimali. \u010ce vas na primer zanimajo storitve na\u0161ih tr\u017enic, vam bomo lahko pokazali na\u0161o komercialno ponudbo konektorjev.<\/p>\n\n<p>V zvezi s tretjimi osebami, opredeljenimi v razdelku \u00bbNameni pi\u0161kotkov in tretjih oseb\/konfiguracija in zavra\u010danje pi\u0161kotkov\u00ab, ki uporabljajo vedenjske ogla\u0161evalske pi\u0161kotke, si oglejte njihove pravilnike, navedene v tem razdelku, da izveste ve\u010d o profiliranju, ki ga izvajajo.<\/p>\n\n<h3 class=\"wp-block-heading\">e) Prejemniki podatkov<\/h3>\n\n<p>BigTranslation lahko posreduje zbrane podatke javnim organom in telesom, da izpolni zakonsko obveznost, kot tudi ponudnikom potrebnih storitev in tretjim osebam, da upravljajo in izvajajo pi\u0161kotke.<\/p>\n\n<p>V zvezi s tretjimi osebami, opredeljenimi v razdelku \u00bbNameni pi\u0161kotkov in tretje osebe\/konfiguracija in zavra\u010danje pi\u0161kotkov\u00ab, si oglejte njihove pravilnike, navedene v tem razdelku, da izveste ve\u010d o njihovih prejemnikih.<\/p>\n\n<h3 class=\"wp-block-heading\">f) Obdobje hrambe<\/h3>\n\n<p>Podatki, pridobljeni z uporabo pi\u0161kotkov, ki jih sprejme uporabnik, se hranijo 12 mesecev<\/p>\n\n<p>V zvezi s tretjimi osebami, opredeljenimi v razdelku \u00bbNameni pi\u0161kotkov in tretje osebe\/konfiguracija in zavrnitev pi\u0161kotkov\u00ab, glejte njihove ustrezne politike, navedene v tem razdelku, da izveste o njihovih obdobjih hrambe.<\/p>\n\n<h3 class=\"wp-block-heading\">g) Prenosi v tretje dr\u017eave<\/h3>\n\n<p>Pri BigTranslation obdelujemo va\u0161e podatke v Evropskem gospodarskem prostoru in na splo\u0161no sklepamo pogodbe s ponudniki storitev, ki se prav tako nahajajo v Evropskem gospodarskem prostoru ali v dr\u017eavah, za katere je bilo razgla\u0161eno, da imajo ustrezne ravni za\u0161\u010dite.<\/p>\n\n<p>\u010ce moramo uporabiti ponudnike storitev, ki izvajajo obdelavo izven Evropskega gospodarskega prostora ali v dr\u017eavah, za katere ni bila razgla\u0161ena ustrezna raven za\u0161\u010dite, bomo zagotovili varnost in zakonitost obdelave va\u0161ih podatkov.<\/p>\n\n<p>Da bi to naredili, od teh ponudnikov storitev zahtevamo ustrezne za\u0161\u010ditne ukrepe v skladu z dolo\u010dbami Splo\u0161ne uredbe o varstvu podatkov, da zagotovimo, da imajo na primer zavezujo\u010de poslovne predpise, ki zagotavljajo varstvo informacij na podoben na\u010din, kot ga dolo\u010dajo evropski predpisi ali da so podpisane standardne klavzule Evropske unije.<\/p>\n\n<p>V zvezi s tretjimi osebami, opredeljenimi v razdelku \u00bbNameni pi\u0161kotkov in tretje osebe\/konfiguracija in zavrnitev pi\u0161kotkov\u00ab, glejte njihove zadevne pravilnike v tem razdelku, da izveste o prenosih v tretje dr\u017eave, ki jih izvajajo, \u010de je primerno.<\/p>\n\n<h3 class=\"wp-block-heading\">h) Dodatne informacije o obdelavi podatkov<\/h3>\n\n<p>Vse informacije o obdelavi va\u0161ih podatkov najdete na <a href=\"https:\/\/www.bigtranslation.com\/sl\/terms-and-conditions\"><u>https:\/\/www.bigtranslation.com\/terms-and-conditions<\/u><\/a><\/p>\n\n<h3 class=\"wp-block-heading\">i) Pregled politike pi\u0161kotkov<\/h3>\n\n<p>Politiko pi\u0161kotkov bomo pregledali vsako leto, razen \u010de obstajajo regulativne zahteve ali zahteve druge narave, zaradi katerih je treba politiko prilagoditi v kraj\u0161em \u010dasovnem obdobju. Zato uporabnikom svetujemo, da redno prebirajo njegovo vsebino.<\/p>\n\n<p>Ko pride do ve\u010djih sprememb te politike pi\u0161kotkov, bo uporabnik obve\u0161\u010den z informativnim obvestilom na spletnem mestu.<\/p>\n","protected":false},"excerpt":{"rendered":"<p>1. Kaj so pi\u0161kotki? Na\u0161a spletna stran www.bigtranslation.com, ki pripada BigTranslation Agency S.L, uporablja pi\u0161kotke in druge datoteke s podobnimi funkcijami (v nadaljevanju \u00bbpi\u0161kotki\u00ab) za izbolj\u0161anje brskanja in pridobivanje statisti\u010dnih podatkov o dose\u017eenih obiskih. Pi\u0161kotki so majhne besedilne datoteke, ki se namestijo na napravo, s katere se dostopa do na\u0161ega spletnega mesta, in nam samodejno [&hellip;]<\/p>\n","protected":false},"author":7,"featured_media":0,"parent":0,"menu_order":38,"comment_status":"closed","ping_status":"closed","template":"","meta":{"footnotes":""},"yoast_head":"<!-- This site is optimized with the Yoast SEO plugin v21.8.1 - https:\/\/yoast.com\/wordpress\/plugins\/seo\/ -->\n<title>Politika o pi\u0161kotkih | BigTranslation<\/title>\n<meta name=\"robots\" content=\"index, follow, max-snippet:-1, max-image-preview:large, max-video-preview:-1\" \/>\n<link rel=\"canonical\" href=\"https:\/\/www.bigtranslation.com\/sl\/politika-piskotkov\" \/>\n<meta property=\"og:locale\" content=\"sl_SI\" \/>\n<meta property=\"og:type\" content=\"article\" \/>\n<meta property=\"og:title\" content=\"Politika o pi\u0161kotkih | BigTranslation\" \/>\n<meta property=\"og:description\" content=\"1. Kaj so pi\u0161kotki? Na\u0161a spletna stran www.bigtranslation.com, ki pripada BigTranslation Agency S.L, uporablja pi\u0161kotke in druge datoteke s podobnimi funkcijami (v nadaljevanju \u00bbpi\u0161kotki\u00ab) za izbolj\u0161anje brskanja in pridobivanje statisti\u010dnih podatkov o dose\u017eenih obiskih. Pi\u0161kotki so majhne besedilne datoteke, ki se namestijo na napravo, s katere se dostopa do na\u0161ega spletnega mesta, in nam samodejno [&hellip;]\" \/>\n<meta property=\"og:url\" content=\"https:\/\/www.bigtranslation.com\/sl\/politika-piskotkov\" \/>\n<meta property=\"og:site_name\" content=\"BigTranslation\" \/>\n<meta property=\"article:modified_time\" content=\"2024-01-23T07:20:06+00:00\" \/>\n<meta name=\"twitter:card\" content=\"summary_large_image\" \/>\n<meta name=\"twitter:label1\" content=\"Est. reading time\" \/>\n\t<meta name=\"twitter:data1\" content=\"3 minute\" \/>\n<script type=\"application\/ld+json\" class=\"yoast-schema-graph\">{\"@context\":\"https:\/\/schema.org\",\"@graph\":[{\"@type\":\"WebPage\",\"@id\":\"https:\/\/www.bigtranslation.com\/sl\/politika-piskotkov\",\"url\":\"https:\/\/www.bigtranslation.com\/sl\/politika-piskotkov\",\"name\":\"Politika o pi\u0161kotkih | BigTranslation\",\"isPartOf\":{\"@id\":\"https:\/\/www.bigtranslation.com\/sl#website\"},\"datePublished\":\"2022-08-22T14:16:34+00:00\",\"dateModified\":\"2024-01-23T07:20:06+00:00\",\"breadcrumb\":{\"@id\":\"https:\/\/www.bigtranslation.com\/sl\/politika-piskotkov#breadcrumb\"},\"inLanguage\":\"sl-SI\",\"potentialAction\":[{\"@type\":\"ReadAction\",\"target\":[\"https:\/\/www.bigtranslation.com\/sl\/politika-piskotkov\"]}]},{\"@type\":\"BreadcrumbList\",\"@id\":\"https:\/\/www.bigtranslation.com\/sl\/politika-piskotkov#breadcrumb\",\"itemListElement\":[{\"@type\":\"ListItem\",\"position\":1,\"name\":\"Home\",\"item\":\"https:\/\/www.bigtranslation.com\/sl\"},{\"@type\":\"ListItem\",\"position\":2,\"name\":\"Politika o pi\u0161kotkih\"}]},{\"@type\":\"WebSite\",\"@id\":\"https:\/\/www.bigtranslation.com\/sl#website\",\"url\":\"https:\/\/www.bigtranslation.com\/sl\",\"name\":\"BigTranslation\",\"description\":\"Native and Professional translators\",\"potentialAction\":[{\"@type\":\"SearchAction\",\"target\":{\"@type\":\"EntryPoint\",\"urlTemplate\":\"https:\/\/www.bigtranslation.com\/sl?s={search_term_string}\"},\"query-input\":\"required name=search_term_string\"}],\"inLanguage\":\"sl-SI\"}]}<\/script>\n<!-- \/ Yoast SEO plugin. -->","yoast_head_json":{"title":"Politika o pi\u0161kotkih | BigTranslation","robots":{"index":"index","follow":"follow","max-snippet":"max-snippet:-1","max-image-preview":"max-image-preview:large","max-video-preview":"max-video-preview:-1"},"canonical":"https:\/\/www.bigtranslation.com\/sl\/politika-piskotkov","og_locale":"sl_SI","og_type":"article","og_title":"Politika o pi\u0161kotkih | BigTranslation","og_description":"1. Kaj so pi\u0161kotki? Na\u0161a spletna stran www.bigtranslation.com, ki pripada BigTranslation Agency S.L, uporablja pi\u0161kotke in druge datoteke s podobnimi funkcijami (v nadaljevanju \u00bbpi\u0161kotki\u00ab) za izbolj\u0161anje brskanja in pridobivanje statisti\u010dnih podatkov o dose\u017eenih obiskih. Pi\u0161kotki so majhne besedilne datoteke, ki se namestijo na napravo, s katere se dostopa do na\u0161ega spletnega mesta, in nam samodejno [&hellip;]","og_url":"https:\/\/www.bigtranslation.com\/sl\/politika-piskotkov","og_site_name":"BigTranslation","article_modified_time":"2024-01-23T07:20:06+00:00","twitter_card":"summary_large_image","twitter_misc":{"Est. reading time":"3 minute"},"schema":{"@context":"https:\/\/schema.org","@graph":[{"@type":"WebPage","@id":"https:\/\/www.bigtranslation.com\/sl\/politika-piskotkov","url":"https:\/\/www.bigtranslation.com\/sl\/politika-piskotkov","name":"Politika o pi\u0161kotkih | BigTranslation","isPartOf":{"@id":"https:\/\/www.bigtranslation.com\/sl#website"},"datePublished":"2022-08-22T14:16:34+00:00","dateModified":"2024-01-23T07:20:06+00:00","breadcrumb":{"@id":"https:\/\/www.bigtranslation.com\/sl\/politika-piskotkov#breadcrumb"},"inLanguage":"sl-SI","potentialAction":[{"@type":"ReadAction","target":["https:\/\/www.bigtranslation.com\/sl\/politika-piskotkov"]}]},{"@type":"BreadcrumbList","@id":"https:\/\/www.bigtranslation.com\/sl\/politika-piskotkov#breadcrumb","itemListElement":[{"@type":"ListItem","position":1,"name":"Home","item":"https:\/\/www.bigtranslation.com\/sl"},{"@type":"ListItem","position":2,"name":"Politika o pi\u0161kotkih"}]},{"@type":"WebSite","@id":"https:\/\/www.bigtranslation.com\/sl#website","url":"https:\/\/www.bigtranslation.com\/sl","name":"BigTranslation","description":"Native and Professional translators","potentialAction":[{"@type":"SearchAction","target":{"@type":"EntryPoint","urlTemplate":"https:\/\/www.bigtranslation.com\/sl?s={search_term_string}"},"query-input":"required name=search_term_string"}],"inLanguage":"sl-SI"}]}},"acf":[],"amp_enabled":true,"_links":{"self":[{"href":"https:\/\/www.bigtranslation.com\/sl\/wp-json\/wp\/v2\/pages\/12762"}],"collection":[{"href":"https:\/\/www.bigtranslation.com\/sl\/wp-json\/wp\/v2\/pages"}],"about":[{"href":"https:\/\/www.bigtranslation.com\/sl\/wp-json\/wp\/v2\/types\/page"}],"author":[{"embeddable":true,"href":"https:\/\/www.bigtranslation.com\/sl\/wp-json\/wp\/v2\/users\/7"}],"replies":[{"embeddable":true,"href":"https:\/\/www.bigtranslation.com\/sl\/wp-json\/wp\/v2\/comments?post=12762"}],"version-history":[{"count":9,"href":"https:\/\/www.bigtranslation.com\/sl\/wp-json\/wp\/v2\/pages\/12762\/revisions"}],"predecessor-version":[{"id":18093,"href":"https:\/\/www.bigtranslation.com\/sl\/wp-json\/wp\/v2\/pages\/12762\/revisions\/18093"}],"wp:attachment":[{"href":"https:\/\/www.bigtranslation.com\/sl\/wp-json\/wp\/v2\/media?parent=12762"}],"curies":[{"name":"wp","href":"https:\/\/api.w.org\/{rel}","templated":true}]}}