{"id":2822,"date":"2021-04-16T09:36:36","date_gmt":"2021-04-16T09:36:36","guid":{"rendered":"https:\/\/www.bigtranslation.com\/home\/"},"modified":"2022-02-21T06:38:16","modified_gmt":"2022-02-21T06:38:16","slug":"home","status":"publish","type":"page","link":"https:\/\/www.bigtranslation.com\/sl","title":{"rendered":"Prekladate\u013esk\u00e1 agent\u00fara"},"content":{"rendered":"","protected":false},"excerpt":{"rendered":"","protected":false},"author":1,"featured_media":0,"parent":0,"menu_order":0,"comment_status":"closed","ping_status":"closed","template":"page-templates\/template-home.php","meta":{"footnotes":""},"yoast_head":"<!-- This site is optimized with the Yoast SEO plugin v21.8.1 - https:\/\/yoast.com\/wordpress\/plugins\/seo\/ -->\n<title>Prevajalska agencija | Roden\u00ed prekladatelia<\/title>\n<meta name=\"description\" content=\"Prevajalska agencija, specializirana za SEO prevode in prevajanje spletnih strani doma\u010dih prevajalcev. Nudimo vse vrste prevajalskih storitev.\" \/>\n<meta name=\"robots\" content=\"index, follow, max-snippet:-1, max-image-preview:large, max-video-preview:-1\" \/>\n<link rel=\"canonical\" href=\"https:\/\/www.bigtranslation.com\/sl\" \/>\n<meta property=\"og:locale\" content=\"sl_SI\" \/>\n<meta property=\"og:type\" content=\"article\" \/>\n<meta property=\"og:title\" content=\"Prevajalska agencija | Roden\u00ed prekladatelia\" \/>\n<meta property=\"og:description\" content=\"Prevajalska agencija, specializirana za SEO prevode in prevajanje spletnih strani doma\u010dih prevajalcev. Nudimo vse vrste prevajalskih storitev.\" \/>\n<meta property=\"og:url\" content=\"https:\/\/www.bigtranslation.com\/sl\" \/>\n<meta property=\"og:site_name\" content=\"BigTranslation\" \/>\n<meta property=\"article:modified_time\" content=\"2022-02-21T06:38:16+00:00\" \/>\n<meta name=\"twitter:card\" content=\"summary_large_image\" \/>\n<script type=\"application\/ld+json\" class=\"yoast-schema-graph\">{\"@context\":\"https:\/\/schema.org\",\"@graph\":[{\"@type\":\"WebPage\",\"@id\":\"https:\/\/www.bigtranslation.com\/sl\",\"url\":\"https:\/\/www.bigtranslation.com\/sl\",\"name\":\"Prevajalska agencija | Roden\u00ed prekladatelia\",\"isPartOf\":{\"@id\":\"https:\/\/www.bigtranslation.com\/sl#website\"},\"datePublished\":\"2021-04-16T09:36:36+00:00\",\"dateModified\":\"2022-02-21T06:38:16+00:00\",\"description\":\"Prevajalska agencija, specializirana za SEO prevode in prevajanje spletnih strani doma\u010dih prevajalcev. Nudimo vse vrste prevajalskih storitev.\",\"breadcrumb\":{\"@id\":\"https:\/\/www.bigtranslation.com\/sl#breadcrumb\"},\"inLanguage\":\"sl-SI\",\"potentialAction\":[{\"@type\":\"ReadAction\",\"target\":[\"https:\/\/www.bigtranslation.com\/sl\"]}]},{\"@type\":\"BreadcrumbList\",\"@id\":\"https:\/\/www.bigtranslation.com\/sl#breadcrumb\",\"itemListElement\":[{\"@type\":\"ListItem\",\"position\":1,\"name\":\"Home\",\"item\":\"https:\/\/www.bigtranslation.com\/sl\"},{\"@type\":\"ListItem\",\"position\":2,\"name\":\"Prekladate\u013esk\u00e1 agent\u00fara\"}]},{\"@type\":\"WebSite\",\"@id\":\"https:\/\/www.bigtranslation.com\/sl#website\",\"url\":\"https:\/\/www.bigtranslation.com\/sl\",\"name\":\"BigTranslation\",\"description\":\"Native and Professional translators\",\"potentialAction\":[{\"@type\":\"SearchAction\",\"target\":{\"@type\":\"EntryPoint\",\"urlTemplate\":\"https:\/\/www.bigtranslation.com\/sl?s={search_term_string}\"},\"query-input\":\"required name=search_term_string\"}],\"inLanguage\":\"sl-SI\"}]}<\/script>\n<!-- \/ Yoast SEO plugin. -->","yoast_head_json":{"title":"Prevajalska agencija | Roden\u00ed prekladatelia","description":"Prevajalska agencija, specializirana za SEO prevode in prevajanje spletnih strani doma\u010dih prevajalcev. Nudimo vse vrste prevajalskih storitev.","robots":{"index":"index","follow":"follow","max-snippet":"max-snippet:-1","max-image-preview":"max-image-preview:large","max-video-preview":"max-video-preview:-1"},"canonical":"https:\/\/www.bigtranslation.com\/sl","og_locale":"sl_SI","og_type":"article","og_title":"Prevajalska agencija | Roden\u00ed prekladatelia","og_description":"Prevajalska agencija, specializirana za SEO prevode in prevajanje spletnih strani doma\u010dih prevajalcev. Nudimo vse vrste prevajalskih storitev.","og_url":"https:\/\/www.bigtranslation.com\/sl","og_site_name":"BigTranslation","article_modified_time":"2022-02-21T06:38:16+00:00","twitter_card":"summary_large_image","schema":{"@context":"https:\/\/schema.org","@graph":[{"@type":"WebPage","@id":"https:\/\/www.bigtranslation.com\/sl","url":"https:\/\/www.bigtranslation.com\/sl","name":"Prevajalska agencija | Roden\u00ed prekladatelia","isPartOf":{"@id":"https:\/\/www.bigtranslation.com\/sl#website"},"datePublished":"2021-04-16T09:36:36+00:00","dateModified":"2022-02-21T06:38:16+00:00","description":"Prevajalska agencija, specializirana za SEO prevode in prevajanje spletnih strani doma\u010dih prevajalcev. Nudimo vse vrste prevajalskih storitev.","breadcrumb":{"@id":"https:\/\/www.bigtranslation.com\/sl#breadcrumb"},"inLanguage":"sl-SI","potentialAction":[{"@type":"ReadAction","target":["https:\/\/www.bigtranslation.com\/sl"]}]},{"@type":"BreadcrumbList","@id":"https:\/\/www.bigtranslation.com\/sl#breadcrumb","itemListElement":[{"@type":"ListItem","position":1,"name":"Home","item":"https:\/\/www.bigtranslation.com\/sl"},{"@type":"ListItem","position":2,"name":"Prekladate\u013esk\u00e1 agent\u00fara"}]},{"@type":"WebSite","@id":"https:\/\/www.bigtranslation.com\/sl#website","url":"https:\/\/www.bigtranslation.com\/sl","name":"BigTranslation","description":"Native and Professional translators","potentialAction":[{"@type":"SearchAction","target":{"@type":"EntryPoint","urlTemplate":"https:\/\/www.bigtranslation.com\/sl?s={search_term_string}"},"query-input":"required name=search_term_string"}],"inLanguage":"sl-SI"}]}},"acf":[],"amp_enabled":true,"_links":{"self":[{"href":"https:\/\/www.bigtranslation.com\/sl\/wp-json\/wp\/v2\/pages\/2822"}],"collection":[{"href":"https:\/\/www.bigtranslation.com\/sl\/wp-json\/wp\/v2\/pages"}],"about":[{"href":"https:\/\/www.bigtranslation.com\/sl\/wp-json\/wp\/v2\/types\/page"}],"author":[{"embeddable":true,"href":"https:\/\/www.bigtranslation.com\/sl\/wp-json\/wp\/v2\/users\/1"}],"replies":[{"embeddable":true,"href":"https:\/\/www.bigtranslation.com\/sl\/wp-json\/wp\/v2\/comments?post=2822"}],"version-history":[{"count":1,"href":"https:\/\/www.bigtranslation.com\/sl\/wp-json\/wp\/v2\/pages\/2822\/revisions"}],"predecessor-version":[{"id":2824,"href":"https:\/\/www.bigtranslation.com\/sl\/wp-json\/wp\/v2\/pages\/2822\/revisions\/2824"}],"wp:attachment":[{"href":"https:\/\/www.bigtranslation.com\/sl\/wp-json\/wp\/v2\/media?parent=2822"}],"curies":[{"name":"wp","href":"https:\/\/api.w.org\/{rel}","templated":true}]}}