{"id":2998,"date":"2021-07-13T06:33:52","date_gmt":"2021-07-13T06:33:52","guid":{"rendered":"https:\/\/www.bigtranslation.com\/interpreting\/"},"modified":"2021-09-22T10:39:35","modified_gmt":"2021-09-22T10:39:35","slug":"tolmacenje","status":"publish","type":"page","link":"https:\/\/www.bigtranslation.com\/sl\/tolmacenje","title":{"rendered":"Tolma\u010denje"},"content":{"rendered":"","protected":false},"excerpt":{"rendered":"","protected":false},"author":1,"featured_media":0,"parent":0,"menu_order":11,"comment_status":"closed","ping_status":"closed","template":"page-templates\/template-interpreting.php","meta":{"footnotes":""},"yoast_head":"<!-- This site is optimized with the Yoast SEO plugin v21.8.1 - https:\/\/yoast.com\/wordpress\/plugins\/seo\/ -->\n<title>Tolma\u010denje | Profesionalni prevajalci v materni jezik<\/title>\n<meta name=\"description\" content=\"Na\u0161a prevajalska agencija, s prevajalci v materni jezik, ponuja prevajalske in storitve tolma\u010denja za kateri koli dokument, ki ga potrebujete.\" \/>\n<meta name=\"robots\" content=\"index, follow, max-snippet:-1, max-image-preview:large, max-video-preview:-1\" \/>\n<link rel=\"canonical\" href=\"https:\/\/www.bigtranslation.com\/sl\/tolmacenje\" \/>\n<meta property=\"og:locale\" content=\"sl_SI\" \/>\n<meta property=\"og:type\" content=\"article\" \/>\n<meta property=\"og:title\" content=\"Tolma\u010denje | Profesionalni prevajalci v materni jezik\" \/>\n<meta property=\"og:description\" content=\"Na\u0161a prevajalska agencija, s prevajalci v materni jezik, ponuja prevajalske in storitve tolma\u010denja za kateri koli dokument, ki ga potrebujete.\" \/>\n<meta property=\"og:url\" content=\"https:\/\/www.bigtranslation.com\/sl\/tolmacenje\" \/>\n<meta property=\"og:site_name\" content=\"BigTranslation\" \/>\n<meta property=\"article:modified_time\" content=\"2021-09-22T10:39:35+00:00\" \/>\n<meta name=\"twitter:card\" content=\"summary_large_image\" \/>\n<script type=\"application\/ld+json\" class=\"yoast-schema-graph\">{\"@context\":\"https:\/\/schema.org\",\"@graph\":[{\"@type\":\"WebPage\",\"@id\":\"https:\/\/www.bigtranslation.com\/sl\/tolmacenje\",\"url\":\"https:\/\/www.bigtranslation.com\/sl\/tolmacenje\",\"name\":\"Tolma\u010denje | Profesionalni prevajalci v materni jezik\",\"isPartOf\":{\"@id\":\"https:\/\/www.bigtranslation.com\/sl#website\"},\"datePublished\":\"2021-07-13T06:33:52+00:00\",\"dateModified\":\"2021-09-22T10:39:35+00:00\",\"description\":\"Na\u0161a prevajalska agencija, s prevajalci v materni jezik, ponuja prevajalske in storitve tolma\u010denja za kateri koli dokument, ki ga potrebujete.\",\"breadcrumb\":{\"@id\":\"https:\/\/www.bigtranslation.com\/sl\/tolmacenje#breadcrumb\"},\"inLanguage\":\"sl-SI\",\"potentialAction\":[{\"@type\":\"ReadAction\",\"target\":[\"https:\/\/www.bigtranslation.com\/sl\/tolmacenje\"]}]},{\"@type\":\"BreadcrumbList\",\"@id\":\"https:\/\/www.bigtranslation.com\/sl\/tolmacenje#breadcrumb\",\"itemListElement\":[{\"@type\":\"ListItem\",\"position\":1,\"name\":\"Home\",\"item\":\"https:\/\/www.bigtranslation.com\/sl\"},{\"@type\":\"ListItem\",\"position\":2,\"name\":\"Tolma\u010denje\"}]},{\"@type\":\"WebSite\",\"@id\":\"https:\/\/www.bigtranslation.com\/sl#website\",\"url\":\"https:\/\/www.bigtranslation.com\/sl\",\"name\":\"BigTranslation\",\"description\":\"Native and Professional translators\",\"potentialAction\":[{\"@type\":\"SearchAction\",\"target\":{\"@type\":\"EntryPoint\",\"urlTemplate\":\"https:\/\/www.bigtranslation.com\/sl?s={search_term_string}\"},\"query-input\":\"required name=search_term_string\"}],\"inLanguage\":\"sl-SI\"}]}<\/script>\n<!-- \/ Yoast SEO plugin. -->","yoast_head_json":{"title":"Tolma\u010denje | Profesionalni prevajalci v materni jezik","description":"Na\u0161a prevajalska agencija, s prevajalci v materni jezik, ponuja prevajalske in storitve tolma\u010denja za kateri koli dokument, ki ga potrebujete.","robots":{"index":"index","follow":"follow","max-snippet":"max-snippet:-1","max-image-preview":"max-image-preview:large","max-video-preview":"max-video-preview:-1"},"canonical":"https:\/\/www.bigtranslation.com\/sl\/tolmacenje","og_locale":"sl_SI","og_type":"article","og_title":"Tolma\u010denje | Profesionalni prevajalci v materni jezik","og_description":"Na\u0161a prevajalska agencija, s prevajalci v materni jezik, ponuja prevajalske in storitve tolma\u010denja za kateri koli dokument, ki ga potrebujete.","og_url":"https:\/\/www.bigtranslation.com\/sl\/tolmacenje","og_site_name":"BigTranslation","article_modified_time":"2021-09-22T10:39:35+00:00","twitter_card":"summary_large_image","schema":{"@context":"https:\/\/schema.org","@graph":[{"@type":"WebPage","@id":"https:\/\/www.bigtranslation.com\/sl\/tolmacenje","url":"https:\/\/www.bigtranslation.com\/sl\/tolmacenje","name":"Tolma\u010denje | Profesionalni prevajalci v materni jezik","isPartOf":{"@id":"https:\/\/www.bigtranslation.com\/sl#website"},"datePublished":"2021-07-13T06:33:52+00:00","dateModified":"2021-09-22T10:39:35+00:00","description":"Na\u0161a prevajalska agencija, s prevajalci v materni jezik, ponuja prevajalske in storitve tolma\u010denja za kateri koli dokument, ki ga potrebujete.","breadcrumb":{"@id":"https:\/\/www.bigtranslation.com\/sl\/tolmacenje#breadcrumb"},"inLanguage":"sl-SI","potentialAction":[{"@type":"ReadAction","target":["https:\/\/www.bigtranslation.com\/sl\/tolmacenje"]}]},{"@type":"BreadcrumbList","@id":"https:\/\/www.bigtranslation.com\/sl\/tolmacenje#breadcrumb","itemListElement":[{"@type":"ListItem","position":1,"name":"Home","item":"https:\/\/www.bigtranslation.com\/sl"},{"@type":"ListItem","position":2,"name":"Tolma\u010denje"}]},{"@type":"WebSite","@id":"https:\/\/www.bigtranslation.com\/sl#website","url":"https:\/\/www.bigtranslation.com\/sl","name":"BigTranslation","description":"Native and Professional translators","potentialAction":[{"@type":"SearchAction","target":{"@type":"EntryPoint","urlTemplate":"https:\/\/www.bigtranslation.com\/sl?s={search_term_string}"},"query-input":"required name=search_term_string"}],"inLanguage":"sl-SI"}]}},"acf":[],"amp_enabled":true,"_links":{"self":[{"href":"https:\/\/www.bigtranslation.com\/sl\/wp-json\/wp\/v2\/pages\/2998"}],"collection":[{"href":"https:\/\/www.bigtranslation.com\/sl\/wp-json\/wp\/v2\/pages"}],"about":[{"href":"https:\/\/www.bigtranslation.com\/sl\/wp-json\/wp\/v2\/types\/page"}],"author":[{"embeddable":true,"href":"https:\/\/www.bigtranslation.com\/sl\/wp-json\/wp\/v2\/users\/1"}],"replies":[{"embeddable":true,"href":"https:\/\/www.bigtranslation.com\/sl\/wp-json\/wp\/v2\/comments?post=2998"}],"version-history":[{"count":4,"href":"https:\/\/www.bigtranslation.com\/sl\/wp-json\/wp\/v2\/pages\/2998\/revisions"}],"predecessor-version":[{"id":6960,"href":"https:\/\/www.bigtranslation.com\/sl\/wp-json\/wp\/v2\/pages\/2998\/revisions\/6960"}],"wp:attachment":[{"href":"https:\/\/www.bigtranslation.com\/sl\/wp-json\/wp\/v2\/media?parent=2998"}],"curies":[{"name":"wp","href":"https:\/\/api.w.org\/{rel}","templated":true}]}}