{"id":3083,"date":"2021-06-17T07:42:20","date_gmt":"2021-06-17T07:42:20","guid":{"rendered":"https:\/\/www.bigtranslation.com\/professional-translators\/"},"modified":"2021-09-22T11:04:13","modified_gmt":"2021-09-22T11:04:13","slug":"prevajalci","status":"publish","type":"page","link":"https:\/\/www.bigtranslation.com\/sl\/prevajalci","title":{"rendered":"Prevajalci"},"content":{"rendered":"","protected":false},"excerpt":{"rendered":"","protected":false},"author":1,"featured_media":0,"parent":0,"menu_order":23,"comment_status":"closed","ping_status":"closed","template":"page-templates\/template-professional-translators.php","meta":{"footnotes":""},"yoast_head":"<!-- This site is optimized with the Yoast SEO plugin v21.8.1 - https:\/\/yoast.com\/wordpress\/plugins\/seo\/ -->\n<title>Prevajalci | Prevajalska agencija<\/title>\n<meta name=\"description\" content=\"\u010ce ste prevajalec ste vabljeni k sodelovanju z nami. I\u0161\u010demo prevajalce, ki prevajajo v svoj materni jezik, in imajo znanje iz SEO prevodov ter lektoriranja.\" \/>\n<meta name=\"robots\" content=\"index, follow, max-snippet:-1, max-image-preview:large, max-video-preview:-1\" \/>\n<link rel=\"canonical\" href=\"https:\/\/www.bigtranslation.com\/sl\/prevajalci\" \/>\n<meta property=\"og:locale\" content=\"sl_SI\" \/>\n<meta property=\"og:type\" content=\"article\" \/>\n<meta property=\"og:title\" content=\"Prevajalci | Prevajalska agencija\" \/>\n<meta property=\"og:description\" content=\"\u010ce ste prevajalec ste vabljeni k sodelovanju z nami. I\u0161\u010demo prevajalce, ki prevajajo v svoj materni jezik, in imajo znanje iz SEO prevodov ter lektoriranja.\" \/>\n<meta property=\"og:url\" content=\"https:\/\/www.bigtranslation.com\/sl\/prevajalci\" \/>\n<meta property=\"og:site_name\" content=\"BigTranslation\" \/>\n<meta property=\"article:modified_time\" content=\"2021-09-22T11:04:13+00:00\" \/>\n<meta name=\"twitter:card\" content=\"summary_large_image\" \/>\n<script type=\"application\/ld+json\" class=\"yoast-schema-graph\">{\"@context\":\"https:\/\/schema.org\",\"@graph\":[{\"@type\":\"WebPage\",\"@id\":\"https:\/\/www.bigtranslation.com\/sl\/prevajalci\",\"url\":\"https:\/\/www.bigtranslation.com\/sl\/prevajalci\",\"name\":\"Prevajalci | Prevajalska agencija\",\"isPartOf\":{\"@id\":\"https:\/\/www.bigtranslation.com\/sl#website\"},\"datePublished\":\"2021-06-17T07:42:20+00:00\",\"dateModified\":\"2021-09-22T11:04:13+00:00\",\"description\":\"\u010ce ste prevajalec ste vabljeni k sodelovanju z nami. I\u0161\u010demo prevajalce, ki prevajajo v svoj materni jezik, in imajo znanje iz SEO prevodov ter lektoriranja.\",\"breadcrumb\":{\"@id\":\"https:\/\/www.bigtranslation.com\/sl\/prevajalci#breadcrumb\"},\"inLanguage\":\"sl-SI\",\"potentialAction\":[{\"@type\":\"ReadAction\",\"target\":[\"https:\/\/www.bigtranslation.com\/sl\/prevajalci\"]}]},{\"@type\":\"BreadcrumbList\",\"@id\":\"https:\/\/www.bigtranslation.com\/sl\/prevajalci#breadcrumb\",\"itemListElement\":[{\"@type\":\"ListItem\",\"position\":1,\"name\":\"Home\",\"item\":\"https:\/\/www.bigtranslation.com\/sl\"},{\"@type\":\"ListItem\",\"position\":2,\"name\":\"Prevajalci\"}]},{\"@type\":\"WebSite\",\"@id\":\"https:\/\/www.bigtranslation.com\/sl#website\",\"url\":\"https:\/\/www.bigtranslation.com\/sl\",\"name\":\"BigTranslation\",\"description\":\"Native and Professional translators\",\"potentialAction\":[{\"@type\":\"SearchAction\",\"target\":{\"@type\":\"EntryPoint\",\"urlTemplate\":\"https:\/\/www.bigtranslation.com\/sl?s={search_term_string}\"},\"query-input\":\"required name=search_term_string\"}],\"inLanguage\":\"sl-SI\"}]}<\/script>\n<!-- \/ Yoast SEO plugin. -->","yoast_head_json":{"title":"Prevajalci | Prevajalska agencija","description":"\u010ce ste prevajalec ste vabljeni k sodelovanju z nami. I\u0161\u010demo prevajalce, ki prevajajo v svoj materni jezik, in imajo znanje iz SEO prevodov ter lektoriranja.","robots":{"index":"index","follow":"follow","max-snippet":"max-snippet:-1","max-image-preview":"max-image-preview:large","max-video-preview":"max-video-preview:-1"},"canonical":"https:\/\/www.bigtranslation.com\/sl\/prevajalci","og_locale":"sl_SI","og_type":"article","og_title":"Prevajalci | Prevajalska agencija","og_description":"\u010ce ste prevajalec ste vabljeni k sodelovanju z nami. I\u0161\u010demo prevajalce, ki prevajajo v svoj materni jezik, in imajo znanje iz SEO prevodov ter lektoriranja.","og_url":"https:\/\/www.bigtranslation.com\/sl\/prevajalci","og_site_name":"BigTranslation","article_modified_time":"2021-09-22T11:04:13+00:00","twitter_card":"summary_large_image","schema":{"@context":"https:\/\/schema.org","@graph":[{"@type":"WebPage","@id":"https:\/\/www.bigtranslation.com\/sl\/prevajalci","url":"https:\/\/www.bigtranslation.com\/sl\/prevajalci","name":"Prevajalci | Prevajalska agencija","isPartOf":{"@id":"https:\/\/www.bigtranslation.com\/sl#website"},"datePublished":"2021-06-17T07:42:20+00:00","dateModified":"2021-09-22T11:04:13+00:00","description":"\u010ce ste prevajalec ste vabljeni k sodelovanju z nami. I\u0161\u010demo prevajalce, ki prevajajo v svoj materni jezik, in imajo znanje iz SEO prevodov ter lektoriranja.","breadcrumb":{"@id":"https:\/\/www.bigtranslation.com\/sl\/prevajalci#breadcrumb"},"inLanguage":"sl-SI","potentialAction":[{"@type":"ReadAction","target":["https:\/\/www.bigtranslation.com\/sl\/prevajalci"]}]},{"@type":"BreadcrumbList","@id":"https:\/\/www.bigtranslation.com\/sl\/prevajalci#breadcrumb","itemListElement":[{"@type":"ListItem","position":1,"name":"Home","item":"https:\/\/www.bigtranslation.com\/sl"},{"@type":"ListItem","position":2,"name":"Prevajalci"}]},{"@type":"WebSite","@id":"https:\/\/www.bigtranslation.com\/sl#website","url":"https:\/\/www.bigtranslation.com\/sl","name":"BigTranslation","description":"Native and Professional translators","potentialAction":[{"@type":"SearchAction","target":{"@type":"EntryPoint","urlTemplate":"https:\/\/www.bigtranslation.com\/sl?s={search_term_string}"},"query-input":"required name=search_term_string"}],"inLanguage":"sl-SI"}]}},"acf":[],"amp_enabled":true,"_links":{"self":[{"href":"https:\/\/www.bigtranslation.com\/sl\/wp-json\/wp\/v2\/pages\/3083"}],"collection":[{"href":"https:\/\/www.bigtranslation.com\/sl\/wp-json\/wp\/v2\/pages"}],"about":[{"href":"https:\/\/www.bigtranslation.com\/sl\/wp-json\/wp\/v2\/types\/page"}],"author":[{"embeddable":true,"href":"https:\/\/www.bigtranslation.com\/sl\/wp-json\/wp\/v2\/users\/1"}],"replies":[{"embeddable":true,"href":"https:\/\/www.bigtranslation.com\/sl\/wp-json\/wp\/v2\/comments?post=3083"}],"version-history":[{"count":4,"href":"https:\/\/www.bigtranslation.com\/sl\/wp-json\/wp\/v2\/pages\/3083\/revisions"}],"predecessor-version":[{"id":6980,"href":"https:\/\/www.bigtranslation.com\/sl\/wp-json\/wp\/v2\/pages\/3083\/revisions\/6980"}],"wp:attachment":[{"href":"https:\/\/www.bigtranslation.com\/sl\/wp-json\/wp\/v2\/media?parent=3083"}],"curies":[{"name":"wp","href":"https:\/\/api.w.org\/{rel}","templated":true}]}}