{"id":12769,"date":"2022-08-22T14:36:41","date_gmt":"2022-08-22T14:36:41","guid":{"rendered":"https:\/\/www.bigtranslation.com\/?page_id=12769"},"modified":"2024-01-08T09:32:54","modified_gmt":"2024-01-08T09:32:54","slug":"cookies-policy","status":"publish","type":"page","link":"https:\/\/www.bigtranslation.com\/sv\/cookies-policy","title":{"rendered":"Cookiepolicy"},"content":{"rendered":"\n<h2 class=\"wp-block-heading\">1. Vad \u00e4r cookies?<\/h2>\n\n<p>V\u00e5r webbplats <a href=\"https:\/\/www.bigtranslation.com\/sv\"><u>www.bigtranslation.com<\/u><\/a>, som tillh\u00f6r BigTranslation Agency S.L , anv\u00e4nder <em>cookies <\/em>och andra filer med liknande funktioner (h\u00e4danefter &#8221;cookies&#8221;<em>) <\/em>f\u00f6r att f\u00f6rb\u00e4ttra surfningen och f\u00e5 statistiska uppgifter om genomf\u00f6rda bes\u00f6k.<\/p>\n\n<p>Cookies \u00e4r sm\u00e5 textfiler som installeras p\u00e5 den enhet fr\u00e5n vilken v\u00e5r webbplats n\u00e5s och automatiskt ger oss information, till exempel f\u00f6r att webbplatsen ska fungera eller f\u00f6r att ta reda p\u00e5 dina surfvanor och f\u00f6rb\u00e4ttra din upplevelse vid framtida bes\u00f6k.<\/p>\n\n<p>Den specifika anv\u00e4ndning vi g\u00f6r av cookies anges i &#8221;\u00c4ndam\u00e5l med cookies och tredje partER\/konfiguration och avvisning av cookies&#8221;.<\/p>\n\n<p><strong>Cookies kan aldrig betraktas som ett datavirus.<\/strong> De skadar inte datorn eller saktar ner dess arbete p\u00e5 n\u00e5got s\u00e4tt. Du kan n\u00e4r som helst radera v\u00e5ra cookies eller avvisa dem genom att konfigurera din webbl\u00e4sare.<\/p>\n\n<p>P\u00e5 den h\u00e4r webbplatsen anv\u00e4nder vi sessionscookies och permanenta cookies som i sin tur kan vara egna cookies eller cookies fr\u00e5n tredje part.<\/p>\n\n<p>Sessionscookies \u00e4r cookies som \u00e4r utformade f\u00f6r att samla in och lagra data medan du bes\u00f6ker en webbplats. Vanligtvis anv\u00e4nds de f\u00f6r att lagra information som endast beh\u00f6vs f\u00f6r att tillhandah\u00e5lla den tj\u00e4nst som du har beg\u00e4rt vid ett enda tillf\u00e4lle.<\/p>\n\n<p>Permanenta cookies \u00e4r en typ av cookie d\u00e4r uppgifterna forts\u00e4tter att lagras p\u00e5 din terminalutrustning och kan n\u00e5s och bearbetas under en definierad period av den person som ansvarar f\u00f6r cookien, vilket kan variera fr\u00e5n n\u00e5gra minuter till flera \u00e5r.<\/p>\n\n<h2 class=\"wp-block-heading\">2. \u00c4ndam\u00e5let med cookies och tredje parter \/ konfiguration och avvisning av cookies<\/h2>\n\n<p>Cookies f\u00f6rknippas endast med en viss dators webbl\u00e4sare (en anonym anv\u00e4ndare) och ger i sig inte information om anv\u00e4ndarens namn och efternamn.<\/p>\n\n<p>Tack vare cookies \u00e4r det m\u00f6jligt att k\u00e4nna igen de registrerade anv\u00e4ndarnas webbl\u00e4sare n\u00e4r de har registrerat sig f\u00f6r f\u00f6rsta g\u00e5ngen, utan att de beh\u00f6ver registrera sig varje g\u00e5ng de bes\u00f6ker webbplatsen f\u00f6r att f\u00e5 tillg\u00e5ng till de omr\u00e5den och tj\u00e4nster som \u00e4r reserverade f\u00f6r dem.<\/p>\n\n<p>Dessutom anv\u00e4nder vi v\u00e5ra egna cookies och cookies fr\u00e5n tredje part f\u00f6r de \u00e4ndam\u00e5l som anges nedan. Om du inte accepterar n\u00e5gon av dem kommer din upplevelse p\u00e5 v\u00e5r webbplats att p\u00e5verkas i f\u00f6rh\u00e5llande till de syften som anges i detta avsnitt, men vi vill ge dig full kontroll s\u00e5 att du kan fatta dina egna beslut vid alla tidpunkter.<\/p>\n\n<p><strong>EGNA <\/strong><em><strong>COOKIES<\/strong><\/em><strong>: <\/strong>\u00e4r de f\u00f6r vilka BigTranslation Agency S.L \u00e4r ansvarig med avseende p\u00e5 den information som behandlas. P\u00e5 denna webbplats anv\u00e4nder vi egna <em>cookies <\/em>f\u00f6r f\u00f6ljande \u00e4ndam\u00e5l:<\/p>\n\n<p><strong>Autentisering \/ Session:<\/strong> anv\u00e4nds f\u00f6r att k\u00e4nna igen registrerade anv\u00e4ndare som har loggat in p\u00e5 v\u00e5r webbplats. Med dessa cookies kan du f\u00e5 tillg\u00e5ng till webbplatsens omr\u00e5den med begr\u00e4nsad \u00e5tkomst. Om dessa cookies avvisas eller raderas kommer inloggningsuppgifterna f\u00f6r v\u00e5r webbplats inte att fungera korrekt.<\/p>\n\n<p><strong>Personalisering:<\/strong> anv\u00e4nds f\u00f6r att g\u00f6ra det l\u00e4ttare att surfa p\u00e5 v\u00e5r webbplats. De g\u00f6r det m\u00f6jligt att automatiskt komma ih\u00e5g vissa grafiska aspekter av v\u00e5r webbplats, ut\u00f6ver att personanpassa vissa av webbplatsens egenskaper f\u00f6r att skilja upplevelsen av en anv\u00e4ndare fr\u00e5n en annan. Om dessa cookies avvisas eller raderas kommer det inte att fungera lika bra att surfa p\u00e5 v\u00e5r webbplats.<\/p>\n\n<p><strong>Analytiska: <\/strong>de samlar in information om anv\u00e4ndarnas surfbeteende (mest bes\u00f6kta sidor, tid som tillbringas p\u00e5 webbplatsen etc.) f\u00f6r att f\u00f6rb\u00e4ttra inneh\u00e5llet och de tj\u00e4nster som erbjuds med hj\u00e4lp av analys av denna information (till exempel f\u00f6r att optimera svarstiderna f\u00f6r de mest bes\u00f6kta utrymmena p\u00e5 www.bigtranslation.com ).<\/p>\n\n<p>Om du har n\u00e5gra fr\u00e5gor om v\u00e5r policy f\u00f6r anv\u00e4ndning av cookies kan du kontakta oss p\u00e5 f\u00f6ljande e-postadress: info@bigtranslation.com<\/p>\n\n<p>Dessa cookies anges nedan:<\/p>\n\n<ul>\n<li>wp-wpml_current_language<\/li>\n\n\n\n<li>valuta<\/li>\n\n\n\n<li>valutasymbol<\/li>\n\n\n\n<li>moove_gdpr_popup<\/li>\n\n\n\n<li>bt_creload<\/li>\n<\/ul>\n\n<p><strong>TREDJE PARTS <\/strong><em><strong>COOKIES:<\/strong><\/em> \u00e4r de f\u00f6r vilka tredje parter som inte \u00e4r relaterade till BigTranslation Agency S.L \u00e4r ansvariga f\u00f6r den information som behandlas.<\/p>\n\n<p>De tredje parter och syften f\u00f6r vilka den information som de behandlar anv\u00e4nds beskrivs nedan:<\/p>\n\n<p><strong>ANALYTISKA:<\/strong><\/p>\n\n<p>De samlar in information om anv\u00e4ndarnas surfbeteende (mest bes\u00f6kta sidor, tid p\u00e5 webbplatsen osv.) f\u00f6r att f\u00f6rb\u00e4ttra inneh\u00e5llet och de tj\u00e4nster som erbjuds med hj\u00e4lp av analys av denna information (t.ex. f\u00f6r att f\u00f6rb\u00e4ttra laddnings- och \u00e5tkomsttiderna f\u00f6r de mest bes\u00f6kta sidorna).<\/p>\n\n<ul>\n<li>Google <a href=\"https:\/\/policies.google.com\/technologies\/cookies?hl=es\"><u>Mer information<\/u><\/a><\/li>\n<\/ul>\n\n<ul>\n<li>Facebook <a href=\"https:\/\/www.facebook.com\/help\/1896641480634370\"><u>Mer information<\/u><\/a><br\/><br\/><\/li>\n\n\n\n<li>Microsoft <a href=\"https:\/\/privacy.microsoft.com\/es-es\/privacystatement\"><u>Mer information<\/u><\/a><\/li>\n<\/ul>\n\n<p><strong>BETEENDEM\u00c4SSIGT<\/strong><\/p>\n\n<p>De lagrar information om anv\u00e4ndarnas beteende, som erh\u00e5lls genom observation av deras surfvanor (till exempel vilka sidor de bes\u00f6ker), f\u00f6r att skapa en specifik profil som g\u00f6r det m\u00f6jligt att visa dem personlig reklam baserad p\u00e5 deras preferenser och intressen.<\/p>\n\n<ul>\n<li>Google. <a href=\"https:\/\/policies.google.com\/technologies\/cookies?hl=es\"><u>Mer information<\/u><\/a><br\/><br\/><\/li>\n\n\n\n<li>Doubleclick <a href=\"https:\/\/support.google.com\/admanager\/answer\/2839090?hl=es\"><u>Mer information<\/u><\/a><br\/><br\/><\/li>\n\n\n\n<li>Mailjet <a href=\"https:\/\/www.mailjet.com\/es\/legal\/politica-privacidad\/cookies\/\"><u>Mer information<\/u><\/a><br\/><br\/><\/li>\n\n\n\n<li>Hubspot <a href=\"https:\/\/knowledge.hubspot.com\/es\/privacy-and-consent\/what-cookies-does-hubspot-set-in-a-visitor-s-browser\"><u>Mer information<\/u><\/a><\/li>\n<\/ul>\n\n<ul>\n<li>Facebook. <a href=\"https:\/\/www.facebook.com\/help\/1896641480634370\"><u>Mer information<\/u><\/a><\/li>\n<\/ul>\n\n<ul>\n<li>LinkedIn. <a href=\"https:\/\/es.linkedin.com\/legal\/cookie-policy\"><u>Mer information<\/u><\/a><\/li>\n<\/ul>\n\n<ul>\n<li>Onesignal <a href=\"https:\/\/onesignal.com\/privacy_policy\"><u>Mer information<\/u><\/a><\/li>\n<\/ul>\n\n<ul>\n<li>Tapfiliate <a href=\"https:\/\/tapfiliate.com\/privacy\/gdpr\/#cookies\"><u>Mer information<\/u><\/a><br\/><br\/><\/li>\n\n\n\n<li>VWO <a href=\"https:\/\/vwo.com\/compliance\/cookies-notice\/\"><u>Mer information<\/u><\/a><\/li>\n<\/ul>\n\n<p>T\u00e4nk p\u00e5 att om du avvisar cookies fr\u00e5n tredje part kommer du inte att f\u00e5 den optimala surfupplevelsen p\u00e5 BigTranslation.<\/p>\n\n<h2 class=\"wp-block-heading\">3. Inaktivera eller radera cookies<\/h2>\n\n<p>Du kommer att kunna konfigurera din webbl\u00e4sare s\u00e5 att den inte tar emot dessa cookies och de kommer att avvisas. Annars f\u00f6rst\u00e5r vi att vi har ditt samtycke till deras installation.<\/p>\n\n<p>Du kan n\u00e4r som helst \u00e4ndra dina inst\u00e4llningar f\u00f6r anv\u00e4ndning av <em>cookies<\/em> i de flesta webbl\u00e4sare. Du kan justera din webbl\u00e4sare s\u00e5 att den avvisar eller raderar de cookies som installerats p\u00e5 enheten. Cookies installeras f\u00f6r varje webbl\u00e4sare och d\u00e4rf\u00f6r b\u00f6r du radera dem fr\u00e5n den webbl\u00e4sare som anv\u00e4nds f\u00f6r att komma in p\u00e5 v\u00e5r webbplats.<\/p>\n\n<p>H\u00e4r finns information om hur du g\u00f6r detta i de vanligaste webbl\u00e4sarna:<\/p>\n\n<ul>\n<li><a href=\"https:\/\/support.google.com\/chrome\/answer\/95647?hl=es\"><u>Google Chrome<\/u><\/a><\/li>\n\n\n\n<li><a href=\"https:\/\/support.mozilla.org\/es\/kb\/Borrar%20cookies\"><u>Mozilla Firefox<\/u><\/a><\/li>\n\n\n\n<li><a href=\"https:\/\/support.microsoft.com\/es-es\/help\/17442\/windows-internet-explorer-delete-manage-cookies#ie=ie-10\"><u>Internet Explorer<\/u><\/a><\/li>\n\n\n\n<li><a href=\"https:\/\/support.microsoft.com\/es-es\/windows\/microsoft-edge-datos-de-exploraci%C3%B3n-y-privacidad-bb8174ba-9d73-dcf2-9b4a-c582b4e640dd\"><u>Microsoft Edge<\/u><\/a><\/li>\n\n\n\n<li><a href=\"https:\/\/support.apple.com\/es-es\/HT201265\"><u>Safari<\/u><\/a><\/li>\n\n\n\n<li><a href=\"https:\/\/www.opera.com\/help\/tutorials\/security\/privacy\/\"><u>Opera<\/u><\/a><\/li>\n<\/ul>\n\n<p>Du kan ocks\u00e5 \u00e5terkalla ditt samtycke till anv\u00e4ndningen av cookies i din webbl\u00e4sare genom att installera en plug-in eller genom ett opt-out-system som tillhandah\u00e5lls av vissa tredje parter som installerar cookies p\u00e5 v\u00e5r webbplats:<\/p>\n\n<ul>\n<li><a href=\"https:\/\/myaccount.google.com\/data-and-privacy\"><u>Google (personalisering)<\/u><\/a> (kr\u00e4ver inloggning p\u00e5 Google)<\/li>\n\n\n\n<li><a href=\"https:\/\/myadcenter.google.com\/home?sasb=true&amp;ref=ad-settings\"><u>Google (annonsering)<\/u><\/a><\/li>\n\n\n\n<li><a href=\"https:\/\/www.facebook.com\/settings\/?tab=your_facebook_information\"><u>Facebook<\/u><\/a> (kr\u00e4ver inloggning p\u00e5 Facebook).<\/li>\n<\/ul>\n\n<p>T\u00e4nk p\u00e5 att vissa egenskaper hos inneh\u00e5llet p\u00e5 <a href=\"https:\/\/www.bigtranslation.com\/sv\"><u>www.bigtranslation.com<\/u><\/a> endast \u00e4r tillg\u00e4ngliga om du till\u00e5ter att cookies installeras fr\u00e5n din webbl\u00e4sare. Om du v\u00e4ljer att inte acceptera eller blockera vissa cookies, beroende p\u00e5 deras syfte, kan detta helt eller delvis p\u00e5verka webbplatsens normala funktion eller f\u00f6rhindra \u00e5tkomst till vissa av dess tj\u00e4nster, eftersom vissa cookies, som anges i &#8221;Syfte med cookies och tredje part\/konfiguration och avvisande av cookies&#8221;, \u00e4r f\u00f6r dessa syften.<\/p>\n\n<h2 class=\"wp-block-heading\">4. Information om hur man accepterar, avvisar eller \u00e5terkallar samtycke<\/h2>\n\n<p>Vi g\u00f6r ett system tillg\u00e4ngligt f\u00f6r dig f\u00f6r att hantera eller konfigurera cookies, som du kan anv\u00e4nda f\u00f6r att aktivera eller inaktivera cookies som du anser l\u00e4mpligt. Det kommer inte att vara m\u00f6jligt att inaktivera cookies som kr\u00e4vs f\u00f6r att webbplatsen ska fungera.<\/p>\n\n<p>I enlighet med g\u00e4llande lagstiftning, med undantag f\u00f6r strikt n\u00f6dv\u00e4ndiga cookies och prestanda\/analytiska cookies, kommer <a href=\"https:\/\/www.bigtranslation.com\/sv\"><u>www.bigtranslation.com<\/u><\/a> endast att anv\u00e4nda cookies med bes\u00f6karens f\u00f6reg\u00e5ende och uttryckliga samtycke. Den enhet som ansvarar f\u00f6r webbplatsen \u00e5tar sig att anv\u00e4nda cookies endast f\u00f6r de \u00e4ndam\u00e5l som anges i denna cookiepolicy.<\/p>\n\n<p>T\u00e4nk p\u00e5 att om du accepterar cookies fr\u00e5n tredje part b\u00f6r du kunna radera dem fr\u00e5n webbl\u00e4sarens alternativ eller fr\u00e5n det system som tillhandah\u00e5lls av den tredje parten sj\u00e4lv och som vi har angett i avsnittet &#8221;Inaktivera eller radera cookies&#8221;.<\/p>\n\n<h2 class=\"wp-block-heading\">5. Information om behandling av data.<\/h2>\n\n<h3 class=\"wp-block-heading\">a) Dataansvarig<\/h3>\n\n<p>Den dataansvarige \u00e4r BigTranslation Agency SL<\/p>\n\n<ul>\n<li>BigTranslation Agency SL<\/li>\n\n\n\n<li>CIF (Skatte-ID nummer): B40532194<\/li>\n\n\n\n<li>Adress: Avenida Paret del Patriarca 15, 46113 Moncada, Valencia<\/li>\n<\/ul>\n\n<p>F\u00f6r vissa behandlingsaktiviteter kommer BigTranslation att behandla dina uppgifter, gemensamt besluta om m\u00e5len (&#8221;vad uppgifterna anv\u00e4nds f\u00f6r&#8221;) och de medel som anv\u00e4nds (&#8221;hur uppgifterna anv\u00e4nds&#8221;), och \u00e4r d\u00e4rf\u00f6r en gemensam personuppgiftsansvarig f\u00f6r denna behandling.<\/p>\n\n<h3 class=\"wp-block-heading\">b) R\u00e4ttslig grund f\u00f6r bearbetningen<\/h3>\n\n<p>Det samtycke du ger till anv\u00e4ndningen av cookies legitimerar anv\u00e4ndningen av dem f\u00f6r att behandla dina personuppgifter.<\/p>\n\n<p>Du kan konfigurera eller avvisa anv\u00e4ndningen av cookies, och d\u00e4rmed ut\u00f6va din r\u00e4tt att \u00e5terkalla ditt samtycke, i &#8221;\u00c4ndam\u00e5l med cookies och tredje part \/ konfiguration och avvisning av cookies&#8221;. Du kan ocks\u00e5 inaktivera eller radera cookies enligt beskrivningen i &#8221;Inaktivera eller radera cookies&#8221;.<\/p>\n\n<h3 class=\"wp-block-heading\">c) Data som behandlas<\/h3>\n\n<p>Om du samtycker till anv\u00e4ndningen av cookies kommer vi att behandla f\u00f6ljande uppgifter<\/p>\n\n<p>I f\u00f6rh\u00e5llande till egna cookies:<\/p>\n\n<p>Surfdata: data som erh\u00e5lls fr\u00e5n din surfning p\u00e5 v\u00e5r webbplats eller tredje parts webbplatser: surfhistorik (bes\u00f6kta sidor och klick p\u00e5 inneh\u00e5ll), enhets-ID, reklam-ID, IP-adress.<\/p>\n\n<p>Ang\u00e5ende tredje parter som anges i &#8221;\u00c4ndam\u00e5l med cookies och tredje parter \/ konfiguration och avvisning av cookies&#8221;, se deras respektive policyer, som anges i detta avsnitt, f\u00f6r att ta reda p\u00e5 vilka uppgifter eller kategorier av uppgifter de behandlar.<\/p>\n\n<h3 class=\"wp-block-heading\">d) Profilering<\/h3>\n\n<p>Om du godk\u00e4nner anv\u00e4ndningen av cookies f\u00f6r beteendestyrd annonsering kommer vi att kunna anv\u00e4nda de uppgifter som vi beskriver i Data som behandlas f\u00f6r din kommersiella profilering f\u00f6r att erbjuda dig produkter och tj\u00e4nster som vi tror kan vara av intresse f\u00f6r dig. Om du till exempel \u00e4r intresserad av v\u00e5ra marketplacetj\u00e4nster kommer vi att kunna visa dig v\u00e5rt kommersiella erbjudande om kontaktpersoner.<\/p>\n\n<p>N\u00e4r det g\u00e4ller tredje parter som identifieras i &#8221;\u00c4ndam\u00e5l med cookies och tredje parter\/konfiguration och avvisande av cookies&#8221; och som anv\u00e4nder cookies f\u00f6r beteendebaserad annonsering, se deras respektive policyer, som anges i detta avsnitt, f\u00f6r att ta reda p\u00e5 vilken profilering de utf\u00f6r.<\/p>\n\n<h3 class=\"wp-block-heading\">e) Mottagare av datan<\/h3>\n\n<p>BigTranslation kan vidarebefordra insamlade uppgifter till offentliga myndigheter och organ, f\u00f6r att uppfylla en r\u00e4ttslig skyldighet, samt till n\u00f6dv\u00e4ndiga tj\u00e4nsteleverant\u00f6rer och tredje parter f\u00f6r att hantera och implementera cookies.<\/p>\n\n<p>Ang\u00e5ende tredje parter som anges i &#8221;\u00c4ndam\u00e5l med cookies och tredje parter\/konfiguration och avvisning av cookies&#8221;, se deras respektive policyer, som anges i detta avsnitt, f\u00f6r att ta reda p\u00e5 mer om deras mottagare.<\/p>\n\n<h3 class=\"wp-block-heading\">f) Lagringstid<\/h3>\n\n<p>Data som erh\u00e5lls genom anv\u00e4ndning av cookies som accepteras av anv\u00e4ndaren kommer att lagras under en period av 12 m\u00e5nader<\/p>\n\n<p>Ang\u00e5ende tredje parter som anges i &#8221;\u00c4ndam\u00e5l med cookies och tredje parter\/konfiguration och avvisande av cookies&#8221;, se deras respektive policyer, som anges i detta avsnitt, f\u00f6r att ta reda p\u00e5 deras lagringstider.<\/p>\n\n<h3 class=\"wp-block-heading\">g) \u00d6verf\u00f6ringar till tredje l\u00e4nder<\/h3>\n\n<p>P\u00e5 BigTranslation behandlar vi dina uppgifter inom det Europeiska ekonomiska samarbetsomr\u00e5det och i allm\u00e4nhet anlitar vi tj\u00e4nsteleverant\u00f6rer som ocks\u00e5 finns inom det Europeiska ekonomiska samarbetsomr\u00e5det eller i l\u00e4nder som har f\u00f6rklarats ha l\u00e4mpliga skyddsniv\u00e5er.<\/p>\n\n<p>Om vi beh\u00f6ver anv\u00e4nda tj\u00e4nsteleverant\u00f6rer som utf\u00f6r behandling utanf\u00f6r Europeiska ekonomiska samarbetsomr\u00e5det eller i l\u00e4nder som inte har f\u00f6rklarats ha en l\u00e4mplig skyddsniv\u00e5, kommer vi att se till att s\u00e4kerheten och legitimiteten f\u00f6r behandlingen av din data garanteras.<\/p>\n\n<p>F\u00f6r att g\u00f6ra detta kr\u00e4ver vi l\u00e4mpliga skydds\u00e5tg\u00e4rder fr\u00e5n dessa tj\u00e4nsteleverant\u00f6rer i enlighet med best\u00e4mmelserna i den allm\u00e4nna dataskyddsf\u00f6rordningen f\u00f6r att s\u00e4kerst\u00e4lla att de till exempel har bindande f\u00f6retagsbest\u00e4mmelser som garanterar skydd av information p\u00e5 ett liknande s\u00e4tt som det som fastst\u00e4lls i europeiska best\u00e4mmelser eller att de ansluter sig till Europeiska unionens standardklausuler.<\/p>\n\n<p>N\u00e4r det g\u00e4ller de tredje parter som anges i avsnittet &#8221;\u00c4ndam\u00e5l med cookies och tredje parter\/konfiguration och avvisande av cookies&#8221;, se deras respektive policyer i detta avsnitt f\u00f6r att ta reda p\u00e5 vilka \u00f6verf\u00f6ringar till tredje land som de utf\u00f6r, om till\u00e4mpligt.<\/p>\n\n<h3 class=\"wp-block-heading\">h) Ytterligare information om behandlingen av data<\/h3>\n\n<p>Du hittar all information om behandlingen av din data p\u00e5 <a href=\"https:\/\/www.bigtranslation.com\/sv\/terms\"><u>https:\/\/www.bigtranslation.com\/terms-and-conditions<\/u><\/a><\/p>\n\n<h3 class=\"wp-block-heading\">i) Granskning av cookiepolicyn<\/h3>\n\n<p>Vi kommer att granska cookiepolicyn \u00e5rligen, s\u00e5vida det inte finns n\u00e5gra lagstadgade krav eller krav av annan karakt\u00e4r som g\u00f6r det n\u00f6dv\u00e4ndigt att anpassa policyn inom en kortare tidsperiod. D\u00e4rf\u00f6r rekommenderas anv\u00e4ndare att l\u00e4sa dess inneh\u00e5ll regelbundet.<\/p>\n\n<p>N\u00e4r betydande \u00e4ndringar g\u00f6rs i denna cookiepolicy kommer anv\u00e4ndaren att informeras via ett informationsmeddelande p\u00e5 webbplatsen.<\/p>\n","protected":false},"excerpt":{"rendered":"<p>1. Vad \u00e4r cookies? V\u00e5r webbplats www.bigtranslation.com, som tillh\u00f6r BigTranslation Agency S.L , anv\u00e4nder cookies och andra filer med liknande funktioner (h\u00e4danefter &#8221;cookies&#8221;) f\u00f6r att f\u00f6rb\u00e4ttra surfningen och f\u00e5 statistiska uppgifter om genomf\u00f6rda bes\u00f6k. Cookies \u00e4r sm\u00e5 textfiler som installeras p\u00e5 den enhet fr\u00e5n vilken v\u00e5r webbplats n\u00e5s och automatiskt ger oss information, till exempel [&hellip;]<\/p>\n","protected":false},"author":7,"featured_media":0,"parent":0,"menu_order":38,"comment_status":"closed","ping_status":"closed","template":"","meta":{"footnotes":""},"yoast_head":"<!-- This site is optimized with the Yoast SEO plugin v21.8.1 - https:\/\/yoast.com\/wordpress\/plugins\/seo\/ -->\n<title>Cookiepolicy | BigTranslation<\/title>\n<meta name=\"robots\" content=\"index, follow, max-snippet:-1, max-image-preview:large, max-video-preview:-1\" \/>\n<link rel=\"canonical\" href=\"https:\/\/www.bigtranslation.com\/sv\/cookies-policy\" \/>\n<meta property=\"og:locale\" content=\"sv_SE\" \/>\n<meta property=\"og:type\" content=\"article\" \/>\n<meta property=\"og:title\" content=\"Cookiepolicy | BigTranslation\" \/>\n<meta property=\"og:description\" content=\"1. Vad \u00e4r cookies? V\u00e5r webbplats www.bigtranslation.com, som tillh\u00f6r BigTranslation Agency S.L , anv\u00e4nder cookies och andra filer med liknande funktioner (h\u00e4danefter &#8221;cookies&#8221;) f\u00f6r att f\u00f6rb\u00e4ttra surfningen och f\u00e5 statistiska uppgifter om genomf\u00f6rda bes\u00f6k. Cookies \u00e4r sm\u00e5 textfiler som installeras p\u00e5 den enhet fr\u00e5n vilken v\u00e5r webbplats n\u00e5s och automatiskt ger oss information, till exempel [&hellip;]\" \/>\n<meta property=\"og:url\" content=\"https:\/\/www.bigtranslation.com\/sv\/cookies-policy\" \/>\n<meta property=\"og:site_name\" content=\"BigTranslation\" \/>\n<meta property=\"article:modified_time\" content=\"2024-01-08T09:32:54+00:00\" \/>\n<meta name=\"twitter:card\" content=\"summary_large_image\" \/>\n<meta name=\"twitter:label1\" content=\"Ber\u00e4knad l\u00e4stid\" \/>\n\t<meta name=\"twitter:data1\" content=\"3 minuter\" \/>\n<script type=\"application\/ld+json\" class=\"yoast-schema-graph\">{\"@context\":\"https:\/\/schema.org\",\"@graph\":[{\"@type\":\"WebPage\",\"@id\":\"https:\/\/www.bigtranslation.com\/sv\/cookies-policy\",\"url\":\"https:\/\/www.bigtranslation.com\/sv\/cookies-policy\",\"name\":\"Cookiepolicy | BigTranslation\",\"isPartOf\":{\"@id\":\"https:\/\/www.bigtranslation.com\/sv#website\"},\"datePublished\":\"2022-08-22T14:36:41+00:00\",\"dateModified\":\"2024-01-08T09:32:54+00:00\",\"breadcrumb\":{\"@id\":\"https:\/\/www.bigtranslation.com\/sv\/cookies-policy#breadcrumb\"},\"inLanguage\":\"sv-SE\",\"potentialAction\":[{\"@type\":\"ReadAction\",\"target\":[\"https:\/\/www.bigtranslation.com\/sv\/cookies-policy\"]}]},{\"@type\":\"BreadcrumbList\",\"@id\":\"https:\/\/www.bigtranslation.com\/sv\/cookies-policy#breadcrumb\",\"itemListElement\":[{\"@type\":\"ListItem\",\"position\":1,\"name\":\"Home\",\"item\":\"https:\/\/www.bigtranslation.com\/sv\"},{\"@type\":\"ListItem\",\"position\":2,\"name\":\"Cookiepolicy\"}]},{\"@type\":\"WebSite\",\"@id\":\"https:\/\/www.bigtranslation.com\/sv#website\",\"url\":\"https:\/\/www.bigtranslation.com\/sv\",\"name\":\"BigTranslation\",\"description\":\"Native and Professional translators\",\"potentialAction\":[{\"@type\":\"SearchAction\",\"target\":{\"@type\":\"EntryPoint\",\"urlTemplate\":\"https:\/\/www.bigtranslation.com\/sv?s={search_term_string}\"},\"query-input\":\"required name=search_term_string\"}],\"inLanguage\":\"sv-SE\"}]}<\/script>\n<!-- \/ Yoast SEO plugin. -->","yoast_head_json":{"title":"Cookiepolicy | BigTranslation","robots":{"index":"index","follow":"follow","max-snippet":"max-snippet:-1","max-image-preview":"max-image-preview:large","max-video-preview":"max-video-preview:-1"},"canonical":"https:\/\/www.bigtranslation.com\/sv\/cookies-policy","og_locale":"sv_SE","og_type":"article","og_title":"Cookiepolicy | BigTranslation","og_description":"1. Vad \u00e4r cookies? V\u00e5r webbplats www.bigtranslation.com, som tillh\u00f6r BigTranslation Agency S.L , anv\u00e4nder cookies och andra filer med liknande funktioner (h\u00e4danefter &#8221;cookies&#8221;) f\u00f6r att f\u00f6rb\u00e4ttra surfningen och f\u00e5 statistiska uppgifter om genomf\u00f6rda bes\u00f6k. Cookies \u00e4r sm\u00e5 textfiler som installeras p\u00e5 den enhet fr\u00e5n vilken v\u00e5r webbplats n\u00e5s och automatiskt ger oss information, till exempel [&hellip;]","og_url":"https:\/\/www.bigtranslation.com\/sv\/cookies-policy","og_site_name":"BigTranslation","article_modified_time":"2024-01-08T09:32:54+00:00","twitter_card":"summary_large_image","twitter_misc":{"Ber\u00e4knad l\u00e4stid":"3 minuter"},"schema":{"@context":"https:\/\/schema.org","@graph":[{"@type":"WebPage","@id":"https:\/\/www.bigtranslation.com\/sv\/cookies-policy","url":"https:\/\/www.bigtranslation.com\/sv\/cookies-policy","name":"Cookiepolicy | BigTranslation","isPartOf":{"@id":"https:\/\/www.bigtranslation.com\/sv#website"},"datePublished":"2022-08-22T14:36:41+00:00","dateModified":"2024-01-08T09:32:54+00:00","breadcrumb":{"@id":"https:\/\/www.bigtranslation.com\/sv\/cookies-policy#breadcrumb"},"inLanguage":"sv-SE","potentialAction":[{"@type":"ReadAction","target":["https:\/\/www.bigtranslation.com\/sv\/cookies-policy"]}]},{"@type":"BreadcrumbList","@id":"https:\/\/www.bigtranslation.com\/sv\/cookies-policy#breadcrumb","itemListElement":[{"@type":"ListItem","position":1,"name":"Home","item":"https:\/\/www.bigtranslation.com\/sv"},{"@type":"ListItem","position":2,"name":"Cookiepolicy"}]},{"@type":"WebSite","@id":"https:\/\/www.bigtranslation.com\/sv#website","url":"https:\/\/www.bigtranslation.com\/sv","name":"BigTranslation","description":"Native and Professional translators","potentialAction":[{"@type":"SearchAction","target":{"@type":"EntryPoint","urlTemplate":"https:\/\/www.bigtranslation.com\/sv?s={search_term_string}"},"query-input":"required name=search_term_string"}],"inLanguage":"sv-SE"}]}},"acf":[],"amp_enabled":true,"_links":{"self":[{"href":"https:\/\/www.bigtranslation.com\/sv\/wp-json\/wp\/v2\/pages\/12769"}],"collection":[{"href":"https:\/\/www.bigtranslation.com\/sv\/wp-json\/wp\/v2\/pages"}],"about":[{"href":"https:\/\/www.bigtranslation.com\/sv\/wp-json\/wp\/v2\/types\/page"}],"author":[{"embeddable":true,"href":"https:\/\/www.bigtranslation.com\/sv\/wp-json\/wp\/v2\/users\/7"}],"replies":[{"embeddable":true,"href":"https:\/\/www.bigtranslation.com\/sv\/wp-json\/wp\/v2\/comments?post=12769"}],"version-history":[{"count":4,"href":"https:\/\/www.bigtranslation.com\/sv\/wp-json\/wp\/v2\/pages\/12769\/revisions"}],"predecessor-version":[{"id":18028,"href":"https:\/\/www.bigtranslation.com\/sv\/wp-json\/wp\/v2\/pages\/12769\/revisions\/18028"}],"wp:attachment":[{"href":"https:\/\/www.bigtranslation.com\/sv\/wp-json\/wp\/v2\/media?parent=12769"}],"curies":[{"name":"wp","href":"https:\/\/api.w.org\/{rel}","templated":true}]}}