{"id":12844,"date":"2022-08-24T07:08:38","date_gmt":"2022-08-24T07:08:38","guid":{"rendered":"https:\/\/www.bigtranslation.com\/?page_id=12844"},"modified":"2022-08-24T07:08:38","modified_gmt":"2022-08-24T07:08:38","slug":"juridiskt-meddelande","status":"publish","type":"page","link":"https:\/\/www.bigtranslation.com\/sv\/juridiskt-meddelande","title":{"rendered":"Juridiskt meddelande"},"content":{"rendered":"\n<p>Detta juridiska meddelande reglerar \u00e5tkomst, surfning och anv\u00e4ndning av webbplatsen <a href=\"https:\/\/www.bigtranslation.com\/\">https:\/\/www.bigtranslation.com\/<\/a> (nedan kallad webbplatsen).<\/p>\n\n\n\n<p>De villkor som fastst\u00e4lls i detta juridiska meddelande ska g\u00e4lla i f\u00f6rl\u00e4ngningen om f\u00f6retaget fastst\u00e4ller s\u00e4rskilda villkor f\u00f6r anv\u00e4ndning och\/eller kontraktering av specifika tj\u00e4nster.<\/p>\n\n\n\n<h2 class=\"wp-block-heading\"><strong>UTL\u00c4MNANDE AV INFORMATION<\/strong><\/h2>\n\n\n\n<p>I enlighet med den informationsskyldighet som avses i artikel 10 i lag 34\/2002 av den 11 juli om informationssamh\u00e4llets tj\u00e4nster och elektronisk handel informerar vi dig om att webbplatsen tillh\u00f6r f\u00f6retaget,<strong> BigTranslation (BigTranslation Agency SL)<\/strong>, ett kommersiellt f\u00f6retag bildat i enlighet med spansk lagstiftning, med CIF (skatte-ID) B40532194 och s\u00e4te p\u00e5 Av Paret del Patriarca 15, 46113 Moncada, Valencia, Spanien.<\/p>\n\n\n\n<p>Du kan kontakta oss via f\u00f6ljande e-postadress <a href=\"mailto:info@bigtranslation.com\">info@bigtranslation.com<\/a>.<\/p>\n\n\n\n<h2 class=\"wp-block-heading\"><strong>ANV\u00c4NDARE<\/strong><\/h2>\n\n\n\n<p>\u00c5tkomst och\/eller anv\u00e4ndning av webbplatsen tillskriver dig anv\u00e4ndarens villkor och, som ett resultat av denna \u00e5tkomst och\/eller anv\u00e4ndning, accepterar du detta juridiska meddelande.<\/p>\n\n\n\n<h2 class=\"wp-block-heading\"><strong>ANV\u00c4NDNING AV WEBBPLATSEN<\/strong><\/h2>\n\n\n\n<p>Webbplatsen kan ge tillg\u00e5ng till ett stort antal texter, grafik, ritningar, m\u00f6nster, koder, programvara, fotografier, musik, videor, ljud, databaser, bilder, uttryck och information (nedan kallat &#8221;Inneh\u00e5ll&#8221;) som tillh\u00f6r f\u00f6retaget eller tredje part som anv\u00e4ndaren kan ha tillg\u00e5ng till.<\/p>\n\n\n\n<p>Anv\u00e4ndaren tar ansvar f\u00f6r sin anv\u00e4ndning av webbplatsen. Detta ansvar str\u00e4cker sig till den registrering som, i f\u00f6rekommande fall, \u00e4r n\u00f6dv\u00e4ndig f\u00f6r att f\u00e5 tillg\u00e5ng till inneh\u00e5ll eller tj\u00e4nster som tillhandah\u00e5lls av webbplatsen.<\/p>\n\n\n\n<p>Anv\u00e4ndaren f\u00f6rbinder sig att korrekt anv\u00e4nda inneh\u00e5llet och tj\u00e4nsterna som erbjuds via webbplatsen inklusive, men inte begr\u00e4nsat till, att inte anv\u00e4nda dem f\u00f6r att (i) delta i n\u00e5got olagligt, eller aktiviteter som strider mot god tro och allm\u00e4n ordning; (ii) orsaka skada p\u00e5 de fysiska och logiska systemen hos webbplatsens \u00e4gare, dess leverant\u00f6rer eller tredje part, (iii) inf\u00f6ra eller sprida datavirus eller andra fysiska eller logiska system som sannolikt kommer att orsaka ovann\u00e4mnda skada.<\/p>\n\n\n\n<h2 class=\"wp-block-heading\"><strong>IMMATERIELLA<\/strong><\/h2>\n\n\n\n<p>Inneh\u00e5llet p\u00e5 denna webbplats, inklusive bland annat bilder, logotyper, grafik, animationer och texter, oavsett format, samt dom\u00e4nnamnet bigtranslation.com tillh\u00f6r \u00e4garen. N\u00e4r det g\u00e4ller tj\u00e4nsterna till salu har \u00e4garen f\u00e5tt tillst\u00e5nd f\u00f6r deras anv\u00e4ndning. Detta inneh\u00e5ll skyddas av internationella lagar och f\u00f6rdrag om immateriell och industriell \u00e4gander\u00e4tt, liksom regleringspolitiken f\u00f6r dom\u00e4nnamnen.<\/p>\n\n\n\n<p>Anv\u00e4ndning av l\u00e4nkar till denna webbplats \u00e4r till\u00e5ten f\u00f6rutsatt att de inte skadar \u00e4garens bild och intressen och i alla format eller medier.<\/p>\n\n\n\n<h2 class=\"wp-block-heading\"><strong>ANSVAR OCH GARANTIER<\/strong><\/h2>\n\n\n\n<p>L\u00e4nkarna som visas p\u00e5 denna webbplats tillhandah\u00e5lls i syfte att ut\u00f6ka informationen. Deras inkludering inneb\u00e4r inte godk\u00e4nnande av dessa inneh\u00e5ll eller \u00e4garens koppling till de registeransvariga f\u00f6r dessa webbplatser och f\u00f6ljaktligen ska \u00c4garen inte ta n\u00e5got ansvar i f\u00f6rh\u00e5llande till dem eller f\u00f6r den skada de kan orsaka av n\u00e5gon anledning till ditt datorsystem, dokument eller filer.<\/p>\n\n\n\n<p>\u00c4garen garanterar inte tillf\u00f6rlitligheten, tillg\u00e4ngligheten eller kontinuiteten p\u00e5 denna webbplats eller dess inneh\u00e5ll p\u00e5 grund av tekniska, s\u00e4kerhets- eller kontrollsk\u00e4l eller underh\u00e5ll av tj\u00e4nsten; p\u00e5 grund av fel som kan h\u00e4nf\u00f6ras till servern som \u00e4r v\u00e4rd f\u00f6r inneh\u00e5llet eller till andra mellanh\u00e4nder eller leverant\u00f6rer; p\u00e5 grund av attacker mot datorsystemet; eller av n\u00e5gon annan anledning som h\u00e4rr\u00f6r fr\u00e5n n\u00e5gon orsak utanf\u00f6r dess kontroll. F\u00f6ljaktligen ska det vara befriat fr\u00e5n allt ansvar, direkt eller indirekt, i f\u00f6rh\u00e5llande till dem.<\/p>\n\n\n\n<h2 class=\"wp-block-heading\"><strong>VARAKTIGHET OCH MODIFIERING<\/strong><\/h2>\n\n\n\n<p>Villkoren i detta juridiska meddelande ska g\u00e4lla tills de \u00e4ndras. BigTranslation kan g\u00f6ra dessa \u00e4ndringar och ska kommunicera dem till anv\u00e4ndaren.<\/p>\n\n\n\n<p>BigTranslation kan ta bort, l\u00e4gga till eller \u00e4ndra b\u00e5de inneh\u00e5llet och de tj\u00e4nster som det tillhandah\u00e5ller, ut\u00f6ver det s\u00e4tt p\u00e5 vilket de finns eller presenteras. De villkor som publiceras vid den tidpunkt d\u00e5 anv\u00e4ndaren bes\u00f6ker BigTranslations webbplats ska anses vara i kraft.<\/p>\n\n\n\n<p>Genom att komma \u00e5t och\/eller anv\u00e4nda webbplatsen ska anv\u00e4ndaren anses ha accepterat villkoren i detta juridiska meddelande och, i f\u00f6rekommande fall, de \u00e4ndringar som gjorts i dem.<\/p>\n\n\n\n<h2 class=\"wp-block-heading\"><strong>COOKIES<\/strong><\/h2>\n\n\n\n<p>F\u00f6r att anv\u00e4nda v\u00e5r webbplats kr\u00e4vs anv\u00e4ndning av cookies. Cookies anv\u00e4nds f\u00f6r en m\u00e4ngd olika \u00e4ndam\u00e5l (m\u00e4tning av tj\u00e4nsten, sp\u00e5rning av f\u00f6rs\u00e4ljning, riktad marknadsf\u00f6ring etc.). Om du vill kan du justera din webbl\u00e4sare s\u00e5 att du varnas p\u00e5 sk\u00e4rmen om mottagandet av cookies och f\u00f6r att f\u00f6rhindra installation av cookies p\u00e5 din h\u00e5rddisk. Se din webbl\u00e4sares instruktioner och manualer f\u00f6r mer information.<\/p>\n\n\n\n<p><a href=\"https:\/\/www.bigtranslation.com\/sv\/cookies-policy\">MER INFORMATION OM ANV\u00c4NDNINGEN AV COOKIES<\/a><\/p>\n","protected":false},"excerpt":{"rendered":"<p>Detta juridiska meddelande reglerar \u00e5tkomst, surfning och anv\u00e4ndning av webbplatsen https:\/\/www.bigtranslation.com\/ (nedan kallad webbplatsen). De villkor som fastst\u00e4lls i detta juridiska meddelande ska g\u00e4lla i f\u00f6rl\u00e4ngningen om f\u00f6retaget fastst\u00e4ller s\u00e4rskilda villkor f\u00f6r anv\u00e4ndning och\/eller kontraktering av specifika tj\u00e4nster. UTL\u00c4MNANDE AV INFORMATION I enlighet med den informationsskyldighet som avses i artikel 10 i lag 34\/2002 av [&hellip;]<\/p>\n","protected":false},"author":7,"featured_media":0,"parent":0,"menu_order":38,"comment_status":"closed","ping_status":"closed","template":"","meta":{"footnotes":""},"yoast_head":"<!-- This site is optimized with the Yoast SEO plugin v21.8.1 - https:\/\/yoast.com\/wordpress\/plugins\/seo\/ -->\n<title>Juridiskt meddelande | BigTranslation<\/title>\n<meta name=\"robots\" content=\"index, follow, max-snippet:-1, max-image-preview:large, max-video-preview:-1\" \/>\n<link rel=\"canonical\" href=\"https:\/\/www.bigtranslation.com\/sv\/juridiskt-meddelande\" \/>\n<meta property=\"og:locale\" content=\"sv_SE\" \/>\n<meta property=\"og:type\" content=\"article\" \/>\n<meta property=\"og:title\" content=\"Juridiskt meddelande | BigTranslation\" \/>\n<meta property=\"og:description\" content=\"Detta juridiska meddelande reglerar \u00e5tkomst, surfning och anv\u00e4ndning av webbplatsen https:\/\/www.bigtranslation.com\/ (nedan kallad webbplatsen). De villkor som fastst\u00e4lls i detta juridiska meddelande ska g\u00e4lla i f\u00f6rl\u00e4ngningen om f\u00f6retaget fastst\u00e4ller s\u00e4rskilda villkor f\u00f6r anv\u00e4ndning och\/eller kontraktering av specifika tj\u00e4nster. UTL\u00c4MNANDE AV INFORMATION I enlighet med den informationsskyldighet som avses i artikel 10 i lag 34\/2002 av [&hellip;]\" \/>\n<meta property=\"og:url\" content=\"https:\/\/www.bigtranslation.com\/sv\/juridiskt-meddelande\" \/>\n<meta property=\"og:site_name\" content=\"BigTranslation\" \/>\n<meta name=\"twitter:card\" content=\"summary_large_image\" \/>\n<meta name=\"twitter:label1\" content=\"Ber\u00e4knad l\u00e4stid\" \/>\n\t<meta name=\"twitter:data1\" content=\"3 minuter\" \/>\n<script type=\"application\/ld+json\" class=\"yoast-schema-graph\">{\"@context\":\"https:\/\/schema.org\",\"@graph\":[{\"@type\":\"WebPage\",\"@id\":\"https:\/\/www.bigtranslation.com\/sv\/juridiskt-meddelande\",\"url\":\"https:\/\/www.bigtranslation.com\/sv\/juridiskt-meddelande\",\"name\":\"Juridiskt meddelande | BigTranslation\",\"isPartOf\":{\"@id\":\"https:\/\/www.bigtranslation.com\/sv#website\"},\"datePublished\":\"2022-08-24T07:08:38+00:00\",\"dateModified\":\"2022-08-24T07:08:38+00:00\",\"breadcrumb\":{\"@id\":\"https:\/\/www.bigtranslation.com\/sv\/juridiskt-meddelande#breadcrumb\"},\"inLanguage\":\"sv-SE\",\"potentialAction\":[{\"@type\":\"ReadAction\",\"target\":[\"https:\/\/www.bigtranslation.com\/sv\/juridiskt-meddelande\"]}]},{\"@type\":\"BreadcrumbList\",\"@id\":\"https:\/\/www.bigtranslation.com\/sv\/juridiskt-meddelande#breadcrumb\",\"itemListElement\":[{\"@type\":\"ListItem\",\"position\":1,\"name\":\"Home\",\"item\":\"https:\/\/www.bigtranslation.com\/sv\"},{\"@type\":\"ListItem\",\"position\":2,\"name\":\"Juridiskt meddelande\"}]},{\"@type\":\"WebSite\",\"@id\":\"https:\/\/www.bigtranslation.com\/sv#website\",\"url\":\"https:\/\/www.bigtranslation.com\/sv\",\"name\":\"BigTranslation\",\"description\":\"Native and Professional translators\",\"potentialAction\":[{\"@type\":\"SearchAction\",\"target\":{\"@type\":\"EntryPoint\",\"urlTemplate\":\"https:\/\/www.bigtranslation.com\/sv?s={search_term_string}\"},\"query-input\":\"required name=search_term_string\"}],\"inLanguage\":\"sv-SE\"}]}<\/script>\n<!-- \/ Yoast SEO plugin. -->","yoast_head_json":{"title":"Juridiskt meddelande | BigTranslation","robots":{"index":"index","follow":"follow","max-snippet":"max-snippet:-1","max-image-preview":"max-image-preview:large","max-video-preview":"max-video-preview:-1"},"canonical":"https:\/\/www.bigtranslation.com\/sv\/juridiskt-meddelande","og_locale":"sv_SE","og_type":"article","og_title":"Juridiskt meddelande | BigTranslation","og_description":"Detta juridiska meddelande reglerar \u00e5tkomst, surfning och anv\u00e4ndning av webbplatsen https:\/\/www.bigtranslation.com\/ (nedan kallad webbplatsen). De villkor som fastst\u00e4lls i detta juridiska meddelande ska g\u00e4lla i f\u00f6rl\u00e4ngningen om f\u00f6retaget fastst\u00e4ller s\u00e4rskilda villkor f\u00f6r anv\u00e4ndning och\/eller kontraktering av specifika tj\u00e4nster. UTL\u00c4MNANDE AV INFORMATION I enlighet med den informationsskyldighet som avses i artikel 10 i lag 34\/2002 av [&hellip;]","og_url":"https:\/\/www.bigtranslation.com\/sv\/juridiskt-meddelande","og_site_name":"BigTranslation","twitter_card":"summary_large_image","twitter_misc":{"Ber\u00e4knad l\u00e4stid":"3 minuter"},"schema":{"@context":"https:\/\/schema.org","@graph":[{"@type":"WebPage","@id":"https:\/\/www.bigtranslation.com\/sv\/juridiskt-meddelande","url":"https:\/\/www.bigtranslation.com\/sv\/juridiskt-meddelande","name":"Juridiskt meddelande | BigTranslation","isPartOf":{"@id":"https:\/\/www.bigtranslation.com\/sv#website"},"datePublished":"2022-08-24T07:08:38+00:00","dateModified":"2022-08-24T07:08:38+00:00","breadcrumb":{"@id":"https:\/\/www.bigtranslation.com\/sv\/juridiskt-meddelande#breadcrumb"},"inLanguage":"sv-SE","potentialAction":[{"@type":"ReadAction","target":["https:\/\/www.bigtranslation.com\/sv\/juridiskt-meddelande"]}]},{"@type":"BreadcrumbList","@id":"https:\/\/www.bigtranslation.com\/sv\/juridiskt-meddelande#breadcrumb","itemListElement":[{"@type":"ListItem","position":1,"name":"Home","item":"https:\/\/www.bigtranslation.com\/sv"},{"@type":"ListItem","position":2,"name":"Juridiskt meddelande"}]},{"@type":"WebSite","@id":"https:\/\/www.bigtranslation.com\/sv#website","url":"https:\/\/www.bigtranslation.com\/sv","name":"BigTranslation","description":"Native and Professional translators","potentialAction":[{"@type":"SearchAction","target":{"@type":"EntryPoint","urlTemplate":"https:\/\/www.bigtranslation.com\/sv?s={search_term_string}"},"query-input":"required name=search_term_string"}],"inLanguage":"sv-SE"}]}},"acf":[],"amp_enabled":true,"_links":{"self":[{"href":"https:\/\/www.bigtranslation.com\/sv\/wp-json\/wp\/v2\/pages\/12844"}],"collection":[{"href":"https:\/\/www.bigtranslation.com\/sv\/wp-json\/wp\/v2\/pages"}],"about":[{"href":"https:\/\/www.bigtranslation.com\/sv\/wp-json\/wp\/v2\/types\/page"}],"author":[{"embeddable":true,"href":"https:\/\/www.bigtranslation.com\/sv\/wp-json\/wp\/v2\/users\/7"}],"replies":[{"embeddable":true,"href":"https:\/\/www.bigtranslation.com\/sv\/wp-json\/wp\/v2\/comments?post=12844"}],"version-history":[{"count":1,"href":"https:\/\/www.bigtranslation.com\/sv\/wp-json\/wp\/v2\/pages\/12844\/revisions"}],"predecessor-version":[{"id":12847,"href":"https:\/\/www.bigtranslation.com\/sv\/wp-json\/wp\/v2\/pages\/12844\/revisions\/12847"}],"wp:attachment":[{"href":"https:\/\/www.bigtranslation.com\/sv\/wp-json\/wp\/v2\/media?parent=12844"}],"curies":[{"name":"wp","href":"https:\/\/api.w.org\/{rel}","templated":true}]}}