{"id":3333,"date":"2021-06-25T06:12:12","date_gmt":"2021-06-25T06:12:12","guid":{"rendered":"https:\/\/www.bigtranslation.com\/native-translators\/"},"modified":"2021-09-16T06:48:59","modified_gmt":"2021-09-16T06:48:59","slug":"modersmalsoversattare","status":"publish","type":"page","link":"https:\/\/www.bigtranslation.com\/sv\/modersmalsoversattare","title":{"rendered":"Modersm\u00e5ls\u00f6vers\u00e4ttare"},"content":{"rendered":"","protected":false},"excerpt":{"rendered":"","protected":false},"author":1,"featured_media":0,"parent":0,"menu_order":2,"comment_status":"closed","ping_status":"closed","template":"page-templates\/template-native-translators.php","meta":{"footnotes":""},"yoast_head":"<!-- This site is optimized with the Yoast SEO plugin v21.8.1 - https:\/\/yoast.com\/wordpress\/plugins\/seo\/ -->\n<title>Modersm\u00e5ls\u00f6vers\u00e4ttare | \u00d6vers\u00e4ttningsbyr\u00e5<\/title>\n<meta name=\"description\" content=\"V\u00e5rt specialiserade och professionella \u00f6vers\u00e4ttarteam best\u00e5r av kvalificerade modersm\u00e5ls\u00f6vers\u00e4ttare med utbildning inom \u00f6vers\u00e4ttning och korrekturl\u00e4sning\" \/>\n<meta name=\"robots\" content=\"index, follow, max-snippet:-1, max-image-preview:large, max-video-preview:-1\" \/>\n<link rel=\"canonical\" href=\"https:\/\/www.bigtranslation.com\/sv\/modersmalsoversattare\" \/>\n<meta property=\"og:locale\" content=\"sv_SE\" \/>\n<meta property=\"og:type\" content=\"article\" \/>\n<meta property=\"og:title\" content=\"Modersm\u00e5ls\u00f6vers\u00e4ttare | \u00d6vers\u00e4ttningsbyr\u00e5\" \/>\n<meta property=\"og:description\" content=\"V\u00e5rt specialiserade och professionella \u00f6vers\u00e4ttarteam best\u00e5r av kvalificerade modersm\u00e5ls\u00f6vers\u00e4ttare med utbildning inom \u00f6vers\u00e4ttning och korrekturl\u00e4sning\" \/>\n<meta property=\"og:url\" content=\"https:\/\/www.bigtranslation.com\/sv\/modersmalsoversattare\" \/>\n<meta property=\"og:site_name\" content=\"BigTranslation\" \/>\n<meta property=\"article:modified_time\" content=\"2021-09-16T06:48:59+00:00\" \/>\n<meta name=\"twitter:card\" content=\"summary_large_image\" \/>\n<script type=\"application\/ld+json\" class=\"yoast-schema-graph\">{\"@context\":\"https:\/\/schema.org\",\"@graph\":[{\"@type\":\"WebPage\",\"@id\":\"https:\/\/www.bigtranslation.com\/sv\/modersmalsoversattare\",\"url\":\"https:\/\/www.bigtranslation.com\/sv\/modersmalsoversattare\",\"name\":\"Modersm\u00e5ls\u00f6vers\u00e4ttare | \u00d6vers\u00e4ttningsbyr\u00e5\",\"isPartOf\":{\"@id\":\"https:\/\/www.bigtranslation.com\/sv#website\"},\"datePublished\":\"2021-06-25T06:12:12+00:00\",\"dateModified\":\"2021-09-16T06:48:59+00:00\",\"description\":\"V\u00e5rt specialiserade och professionella \u00f6vers\u00e4ttarteam best\u00e5r av kvalificerade modersm\u00e5ls\u00f6vers\u00e4ttare med utbildning inom \u00f6vers\u00e4ttning och korrekturl\u00e4sning\",\"breadcrumb\":{\"@id\":\"https:\/\/www.bigtranslation.com\/sv\/modersmalsoversattare#breadcrumb\"},\"inLanguage\":\"sv-SE\",\"potentialAction\":[{\"@type\":\"ReadAction\",\"target\":[\"https:\/\/www.bigtranslation.com\/sv\/modersmalsoversattare\"]}]},{\"@type\":\"BreadcrumbList\",\"@id\":\"https:\/\/www.bigtranslation.com\/sv\/modersmalsoversattare#breadcrumb\",\"itemListElement\":[{\"@type\":\"ListItem\",\"position\":1,\"name\":\"Home\",\"item\":\"https:\/\/www.bigtranslation.com\/sv\"},{\"@type\":\"ListItem\",\"position\":2,\"name\":\"Modersm\u00e5ls\u00f6vers\u00e4ttare\"}]},{\"@type\":\"WebSite\",\"@id\":\"https:\/\/www.bigtranslation.com\/sv#website\",\"url\":\"https:\/\/www.bigtranslation.com\/sv\",\"name\":\"BigTranslation\",\"description\":\"Native and Professional translators\",\"potentialAction\":[{\"@type\":\"SearchAction\",\"target\":{\"@type\":\"EntryPoint\",\"urlTemplate\":\"https:\/\/www.bigtranslation.com\/sv?s={search_term_string}\"},\"query-input\":\"required name=search_term_string\"}],\"inLanguage\":\"sv-SE\"}]}<\/script>\n<!-- \/ Yoast SEO plugin. -->","yoast_head_json":{"title":"Modersm\u00e5ls\u00f6vers\u00e4ttare | \u00d6vers\u00e4ttningsbyr\u00e5","description":"V\u00e5rt specialiserade och professionella \u00f6vers\u00e4ttarteam best\u00e5r av kvalificerade modersm\u00e5ls\u00f6vers\u00e4ttare med utbildning inom \u00f6vers\u00e4ttning och korrekturl\u00e4sning","robots":{"index":"index","follow":"follow","max-snippet":"max-snippet:-1","max-image-preview":"max-image-preview:large","max-video-preview":"max-video-preview:-1"},"canonical":"https:\/\/www.bigtranslation.com\/sv\/modersmalsoversattare","og_locale":"sv_SE","og_type":"article","og_title":"Modersm\u00e5ls\u00f6vers\u00e4ttare | \u00d6vers\u00e4ttningsbyr\u00e5","og_description":"V\u00e5rt specialiserade och professionella \u00f6vers\u00e4ttarteam best\u00e5r av kvalificerade modersm\u00e5ls\u00f6vers\u00e4ttare med utbildning inom \u00f6vers\u00e4ttning och korrekturl\u00e4sning","og_url":"https:\/\/www.bigtranslation.com\/sv\/modersmalsoversattare","og_site_name":"BigTranslation","article_modified_time":"2021-09-16T06:48:59+00:00","twitter_card":"summary_large_image","schema":{"@context":"https:\/\/schema.org","@graph":[{"@type":"WebPage","@id":"https:\/\/www.bigtranslation.com\/sv\/modersmalsoversattare","url":"https:\/\/www.bigtranslation.com\/sv\/modersmalsoversattare","name":"Modersm\u00e5ls\u00f6vers\u00e4ttare | \u00d6vers\u00e4ttningsbyr\u00e5","isPartOf":{"@id":"https:\/\/www.bigtranslation.com\/sv#website"},"datePublished":"2021-06-25T06:12:12+00:00","dateModified":"2021-09-16T06:48:59+00:00","description":"V\u00e5rt specialiserade och professionella \u00f6vers\u00e4ttarteam best\u00e5r av kvalificerade modersm\u00e5ls\u00f6vers\u00e4ttare med utbildning inom \u00f6vers\u00e4ttning och korrekturl\u00e4sning","breadcrumb":{"@id":"https:\/\/www.bigtranslation.com\/sv\/modersmalsoversattare#breadcrumb"},"inLanguage":"sv-SE","potentialAction":[{"@type":"ReadAction","target":["https:\/\/www.bigtranslation.com\/sv\/modersmalsoversattare"]}]},{"@type":"BreadcrumbList","@id":"https:\/\/www.bigtranslation.com\/sv\/modersmalsoversattare#breadcrumb","itemListElement":[{"@type":"ListItem","position":1,"name":"Home","item":"https:\/\/www.bigtranslation.com\/sv"},{"@type":"ListItem","position":2,"name":"Modersm\u00e5ls\u00f6vers\u00e4ttare"}]},{"@type":"WebSite","@id":"https:\/\/www.bigtranslation.com\/sv#website","url":"https:\/\/www.bigtranslation.com\/sv","name":"BigTranslation","description":"Native and Professional translators","potentialAction":[{"@type":"SearchAction","target":{"@type":"EntryPoint","urlTemplate":"https:\/\/www.bigtranslation.com\/sv?s={search_term_string}"},"query-input":"required name=search_term_string"}],"inLanguage":"sv-SE"}]}},"acf":[],"amp_enabled":true,"_links":{"self":[{"href":"https:\/\/www.bigtranslation.com\/sv\/wp-json\/wp\/v2\/pages\/3333"}],"collection":[{"href":"https:\/\/www.bigtranslation.com\/sv\/wp-json\/wp\/v2\/pages"}],"about":[{"href":"https:\/\/www.bigtranslation.com\/sv\/wp-json\/wp\/v2\/types\/page"}],"author":[{"embeddable":true,"href":"https:\/\/www.bigtranslation.com\/sv\/wp-json\/wp\/v2\/users\/1"}],"replies":[{"embeddable":true,"href":"https:\/\/www.bigtranslation.com\/sv\/wp-json\/wp\/v2\/comments?post=3333"}],"version-history":[{"count":2,"href":"https:\/\/www.bigtranslation.com\/sv\/wp-json\/wp\/v2\/pages\/3333\/revisions"}],"predecessor-version":[{"id":3338,"href":"https:\/\/www.bigtranslation.com\/sv\/wp-json\/wp\/v2\/pages\/3333\/revisions\/3338"}],"wp:attachment":[{"href":"https:\/\/www.bigtranslation.com\/sv\/wp-json\/wp\/v2\/media?parent=3333"}],"curies":[{"name":"wp","href":"https:\/\/api.w.org\/{rel}","templated":true}]}}