{"id":3343,"date":"2021-07-01T07:10:11","date_gmt":"2021-07-01T07:10:11","guid":{"rendered":"https:\/\/www.bigtranslation.com\/languages\/"},"modified":"2021-09-16T06:56:24","modified_gmt":"2021-09-16T06:56:24","slug":"sprak","status":"publish","type":"page","link":"https:\/\/www.bigtranslation.com\/sv\/sprak","title":{"rendered":"Spr\u00e5k"},"content":{"rendered":"","protected":false},"excerpt":{"rendered":"","protected":false},"author":1,"featured_media":0,"parent":0,"menu_order":3,"comment_status":"closed","ping_status":"closed","template":"page-templates\/template-language-combinations.php","meta":{"footnotes":""},"yoast_head":"<!-- This site is optimized with the Yoast SEO plugin v21.8.1 - https:\/\/yoast.com\/wordpress\/plugins\/seo\/ -->\n<title>Spr\u00e5kkombinationer - Spr\u00e5k | \u00d6vers\u00e4ttningsf\u00f6retag<\/title>\n<meta name=\"description\" content=\"Vi arbetar med professionella \u00f6vers\u00e4ttare inom alla europeiska spr\u00e5k. Kontakta oss om du beh\u00f6ver en \u00f6vers\u00e4ttning till eller fr\u00e5n ett fr\u00e4mmande spr\u00e5k.\" \/>\n<meta name=\"robots\" content=\"index, follow, max-snippet:-1, max-image-preview:large, max-video-preview:-1\" \/>\n<link rel=\"canonical\" href=\"https:\/\/www.bigtranslation.com\/sv\/sprak\" \/>\n<meta property=\"og:locale\" content=\"sv_SE\" \/>\n<meta property=\"og:type\" content=\"article\" \/>\n<meta property=\"og:title\" content=\"Spr\u00e5kkombinationer - Spr\u00e5k | \u00d6vers\u00e4ttningsf\u00f6retag\" \/>\n<meta property=\"og:description\" content=\"Vi arbetar med professionella \u00f6vers\u00e4ttare inom alla europeiska spr\u00e5k. Kontakta oss om du beh\u00f6ver en \u00f6vers\u00e4ttning till eller fr\u00e5n ett fr\u00e4mmande spr\u00e5k.\" \/>\n<meta property=\"og:url\" content=\"https:\/\/www.bigtranslation.com\/sv\/sprak\" \/>\n<meta property=\"og:site_name\" content=\"BigTranslation\" \/>\n<meta property=\"article:modified_time\" content=\"2021-09-16T06:56:24+00:00\" \/>\n<meta name=\"twitter:card\" content=\"summary_large_image\" \/>\n<script type=\"application\/ld+json\" class=\"yoast-schema-graph\">{\"@context\":\"https:\/\/schema.org\",\"@graph\":[{\"@type\":\"WebPage\",\"@id\":\"https:\/\/www.bigtranslation.com\/sv\/sprak\",\"url\":\"https:\/\/www.bigtranslation.com\/sv\/sprak\",\"name\":\"Spr\u00e5kkombinationer - Spr\u00e5k | \u00d6vers\u00e4ttningsf\u00f6retag\",\"isPartOf\":{\"@id\":\"https:\/\/www.bigtranslation.com\/sv#website\"},\"datePublished\":\"2021-07-01T07:10:11+00:00\",\"dateModified\":\"2021-09-16T06:56:24+00:00\",\"description\":\"Vi arbetar med professionella \u00f6vers\u00e4ttare inom alla europeiska spr\u00e5k. Kontakta oss om du beh\u00f6ver en \u00f6vers\u00e4ttning till eller fr\u00e5n ett fr\u00e4mmande spr\u00e5k.\",\"breadcrumb\":{\"@id\":\"https:\/\/www.bigtranslation.com\/sv\/sprak#breadcrumb\"},\"inLanguage\":\"sv-SE\",\"potentialAction\":[{\"@type\":\"ReadAction\",\"target\":[\"https:\/\/www.bigtranslation.com\/sv\/sprak\"]}]},{\"@type\":\"BreadcrumbList\",\"@id\":\"https:\/\/www.bigtranslation.com\/sv\/sprak#breadcrumb\",\"itemListElement\":[{\"@type\":\"ListItem\",\"position\":1,\"name\":\"Home\",\"item\":\"https:\/\/www.bigtranslation.com\/sv\"},{\"@type\":\"ListItem\",\"position\":2,\"name\":\"Spr\u00e5k\"}]},{\"@type\":\"WebSite\",\"@id\":\"https:\/\/www.bigtranslation.com\/sv#website\",\"url\":\"https:\/\/www.bigtranslation.com\/sv\",\"name\":\"BigTranslation\",\"description\":\"Native and Professional translators\",\"potentialAction\":[{\"@type\":\"SearchAction\",\"target\":{\"@type\":\"EntryPoint\",\"urlTemplate\":\"https:\/\/www.bigtranslation.com\/sv?s={search_term_string}\"},\"query-input\":\"required name=search_term_string\"}],\"inLanguage\":\"sv-SE\"}]}<\/script>\n<!-- \/ Yoast SEO plugin. -->","yoast_head_json":{"title":"Spr\u00e5kkombinationer - Spr\u00e5k | \u00d6vers\u00e4ttningsf\u00f6retag","description":"Vi arbetar med professionella \u00f6vers\u00e4ttare inom alla europeiska spr\u00e5k. Kontakta oss om du beh\u00f6ver en \u00f6vers\u00e4ttning till eller fr\u00e5n ett fr\u00e4mmande spr\u00e5k.","robots":{"index":"index","follow":"follow","max-snippet":"max-snippet:-1","max-image-preview":"max-image-preview:large","max-video-preview":"max-video-preview:-1"},"canonical":"https:\/\/www.bigtranslation.com\/sv\/sprak","og_locale":"sv_SE","og_type":"article","og_title":"Spr\u00e5kkombinationer - Spr\u00e5k | \u00d6vers\u00e4ttningsf\u00f6retag","og_description":"Vi arbetar med professionella \u00f6vers\u00e4ttare inom alla europeiska spr\u00e5k. Kontakta oss om du beh\u00f6ver en \u00f6vers\u00e4ttning till eller fr\u00e5n ett fr\u00e4mmande spr\u00e5k.","og_url":"https:\/\/www.bigtranslation.com\/sv\/sprak","og_site_name":"BigTranslation","article_modified_time":"2021-09-16T06:56:24+00:00","twitter_card":"summary_large_image","schema":{"@context":"https:\/\/schema.org","@graph":[{"@type":"WebPage","@id":"https:\/\/www.bigtranslation.com\/sv\/sprak","url":"https:\/\/www.bigtranslation.com\/sv\/sprak","name":"Spr\u00e5kkombinationer - Spr\u00e5k | \u00d6vers\u00e4ttningsf\u00f6retag","isPartOf":{"@id":"https:\/\/www.bigtranslation.com\/sv#website"},"datePublished":"2021-07-01T07:10:11+00:00","dateModified":"2021-09-16T06:56:24+00:00","description":"Vi arbetar med professionella \u00f6vers\u00e4ttare inom alla europeiska spr\u00e5k. Kontakta oss om du beh\u00f6ver en \u00f6vers\u00e4ttning till eller fr\u00e5n ett fr\u00e4mmande spr\u00e5k.","breadcrumb":{"@id":"https:\/\/www.bigtranslation.com\/sv\/sprak#breadcrumb"},"inLanguage":"sv-SE","potentialAction":[{"@type":"ReadAction","target":["https:\/\/www.bigtranslation.com\/sv\/sprak"]}]},{"@type":"BreadcrumbList","@id":"https:\/\/www.bigtranslation.com\/sv\/sprak#breadcrumb","itemListElement":[{"@type":"ListItem","position":1,"name":"Home","item":"https:\/\/www.bigtranslation.com\/sv"},{"@type":"ListItem","position":2,"name":"Spr\u00e5k"}]},{"@type":"WebSite","@id":"https:\/\/www.bigtranslation.com\/sv#website","url":"https:\/\/www.bigtranslation.com\/sv","name":"BigTranslation","description":"Native and Professional translators","potentialAction":[{"@type":"SearchAction","target":{"@type":"EntryPoint","urlTemplate":"https:\/\/www.bigtranslation.com\/sv?s={search_term_string}"},"query-input":"required name=search_term_string"}],"inLanguage":"sv-SE"}]}},"acf":[],"amp_enabled":true,"_links":{"self":[{"href":"https:\/\/www.bigtranslation.com\/sv\/wp-json\/wp\/v2\/pages\/3343"}],"collection":[{"href":"https:\/\/www.bigtranslation.com\/sv\/wp-json\/wp\/v2\/pages"}],"about":[{"href":"https:\/\/www.bigtranslation.com\/sv\/wp-json\/wp\/v2\/types\/page"}],"author":[{"embeddable":true,"href":"https:\/\/www.bigtranslation.com\/sv\/wp-json\/wp\/v2\/users\/1"}],"replies":[{"embeddable":true,"href":"https:\/\/www.bigtranslation.com\/sv\/wp-json\/wp\/v2\/comments?post=3343"}],"version-history":[{"count":1,"href":"https:\/\/www.bigtranslation.com\/sv\/wp-json\/wp\/v2\/pages\/3343\/revisions"}],"predecessor-version":[{"id":3347,"href":"https:\/\/www.bigtranslation.com\/sv\/wp-json\/wp\/v2\/pages\/3343\/revisions\/3347"}],"wp:attachment":[{"href":"https:\/\/www.bigtranslation.com\/sv\/wp-json\/wp\/v2\/media?parent=3343"}],"curies":[{"name":"wp","href":"https:\/\/api.w.org\/{rel}","templated":true}]}}