{"id":3395,"date":"2021-07-12T12:16:20","date_gmt":"2021-07-12T12:16:20","guid":{"rendered":"https:\/\/www.bigtranslation.com\/seo-translation\/"},"modified":"2021-09-16T07:17:43","modified_gmt":"2021-09-16T07:17:43","slug":"oversattning-och-sokordsoptimering","status":"publish","type":"page","link":"https:\/\/www.bigtranslation.com\/sv\/oversattning-och-sokordsoptimering","title":{"rendered":"Flerspr\u00e5kig"},"content":{"rendered":"","protected":false},"excerpt":{"rendered":"","protected":false},"author":1,"featured_media":0,"parent":0,"menu_order":5,"comment_status":"closed","ping_status":"closed","template":"page-templates\/template-seo-translation.php","meta":{"footnotes":""},"yoast_head":"<!-- This site is optimized with the Yoast SEO plugin v21.8.1 - https:\/\/yoast.com\/wordpress\/plugins\/seo\/ -->\n<title>SEO \u00f6vers\u00e4ttning | \u00d6vers\u00e4ttningsbyr\u00e5<\/title>\n<meta name=\"description\" content=\"Vi kan hantera \u00f6vers\u00e4ttning med s\u00f6kordsoptimering, med hj\u00e4lp av ett n\u00e4tverk av professionella \u00f6vers\u00e4ttare som \u00e4r specialiserade inom \u00f6vers\u00e4ttning av hemsidor.\" \/>\n<meta name=\"robots\" content=\"index, follow, max-snippet:-1, max-image-preview:large, max-video-preview:-1\" \/>\n<link rel=\"canonical\" href=\"https:\/\/www.bigtranslation.com\/sv\/oversattning-och-sokordsoptimering\" \/>\n<meta property=\"og:locale\" content=\"sv_SE\" \/>\n<meta property=\"og:type\" content=\"article\" \/>\n<meta property=\"og:title\" content=\"SEO \u00f6vers\u00e4ttning | \u00d6vers\u00e4ttningsbyr\u00e5\" \/>\n<meta property=\"og:description\" content=\"Vi kan hantera \u00f6vers\u00e4ttning med s\u00f6kordsoptimering, med hj\u00e4lp av ett n\u00e4tverk av professionella \u00f6vers\u00e4ttare som \u00e4r specialiserade inom \u00f6vers\u00e4ttning av hemsidor.\" \/>\n<meta property=\"og:url\" content=\"https:\/\/www.bigtranslation.com\/sv\/oversattning-och-sokordsoptimering\" \/>\n<meta property=\"og:site_name\" content=\"BigTranslation\" \/>\n<meta property=\"article:modified_time\" content=\"2021-09-16T07:17:43+00:00\" \/>\n<meta name=\"twitter:card\" content=\"summary_large_image\" \/>\n<script type=\"application\/ld+json\" class=\"yoast-schema-graph\">{\"@context\":\"https:\/\/schema.org\",\"@graph\":[{\"@type\":\"WebPage\",\"@id\":\"https:\/\/www.bigtranslation.com\/sv\/oversattning-och-sokordsoptimering\",\"url\":\"https:\/\/www.bigtranslation.com\/sv\/oversattning-och-sokordsoptimering\",\"name\":\"SEO \u00f6vers\u00e4ttning | \u00d6vers\u00e4ttningsbyr\u00e5\",\"isPartOf\":{\"@id\":\"https:\/\/www.bigtranslation.com\/sv#website\"},\"datePublished\":\"2021-07-12T12:16:20+00:00\",\"dateModified\":\"2021-09-16T07:17:43+00:00\",\"description\":\"Vi kan hantera \u00f6vers\u00e4ttning med s\u00f6kordsoptimering, med hj\u00e4lp av ett n\u00e4tverk av professionella \u00f6vers\u00e4ttare som \u00e4r specialiserade inom \u00f6vers\u00e4ttning av hemsidor.\",\"breadcrumb\":{\"@id\":\"https:\/\/www.bigtranslation.com\/sv\/oversattning-och-sokordsoptimering#breadcrumb\"},\"inLanguage\":\"sv-SE\",\"potentialAction\":[{\"@type\":\"ReadAction\",\"target\":[\"https:\/\/www.bigtranslation.com\/sv\/oversattning-och-sokordsoptimering\"]}]},{\"@type\":\"BreadcrumbList\",\"@id\":\"https:\/\/www.bigtranslation.com\/sv\/oversattning-och-sokordsoptimering#breadcrumb\",\"itemListElement\":[{\"@type\":\"ListItem\",\"position\":1,\"name\":\"Home\",\"item\":\"https:\/\/www.bigtranslation.com\/sv\"},{\"@type\":\"ListItem\",\"position\":2,\"name\":\"Flerspr\u00e5kig\"}]},{\"@type\":\"WebSite\",\"@id\":\"https:\/\/www.bigtranslation.com\/sv#website\",\"url\":\"https:\/\/www.bigtranslation.com\/sv\",\"name\":\"BigTranslation\",\"description\":\"Native and Professional translators\",\"potentialAction\":[{\"@type\":\"SearchAction\",\"target\":{\"@type\":\"EntryPoint\",\"urlTemplate\":\"https:\/\/www.bigtranslation.com\/sv?s={search_term_string}\"},\"query-input\":\"required name=search_term_string\"}],\"inLanguage\":\"sv-SE\"}]}<\/script>\n<!-- \/ Yoast SEO plugin. -->","yoast_head_json":{"title":"SEO \u00f6vers\u00e4ttning | \u00d6vers\u00e4ttningsbyr\u00e5","description":"Vi kan hantera \u00f6vers\u00e4ttning med s\u00f6kordsoptimering, med hj\u00e4lp av ett n\u00e4tverk av professionella \u00f6vers\u00e4ttare som \u00e4r specialiserade inom \u00f6vers\u00e4ttning av hemsidor.","robots":{"index":"index","follow":"follow","max-snippet":"max-snippet:-1","max-image-preview":"max-image-preview:large","max-video-preview":"max-video-preview:-1"},"canonical":"https:\/\/www.bigtranslation.com\/sv\/oversattning-och-sokordsoptimering","og_locale":"sv_SE","og_type":"article","og_title":"SEO \u00f6vers\u00e4ttning | \u00d6vers\u00e4ttningsbyr\u00e5","og_description":"Vi kan hantera \u00f6vers\u00e4ttning med s\u00f6kordsoptimering, med hj\u00e4lp av ett n\u00e4tverk av professionella \u00f6vers\u00e4ttare som \u00e4r specialiserade inom \u00f6vers\u00e4ttning av hemsidor.","og_url":"https:\/\/www.bigtranslation.com\/sv\/oversattning-och-sokordsoptimering","og_site_name":"BigTranslation","article_modified_time":"2021-09-16T07:17:43+00:00","twitter_card":"summary_large_image","schema":{"@context":"https:\/\/schema.org","@graph":[{"@type":"WebPage","@id":"https:\/\/www.bigtranslation.com\/sv\/oversattning-och-sokordsoptimering","url":"https:\/\/www.bigtranslation.com\/sv\/oversattning-och-sokordsoptimering","name":"SEO \u00f6vers\u00e4ttning | \u00d6vers\u00e4ttningsbyr\u00e5","isPartOf":{"@id":"https:\/\/www.bigtranslation.com\/sv#website"},"datePublished":"2021-07-12T12:16:20+00:00","dateModified":"2021-09-16T07:17:43+00:00","description":"Vi kan hantera \u00f6vers\u00e4ttning med s\u00f6kordsoptimering, med hj\u00e4lp av ett n\u00e4tverk av professionella \u00f6vers\u00e4ttare som \u00e4r specialiserade inom \u00f6vers\u00e4ttning av hemsidor.","breadcrumb":{"@id":"https:\/\/www.bigtranslation.com\/sv\/oversattning-och-sokordsoptimering#breadcrumb"},"inLanguage":"sv-SE","potentialAction":[{"@type":"ReadAction","target":["https:\/\/www.bigtranslation.com\/sv\/oversattning-och-sokordsoptimering"]}]},{"@type":"BreadcrumbList","@id":"https:\/\/www.bigtranslation.com\/sv\/oversattning-och-sokordsoptimering#breadcrumb","itemListElement":[{"@type":"ListItem","position":1,"name":"Home","item":"https:\/\/www.bigtranslation.com\/sv"},{"@type":"ListItem","position":2,"name":"Flerspr\u00e5kig"}]},{"@type":"WebSite","@id":"https:\/\/www.bigtranslation.com\/sv#website","url":"https:\/\/www.bigtranslation.com\/sv","name":"BigTranslation","description":"Native and Professional translators","potentialAction":[{"@type":"SearchAction","target":{"@type":"EntryPoint","urlTemplate":"https:\/\/www.bigtranslation.com\/sv?s={search_term_string}"},"query-input":"required name=search_term_string"}],"inLanguage":"sv-SE"}]}},"acf":[],"amp_enabled":true,"_links":{"self":[{"href":"https:\/\/www.bigtranslation.com\/sv\/wp-json\/wp\/v2\/pages\/3395"}],"collection":[{"href":"https:\/\/www.bigtranslation.com\/sv\/wp-json\/wp\/v2\/pages"}],"about":[{"href":"https:\/\/www.bigtranslation.com\/sv\/wp-json\/wp\/v2\/types\/page"}],"author":[{"embeddable":true,"href":"https:\/\/www.bigtranslation.com\/sv\/wp-json\/wp\/v2\/users\/1"}],"replies":[{"embeddable":true,"href":"https:\/\/www.bigtranslation.com\/sv\/wp-json\/wp\/v2\/comments?post=3395"}],"version-history":[{"count":2,"href":"https:\/\/www.bigtranslation.com\/sv\/wp-json\/wp\/v2\/pages\/3395\/revisions"}],"predecessor-version":[{"id":3407,"href":"https:\/\/www.bigtranslation.com\/sv\/wp-json\/wp\/v2\/pages\/3395\/revisions\/3407"}],"wp:attachment":[{"href":"https:\/\/www.bigtranslation.com\/sv\/wp-json\/wp\/v2\/media?parent=3395"}],"curies":[{"name":"wp","href":"https:\/\/api.w.org\/{rel}","templated":true}]}}