{"id":3647,"date":"2021-06-17T07:42:20","date_gmt":"2021-06-17T07:42:20","guid":{"rendered":"https:\/\/www.bigtranslation.com\/professional-translators\/"},"modified":"2021-09-16T10:53:54","modified_gmt":"2021-09-16T10:53:54","slug":"oversattare","status":"publish","type":"page","link":"https:\/\/www.bigtranslation.com\/sv\/oversattare","title":{"rendered":"\u00d6vers\u00e4ttare"},"content":{"rendered":"","protected":false},"excerpt":{"rendered":"","protected":false},"author":1,"featured_media":0,"parent":0,"menu_order":23,"comment_status":"closed","ping_status":"closed","template":"page-templates\/template-professional-translators.php","meta":{"footnotes":""},"yoast_head":"<!-- This site is optimized with the Yoast SEO plugin v21.8.1 - https:\/\/yoast.com\/wordpress\/plugins\/seo\/ -->\n<title>Professionell \u00f6vers\u00e4ttare | \u00d6vers\u00e4ttningsbyr\u00e5<\/title>\n<meta name=\"description\" content=\"Professionell \u00f6vers\u00e4ttare | \u00d6vers\u00e4ttningsbyr\u00e5\" \/>\n<meta name=\"robots\" content=\"index, follow, max-snippet:-1, max-image-preview:large, max-video-preview:-1\" \/>\n<link rel=\"canonical\" href=\"https:\/\/www.bigtranslation.com\/sv\/oversattare\" \/>\n<meta property=\"og:locale\" content=\"sv_SE\" \/>\n<meta property=\"og:type\" content=\"article\" \/>\n<meta property=\"og:title\" content=\"Professionell \u00f6vers\u00e4ttare | \u00d6vers\u00e4ttningsbyr\u00e5\" \/>\n<meta property=\"og:description\" content=\"Professionell \u00f6vers\u00e4ttare | \u00d6vers\u00e4ttningsbyr\u00e5\" \/>\n<meta property=\"og:url\" content=\"https:\/\/www.bigtranslation.com\/sv\/oversattare\" \/>\n<meta property=\"og:site_name\" content=\"BigTranslation\" \/>\n<meta property=\"article:modified_time\" content=\"2021-09-16T10:53:54+00:00\" \/>\n<meta name=\"twitter:card\" content=\"summary_large_image\" \/>\n<script type=\"application\/ld+json\" class=\"yoast-schema-graph\">{\"@context\":\"https:\/\/schema.org\",\"@graph\":[{\"@type\":\"WebPage\",\"@id\":\"https:\/\/www.bigtranslation.com\/sv\/oversattare\",\"url\":\"https:\/\/www.bigtranslation.com\/sv\/oversattare\",\"name\":\"Professionell \u00f6vers\u00e4ttare | \u00d6vers\u00e4ttningsbyr\u00e5\",\"isPartOf\":{\"@id\":\"https:\/\/www.bigtranslation.com\/sv#website\"},\"datePublished\":\"2021-06-17T07:42:20+00:00\",\"dateModified\":\"2021-09-16T10:53:54+00:00\",\"description\":\"Professionell \u00f6vers\u00e4ttare | \u00d6vers\u00e4ttningsbyr\u00e5\",\"breadcrumb\":{\"@id\":\"https:\/\/www.bigtranslation.com\/sv\/oversattare#breadcrumb\"},\"inLanguage\":\"sv-SE\",\"potentialAction\":[{\"@type\":\"ReadAction\",\"target\":[\"https:\/\/www.bigtranslation.com\/sv\/oversattare\"]}]},{\"@type\":\"BreadcrumbList\",\"@id\":\"https:\/\/www.bigtranslation.com\/sv\/oversattare#breadcrumb\",\"itemListElement\":[{\"@type\":\"ListItem\",\"position\":1,\"name\":\"Home\",\"item\":\"https:\/\/www.bigtranslation.com\/sv\"},{\"@type\":\"ListItem\",\"position\":2,\"name\":\"\u00d6vers\u00e4ttare\"}]},{\"@type\":\"WebSite\",\"@id\":\"https:\/\/www.bigtranslation.com\/sv#website\",\"url\":\"https:\/\/www.bigtranslation.com\/sv\",\"name\":\"BigTranslation\",\"description\":\"Native and Professional translators\",\"potentialAction\":[{\"@type\":\"SearchAction\",\"target\":{\"@type\":\"EntryPoint\",\"urlTemplate\":\"https:\/\/www.bigtranslation.com\/sv?s={search_term_string}\"},\"query-input\":\"required name=search_term_string\"}],\"inLanguage\":\"sv-SE\"}]}<\/script>\n<!-- \/ Yoast SEO plugin. -->","yoast_head_json":{"title":"Professionell \u00f6vers\u00e4ttare | \u00d6vers\u00e4ttningsbyr\u00e5","description":"Professionell \u00f6vers\u00e4ttare | \u00d6vers\u00e4ttningsbyr\u00e5","robots":{"index":"index","follow":"follow","max-snippet":"max-snippet:-1","max-image-preview":"max-image-preview:large","max-video-preview":"max-video-preview:-1"},"canonical":"https:\/\/www.bigtranslation.com\/sv\/oversattare","og_locale":"sv_SE","og_type":"article","og_title":"Professionell \u00f6vers\u00e4ttare | \u00d6vers\u00e4ttningsbyr\u00e5","og_description":"Professionell \u00f6vers\u00e4ttare | \u00d6vers\u00e4ttningsbyr\u00e5","og_url":"https:\/\/www.bigtranslation.com\/sv\/oversattare","og_site_name":"BigTranslation","article_modified_time":"2021-09-16T10:53:54+00:00","twitter_card":"summary_large_image","schema":{"@context":"https:\/\/schema.org","@graph":[{"@type":"WebPage","@id":"https:\/\/www.bigtranslation.com\/sv\/oversattare","url":"https:\/\/www.bigtranslation.com\/sv\/oversattare","name":"Professionell \u00f6vers\u00e4ttare | \u00d6vers\u00e4ttningsbyr\u00e5","isPartOf":{"@id":"https:\/\/www.bigtranslation.com\/sv#website"},"datePublished":"2021-06-17T07:42:20+00:00","dateModified":"2021-09-16T10:53:54+00:00","description":"Professionell \u00f6vers\u00e4ttare | \u00d6vers\u00e4ttningsbyr\u00e5","breadcrumb":{"@id":"https:\/\/www.bigtranslation.com\/sv\/oversattare#breadcrumb"},"inLanguage":"sv-SE","potentialAction":[{"@type":"ReadAction","target":["https:\/\/www.bigtranslation.com\/sv\/oversattare"]}]},{"@type":"BreadcrumbList","@id":"https:\/\/www.bigtranslation.com\/sv\/oversattare#breadcrumb","itemListElement":[{"@type":"ListItem","position":1,"name":"Home","item":"https:\/\/www.bigtranslation.com\/sv"},{"@type":"ListItem","position":2,"name":"\u00d6vers\u00e4ttare"}]},{"@type":"WebSite","@id":"https:\/\/www.bigtranslation.com\/sv#website","url":"https:\/\/www.bigtranslation.com\/sv","name":"BigTranslation","description":"Native and Professional translators","potentialAction":[{"@type":"SearchAction","target":{"@type":"EntryPoint","urlTemplate":"https:\/\/www.bigtranslation.com\/sv?s={search_term_string}"},"query-input":"required name=search_term_string"}],"inLanguage":"sv-SE"}]}},"acf":[],"amp_enabled":true,"_links":{"self":[{"href":"https:\/\/www.bigtranslation.com\/sv\/wp-json\/wp\/v2\/pages\/3647"}],"collection":[{"href":"https:\/\/www.bigtranslation.com\/sv\/wp-json\/wp\/v2\/pages"}],"about":[{"href":"https:\/\/www.bigtranslation.com\/sv\/wp-json\/wp\/v2\/types\/page"}],"author":[{"embeddable":true,"href":"https:\/\/www.bigtranslation.com\/sv\/wp-json\/wp\/v2\/users\/1"}],"replies":[{"embeddable":true,"href":"https:\/\/www.bigtranslation.com\/sv\/wp-json\/wp\/v2\/comments?post=3647"}],"version-history":[{"count":1,"href":"https:\/\/www.bigtranslation.com\/sv\/wp-json\/wp\/v2\/pages\/3647\/revisions"}],"predecessor-version":[{"id":3653,"href":"https:\/\/www.bigtranslation.com\/sv\/wp-json\/wp\/v2\/pages\/3647\/revisions\/3653"}],"wp:attachment":[{"href":"https:\/\/www.bigtranslation.com\/sv\/wp-json\/wp\/v2\/media?parent=3647"}],"curies":[{"name":"wp","href":"https:\/\/api.w.org\/{rel}","templated":true}]}}