{"id":3700,"date":"2021-06-10T10:24:26","date_gmt":"2021-06-10T10:24:26","guid":{"rendered":"https:\/\/www.bigtranslation.com\/translation-rates\/"},"modified":"2021-09-16T11:41:59","modified_gmt":"2021-09-16T11:41:59","slug":"oversattningspriser","status":"publish","type":"page","link":"https:\/\/www.bigtranslation.com\/sv\/oversattningspriser","title":{"rendered":"Priser"},"content":{"rendered":"","protected":false},"excerpt":{"rendered":"","protected":false},"author":1,"featured_media":0,"parent":0,"menu_order":24,"comment_status":"closed","ping_status":"closed","template":"page-templates\/template-rates.php","meta":{"footnotes":""},"yoast_head":"<!-- This site is optimized with the Yoast SEO plugin v21.8.1 - https:\/\/yoast.com\/wordpress\/plugins\/seo\/ -->\n<title>\u00d6vers\u00e4ttning priser | \u00d6vers\u00e4ttningsbyr\u00e5<\/title>\n<meta name=\"description\" content=\"F\u00e5 tillg\u00e5ng till de b\u00e4sta \u00f6vers\u00e4ttningspriserna. \u00d6vers\u00e4ttningstj\u00e4nster av professionella \u00f6vers\u00e4ttare \u00e4r v\u00e5r prioritet. Uppt\u00e4ck v\u00e5ra \u00f6vers\u00e4ttningspriser!\" \/>\n<meta name=\"robots\" content=\"index, follow, max-snippet:-1, max-image-preview:large, max-video-preview:-1\" \/>\n<link rel=\"canonical\" href=\"https:\/\/www.bigtranslation.com\/sv\/oversattningspriser\" \/>\n<meta property=\"og:locale\" content=\"sv_SE\" \/>\n<meta property=\"og:type\" content=\"article\" \/>\n<meta property=\"og:title\" content=\"\u00d6vers\u00e4ttning priser | \u00d6vers\u00e4ttningsbyr\u00e5\" \/>\n<meta property=\"og:description\" content=\"F\u00e5 tillg\u00e5ng till de b\u00e4sta \u00f6vers\u00e4ttningspriserna. \u00d6vers\u00e4ttningstj\u00e4nster av professionella \u00f6vers\u00e4ttare \u00e4r v\u00e5r prioritet. Uppt\u00e4ck v\u00e5ra \u00f6vers\u00e4ttningspriser!\" \/>\n<meta property=\"og:url\" content=\"https:\/\/www.bigtranslation.com\/sv\/oversattningspriser\" \/>\n<meta property=\"og:site_name\" content=\"BigTranslation\" \/>\n<meta property=\"article:modified_time\" content=\"2021-09-16T11:41:59+00:00\" \/>\n<meta name=\"twitter:card\" content=\"summary_large_image\" \/>\n<script type=\"application\/ld+json\" class=\"yoast-schema-graph\">{\"@context\":\"https:\/\/schema.org\",\"@graph\":[{\"@type\":\"WebPage\",\"@id\":\"https:\/\/www.bigtranslation.com\/sv\/oversattningspriser\",\"url\":\"https:\/\/www.bigtranslation.com\/sv\/oversattningspriser\",\"name\":\"\u00d6vers\u00e4ttning priser | \u00d6vers\u00e4ttningsbyr\u00e5\",\"isPartOf\":{\"@id\":\"https:\/\/www.bigtranslation.com\/sv#website\"},\"datePublished\":\"2021-06-10T10:24:26+00:00\",\"dateModified\":\"2021-09-16T11:41:59+00:00\",\"description\":\"F\u00e5 tillg\u00e5ng till de b\u00e4sta \u00f6vers\u00e4ttningspriserna. \u00d6vers\u00e4ttningstj\u00e4nster av professionella \u00f6vers\u00e4ttare \u00e4r v\u00e5r prioritet. Uppt\u00e4ck v\u00e5ra \u00f6vers\u00e4ttningspriser!\",\"breadcrumb\":{\"@id\":\"https:\/\/www.bigtranslation.com\/sv\/oversattningspriser#breadcrumb\"},\"inLanguage\":\"sv-SE\",\"potentialAction\":[{\"@type\":\"ReadAction\",\"target\":[\"https:\/\/www.bigtranslation.com\/sv\/oversattningspriser\"]}]},{\"@type\":\"BreadcrumbList\",\"@id\":\"https:\/\/www.bigtranslation.com\/sv\/oversattningspriser#breadcrumb\",\"itemListElement\":[{\"@type\":\"ListItem\",\"position\":1,\"name\":\"Home\",\"item\":\"https:\/\/www.bigtranslation.com\/sv\"},{\"@type\":\"ListItem\",\"position\":2,\"name\":\"Priser\"}]},{\"@type\":\"WebSite\",\"@id\":\"https:\/\/www.bigtranslation.com\/sv#website\",\"url\":\"https:\/\/www.bigtranslation.com\/sv\",\"name\":\"BigTranslation\",\"description\":\"Native and Professional translators\",\"potentialAction\":[{\"@type\":\"SearchAction\",\"target\":{\"@type\":\"EntryPoint\",\"urlTemplate\":\"https:\/\/www.bigtranslation.com\/sv?s={search_term_string}\"},\"query-input\":\"required name=search_term_string\"}],\"inLanguage\":\"sv-SE\"}]}<\/script>\n<!-- \/ Yoast SEO plugin. -->","yoast_head_json":{"title":"\u00d6vers\u00e4ttning priser | \u00d6vers\u00e4ttningsbyr\u00e5","description":"F\u00e5 tillg\u00e5ng till de b\u00e4sta \u00f6vers\u00e4ttningspriserna. \u00d6vers\u00e4ttningstj\u00e4nster av professionella \u00f6vers\u00e4ttare \u00e4r v\u00e5r prioritet. Uppt\u00e4ck v\u00e5ra \u00f6vers\u00e4ttningspriser!","robots":{"index":"index","follow":"follow","max-snippet":"max-snippet:-1","max-image-preview":"max-image-preview:large","max-video-preview":"max-video-preview:-1"},"canonical":"https:\/\/www.bigtranslation.com\/sv\/oversattningspriser","og_locale":"sv_SE","og_type":"article","og_title":"\u00d6vers\u00e4ttning priser | \u00d6vers\u00e4ttningsbyr\u00e5","og_description":"F\u00e5 tillg\u00e5ng till de b\u00e4sta \u00f6vers\u00e4ttningspriserna. \u00d6vers\u00e4ttningstj\u00e4nster av professionella \u00f6vers\u00e4ttare \u00e4r v\u00e5r prioritet. Uppt\u00e4ck v\u00e5ra \u00f6vers\u00e4ttningspriser!","og_url":"https:\/\/www.bigtranslation.com\/sv\/oversattningspriser","og_site_name":"BigTranslation","article_modified_time":"2021-09-16T11:41:59+00:00","twitter_card":"summary_large_image","schema":{"@context":"https:\/\/schema.org","@graph":[{"@type":"WebPage","@id":"https:\/\/www.bigtranslation.com\/sv\/oversattningspriser","url":"https:\/\/www.bigtranslation.com\/sv\/oversattningspriser","name":"\u00d6vers\u00e4ttning priser | \u00d6vers\u00e4ttningsbyr\u00e5","isPartOf":{"@id":"https:\/\/www.bigtranslation.com\/sv#website"},"datePublished":"2021-06-10T10:24:26+00:00","dateModified":"2021-09-16T11:41:59+00:00","description":"F\u00e5 tillg\u00e5ng till de b\u00e4sta \u00f6vers\u00e4ttningspriserna. \u00d6vers\u00e4ttningstj\u00e4nster av professionella \u00f6vers\u00e4ttare \u00e4r v\u00e5r prioritet. Uppt\u00e4ck v\u00e5ra \u00f6vers\u00e4ttningspriser!","breadcrumb":{"@id":"https:\/\/www.bigtranslation.com\/sv\/oversattningspriser#breadcrumb"},"inLanguage":"sv-SE","potentialAction":[{"@type":"ReadAction","target":["https:\/\/www.bigtranslation.com\/sv\/oversattningspriser"]}]},{"@type":"BreadcrumbList","@id":"https:\/\/www.bigtranslation.com\/sv\/oversattningspriser#breadcrumb","itemListElement":[{"@type":"ListItem","position":1,"name":"Home","item":"https:\/\/www.bigtranslation.com\/sv"},{"@type":"ListItem","position":2,"name":"Priser"}]},{"@type":"WebSite","@id":"https:\/\/www.bigtranslation.com\/sv#website","url":"https:\/\/www.bigtranslation.com\/sv","name":"BigTranslation","description":"Native and Professional translators","potentialAction":[{"@type":"SearchAction","target":{"@type":"EntryPoint","urlTemplate":"https:\/\/www.bigtranslation.com\/sv?s={search_term_string}"},"query-input":"required name=search_term_string"}],"inLanguage":"sv-SE"}]}},"acf":[],"amp_enabled":true,"_links":{"self":[{"href":"https:\/\/www.bigtranslation.com\/sv\/wp-json\/wp\/v2\/pages\/3700"}],"collection":[{"href":"https:\/\/www.bigtranslation.com\/sv\/wp-json\/wp\/v2\/pages"}],"about":[{"href":"https:\/\/www.bigtranslation.com\/sv\/wp-json\/wp\/v2\/types\/page"}],"author":[{"embeddable":true,"href":"https:\/\/www.bigtranslation.com\/sv\/wp-json\/wp\/v2\/users\/1"}],"replies":[{"embeddable":true,"href":"https:\/\/www.bigtranslation.com\/sv\/wp-json\/wp\/v2\/comments?post=3700"}],"version-history":[{"count":1,"href":"https:\/\/www.bigtranslation.com\/sv\/wp-json\/wp\/v2\/pages\/3700\/revisions"}],"predecessor-version":[{"id":3709,"href":"https:\/\/www.bigtranslation.com\/sv\/wp-json\/wp\/v2\/pages\/3700\/revisions\/3709"}],"wp:attachment":[{"href":"https:\/\/www.bigtranslation.com\/sv\/wp-json\/wp\/v2\/media?parent=3700"}],"curies":[{"name":"wp","href":"https:\/\/api.w.org\/{rel}","templated":true}]}}