{"id":13321,"date":"2021-08-26T11:45:01","date_gmt":"2021-08-26T11:45:01","guid":{"rendered":"https:\/\/www.bigtranslation.com\/professional-translation-services"},"modified":"2022-10-13T12:46:29","modified_gmt":"2022-10-13T12:46:29","slug":"professional-translation-services","status":"publish","type":"page","link":"https:\/\/www.bigtranslation.com\/va\/professional-translation-services","title":{"rendered":"Serveis professionals de traducci\u00f3"},"content":{"rendered":"","protected":false},"excerpt":{"rendered":"","protected":false},"author":1,"featured_media":0,"parent":0,"menu_order":1,"comment_status":"closed","ping_status":"closed","template":"page-templates\/template-professional-translation-services.php","meta":{"footnotes":""},"yoast_head":"<!-- This site is optimized with the Yoast SEO plugin v21.8.1 - https:\/\/yoast.com\/wordpress\/plugins\/seo\/ -->\n<title>Empresa de traducci\u00f3 professional i nativa<\/title>\n<meta name=\"description\" content=\"Els traductors de la nostra ag\u00e8ncia de traducci\u00f3 professional tradueixen de i a totes les lleng\u00fces europees. M\u00e9s informaci\u00f3 sobre el nostre servei de traducci\u00f3 ara.\" \/>\n<meta name=\"robots\" content=\"index, follow, max-snippet:-1, max-image-preview:large, max-video-preview:-1\" \/>\n<link rel=\"canonical\" href=\"https:\/\/www.bigtranslation.com\/va\/professional-translation-services\" \/>\n<meta property=\"og:locale\" content=\"en_US\" \/>\n<meta property=\"og:type\" content=\"article\" \/>\n<meta property=\"og:title\" content=\"Empresa de traducci\u00f3 professional i nativa\" \/>\n<meta property=\"og:description\" content=\"Els traductors de la nostra ag\u00e8ncia de traducci\u00f3 professional tradueixen de i a totes les lleng\u00fces europees. M\u00e9s informaci\u00f3 sobre el nostre servei de traducci\u00f3 ara.\" \/>\n<meta property=\"og:url\" content=\"https:\/\/www.bigtranslation.com\/va\/professional-translation-services\" \/>\n<meta property=\"og:site_name\" content=\"BigTranslation\" \/>\n<meta property=\"article:modified_time\" content=\"2022-10-13T12:46:29+00:00\" \/>\n<meta name=\"twitter:card\" content=\"summary_large_image\" \/>\n<script type=\"application\/ld+json\" class=\"yoast-schema-graph\">{\"@context\":\"https:\/\/schema.org\",\"@graph\":[{\"@type\":\"WebPage\",\"@id\":\"https:\/\/www.bigtranslation.com\/va\/professional-translation-services\",\"url\":\"https:\/\/www.bigtranslation.com\/va\/professional-translation-services\",\"name\":\"Empresa de traducci\u00f3 professional i nativa\",\"isPartOf\":{\"@id\":\"https:\/\/www.bigtranslation.com\/va#website\"},\"datePublished\":\"2021-08-26T11:45:01+00:00\",\"dateModified\":\"2022-10-13T12:46:29+00:00\",\"description\":\"Els traductors de la nostra ag\u00e8ncia de traducci\u00f3 professional tradueixen de i a totes les lleng\u00fces europees. M\u00e9s informaci\u00f3 sobre el nostre servei de traducci\u00f3 ara.\",\"breadcrumb\":{\"@id\":\"https:\/\/www.bigtranslation.com\/va\/professional-translation-services#breadcrumb\"},\"inLanguage\":\"ca-XV\",\"potentialAction\":[{\"@type\":\"ReadAction\",\"target\":[\"https:\/\/www.bigtranslation.com\/va\/professional-translation-services\"]}]},{\"@type\":\"BreadcrumbList\",\"@id\":\"https:\/\/www.bigtranslation.com\/va\/professional-translation-services#breadcrumb\",\"itemListElement\":[{\"@type\":\"ListItem\",\"position\":1,\"name\":\"Home\",\"item\":\"https:\/\/www.bigtranslation.com\/va\"},{\"@type\":\"ListItem\",\"position\":2,\"name\":\"Serveis professionals de traducci\u00f3\"}]},{\"@type\":\"WebSite\",\"@id\":\"https:\/\/www.bigtranslation.com\/va#website\",\"url\":\"https:\/\/www.bigtranslation.com\/va\",\"name\":\"BigTranslation\",\"description\":\"Native and Professional translators\",\"potentialAction\":[{\"@type\":\"SearchAction\",\"target\":{\"@type\":\"EntryPoint\",\"urlTemplate\":\"https:\/\/www.bigtranslation.com\/va?s={search_term_string}\"},\"query-input\":\"required name=search_term_string\"}],\"inLanguage\":\"ca-XV\"}]}<\/script>\n<!-- \/ Yoast SEO plugin. -->","yoast_head_json":{"title":"Empresa de traducci\u00f3 professional i nativa","description":"Els traductors de la nostra ag\u00e8ncia de traducci\u00f3 professional tradueixen de i a totes les lleng\u00fces europees. M\u00e9s informaci\u00f3 sobre el nostre servei de traducci\u00f3 ara.","robots":{"index":"index","follow":"follow","max-snippet":"max-snippet:-1","max-image-preview":"max-image-preview:large","max-video-preview":"max-video-preview:-1"},"canonical":"https:\/\/www.bigtranslation.com\/va\/professional-translation-services","og_locale":"en_US","og_type":"article","og_title":"Empresa de traducci\u00f3 professional i nativa","og_description":"Els traductors de la nostra ag\u00e8ncia de traducci\u00f3 professional tradueixen de i a totes les lleng\u00fces europees. M\u00e9s informaci\u00f3 sobre el nostre servei de traducci\u00f3 ara.","og_url":"https:\/\/www.bigtranslation.com\/va\/professional-translation-services","og_site_name":"BigTranslation","article_modified_time":"2022-10-13T12:46:29+00:00","twitter_card":"summary_large_image","schema":{"@context":"https:\/\/schema.org","@graph":[{"@type":"WebPage","@id":"https:\/\/www.bigtranslation.com\/va\/professional-translation-services","url":"https:\/\/www.bigtranslation.com\/va\/professional-translation-services","name":"Empresa de traducci\u00f3 professional i nativa","isPartOf":{"@id":"https:\/\/www.bigtranslation.com\/va#website"},"datePublished":"2021-08-26T11:45:01+00:00","dateModified":"2022-10-13T12:46:29+00:00","description":"Els traductors de la nostra ag\u00e8ncia de traducci\u00f3 professional tradueixen de i a totes les lleng\u00fces europees. M\u00e9s informaci\u00f3 sobre el nostre servei de traducci\u00f3 ara.","breadcrumb":{"@id":"https:\/\/www.bigtranslation.com\/va\/professional-translation-services#breadcrumb"},"inLanguage":"ca-XV","potentialAction":[{"@type":"ReadAction","target":["https:\/\/www.bigtranslation.com\/va\/professional-translation-services"]}]},{"@type":"BreadcrumbList","@id":"https:\/\/www.bigtranslation.com\/va\/professional-translation-services#breadcrumb","itemListElement":[{"@type":"ListItem","position":1,"name":"Home","item":"https:\/\/www.bigtranslation.com\/va"},{"@type":"ListItem","position":2,"name":"Serveis professionals de traducci\u00f3"}]},{"@type":"WebSite","@id":"https:\/\/www.bigtranslation.com\/va#website","url":"https:\/\/www.bigtranslation.com\/va","name":"BigTranslation","description":"Native and Professional translators","potentialAction":[{"@type":"SearchAction","target":{"@type":"EntryPoint","urlTemplate":"https:\/\/www.bigtranslation.com\/va?s={search_term_string}"},"query-input":"required name=search_term_string"}],"inLanguage":"ca-XV"}]}},"acf":[],"amp_enabled":true,"_links":{"self":[{"href":"https:\/\/www.bigtranslation.com\/va\/wp-json\/wp\/v2\/pages\/13321"}],"collection":[{"href":"https:\/\/www.bigtranslation.com\/va\/wp-json\/wp\/v2\/pages"}],"about":[{"href":"https:\/\/www.bigtranslation.com\/va\/wp-json\/wp\/v2\/types\/page"}],"author":[{"embeddable":true,"href":"https:\/\/www.bigtranslation.com\/va\/wp-json\/wp\/v2\/users\/1"}],"replies":[{"embeddable":true,"href":"https:\/\/www.bigtranslation.com\/va\/wp-json\/wp\/v2\/comments?post=13321"}],"version-history":[{"count":1,"href":"https:\/\/www.bigtranslation.com\/va\/wp-json\/wp\/v2\/pages\/13321\/revisions"}],"predecessor-version":[{"id":13648,"href":"https:\/\/www.bigtranslation.com\/va\/wp-json\/wp\/v2\/pages\/13321\/revisions\/13648"}],"wp:attachment":[{"href":"https:\/\/www.bigtranslation.com\/va\/wp-json\/wp\/v2\/media?parent=13321"}],"curies":[{"name":"wp","href":"https:\/\/api.w.org\/{rel}","templated":true}]}}