{"id":13497,"date":"2022-10-13T12:44:21","date_gmt":"2022-10-13T12:44:21","guid":{"rendered":"https:\/\/www.bigtranslation.com\/traduccio-de-xatbots"},"modified":"2022-10-13T12:44:21","modified_gmt":"2022-10-13T12:44:21","slug":"traduccio-de-xatbots","status":"publish","type":"page","link":"https:\/\/www.bigtranslation.com\/va\/traduccio-de-xatbots","title":{"rendered":"Traducci\u00f3 de xatbots"},"content":{"rendered":"","protected":false},"excerpt":{"rendered":"","protected":false},"author":7,"featured_media":0,"parent":0,"menu_order":20,"comment_status":"closed","ping_status":"closed","template":"page-templates\/template-landing-translation.php","meta":{"footnotes":""},"yoast_head":"<!-- This site is optimized with the Yoast SEO plugin v21.8.1 - https:\/\/yoast.com\/wordpress\/plugins\/seo\/ -->\n<title>Traducci\u00f3 de xatbots al millor preu | BigTranslation<\/title>\n<meta name=\"description\" content=\"Tradu\u00efm els teus bots perqu\u00e8 pugues arribar a usuaris de tots els pa\u00efsos en la seua llengua materna. Sol\u00b7licita el teu pressupost sense cap obligaci\u00f3 en l\u00ednia.\" \/>\n<meta name=\"robots\" content=\"index, follow, max-snippet:-1, max-image-preview:large, max-video-preview:-1\" \/>\n<link rel=\"canonical\" href=\"https:\/\/www.bigtranslation.com\/va\/traduccio-de-xatbots\" \/>\n<meta property=\"og:locale\" content=\"en_US\" \/>\n<meta property=\"og:type\" content=\"article\" \/>\n<meta property=\"og:title\" content=\"Traducci\u00f3 de xatbots al millor preu | BigTranslation\" \/>\n<meta property=\"og:description\" content=\"Tradu\u00efm els teus bots perqu\u00e8 pugues arribar a usuaris de tots els pa\u00efsos en la seua llengua materna. Sol\u00b7licita el teu pressupost sense cap obligaci\u00f3 en l\u00ednia.\" \/>\n<meta property=\"og:url\" content=\"https:\/\/www.bigtranslation.com\/va\/traduccio-de-xatbots\" \/>\n<meta property=\"og:site_name\" content=\"BigTranslation\" \/>\n<meta name=\"twitter:card\" content=\"summary_large_image\" \/>\n<script type=\"application\/ld+json\" class=\"yoast-schema-graph\">{\"@context\":\"https:\/\/schema.org\",\"@graph\":[{\"@type\":\"WebPage\",\"@id\":\"https:\/\/www.bigtranslation.com\/va\/traduccio-de-xatbots\",\"url\":\"https:\/\/www.bigtranslation.com\/va\/traduccio-de-xatbots\",\"name\":\"Traducci\u00f3 de xatbots al millor preu | BigTranslation\",\"isPartOf\":{\"@id\":\"https:\/\/www.bigtranslation.com\/va#website\"},\"datePublished\":\"2022-10-13T12:44:21+00:00\",\"dateModified\":\"2022-10-13T12:44:21+00:00\",\"description\":\"Tradu\u00efm els teus bots perqu\u00e8 pugues arribar a usuaris de tots els pa\u00efsos en la seua llengua materna. Sol\u00b7licita el teu pressupost sense cap obligaci\u00f3 en l\u00ednia.\",\"breadcrumb\":{\"@id\":\"https:\/\/www.bigtranslation.com\/va\/traduccio-de-xatbots#breadcrumb\"},\"inLanguage\":\"ca-XV\",\"potentialAction\":[{\"@type\":\"ReadAction\",\"target\":[\"https:\/\/www.bigtranslation.com\/va\/traduccio-de-xatbots\"]}]},{\"@type\":\"BreadcrumbList\",\"@id\":\"https:\/\/www.bigtranslation.com\/va\/traduccio-de-xatbots#breadcrumb\",\"itemListElement\":[{\"@type\":\"ListItem\",\"position\":1,\"name\":\"Home\",\"item\":\"https:\/\/www.bigtranslation.com\/va\"},{\"@type\":\"ListItem\",\"position\":2,\"name\":\"Traducci\u00f3 de xatbots\"}]},{\"@type\":\"WebSite\",\"@id\":\"https:\/\/www.bigtranslation.com\/va#website\",\"url\":\"https:\/\/www.bigtranslation.com\/va\",\"name\":\"BigTranslation\",\"description\":\"Native and Professional translators\",\"potentialAction\":[{\"@type\":\"SearchAction\",\"target\":{\"@type\":\"EntryPoint\",\"urlTemplate\":\"https:\/\/www.bigtranslation.com\/va?s={search_term_string}\"},\"query-input\":\"required name=search_term_string\"}],\"inLanguage\":\"ca-XV\"}]}<\/script>\n<!-- \/ Yoast SEO plugin. -->","yoast_head_json":{"title":"Traducci\u00f3 de xatbots al millor preu | BigTranslation","description":"Tradu\u00efm els teus bots perqu\u00e8 pugues arribar a usuaris de tots els pa\u00efsos en la seua llengua materna. Sol\u00b7licita el teu pressupost sense cap obligaci\u00f3 en l\u00ednia.","robots":{"index":"index","follow":"follow","max-snippet":"max-snippet:-1","max-image-preview":"max-image-preview:large","max-video-preview":"max-video-preview:-1"},"canonical":"https:\/\/www.bigtranslation.com\/va\/traduccio-de-xatbots","og_locale":"en_US","og_type":"article","og_title":"Traducci\u00f3 de xatbots al millor preu | BigTranslation","og_description":"Tradu\u00efm els teus bots perqu\u00e8 pugues arribar a usuaris de tots els pa\u00efsos en la seua llengua materna. Sol\u00b7licita el teu pressupost sense cap obligaci\u00f3 en l\u00ednia.","og_url":"https:\/\/www.bigtranslation.com\/va\/traduccio-de-xatbots","og_site_name":"BigTranslation","twitter_card":"summary_large_image","schema":{"@context":"https:\/\/schema.org","@graph":[{"@type":"WebPage","@id":"https:\/\/www.bigtranslation.com\/va\/traduccio-de-xatbots","url":"https:\/\/www.bigtranslation.com\/va\/traduccio-de-xatbots","name":"Traducci\u00f3 de xatbots al millor preu | BigTranslation","isPartOf":{"@id":"https:\/\/www.bigtranslation.com\/va#website"},"datePublished":"2022-10-13T12:44:21+00:00","dateModified":"2022-10-13T12:44:21+00:00","description":"Tradu\u00efm els teus bots perqu\u00e8 pugues arribar a usuaris de tots els pa\u00efsos en la seua llengua materna. Sol\u00b7licita el teu pressupost sense cap obligaci\u00f3 en l\u00ednia.","breadcrumb":{"@id":"https:\/\/www.bigtranslation.com\/va\/traduccio-de-xatbots#breadcrumb"},"inLanguage":"ca-XV","potentialAction":[{"@type":"ReadAction","target":["https:\/\/www.bigtranslation.com\/va\/traduccio-de-xatbots"]}]},{"@type":"BreadcrumbList","@id":"https:\/\/www.bigtranslation.com\/va\/traduccio-de-xatbots#breadcrumb","itemListElement":[{"@type":"ListItem","position":1,"name":"Home","item":"https:\/\/www.bigtranslation.com\/va"},{"@type":"ListItem","position":2,"name":"Traducci\u00f3 de xatbots"}]},{"@type":"WebSite","@id":"https:\/\/www.bigtranslation.com\/va#website","url":"https:\/\/www.bigtranslation.com\/va","name":"BigTranslation","description":"Native and Professional translators","potentialAction":[{"@type":"SearchAction","target":{"@type":"EntryPoint","urlTemplate":"https:\/\/www.bigtranslation.com\/va?s={search_term_string}"},"query-input":"required name=search_term_string"}],"inLanguage":"ca-XV"}]}},"acf":[],"amp_enabled":true,"_links":{"self":[{"href":"https:\/\/www.bigtranslation.com\/va\/wp-json\/wp\/v2\/pages\/13497"}],"collection":[{"href":"https:\/\/www.bigtranslation.com\/va\/wp-json\/wp\/v2\/pages"}],"about":[{"href":"https:\/\/www.bigtranslation.com\/va\/wp-json\/wp\/v2\/types\/page"}],"author":[{"embeddable":true,"href":"https:\/\/www.bigtranslation.com\/va\/wp-json\/wp\/v2\/users\/7"}],"replies":[{"embeddable":true,"href":"https:\/\/www.bigtranslation.com\/va\/wp-json\/wp\/v2\/comments?post=13497"}],"version-history":[{"count":0,"href":"https:\/\/www.bigtranslation.com\/va\/wp-json\/wp\/v2\/pages\/13497\/revisions"}],"wp:attachment":[{"href":"https:\/\/www.bigtranslation.com\/va\/wp-json\/wp\/v2\/media?parent=13497"}],"curies":[{"name":"wp","href":"https:\/\/api.w.org\/{rel}","templated":true}]}}