{"id":13498,"date":"2022-10-13T12:44:21","date_gmt":"2022-10-13T12:44:21","guid":{"rendered":"https:\/\/www.bigtranslation.com\/traduccio-amb-motor-de-cerca"},"modified":"2022-10-13T12:44:21","modified_gmt":"2022-10-13T12:44:21","slug":"traduccio-amb-motor-de-cerca","status":"publish","type":"page","link":"https:\/\/www.bigtranslation.com\/va\/traduccio-amb-motor-de-cerca","title":{"rendered":"Traducci\u00f3 amb motor de cerca"},"content":{"rendered":"","protected":false},"excerpt":{"rendered":"","protected":false},"author":1,"featured_media":0,"parent":0,"menu_order":5,"comment_status":"closed","ping_status":"closed","template":"page-templates\/template-seo-translation.php","meta":{"footnotes":""},"yoast_head":"<!-- This site is optimized with the Yoast SEO plugin v21.8.1 - https:\/\/yoast.com\/wordpress\/plugins\/seo\/ -->\n<title>Ag\u00e8ncia de traducci\u00f3 SEO | BigTranslation<\/title>\n<meta name=\"description\" content=\"BigTranslation \u00e9s capa\u00e7 de gestionar SEO multiling\u00fce, amb una xarxa de traductors professionals seleccionats amb cura especialitzats en traduccions de llocs web.\" \/>\n<meta name=\"robots\" content=\"index, follow, max-snippet:-1, max-image-preview:large, max-video-preview:-1\" \/>\n<link rel=\"canonical\" href=\"https:\/\/www.bigtranslation.com\/va\/traduccio-amb-motor-de-cerca\" \/>\n<meta property=\"og:locale\" content=\"en_US\" \/>\n<meta property=\"og:type\" content=\"article\" \/>\n<meta property=\"og:title\" content=\"Ag\u00e8ncia de traducci\u00f3 SEO | BigTranslation\" \/>\n<meta property=\"og:description\" content=\"BigTranslation \u00e9s capa\u00e7 de gestionar SEO multiling\u00fce, amb una xarxa de traductors professionals seleccionats amb cura especialitzats en traduccions de llocs web.\" \/>\n<meta property=\"og:url\" content=\"https:\/\/www.bigtranslation.com\/va\/traduccio-amb-motor-de-cerca\" \/>\n<meta property=\"og:site_name\" content=\"BigTranslation\" \/>\n<meta name=\"twitter:card\" content=\"summary_large_image\" \/>\n<script type=\"application\/ld+json\" class=\"yoast-schema-graph\">{\"@context\":\"https:\/\/schema.org\",\"@graph\":[{\"@type\":\"WebPage\",\"@id\":\"https:\/\/www.bigtranslation.com\/va\/traduccio-amb-motor-de-cerca\",\"url\":\"https:\/\/www.bigtranslation.com\/va\/traduccio-amb-motor-de-cerca\",\"name\":\"Ag\u00e8ncia de traducci\u00f3 SEO | BigTranslation\",\"isPartOf\":{\"@id\":\"https:\/\/www.bigtranslation.com\/va#website\"},\"datePublished\":\"2022-10-13T12:44:21+00:00\",\"dateModified\":\"2022-10-13T12:44:21+00:00\",\"description\":\"BigTranslation \u00e9s capa\u00e7 de gestionar SEO multiling\u00fce, amb una xarxa de traductors professionals seleccionats amb cura especialitzats en traduccions de llocs web.\",\"breadcrumb\":{\"@id\":\"https:\/\/www.bigtranslation.com\/va\/traduccio-amb-motor-de-cerca#breadcrumb\"},\"inLanguage\":\"ca-XV\",\"potentialAction\":[{\"@type\":\"ReadAction\",\"target\":[\"https:\/\/www.bigtranslation.com\/va\/traduccio-amb-motor-de-cerca\"]}]},{\"@type\":\"BreadcrumbList\",\"@id\":\"https:\/\/www.bigtranslation.com\/va\/traduccio-amb-motor-de-cerca#breadcrumb\",\"itemListElement\":[{\"@type\":\"ListItem\",\"position\":1,\"name\":\"Home\",\"item\":\"https:\/\/www.bigtranslation.com\/va\"},{\"@type\":\"ListItem\",\"position\":2,\"name\":\"Traducci\u00f3 amb motor de cerca\"}]},{\"@type\":\"WebSite\",\"@id\":\"https:\/\/www.bigtranslation.com\/va#website\",\"url\":\"https:\/\/www.bigtranslation.com\/va\",\"name\":\"BigTranslation\",\"description\":\"Native and Professional translators\",\"potentialAction\":[{\"@type\":\"SearchAction\",\"target\":{\"@type\":\"EntryPoint\",\"urlTemplate\":\"https:\/\/www.bigtranslation.com\/va?s={search_term_string}\"},\"query-input\":\"required name=search_term_string\"}],\"inLanguage\":\"ca-XV\"}]}<\/script>\n<!-- \/ Yoast SEO plugin. -->","yoast_head_json":{"title":"Ag\u00e8ncia de traducci\u00f3 SEO | BigTranslation","description":"BigTranslation \u00e9s capa\u00e7 de gestionar SEO multiling\u00fce, amb una xarxa de traductors professionals seleccionats amb cura especialitzats en traduccions de llocs web.","robots":{"index":"index","follow":"follow","max-snippet":"max-snippet:-1","max-image-preview":"max-image-preview:large","max-video-preview":"max-video-preview:-1"},"canonical":"https:\/\/www.bigtranslation.com\/va\/traduccio-amb-motor-de-cerca","og_locale":"en_US","og_type":"article","og_title":"Ag\u00e8ncia de traducci\u00f3 SEO | BigTranslation","og_description":"BigTranslation \u00e9s capa\u00e7 de gestionar SEO multiling\u00fce, amb una xarxa de traductors professionals seleccionats amb cura especialitzats en traduccions de llocs web.","og_url":"https:\/\/www.bigtranslation.com\/va\/traduccio-amb-motor-de-cerca","og_site_name":"BigTranslation","twitter_card":"summary_large_image","schema":{"@context":"https:\/\/schema.org","@graph":[{"@type":"WebPage","@id":"https:\/\/www.bigtranslation.com\/va\/traduccio-amb-motor-de-cerca","url":"https:\/\/www.bigtranslation.com\/va\/traduccio-amb-motor-de-cerca","name":"Ag\u00e8ncia de traducci\u00f3 SEO | BigTranslation","isPartOf":{"@id":"https:\/\/www.bigtranslation.com\/va#website"},"datePublished":"2022-10-13T12:44:21+00:00","dateModified":"2022-10-13T12:44:21+00:00","description":"BigTranslation \u00e9s capa\u00e7 de gestionar SEO multiling\u00fce, amb una xarxa de traductors professionals seleccionats amb cura especialitzats en traduccions de llocs web.","breadcrumb":{"@id":"https:\/\/www.bigtranslation.com\/va\/traduccio-amb-motor-de-cerca#breadcrumb"},"inLanguage":"ca-XV","potentialAction":[{"@type":"ReadAction","target":["https:\/\/www.bigtranslation.com\/va\/traduccio-amb-motor-de-cerca"]}]},{"@type":"BreadcrumbList","@id":"https:\/\/www.bigtranslation.com\/va\/traduccio-amb-motor-de-cerca#breadcrumb","itemListElement":[{"@type":"ListItem","position":1,"name":"Home","item":"https:\/\/www.bigtranslation.com\/va"},{"@type":"ListItem","position":2,"name":"Traducci\u00f3 amb motor de cerca"}]},{"@type":"WebSite","@id":"https:\/\/www.bigtranslation.com\/va#website","url":"https:\/\/www.bigtranslation.com\/va","name":"BigTranslation","description":"Native and Professional translators","potentialAction":[{"@type":"SearchAction","target":{"@type":"EntryPoint","urlTemplate":"https:\/\/www.bigtranslation.com\/va?s={search_term_string}"},"query-input":"required name=search_term_string"}],"inLanguage":"ca-XV"}]}},"acf":[],"amp_enabled":true,"_links":{"self":[{"href":"https:\/\/www.bigtranslation.com\/va\/wp-json\/wp\/v2\/pages\/13498"}],"collection":[{"href":"https:\/\/www.bigtranslation.com\/va\/wp-json\/wp\/v2\/pages"}],"about":[{"href":"https:\/\/www.bigtranslation.com\/va\/wp-json\/wp\/v2\/types\/page"}],"author":[{"embeddable":true,"href":"https:\/\/www.bigtranslation.com\/va\/wp-json\/wp\/v2\/users\/1"}],"replies":[{"embeddable":true,"href":"https:\/\/www.bigtranslation.com\/va\/wp-json\/wp\/v2\/comments?post=13498"}],"version-history":[{"count":0,"href":"https:\/\/www.bigtranslation.com\/va\/wp-json\/wp\/v2\/pages\/13498\/revisions"}],"wp:attachment":[{"href":"https:\/\/www.bigtranslation.com\/va\/wp-json\/wp\/v2\/media?parent=13498"}],"curies":[{"name":"wp","href":"https:\/\/api.w.org\/{rel}","templated":true}]}}