{"id":13511,"date":"2022-10-13T12:44:42","date_gmt":"2022-10-13T12:44:42","guid":{"rendered":"https:\/\/www.bigtranslation.com\/transcripcio-daudio"},"modified":"2022-10-13T12:44:42","modified_gmt":"2022-10-13T12:44:42","slug":"transcripcio-daudio","status":"publish","type":"page","link":"https:\/\/www.bigtranslation.com\/va\/transcripcio-daudio","title":{"rendered":"Transcripci\u00f3 d&#8217;\u00e0udio"},"content":{"rendered":"","protected":false},"excerpt":{"rendered":"","protected":false},"author":1,"featured_media":0,"parent":0,"menu_order":10,"comment_status":"closed","ping_status":"closed","template":"page-templates\/template-transcription-audio.php","meta":{"footnotes":""},"yoast_head":"<!-- This site is optimized with the Yoast SEO plugin v21.8.1 - https:\/\/yoast.com\/wordpress\/plugins\/seo\/ -->\n<title>Transcripci\u00f3 d&#039;\u00e0udio | BigTranslation<\/title>\n<meta name=\"description\" content=\"Traductors natius qualificats que garanteixen una transcripci\u00f3 d&#039;\u00e0udio d&#039;alta qualitat\" \/>\n<meta name=\"robots\" content=\"index, follow, max-snippet:-1, max-image-preview:large, max-video-preview:-1\" \/>\n<link rel=\"canonical\" href=\"https:\/\/www.bigtranslation.com\/va\/transcripcio-daudio\" \/>\n<meta property=\"og:locale\" content=\"en_US\" \/>\n<meta property=\"og:type\" content=\"article\" \/>\n<meta property=\"og:title\" content=\"Transcripci\u00f3 d&#039;\u00e0udio | BigTranslation\" \/>\n<meta property=\"og:description\" content=\"Traductors natius qualificats que garanteixen una transcripci\u00f3 d&#039;\u00e0udio d&#039;alta qualitat\" \/>\n<meta property=\"og:url\" content=\"https:\/\/www.bigtranslation.com\/va\/transcripcio-daudio\" \/>\n<meta property=\"og:site_name\" content=\"BigTranslation\" \/>\n<meta name=\"twitter:card\" content=\"summary_large_image\" \/>\n<script type=\"application\/ld+json\" class=\"yoast-schema-graph\">{\"@context\":\"https:\/\/schema.org\",\"@graph\":[{\"@type\":\"WebPage\",\"@id\":\"https:\/\/www.bigtranslation.com\/va\/transcripcio-daudio\",\"url\":\"https:\/\/www.bigtranslation.com\/va\/transcripcio-daudio\",\"name\":\"Transcripci\u00f3 d'\u00e0udio | BigTranslation\",\"isPartOf\":{\"@id\":\"https:\/\/www.bigtranslation.com\/va#website\"},\"datePublished\":\"2022-10-13T12:44:42+00:00\",\"dateModified\":\"2022-10-13T12:44:42+00:00\",\"description\":\"Traductors natius qualificats que garanteixen una transcripci\u00f3 d'\u00e0udio d'alta qualitat\",\"breadcrumb\":{\"@id\":\"https:\/\/www.bigtranslation.com\/va\/transcripcio-daudio#breadcrumb\"},\"inLanguage\":\"ca-XV\",\"potentialAction\":[{\"@type\":\"ReadAction\",\"target\":[\"https:\/\/www.bigtranslation.com\/va\/transcripcio-daudio\"]}]},{\"@type\":\"BreadcrumbList\",\"@id\":\"https:\/\/www.bigtranslation.com\/va\/transcripcio-daudio#breadcrumb\",\"itemListElement\":[{\"@type\":\"ListItem\",\"position\":1,\"name\":\"Home\",\"item\":\"https:\/\/www.bigtranslation.com\/va\"},{\"@type\":\"ListItem\",\"position\":2,\"name\":\"Transcripci\u00f3 d&#8217;\u00e0udio\"}]},{\"@type\":\"WebSite\",\"@id\":\"https:\/\/www.bigtranslation.com\/va#website\",\"url\":\"https:\/\/www.bigtranslation.com\/va\",\"name\":\"BigTranslation\",\"description\":\"Native and Professional translators\",\"potentialAction\":[{\"@type\":\"SearchAction\",\"target\":{\"@type\":\"EntryPoint\",\"urlTemplate\":\"https:\/\/www.bigtranslation.com\/va?s={search_term_string}\"},\"query-input\":\"required name=search_term_string\"}],\"inLanguage\":\"ca-XV\"}]}<\/script>\n<!-- \/ Yoast SEO plugin. -->","yoast_head_json":{"title":"Transcripci\u00f3 d'\u00e0udio | BigTranslation","description":"Traductors natius qualificats que garanteixen una transcripci\u00f3 d'\u00e0udio d'alta qualitat","robots":{"index":"index","follow":"follow","max-snippet":"max-snippet:-1","max-image-preview":"max-image-preview:large","max-video-preview":"max-video-preview:-1"},"canonical":"https:\/\/www.bigtranslation.com\/va\/transcripcio-daudio","og_locale":"en_US","og_type":"article","og_title":"Transcripci\u00f3 d'\u00e0udio | BigTranslation","og_description":"Traductors natius qualificats que garanteixen una transcripci\u00f3 d'\u00e0udio d'alta qualitat","og_url":"https:\/\/www.bigtranslation.com\/va\/transcripcio-daudio","og_site_name":"BigTranslation","twitter_card":"summary_large_image","schema":{"@context":"https:\/\/schema.org","@graph":[{"@type":"WebPage","@id":"https:\/\/www.bigtranslation.com\/va\/transcripcio-daudio","url":"https:\/\/www.bigtranslation.com\/va\/transcripcio-daudio","name":"Transcripci\u00f3 d'\u00e0udio | BigTranslation","isPartOf":{"@id":"https:\/\/www.bigtranslation.com\/va#website"},"datePublished":"2022-10-13T12:44:42+00:00","dateModified":"2022-10-13T12:44:42+00:00","description":"Traductors natius qualificats que garanteixen una transcripci\u00f3 d'\u00e0udio d'alta qualitat","breadcrumb":{"@id":"https:\/\/www.bigtranslation.com\/va\/transcripcio-daudio#breadcrumb"},"inLanguage":"ca-XV","potentialAction":[{"@type":"ReadAction","target":["https:\/\/www.bigtranslation.com\/va\/transcripcio-daudio"]}]},{"@type":"BreadcrumbList","@id":"https:\/\/www.bigtranslation.com\/va\/transcripcio-daudio#breadcrumb","itemListElement":[{"@type":"ListItem","position":1,"name":"Home","item":"https:\/\/www.bigtranslation.com\/va"},{"@type":"ListItem","position":2,"name":"Transcripci\u00f3 d&#8217;\u00e0udio"}]},{"@type":"WebSite","@id":"https:\/\/www.bigtranslation.com\/va#website","url":"https:\/\/www.bigtranslation.com\/va","name":"BigTranslation","description":"Native and Professional translators","potentialAction":[{"@type":"SearchAction","target":{"@type":"EntryPoint","urlTemplate":"https:\/\/www.bigtranslation.com\/va?s={search_term_string}"},"query-input":"required name=search_term_string"}],"inLanguage":"ca-XV"}]}},"acf":[],"amp_enabled":true,"_links":{"self":[{"href":"https:\/\/www.bigtranslation.com\/va\/wp-json\/wp\/v2\/pages\/13511"}],"collection":[{"href":"https:\/\/www.bigtranslation.com\/va\/wp-json\/wp\/v2\/pages"}],"about":[{"href":"https:\/\/www.bigtranslation.com\/va\/wp-json\/wp\/v2\/types\/page"}],"author":[{"embeddable":true,"href":"https:\/\/www.bigtranslation.com\/va\/wp-json\/wp\/v2\/users\/1"}],"replies":[{"embeddable":true,"href":"https:\/\/www.bigtranslation.com\/va\/wp-json\/wp\/v2\/comments?post=13511"}],"version-history":[{"count":0,"href":"https:\/\/www.bigtranslation.com\/va\/wp-json\/wp\/v2\/pages\/13511\/revisions"}],"wp:attachment":[{"href":"https:\/\/www.bigtranslation.com\/va\/wp-json\/wp\/v2\/media?parent=13511"}],"curies":[{"name":"wp","href":"https:\/\/api.w.org\/{rel}","templated":true}]}}