{"id":13532,"date":"2022-10-13T12:45:11","date_gmt":"2022-10-13T12:45:11","guid":{"rendered":"https:\/\/www.bigtranslation.com\/agencia-de-traduccio"},"modified":"2022-10-13T12:45:11","modified_gmt":"2022-10-13T12:45:11","slug":"agencia-de-traduccio","status":"publish","type":"page","link":"https:\/\/www.bigtranslation.com\/va\/agencia-de-traduccio","title":{"rendered":"Ag\u00e8ncia de traducci\u00f3"},"content":{"rendered":"","protected":false},"excerpt":{"rendered":"","protected":false},"author":1,"featured_media":0,"parent":0,"menu_order":22,"comment_status":"closed","ping_status":"closed","template":"page-templates\/template-translation-company.php","meta":{"footnotes":""},"yoast_head":"<!-- This site is optimized with the Yoast SEO plugin v21.8.1 - https:\/\/yoast.com\/wordpress\/plugins\/seo\/ -->\n<title>Empresa de traducci\u00f3 | Serveis de traducci\u00f3 professionals i natius<\/title>\n<meta name=\"description\" content=\"Som una empresa de traducci\u00f3 amb anys d&#039;experi\u00e8ncia, especialitzada en m\u00e0rqueting en l\u00ednia i traducci\u00f3 SEO. Tamb\u00e9 oferim serveis de correcci\u00f3.\" \/>\n<meta name=\"robots\" content=\"index, follow, max-snippet:-1, max-image-preview:large, max-video-preview:-1\" \/>\n<link rel=\"canonical\" href=\"https:\/\/www.bigtranslation.com\/va\/agencia-de-traduccio\" \/>\n<meta property=\"og:locale\" content=\"en_US\" \/>\n<meta property=\"og:type\" content=\"article\" \/>\n<meta property=\"og:title\" content=\"Empresa de traducci\u00f3 | Serveis de traducci\u00f3 professionals i natius\" \/>\n<meta property=\"og:description\" content=\"Som una empresa de traducci\u00f3 amb anys d&#039;experi\u00e8ncia, especialitzada en m\u00e0rqueting en l\u00ednia i traducci\u00f3 SEO. Tamb\u00e9 oferim serveis de correcci\u00f3.\" \/>\n<meta property=\"og:url\" content=\"https:\/\/www.bigtranslation.com\/va\/agencia-de-traduccio\" \/>\n<meta property=\"og:site_name\" content=\"BigTranslation\" \/>\n<meta name=\"twitter:card\" content=\"summary_large_image\" \/>\n<script type=\"application\/ld+json\" class=\"yoast-schema-graph\">{\"@context\":\"https:\/\/schema.org\",\"@graph\":[{\"@type\":\"WebPage\",\"@id\":\"https:\/\/www.bigtranslation.com\/va\/agencia-de-traduccio\",\"url\":\"https:\/\/www.bigtranslation.com\/va\/agencia-de-traduccio\",\"name\":\"Empresa de traducci\u00f3 | Serveis de traducci\u00f3 professionals i natius\",\"isPartOf\":{\"@id\":\"https:\/\/www.bigtranslation.com\/va#website\"},\"datePublished\":\"2022-10-13T12:45:11+00:00\",\"dateModified\":\"2022-10-13T12:45:11+00:00\",\"description\":\"Som una empresa de traducci\u00f3 amb anys d'experi\u00e8ncia, especialitzada en m\u00e0rqueting en l\u00ednia i traducci\u00f3 SEO. Tamb\u00e9 oferim serveis de correcci\u00f3.\",\"breadcrumb\":{\"@id\":\"https:\/\/www.bigtranslation.com\/va\/agencia-de-traduccio#breadcrumb\"},\"inLanguage\":\"ca-XV\",\"potentialAction\":[{\"@type\":\"ReadAction\",\"target\":[\"https:\/\/www.bigtranslation.com\/va\/agencia-de-traduccio\"]}]},{\"@type\":\"BreadcrumbList\",\"@id\":\"https:\/\/www.bigtranslation.com\/va\/agencia-de-traduccio#breadcrumb\",\"itemListElement\":[{\"@type\":\"ListItem\",\"position\":1,\"name\":\"Home\",\"item\":\"https:\/\/www.bigtranslation.com\/va\"},{\"@type\":\"ListItem\",\"position\":2,\"name\":\"Ag\u00e8ncia de traducci\u00f3\"}]},{\"@type\":\"WebSite\",\"@id\":\"https:\/\/www.bigtranslation.com\/va#website\",\"url\":\"https:\/\/www.bigtranslation.com\/va\",\"name\":\"BigTranslation\",\"description\":\"Native and Professional translators\",\"potentialAction\":[{\"@type\":\"SearchAction\",\"target\":{\"@type\":\"EntryPoint\",\"urlTemplate\":\"https:\/\/www.bigtranslation.com\/va?s={search_term_string}\"},\"query-input\":\"required name=search_term_string\"}],\"inLanguage\":\"ca-XV\"}]}<\/script>\n<!-- \/ Yoast SEO plugin. -->","yoast_head_json":{"title":"Empresa de traducci\u00f3 | Serveis de traducci\u00f3 professionals i natius","description":"Som una empresa de traducci\u00f3 amb anys d'experi\u00e8ncia, especialitzada en m\u00e0rqueting en l\u00ednia i traducci\u00f3 SEO. Tamb\u00e9 oferim serveis de correcci\u00f3.","robots":{"index":"index","follow":"follow","max-snippet":"max-snippet:-1","max-image-preview":"max-image-preview:large","max-video-preview":"max-video-preview:-1"},"canonical":"https:\/\/www.bigtranslation.com\/va\/agencia-de-traduccio","og_locale":"en_US","og_type":"article","og_title":"Empresa de traducci\u00f3 | Serveis de traducci\u00f3 professionals i natius","og_description":"Som una empresa de traducci\u00f3 amb anys d'experi\u00e8ncia, especialitzada en m\u00e0rqueting en l\u00ednia i traducci\u00f3 SEO. Tamb\u00e9 oferim serveis de correcci\u00f3.","og_url":"https:\/\/www.bigtranslation.com\/va\/agencia-de-traduccio","og_site_name":"BigTranslation","twitter_card":"summary_large_image","schema":{"@context":"https:\/\/schema.org","@graph":[{"@type":"WebPage","@id":"https:\/\/www.bigtranslation.com\/va\/agencia-de-traduccio","url":"https:\/\/www.bigtranslation.com\/va\/agencia-de-traduccio","name":"Empresa de traducci\u00f3 | Serveis de traducci\u00f3 professionals i natius","isPartOf":{"@id":"https:\/\/www.bigtranslation.com\/va#website"},"datePublished":"2022-10-13T12:45:11+00:00","dateModified":"2022-10-13T12:45:11+00:00","description":"Som una empresa de traducci\u00f3 amb anys d'experi\u00e8ncia, especialitzada en m\u00e0rqueting en l\u00ednia i traducci\u00f3 SEO. Tamb\u00e9 oferim serveis de correcci\u00f3.","breadcrumb":{"@id":"https:\/\/www.bigtranslation.com\/va\/agencia-de-traduccio#breadcrumb"},"inLanguage":"ca-XV","potentialAction":[{"@type":"ReadAction","target":["https:\/\/www.bigtranslation.com\/va\/agencia-de-traduccio"]}]},{"@type":"BreadcrumbList","@id":"https:\/\/www.bigtranslation.com\/va\/agencia-de-traduccio#breadcrumb","itemListElement":[{"@type":"ListItem","position":1,"name":"Home","item":"https:\/\/www.bigtranslation.com\/va"},{"@type":"ListItem","position":2,"name":"Ag\u00e8ncia de traducci\u00f3"}]},{"@type":"WebSite","@id":"https:\/\/www.bigtranslation.com\/va#website","url":"https:\/\/www.bigtranslation.com\/va","name":"BigTranslation","description":"Native and Professional translators","potentialAction":[{"@type":"SearchAction","target":{"@type":"EntryPoint","urlTemplate":"https:\/\/www.bigtranslation.com\/va?s={search_term_string}"},"query-input":"required name=search_term_string"}],"inLanguage":"ca-XV"}]}},"acf":[],"amp_enabled":true,"_links":{"self":[{"href":"https:\/\/www.bigtranslation.com\/va\/wp-json\/wp\/v2\/pages\/13532"}],"collection":[{"href":"https:\/\/www.bigtranslation.com\/va\/wp-json\/wp\/v2\/pages"}],"about":[{"href":"https:\/\/www.bigtranslation.com\/va\/wp-json\/wp\/v2\/types\/page"}],"author":[{"embeddable":true,"href":"https:\/\/www.bigtranslation.com\/va\/wp-json\/wp\/v2\/users\/1"}],"replies":[{"embeddable":true,"href":"https:\/\/www.bigtranslation.com\/va\/wp-json\/wp\/v2\/comments?post=13532"}],"version-history":[{"count":0,"href":"https:\/\/www.bigtranslation.com\/va\/wp-json\/wp\/v2\/pages\/13532\/revisions"}],"wp:attachment":[{"href":"https:\/\/www.bigtranslation.com\/va\/wp-json\/wp\/v2\/media?parent=13532"}],"curies":[{"name":"wp","href":"https:\/\/api.w.org\/{rel}","templated":true}]}}