{"id":13561,"date":"2022-10-13T12:45:18","date_gmt":"2022-10-13T12:45:18","guid":{"rendered":"https:\/\/www.bigtranslation.com\/traduccio-per-a-empreses-del-sector-industrial"},"modified":"2022-10-21T08:36:33","modified_gmt":"2022-10-21T08:36:33","slug":"traduccio-per-a-empreses-del-sector-industrial","status":"publish","type":"page","link":"https:\/\/www.bigtranslation.com\/va\/traduccio-per-a-empreses-del-sector-industrial","title":{"rendered":"Traducci\u00f3 per a empreses del sector industrial"},"content":{"rendered":"","protected":false},"excerpt":{"rendered":"","protected":false},"author":1,"featured_media":0,"parent":0,"menu_order":18,"comment_status":"closed","ping_status":"closed","template":"page-templates\/template-landing-translation.php","meta":{"footnotes":""},"yoast_head":"<!-- This site is optimized with the Yoast SEO plugin v21.8.1 - https:\/\/yoast.com\/wordpress\/plugins\/seo\/ -->\n<title>Traducci\u00f3 per a empreses del sector industrial | BigTranslation<\/title>\n<meta name=\"description\" content=\"Traduccions natives per al sector industrial. Internacionalitza el teu comer\u00e7 electr\u00f2nic gr\u00e0cies a traductors natius i amb preus competitius. Sol\u00b7licita el teu pressupost ara!\" \/>\n<meta name=\"robots\" content=\"index, follow, max-snippet:-1, max-image-preview:large, max-video-preview:-1\" \/>\n<link rel=\"canonical\" href=\"https:\/\/www.bigtranslation.com\/va\/traduccio-per-a-empreses-del-sector-industrial\" \/>\n<meta property=\"og:locale\" content=\"en_US\" \/>\n<meta property=\"og:type\" content=\"article\" \/>\n<meta property=\"og:title\" content=\"Traducci\u00f3 per a empreses del sector industrial | BigTranslation\" \/>\n<meta property=\"og:description\" content=\"Traduccions natives per al sector industrial. Internacionalitza el teu comer\u00e7 electr\u00f2nic gr\u00e0cies a traductors natius i amb preus competitius. Sol\u00b7licita el teu pressupost ara!\" \/>\n<meta property=\"og:url\" content=\"https:\/\/www.bigtranslation.com\/va\/traduccio-per-a-empreses-del-sector-industrial\" \/>\n<meta property=\"og:site_name\" content=\"BigTranslation\" \/>\n<meta property=\"article:modified_time\" content=\"2022-10-21T08:36:33+00:00\" \/>\n<meta name=\"twitter:card\" content=\"summary_large_image\" \/>\n<script type=\"application\/ld+json\" class=\"yoast-schema-graph\">{\"@context\":\"https:\/\/schema.org\",\"@graph\":[{\"@type\":\"WebPage\",\"@id\":\"https:\/\/www.bigtranslation.com\/va\/traduccio-per-a-empreses-del-sector-industrial\",\"url\":\"https:\/\/www.bigtranslation.com\/va\/traduccio-per-a-empreses-del-sector-industrial\",\"name\":\"Traducci\u00f3 per a empreses del sector industrial | BigTranslation\",\"isPartOf\":{\"@id\":\"https:\/\/www.bigtranslation.com\/va#website\"},\"datePublished\":\"2022-10-13T12:45:18+00:00\",\"dateModified\":\"2022-10-21T08:36:33+00:00\",\"description\":\"Traduccions natives per al sector industrial. Internacionalitza el teu comer\u00e7 electr\u00f2nic gr\u00e0cies a traductors natius i amb preus competitius. Sol\u00b7licita el teu pressupost ara!\",\"breadcrumb\":{\"@id\":\"https:\/\/www.bigtranslation.com\/va\/traduccio-per-a-empreses-del-sector-industrial#breadcrumb\"},\"inLanguage\":\"ca-XV\",\"potentialAction\":[{\"@type\":\"ReadAction\",\"target\":[\"https:\/\/www.bigtranslation.com\/va\/traduccio-per-a-empreses-del-sector-industrial\"]}]},{\"@type\":\"BreadcrumbList\",\"@id\":\"https:\/\/www.bigtranslation.com\/va\/traduccio-per-a-empreses-del-sector-industrial#breadcrumb\",\"itemListElement\":[{\"@type\":\"ListItem\",\"position\":1,\"name\":\"Home\",\"item\":\"https:\/\/www.bigtranslation.com\/va\"},{\"@type\":\"ListItem\",\"position\":2,\"name\":\"Traducci\u00f3 per a empreses del sector industrial\"}]},{\"@type\":\"WebSite\",\"@id\":\"https:\/\/www.bigtranslation.com\/va#website\",\"url\":\"https:\/\/www.bigtranslation.com\/va\",\"name\":\"BigTranslation\",\"description\":\"Native and Professional translators\",\"potentialAction\":[{\"@type\":\"SearchAction\",\"target\":{\"@type\":\"EntryPoint\",\"urlTemplate\":\"https:\/\/www.bigtranslation.com\/va?s={search_term_string}\"},\"query-input\":\"required name=search_term_string\"}],\"inLanguage\":\"ca-XV\"}]}<\/script>\n<!-- \/ Yoast SEO plugin. -->","yoast_head_json":{"title":"Traducci\u00f3 per a empreses del sector industrial | BigTranslation","description":"Traduccions natives per al sector industrial. Internacionalitza el teu comer\u00e7 electr\u00f2nic gr\u00e0cies a traductors natius i amb preus competitius. Sol\u00b7licita el teu pressupost ara!","robots":{"index":"index","follow":"follow","max-snippet":"max-snippet:-1","max-image-preview":"max-image-preview:large","max-video-preview":"max-video-preview:-1"},"canonical":"https:\/\/www.bigtranslation.com\/va\/traduccio-per-a-empreses-del-sector-industrial","og_locale":"en_US","og_type":"article","og_title":"Traducci\u00f3 per a empreses del sector industrial | BigTranslation","og_description":"Traduccions natives per al sector industrial. Internacionalitza el teu comer\u00e7 electr\u00f2nic gr\u00e0cies a traductors natius i amb preus competitius. Sol\u00b7licita el teu pressupost ara!","og_url":"https:\/\/www.bigtranslation.com\/va\/traduccio-per-a-empreses-del-sector-industrial","og_site_name":"BigTranslation","article_modified_time":"2022-10-21T08:36:33+00:00","twitter_card":"summary_large_image","schema":{"@context":"https:\/\/schema.org","@graph":[{"@type":"WebPage","@id":"https:\/\/www.bigtranslation.com\/va\/traduccio-per-a-empreses-del-sector-industrial","url":"https:\/\/www.bigtranslation.com\/va\/traduccio-per-a-empreses-del-sector-industrial","name":"Traducci\u00f3 per a empreses del sector industrial | BigTranslation","isPartOf":{"@id":"https:\/\/www.bigtranslation.com\/va#website"},"datePublished":"2022-10-13T12:45:18+00:00","dateModified":"2022-10-21T08:36:33+00:00","description":"Traduccions natives per al sector industrial. Internacionalitza el teu comer\u00e7 electr\u00f2nic gr\u00e0cies a traductors natius i amb preus competitius. Sol\u00b7licita el teu pressupost ara!","breadcrumb":{"@id":"https:\/\/www.bigtranslation.com\/va\/traduccio-per-a-empreses-del-sector-industrial#breadcrumb"},"inLanguage":"ca-XV","potentialAction":[{"@type":"ReadAction","target":["https:\/\/www.bigtranslation.com\/va\/traduccio-per-a-empreses-del-sector-industrial"]}]},{"@type":"BreadcrumbList","@id":"https:\/\/www.bigtranslation.com\/va\/traduccio-per-a-empreses-del-sector-industrial#breadcrumb","itemListElement":[{"@type":"ListItem","position":1,"name":"Home","item":"https:\/\/www.bigtranslation.com\/va"},{"@type":"ListItem","position":2,"name":"Traducci\u00f3 per a empreses del sector industrial"}]},{"@type":"WebSite","@id":"https:\/\/www.bigtranslation.com\/va#website","url":"https:\/\/www.bigtranslation.com\/va","name":"BigTranslation","description":"Native and Professional translators","potentialAction":[{"@type":"SearchAction","target":{"@type":"EntryPoint","urlTemplate":"https:\/\/www.bigtranslation.com\/va?s={search_term_string}"},"query-input":"required name=search_term_string"}],"inLanguage":"ca-XV"}]}},"acf":[],"amp_enabled":true,"_links":{"self":[{"href":"https:\/\/www.bigtranslation.com\/va\/wp-json\/wp\/v2\/pages\/13561"}],"collection":[{"href":"https:\/\/www.bigtranslation.com\/va\/wp-json\/wp\/v2\/pages"}],"about":[{"href":"https:\/\/www.bigtranslation.com\/va\/wp-json\/wp\/v2\/types\/page"}],"author":[{"embeddable":true,"href":"https:\/\/www.bigtranslation.com\/va\/wp-json\/wp\/v2\/users\/1"}],"replies":[{"embeddable":true,"href":"https:\/\/www.bigtranslation.com\/va\/wp-json\/wp\/v2\/comments?post=13561"}],"version-history":[{"count":2,"href":"https:\/\/www.bigtranslation.com\/va\/wp-json\/wp\/v2\/pages\/13561\/revisions"}],"predecessor-version":[{"id":14007,"href":"https:\/\/www.bigtranslation.com\/va\/wp-json\/wp\/v2\/pages\/13561\/revisions\/14007"}],"wp:attachment":[{"href":"https:\/\/www.bigtranslation.com\/va\/wp-json\/wp\/v2\/media?parent=13561"}],"curies":[{"name":"wp","href":"https:\/\/api.w.org\/{rel}","templated":true}]}}