{"id":13645,"date":"2022-10-13T12:45:32","date_gmt":"2022-10-13T12:45:32","guid":{"rendered":"https:\/\/www.bigtranslation.com\/politica-de-cookies"},"modified":"2024-01-08T09:31:55","modified_gmt":"2024-01-08T09:31:55","slug":"politica-de-cookies","status":"publish","type":"page","link":"https:\/\/www.bigtranslation.com\/va\/politica-de-cookies","title":{"rendered":"Pol\u00edtica de cookies"},"content":{"rendered":"\n<h2 class=\"wp-block-heading\">1. Qu\u00e8 s\u00f3n les cookies?<\/h2>\n\n<p>La nostra p\u00e0gina web <a href=\"https:\/\/www.bigtranslation.com\/va\"><u>www.bigtranslation.com<\/u><\/a>, propietat de BigTranslation Agency S.L, utilitza <em>cookies<\/em> i altres fitxers amb funcions similars (en endavant, \u00abcookies\u00bb<em>)<\/em> per millorar la navegaci\u00f3 i obtenir dades estad\u00edstiques sobre les visites obtingudes.<\/p>\n\n<p>Les cookies s\u00f3n xicotets arxius de text que s&#8217;instal\u00b7len en el dispositiu des del qual s&#8217;accedix a la nostra p\u00e0gina web i que ens proporcionen informaci\u00f3 de manera autom\u00e0tica, per exemple, perqu\u00e8 la p\u00e0gina web funcione o per a con\u00e9ixer els seus h\u00e0bits de navegaci\u00f3 i millorar la teua experi\u00e8ncia en futures visites.<\/p>\n\n<p>Els usos espec\u00edfics que fem de les cookies s&#8217;especifiquen a \u00abFinalitats de les cookies i de tercers\/configuraci\u00f3 i rebuig de cookies\u00bb.<\/p>\n\n<p><strong>Les cookies mai poden considerar-se un virus inform\u00e0tic.<\/strong> No danyen l&#8217;ordinador ni frenen el seu funcionament de cap manera. Pots eliminar les nostres cookies en qualsevol moment o rebutjar-les configurant el teu navegador web.<\/p>\n\n<p>En esta web utilitzem cookies de sessi\u00f3 i cookies permanents que, al seu torn, poden ser cookies pr\u00f2pies o de tercers.<\/p>\n\n<p>Les cookies de sessi\u00f3 s\u00f3n cookies dissenyades per a recopilar i emmagatzemar dades mentre accedeixes a una p\u00e0gina web. Normalment s&#8217;utilitzen per emmagatzemar informaci\u00f3 que nom\u00e9s es conserva per prestar el servei que sol\u00b7licites en una determinada ocasi\u00f3.<\/p>\n\n<p>Les cookies persistents s\u00f3n un tipus de cookie en la qual les dades continuen emmagatzemades en el teu dispositiu i a les quals el responsable de la cookie t\u00e9 acc\u00e9s i pot tractar durant un per\u00edode definit, que pot oscil\u00b7lar entre uns minuts i diversos anys.<\/p>\n\n<h2 class=\"wp-block-heading\">2. Finalitats de les cookies i de tercers\/configuraci\u00f3 i rebuig de les cookies<\/h2>\n\n<p>Les cookies nom\u00e9s s&#8217;associen al navegador d&#8217;un equip espec\u00edfic (un usuari an\u00f2nim) i no proporcionen el nom i cognoms de l&#8217;usuari.<\/p>\n\n<p>Gr\u00e0cies a les cookies, \u00e9s possible reconeixer els navegadors dels usuaris registrats despr\u00e9s que estos s&#8217;hagen registrat per primera vegada, sense que hagen de registrar-se en cada visita per a accedir a les \u00e0rees i serveis reservats exclusivament a ells.<\/p>\n\n<p>A m\u00e9s, utilitzem cookies pr\u00f2pies i de tercers per a les finalitats que s&#8217;indiquen a continuaci\u00f3. Si no acceptes cap d&#8217;elles, la teua experi\u00e8ncia en la nostra web es veur\u00e0 afectada en relaci\u00f3 amb els fins especificats en este apartat, per\u00f2 volem donar-te ple control perqu\u00e8 pugues prendre les teues pr\u00f2pies decisions en tot moment.<\/p>\n\n<p><em><strong>COOKIES<\/strong><\/em> <strong>PR\u00d2PIES<\/strong><strong>:<\/strong> s\u00f3n aquelles de les quals BigTranslation Agency SL en relaci\u00f3 amb la informaci\u00f3 tractada. En esta p\u00e0gina web utilitzem <em>cookies<\/em> pr\u00f2pies per als seg\u00fcents fins:<\/p>\n\n<p><strong>Cookie d&#8217;autenticaci\u00f3\/sessi\u00f3:<\/strong> s&#8217;utilitza per a recon\u00e8ixer als usuaris registrats que han iniciat sessi\u00f3 en la nostra p\u00e0gina web. Amb estes cookies pots accedir a les \u00e0rees d&#8217;acc\u00e9s restringit de la p\u00e0gina web. Si rebutges o elimines estes cookies, les dades d&#8217;acc\u00e9s a la nostra p\u00e0gina web no funcionaran correctament.<\/p>\n\n<p><strong>Cookie de personalitzaci\u00f3:<\/strong> s&#8217;utilitza per facilitar la navegaci\u00f3 a la nostra p\u00e0gina web. Permeten recordar autom\u00e0ticament alguns aspectes gr\u00e0fics de la nostra p\u00e0gina web, a m\u00e9s de personalitzar algunes caracter\u00edstiques de la mateixa per a diferenciar l&#8217;experi\u00e8ncia d&#8217;un usuari d&#8217;un altre. Si rebutges o elimines estes cookies, la navegaci\u00f3 per la nostra p\u00e0gina web no ser\u00e0 tan senzilla.<\/p>\n\n<p><strong>Cookies anal\u00edtiques: <\/strong>recopilen informaci\u00f3 sobre el comportament dels usuaris durant la navegaci\u00f3 (p\u00e0gines m\u00e9s visitades, temps de perman\u00e8ncia en la p\u00e0gina web, etc.) per a introduir millores en els continguts i servicis oferits a partir de l&#8217;an\u00e0lisi d&#8217;esta informaci\u00f3 (per exemple, per a optimitzar els temps de resposta dels espais m\u00e9s visitats en www.bigtranslation.com)<\/p>\n\n<p>Si tens algun dubte sobre la nostra pol\u00edtica d&#8217;\u00fas de cookies, escriu-nos a la seg\u00fcent adre\u00e7a de correu electr\u00f2nic: info@bigtranslation.com<\/p>\n\n<p>Estes cookies s&#8217;enumeren a continuaci\u00f3:<\/p>\n\n<ul>\n<li>wp-wpml_current_language<\/li>\n\n\n\n<li>currency<\/li>\n\n\n\n<li>currency-symbol<\/li>\n\n\n\n<li>moove_gdpr_popup<\/li>\n\n\n\n<li>bt_creload<\/li>\n<\/ul>\n\n<p><em><strong>COOKIES<\/strong><\/em> <strong>DE TERCERS:<\/strong> s\u00f3n aquelles en les quals tercers aliens a BigTranslation Agency SL s\u00f3n responsables de la informaci\u00f3 tractada.<\/p>\n\n<p>A continuaci\u00f3 es detallen els tercers i els fins per als quals s&#8217;utilitza la informaci\u00f3 que tracten:<\/p>\n\n<p><strong>COOKIES ANAL\u00cdTIQUES:<\/strong><\/p>\n\n<p>Recopilen informaci\u00f3 sobre el comportament dels usuaris durant la navegaci\u00f3 (p\u00e0gines m\u00e9s visitades, temps de perman\u00e8ncia en la p\u00e0gina web, etc.) per a introduir millores en els continguts i servicis oferits a partir de l&#8217;an\u00e0lisi d&#8217;esta informaci\u00f3 (per exemple, per a millorar els temps de c\u00e0rrega i acc\u00e9s de les p\u00e0gines m\u00e9s visitades).<\/p>\n\n<ul>\n<li>Google <a href=\"https:\/\/policies.google.com\/technologies\/cookies?hl=es\"><u>M\u00e9s informaci\u00f3<\/u><\/a><\/li>\n<\/ul>\n\n<ul>\n<li>Facebook <a href=\"https:\/\/www.facebook.com\/help\/1896641480634370\"><u>M\u00e9s informaci\u00f3<\/u><\/a><br\/><br\/><\/li>\n\n\n\n<li>Microsoft <a href=\"https:\/\/privacy.microsoft.com\/es-es\/privacystatement\"><u>M\u00e9s informaci\u00f3<\/u><\/a><\/li>\n<\/ul>\n\n<p><strong>COOKIES CONDUCTUALS<\/strong><\/p>\n\n<p>Emmagatzemen informaci\u00f3 sobre el comportament de l&#8217;usuari, obtinguda mitjan\u00e7ant l&#8217;observaci\u00f3 dels seus h\u00e0bits de navegaci\u00f3 (per exemple, quines p\u00e0gines visita), per a crear un perfil espec\u00edfic que permeta mostrar-li publicitat personalitzada en funci\u00f3 dels seus gustos i interessos.<\/p>\n\n<ul>\n<li>Google. <a href=\"https:\/\/policies.google.com\/technologies\/cookies?hl=es\"><u>M\u00e9s informaci\u00f3<\/u><\/a><br\/><br\/><\/li>\n\n\n\n<li>Fes doble clic per a <a href=\"https:\/\/support.google.com\/admanager\/answer\/2839090?hl=es\"><u>M\u00e9s informaci\u00f3<\/u><\/a><br\/><br\/><\/li>\n\n\n\n<li>Mailjet <a href=\"https:\/\/www.mailjet.com\/es\/legal\/politica-privacidad\/cookies\/\"><u>M\u00e9s informaci\u00f3<\/u><\/a><br\/><br\/><\/li>\n\n\n\n<li>Hubspot <a href=\"https:\/\/knowledge.hubspot.com\/es\/privacy-and-consent\/what-cookies-does-hubspot-set-in-a-visitor-s-browser\"><u>M\u00e9s informaci\u00f3<\/u><\/a><\/li>\n<\/ul>\n\n<ul>\n<li>Facebook. <a href=\"https:\/\/www.facebook.com\/help\/1896641480634370\"><u>M\u00e9s informaci\u00f3<\/u><\/a><\/li>\n<\/ul>\n\n<ul>\n<li>LinkedIn. <a href=\"https:\/\/es.linkedin.com\/legal\/cookie-policy\"><u>M\u00e9s informaci\u00f3<\/u><\/a><\/li>\n<\/ul>\n\n<ul>\n<li>Onesignal <a href=\"https:\/\/onesignal.com\/privacy_policy\"><u>M\u00e9s informaci\u00f3<\/u><\/a><\/li>\n<\/ul>\n\n<ul>\n<li>Tapfiliate <a href=\"https:\/\/tapfiliate.com\/privacy\/gdpr\/#cookies\"><u>M\u00e9s informaci\u00f3<\/u><\/a><br\/><br\/><\/li>\n\n\n\n<li>VWO <a href=\"https:\/\/vwo.com\/compliance\/cookies-notice\/\"><u>M\u00e9s informaci\u00f3<\/u><\/a><\/li>\n<\/ul>\n\n<p>Tingues en compte que, si rebutges les cookies de tercers, no obtindr\u00e0s una experi\u00e8ncia de navegaci\u00f3 \u00f2ptima en BigTranslation.<\/p>\n\n<h2 class=\"wp-block-heading\">3. Desactivaci\u00f3 o eliminaci\u00f3 de les cookies<\/h2>\n\n<p>Podr\u00e0s configurar el teu navegador perqu\u00e8 no reba estes cookies i siguen rebutjades. En cas contrari, entenem que comptem amb el teu consentiment per a la seua instal\u00b7laci\u00f3.<\/p>\n\n<p>Pots gestionar les teues prefer\u00e8ncies sobre l&#8217;\u00fas de <em>cookies<\/em> en qualsevol moment des de la majoria dels navegadors. Pots configurar el teu navegador perqu\u00e8 rebutge o elimine les cookies instal\u00b7lades en el dispositiu. Les cookies s&#8217;instal\u00b7len per a cada navegador, per la qual cosa has d&#8217;eliminar-les del navegador que hages utilitzat per a entrar en la nostra web.<\/p>\n\n<p>Ac\u00ed trobar\u00e0s informaci\u00f3 sobre com fer-ho en els principals navegadors:<\/p>\n\n<ul>\n<li><a href=\"https:\/\/support.google.com\/chrome\/answer\/95647?hl=es\"><u>Google Chrome<\/u><\/a><\/li>\n\n\n\n<li><a href=\"https:\/\/support.mozilla.org\/es\/kb\/Borrar%20cookies\"><u>Mozilla Firefox<\/u><\/a><\/li>\n\n\n\n<li><a href=\"https:\/\/support.microsoft.com\/es-es\/help\/17442\/windows-internet-explorer-delete-manage-cookies#ie=ie-10\"><u>Internet Explorer<\/u><\/a><\/li>\n\n\n\n<li><a href=\"https:\/\/support.microsoft.com\/es-es\/windows\/microsoft-edge-datos-de-exploraci%C3%B3n-y-privacidad-bb8174ba-9d73-dcf2-9b4a-c582b4e640dd\"><u>Microsoft Edge<\/u><\/a><\/li>\n\n\n\n<li><a href=\"https:\/\/support.apple.com\/es-es\/HT201265\"><u>Safari<\/u><\/a><\/li>\n\n\n\n<li><a href=\"https:\/\/www.opera.com\/help\/tutorials\/security\/privacy\/\"><u>Opera<\/u><\/a><\/li>\n<\/ul>\n\n<p>Tamb\u00e9 pots retirar el teu consentiment per a l&#8217;\u00fas de cookies en el teu navegador instal\u00b7lant un plug-in o a trav\u00e9s d&#8217;un sistema opt-out proporcionat per alguns tercers que instal\u00b7len cookies en la nostra p\u00e0gina web:<\/p>\n\n<ul>\n<li><a href=\"https:\/\/myaccount.google.com\/data-and-privacy\"><u>Google (personalitzaci\u00f3)<\/u><\/a> (requereix iniciar sessi\u00f3 a Google)<\/li>\n\n\n\n<li><a href=\"https:\/\/myadcenter.google.com\/home?sasb=true&amp;ref=ad-settings\"><u>Google (publicitat)<\/u><\/a><\/li>\n\n\n\n<li><a href=\"https:\/\/www.facebook.com\/settings\/?tab=your_facebook_information\"><u>Facebook<\/u><\/a> (requereix iniciar sessi\u00f3 a Facebook).<\/li>\n<\/ul>\n\n<p>Tingues en compte que algunes caracter\u00edstiques del contingut de <a href=\"https:\/\/www.bigtranslation.com\/va\"><u>www.bigtranslation.com<\/u><\/a> nom\u00e9s estan disponibles si habilites la instal\u00b7laci\u00f3 de cookies des del teu navegador. Si decidixes no acceptar o bloquejar determinades cookies, en funci\u00f3 de la seua finalitat, pot ser que aix\u00f2 afecte, totalment o parcialment, al funcionament normal de la web o que impedisca l&#8217;acc\u00e9s a alguns dels seus servicis, ja que algunes cookies, com s&#8217;indica en \u00abFinalitats de les cookies i de tercers\/configuraci\u00f3 i rebuig de cookies\u00bb, tenen estes finalitats.<\/p>\n\n<h2 class=\"wp-block-heading\">4. Informaci\u00f3 sobre com acceptar, rebutjar o retirar el consentiment<\/h2>\n\n<p>Posem a la teua disposici\u00f3 un sistema de gesti\u00f3 o configuraci\u00f3 de cookies, que podr\u00e0s utilitzar per a activar o desactivar les cookies segons consideres oport\u00fa. No ser\u00e0 possible desactivar les cookies necess\u00e0ries per al funcionament de la p\u00e0gina web.<\/p>\n\n<p>D&#8217;acord amb la legislaci\u00f3 vigent, a excepci\u00f3 de les cookies estrictament necess\u00e0ries i les cookies de rendiment\/anal\u00edtiques, <a href=\"https:\/\/www.bigtranslation.com\/va\"><u>www.bigtranslation.com<\/u><\/a> nom\u00e9s utilitzar\u00e0 cookies amb el consentiment previ i expr\u00e9s del visitant. L&#8217;entitat responsable de la p\u00e0gina web es compromet a utilitzar les cookies \u00fanicament per als fins esmentats en la present pol\u00edtica de cookies.<\/p>\n\n<p>Tingues en compte que, si acceptes cookies de tercers, hauries de poder eliminar-les des de les opcions del navegador o des del sistema proporcionat pel propi tercer i tal com hem indicat en l&#8217;apartat \u00abDesactivaci\u00f3 o eliminaci\u00f3 de les cookies\u00bb.<\/p>\n\n<h2 class=\"wp-block-heading\">5. Informaci\u00f3 sobre el tractament de dades.<\/h2>\n\n<h3 class=\"wp-block-heading\">a) Responsable<\/h3>\n\n<p>El responsable del tractament \u00e9s BigTranslation Agency SL<\/p>\n\n<ul>\n<li>BigTranslation Agency SL<\/li>\n\n\n\n<li>CIF: B40532194<\/li>\n\n\n\n<li>Adre\u00e7a: Avinguda Paret del Patriarca 15, 46113 Moncada, Val\u00e8ncia<\/li>\n<\/ul>\n\n<p>Per a determinades activitats de tractament, BigTranslation tractar\u00e0 les teues dades decidint conjuntament els objectius (\u00abper a qu\u00e8 s&#8217;utilitzen les dades\u00bb) i els mitjans utilitzats (\u00abcom s&#8217;utilitzen les dades\u00bb), per la qual cosa \u00e9s un responsable conjunt d&#8217;este tractament.<\/p>\n\n<h3 class=\"wp-block-heading\">b) Base jur\u00eddica del tractament<\/h3>\n\n<p>El consentiment que prestes per a l&#8217;\u00fas de cookies legitima l&#8217;\u00fas de les mateixes per al tractament de les teues dades personals.<\/p>\n\n<p>Pots configurar o rebutjar l&#8217;\u00fas de cookies, i per tant exercir el teu dret a retirar el consentiment, en \u00abFinalitats de les cookies i de tercers\/configuraci\u00f3 i rebuig de cookies\u00bb. Tamb\u00e9 pots desactivar o eliminar les cookies com s&#8217;indica en \u00abDesactivaci\u00f3 o eliminaci\u00f3 de les cookies\u00bb.<\/p>\n\n<h3 class=\"wp-block-heading\">c) Dades tractades<\/h3>\n\n<p>Si acceptes l&#8217;\u00fas de cookies, processarem les seg\u00fcents dades<\/p>\n\n<p>En relaci\u00f3 amb les cookies pr\u00f2pies:<\/p>\n\n<p>Dades de navegaci\u00f3: dades obtingudes de la teua navegaci\u00f3 per la nostra web o webs de tercers: historial de navegaci\u00f3 (p\u00e0gines visitades i clics en continguts), ID de dispositiu, ID de publicitat, adre\u00e7a IP.<\/p>\n\n<p>Respecte als tercers identificats en \u00abFinalitats de les cookies i tercers\/configuraci\u00f3 i rebuig de cookies\u00bb, consulta les seues respectives pol\u00edtiques, indicades en esta secci\u00f3, per a con\u00e9ixer les dades o categories de dades que tracten.<\/p>\n\n<h3 class=\"wp-block-heading\">d) Elaboraci\u00f3 de perfils<\/h3>\n\n<p>Si acceptes l&#8217;\u00fas de cookies de publicitat comportamental, podrem utilitzar les dades que indiquem en \u00abDades tractades\u00bb per a elaborar el teu perfil comercial i oferir-te productes i servicis que pensem que poden interessar-te. Per exemple, si t&#8217;interessen els nostres servicis de marketplaces, podrem mostrar-te la nostra oferta comercial de connectors.<\/p>\n\n<p>Respecte als tercers identificats en \u00abFinalitats de les cookies i tercers\/configuraci\u00f3 i rebuig de cookies\u00bb i que utilitzen cookies de publicitat comportamental, consulta les seues respectives pol\u00edtiques, indicades en este apartat, per a con\u00e9ixer l&#8217;elaboraci\u00f3 de perfils que duen a terme.<\/p>\n\n<h3 class=\"wp-block-heading\">e) Destinataris de les dades<\/h3>\n\n<p>BigTranslation podr\u00e0 comunicar les dades recaptades a les autoritats i organismes p\u00fablics, per al compliment d&#8217;una obligaci\u00f3 legal, aix\u00ed com als prove\u00efdors de servicis i tercers necessaris per a la gesti\u00f3 i implantaci\u00f3 de les cookies.<\/p>\n\n<p>Respecte als tercers identificats en \u00abFinalitats de les cookies i tercers\/configuraci\u00f3 i rebuig de cookies\u00bb, consulta les seues respectives pol\u00edtiques, indicades en este apartat, per a con\u00e9ixer els seus destinataris. <\/p>\n\n<h3 class=\"wp-block-heading\">f) Per\u00edode de conservaci\u00f3<\/h3>\n\n<p>Les dades obtingudes mitjan\u00e7ant l&#8217;\u00fas de cookies acceptades per l&#8217;usuari es conservaran durant un per\u00edode de 12 mesos<\/p>\n\n<p>Respecte als tercers identificats en \u00abFinalitats de les cookies i tercers\/configuraci\u00f3 i rebuig de cookies\u00bb, consulta les seues respectives pol\u00edtiques, indicades en esta secci\u00f3, per a con\u00e9ixer els seus per\u00edodes de retenci\u00f3.<\/p>\n\n<h3 class=\"wp-block-heading\">g) Transfer\u00e8ncies a tercers pa\u00efsos<\/h3>\n\n<p>En BigTranslation tractem les teues dades dins de l&#8217;Espai Econ\u00f2mic Europeu i, en general, contractem prove\u00efdors de servicis que tamb\u00e9 estan situats dins de l&#8217;Espai Econ\u00f2mic Europeu o en pa\u00efsos que han sigut declarats amb nivells de protecci\u00f3 adequats.<\/p>\n\n<p>En cas que necessitem rec\u00f3rrer a prove\u00efdors de servicis que realitzen el tractament fora de l&#8217;Espai Econ\u00f2mic Europeu o en pa\u00efsos que no hagen sigut declarats amb un nivell de protecci\u00f3 adequat, ens assegurarem de garantir la seguretat i legitimaci\u00f3 del tractament de les teues dades.<\/p>\n\n<p>Per a aix\u00f2, exigim a estos prove\u00efdors de servicis les garanties adequades d&#8217;acord amb el que s&#8217;estableix en el Reglament General de Protecci\u00f3 de Dades per a assegurar-nos de qu\u00e8 disposen, per exemple, de normes corporatives vinculants que garantisquen la protecci\u00f3 de la informaci\u00f3 de manera similar al que s&#8217;estableix per la normativa europea o que subscriuen cl\u00e0usules tipus de la Uni\u00f3 Europea.<\/p>\n\n<p>Respecte als tercers identificats en l&#8217;apartat \u00abFinalitats de les cookies i tercers\/configuraci\u00f3 i rebuig de cookies\u00bb, consulta les seues respectives pol\u00edtiques en este apartat per a con\u00e9ixer les transfer\u00e8ncies a tercers pa\u00efsos que realitzen, si \u00e9s el cas.<\/p>\n\n<h3 class=\"wp-block-heading\">h) Informaci\u00f3 addicional sobre el tractament de dades<\/h3>\n\n<p>Pots trobar tota la informaci\u00f3 sobre el tractament de les teues dades a <a href=\"https:\/\/www.bigtranslation.com\/va\/termes-i-condicions\"><u>https:\/\/www.bigtranslation.com\/terms-and-conditions<\/u><\/a><\/p>\n\n<h3 class=\"wp-block-heading\">i) Revisi\u00f3 de la pol\u00edtica de cookies<\/h3>\n\n<p>Revisarem la pol\u00edtica de cookies anualment, llevat que existisquen exig\u00e8ncies normatives o d&#8217;una altra \u00edndole que facen necess\u00e0ria la seua adaptaci\u00f3 en un termini m\u00e9s breu. Per tant, recomanem als usuaris que lligen el seu contingut amb regularitat.<\/p>\n\n<p>Quan es produ\u00efsquen canvis significatius en esta pol\u00edtica de cookies, s&#8217;informar\u00e0 l&#8217;usuari a trav\u00e9s d&#8217;un av\u00eds informatiu en la p\u00e0gina web.<\/p>\n","protected":false},"excerpt":{"rendered":"<p>1. Qu\u00e8 s\u00f3n les cookies? La nostra p\u00e0gina web www.bigtranslation.com, propietat de BigTranslation Agency S.L, utilitza cookies i altres fitxers amb funcions similars (en endavant, \u00abcookies\u00bb) per millorar la navegaci\u00f3 i obtenir dades estad\u00edstiques sobre les visites obtingudes. Les cookies s\u00f3n xicotets arxius de text que s&#8217;instal\u00b7len en el dispositiu des del qual s&#8217;accedix a [&hellip;]<\/p>\n","protected":false},"author":7,"featured_media":0,"parent":0,"menu_order":38,"comment_status":"closed","ping_status":"closed","template":"","meta":{"footnotes":""},"yoast_head":"<!-- This site is optimized with the Yoast SEO plugin v21.8.1 - https:\/\/yoast.com\/wordpress\/plugins\/seo\/ -->\n<title>Pol\u00edtica de cookies | BigTranslation<\/title>\n<meta name=\"robots\" content=\"index, follow, max-snippet:-1, max-image-preview:large, max-video-preview:-1\" \/>\n<link rel=\"canonical\" href=\"https:\/\/www.bigtranslation.com\/va\/politica-de-cookies\" \/>\n<meta property=\"og:locale\" content=\"en_US\" \/>\n<meta property=\"og:type\" content=\"article\" \/>\n<meta property=\"og:title\" content=\"Pol\u00edtica de cookies | BigTranslation\" \/>\n<meta property=\"og:description\" content=\"1. Qu\u00e8 s\u00f3n les cookies? La nostra p\u00e0gina web www.bigtranslation.com, propietat de BigTranslation Agency S.L, utilitza cookies i altres fitxers amb funcions similars (en endavant, \u00abcookies\u00bb) per millorar la navegaci\u00f3 i obtenir dades estad\u00edstiques sobre les visites obtingudes. Les cookies s\u00f3n xicotets arxius de text que s&#8217;instal\u00b7len en el dispositiu des del qual s&#8217;accedix a [&hellip;]\" \/>\n<meta property=\"og:url\" content=\"https:\/\/www.bigtranslation.com\/va\/politica-de-cookies\" \/>\n<meta property=\"og:site_name\" content=\"BigTranslation\" \/>\n<meta property=\"article:modified_time\" content=\"2024-01-08T09:31:55+00:00\" \/>\n<meta name=\"twitter:card\" content=\"summary_large_image\" \/>\n<meta name=\"twitter:label1\" content=\"Est. reading time\" \/>\n\t<meta name=\"twitter:data1\" content=\"10 minutes\" \/>\n<script type=\"application\/ld+json\" class=\"yoast-schema-graph\">{\"@context\":\"https:\/\/schema.org\",\"@graph\":[{\"@type\":\"WebPage\",\"@id\":\"https:\/\/www.bigtranslation.com\/va\/politica-de-cookies\",\"url\":\"https:\/\/www.bigtranslation.com\/va\/politica-de-cookies\",\"name\":\"Pol\u00edtica de cookies | BigTranslation\",\"isPartOf\":{\"@id\":\"https:\/\/www.bigtranslation.com\/va#website\"},\"datePublished\":\"2022-10-13T12:45:32+00:00\",\"dateModified\":\"2024-01-08T09:31:55+00:00\",\"breadcrumb\":{\"@id\":\"https:\/\/www.bigtranslation.com\/va\/politica-de-cookies#breadcrumb\"},\"inLanguage\":\"ca-XV\",\"potentialAction\":[{\"@type\":\"ReadAction\",\"target\":[\"https:\/\/www.bigtranslation.com\/va\/politica-de-cookies\"]}]},{\"@type\":\"BreadcrumbList\",\"@id\":\"https:\/\/www.bigtranslation.com\/va\/politica-de-cookies#breadcrumb\",\"itemListElement\":[{\"@type\":\"ListItem\",\"position\":1,\"name\":\"Home\",\"item\":\"https:\/\/www.bigtranslation.com\/va\"},{\"@type\":\"ListItem\",\"position\":2,\"name\":\"Pol\u00edtica de cookies\"}]},{\"@type\":\"WebSite\",\"@id\":\"https:\/\/www.bigtranslation.com\/va#website\",\"url\":\"https:\/\/www.bigtranslation.com\/va\",\"name\":\"BigTranslation\",\"description\":\"Native and Professional translators\",\"potentialAction\":[{\"@type\":\"SearchAction\",\"target\":{\"@type\":\"EntryPoint\",\"urlTemplate\":\"https:\/\/www.bigtranslation.com\/va?s={search_term_string}\"},\"query-input\":\"required name=search_term_string\"}],\"inLanguage\":\"ca-XV\"}]}<\/script>\n<!-- \/ Yoast SEO plugin. -->","yoast_head_json":{"title":"Pol\u00edtica de cookies | BigTranslation","robots":{"index":"index","follow":"follow","max-snippet":"max-snippet:-1","max-image-preview":"max-image-preview:large","max-video-preview":"max-video-preview:-1"},"canonical":"https:\/\/www.bigtranslation.com\/va\/politica-de-cookies","og_locale":"en_US","og_type":"article","og_title":"Pol\u00edtica de cookies | BigTranslation","og_description":"1. Qu\u00e8 s\u00f3n les cookies? La nostra p\u00e0gina web www.bigtranslation.com, propietat de BigTranslation Agency S.L, utilitza cookies i altres fitxers amb funcions similars (en endavant, \u00abcookies\u00bb) per millorar la navegaci\u00f3 i obtenir dades estad\u00edstiques sobre les visites obtingudes. Les cookies s\u00f3n xicotets arxius de text que s&#8217;instal\u00b7len en el dispositiu des del qual s&#8217;accedix a [&hellip;]","og_url":"https:\/\/www.bigtranslation.com\/va\/politica-de-cookies","og_site_name":"BigTranslation","article_modified_time":"2024-01-08T09:31:55+00:00","twitter_card":"summary_large_image","twitter_misc":{"Est. reading time":"10 minutes"},"schema":{"@context":"https:\/\/schema.org","@graph":[{"@type":"WebPage","@id":"https:\/\/www.bigtranslation.com\/va\/politica-de-cookies","url":"https:\/\/www.bigtranslation.com\/va\/politica-de-cookies","name":"Pol\u00edtica de cookies | BigTranslation","isPartOf":{"@id":"https:\/\/www.bigtranslation.com\/va#website"},"datePublished":"2022-10-13T12:45:32+00:00","dateModified":"2024-01-08T09:31:55+00:00","breadcrumb":{"@id":"https:\/\/www.bigtranslation.com\/va\/politica-de-cookies#breadcrumb"},"inLanguage":"ca-XV","potentialAction":[{"@type":"ReadAction","target":["https:\/\/www.bigtranslation.com\/va\/politica-de-cookies"]}]},{"@type":"BreadcrumbList","@id":"https:\/\/www.bigtranslation.com\/va\/politica-de-cookies#breadcrumb","itemListElement":[{"@type":"ListItem","position":1,"name":"Home","item":"https:\/\/www.bigtranslation.com\/va"},{"@type":"ListItem","position":2,"name":"Pol\u00edtica de cookies"}]},{"@type":"WebSite","@id":"https:\/\/www.bigtranslation.com\/va#website","url":"https:\/\/www.bigtranslation.com\/va","name":"BigTranslation","description":"Native and Professional translators","potentialAction":[{"@type":"SearchAction","target":{"@type":"EntryPoint","urlTemplate":"https:\/\/www.bigtranslation.com\/va?s={search_term_string}"},"query-input":"required name=search_term_string"}],"inLanguage":"ca-XV"}]}},"acf":[],"amp_enabled":true,"_links":{"self":[{"href":"https:\/\/www.bigtranslation.com\/va\/wp-json\/wp\/v2\/pages\/13645"}],"collection":[{"href":"https:\/\/www.bigtranslation.com\/va\/wp-json\/wp\/v2\/pages"}],"about":[{"href":"https:\/\/www.bigtranslation.com\/va\/wp-json\/wp\/v2\/types\/page"}],"author":[{"embeddable":true,"href":"https:\/\/www.bigtranslation.com\/va\/wp-json\/wp\/v2\/users\/7"}],"replies":[{"embeddable":true,"href":"https:\/\/www.bigtranslation.com\/va\/wp-json\/wp\/v2\/comments?post=13645"}],"version-history":[{"count":2,"href":"https:\/\/www.bigtranslation.com\/va\/wp-json\/wp\/v2\/pages\/13645\/revisions"}],"predecessor-version":[{"id":18021,"href":"https:\/\/www.bigtranslation.com\/va\/wp-json\/wp\/v2\/pages\/13645\/revisions\/18021"}],"wp:attachment":[{"href":"https:\/\/www.bigtranslation.com\/va\/wp-json\/wp\/v2\/media?parent=13645"}],"curies":[{"name":"wp","href":"https:\/\/api.w.org\/{rel}","templated":true}]}}